{"id":99,"date":"2022-09-21T11:54:24","date_gmt":"2022-09-21T11:54:24","guid":{"rendered":"https:\/\/guide.zero-carbon-skane.org\/?page_id=99"},"modified":"2023-03-24T11:18:12","modified_gmt":"2023-03-24T11:18:12","slug":"events","status":"publish","type":"page","link":"https:\/\/guide.zero-carbon-skane.org\/sv\/activities\/events\/","title":{"rendered":"H\u00e4ndelser"},"content":{"rendered":"<p>Det ligger i universums natur att vissa saker \u00e4r eviga, medan andra saker \u00e4r periodiska eller tillf\u00e4lliga. Sk\u00e5ne \u00e4r inte utan sina s\u00e4songs- och eng\u00e5ngsh\u00e4ndelser, och medan vi har n\u00e4mnt n\u00e5gra av dessa i samband med de platser d\u00e4r de intr\u00e4ffar, fanns det n\u00e5gra st\u00f6rre och\/eller flera platser som vi tyckte det var v\u00e4rt att lista separat...<\/p>\n\n\n\n<div class=\"wp-block-group has-global-padding is-layout-constrained wp-container-core-group-is-layout-23b1a4dc wp-block-group-is-layout-constrained\" style=\"border-width:1px;border-radius:5px;padding-top:var(--wp--preset--spacing--30);padding-right:var(--wp--preset--spacing--30);padding-bottom:var(--wp--preset--spacing--30);padding-left:var(--wp--preset--spacing--30)\">\n<h4 class=\"has-text-align-center wp-block-heading\">Vill du veta mer?<\/h4>\n\n\n<div class=\"wp-block-oik-sb-children\"><ul class=\"wp-block-oik-sb-children\"><li class=\"page_item page-item-311\"><a href=\"https:\/\/guide.zero-carbon-skane.org\/sv\/activities\/events\/flexival-the-low-water-festivals\/\">Flexival! L\u00e5gvattenfestival(er)<\/a><\/li>\n<li class=\"page_item page-item-182\"><a href=\"https:\/\/guide.zero-carbon-skane.org\/sv\/activities\/events\/the-floating-harvest-festival\/\">Den flytande sk\u00f6rdefestivalen<\/a><\/li>\n<li class=\"page_item page-item-196\"><a href=\"https:\/\/guide.zero-carbon-skane.org\/sv\/activities\/events\/vallakratraffen-the-petrolheads-redoubt\/\">Vall\u00e5kratr\u00e4ffen: bilentusiasternas redutt<\/a><\/li>\n<\/ul><\/div><\/div>","protected":false},"excerpt":{"rendered":"<p>Ett kurerat urval av tidsbegr\u00e4nsade happenings i Sk\u00e5ne.<\/p>","protected":false},"author":1,"featured_media":312,"parent":87,"menu_order":0,"comment_status":"closed","ping_status":"closed","template":"","meta":{"footnotes":""},"categories":[],"tags":[],"class_list":["post-99","page","type-page","status-publish","has-post-thumbnail","hentry"],"jetpack_sharing_enabled":true,"_links":{"self":[{"href":"https:\/\/guide.zero-carbon-skane.org\/sv\/wp-json\/wp\/v2\/pages\/99","targetHints":{"allow":["GET"]}}],"collection":[{"href":"https:\/\/guide.zero-carbon-skane.org\/sv\/wp-json\/wp\/v2\/pages"}],"about":[{"href":"https:\/\/guide.zero-carbon-skane.org\/sv\/wp-json\/wp\/v2\/types\/page"}],"author":[{"embeddable":true,"href":"https:\/\/guide.zero-carbon-skane.org\/sv\/wp-json\/wp\/v2\/users\/1"}],"replies":[{"embeddable":true,"href":"https:\/\/guide.zero-carbon-skane.org\/sv\/wp-json\/wp\/v2\/comments?post=99"}],"version-history":[{"count":3,"href":"https:\/\/guide.zero-carbon-skane.org\/sv\/wp-json\/wp\/v2\/pages\/99\/revisions"}],"predecessor-version":[{"id":973,"href":"https:\/\/guide.zero-carbon-skane.org\/sv\/wp-json\/wp\/v2\/pages\/99\/revisions\/973"}],"up":[{"embeddable":true,"href":"https:\/\/guide.zero-carbon-skane.org\/sv\/wp-json\/wp\/v2\/pages\/87"}],"wp:featuredmedia":[{"embeddable":true,"href":"https:\/\/guide.zero-carbon-skane.org\/sv\/wp-json\/wp\/v2\/media\/312"}],"wp:attachment":[{"href":"https:\/\/guide.zero-carbon-skane.org\/sv\/wp-json\/wp\/v2\/media?parent=99"}],"wp:term":[{"taxonomy":"category","embeddable":true,"href":"https:\/\/guide.zero-carbon-skane.org\/sv\/wp-json\/wp\/v2\/categories?post=99"},{"taxonomy":"post_tag","embeddable":true,"href":"https:\/\/guide.zero-carbon-skane.org\/sv\/wp-json\/wp\/v2\/tags?post=99"}],"curies":[{"name":"wp","href":"https:\/\/api.w.org\/{rel}","templated":true}]}}