{"id":97,"date":"2022-09-21T11:52:50","date_gmt":"2022-09-21T11:52:50","guid":{"rendered":"https:\/\/guide.zero-carbon-skane.org\/?page_id=97"},"modified":"2023-03-24T14:55:36","modified_gmt":"2023-03-24T14:55:36","slug":"sightseeing","status":"publish","type":"page","link":"https:\/\/guide.zero-carbon-skane.org\/sv\/activities\/sightseeing\/","title":{"rendered":"Sightseeing"},"content":{"rendered":"<p>Ibland vill alla, oavsett om de reser eller bor i n\u00e4rheten, bara <em>g\u00e5 och titta p\u00e5 en sak<\/em>. <\/p>\n\n\n\n<p>Vilken tur d\u00e5 att Sk\u00e5ne \u00e4r fullt av saker som man bara kan g\u00e5 och titta p\u00e5! H\u00e4r \u00e4r bara ett par handfullar av dem:<\/p>\n\n\n\n<div class=\"wp-block-group is-vertical is-content-justification-center is-layout-flex wp-container-core-group-is-layout-ce155fab wp-block-group-is-layout-flex\">\n<figure class=\"wp-block-embed is-type-wp-embed is-provider-a-guide-to-zero-carbon-skane wp-block-embed-a-guide-to-zero-carbon-skane\"><div class=\"wp-block-embed__wrapper\">\n<blockquote class=\"wp-embedded-content\" data-secret=\"ChlZt3yfTB\"><a href=\"https:\/\/guide.zero-carbon-skane.org\/sv\/activities\/sightseeing\/grave-matters-burial-sites-in-skane\/\">D\u00f6dligt allvar: begravningsplatser i Sk\u00e5ne<\/a><\/blockquote><iframe loading=\"lazy\" class=\"wp-embedded-content\" sandbox=\"allow-scripts\" security=\"restricted\" style=\"position: absolute; clip: rect(1px, 1px, 1px, 1px);\" title=\"&quot;Grave matters: begravningsplatser i Sk\u00e5ne&quot; - En guide till koldioxidfria Sk\u00e5ne\" src=\"https:\/\/guide.zero-carbon-skane.org\/activities\/sightseeing\/grave-matters-burial-sites-in-skane\/embed\/#?secret=nxUc98KkAh#?secret=ChlZt3yfTB\" data-secret=\"ChlZt3yfTB\" width=\"500\" height=\"282\" frameborder=\"0\" marginwidth=\"0\" marginheight=\"0\" scrolling=\"no\"><\/iframe>\n<\/div><\/figure>\n\n\n\n<figure class=\"wp-block-embed is-type-wp-embed is-provider-a-guide-to-zero-carbon-skane wp-block-embed-a-guide-to-zero-carbon-skane\"><div class=\"wp-block-embed__wrapper\">\n<blockquote class=\"wp-embedded-content\" data-secret=\"OGZXqDx0sr\"><a href=\"https:\/\/guide.zero-carbon-skane.org\/sv\/activities\/sightseeing\/living-it-up-in-liminal-landscapes-flexmark\/\">Att leva livet i gr\u00e4ns\u00f6verskridande landskap: flexmark<\/a><\/blockquote><iframe loading=\"lazy\" class=\"wp-embedded-content\" sandbox=\"allow-scripts\" security=\"restricted\" style=\"position: absolute; clip: rect(1px, 1px, 1px, 1px);\" title=\"&quot;Att leva upp i gr\u00e4nsland: flexmark&quot; - En guide till ett koldioxidfritt Sk\u00e5ne\" src=\"https:\/\/guide.zero-carbon-skane.org\/activities\/sightseeing\/living-it-up-in-liminal-landscapes-flexmark\/embed\/#?secret=iMDop0xkS9#?secret=OGZXqDx0sr\" data-secret=\"OGZXqDx0sr\" width=\"500\" height=\"282\" frameborder=\"0\" marginwidth=\"0\" marginheight=\"0\" scrolling=\"no\"><\/iframe>\n<\/div><\/figure>\n\n\n\n<figure class=\"wp-block-embed is-type-wp-embed is-provider-a-guide-to-zero-carbon-skane wp-block-embed-a-guide-to-zero-carbon-skane\"><div class=\"wp-block-embed__wrapper\">\n<blockquote class=\"wp-embedded-content\" data-secret=\"hpNmUJy63T\"><a href=\"https:\/\/guide.zero-carbon-skane.org\/sv\/activities\/sightseeing\/village-people-the-oddball-highlights-of-rural-skane\/\">Byfolk: de udda h\u00f6jdpunkterna p\u00e5 den sk\u00e5nska landsbygden<\/a><\/blockquote><iframe loading=\"lazy\" class=\"wp-embedded-content\" sandbox=\"allow-scripts\" security=\"restricted\" style=\"position: absolute; clip: rect(1px, 1px, 1px, 1px);\" title=\"&quot;Bybor: de udda h\u00f6jdpunkterna p\u00e5 den sk\u00e5nska landsbygden&quot; - En guide till ett Sk\u00e5ne utan koldioxidutsl\u00e4pp\" src=\"https:\/\/guide.zero-carbon-skane.org\/activities\/sightseeing\/village-people-the-oddball-highlights-of-rural-skane\/embed\/#?secret=Kp7bkBaW9r#?secret=hpNmUJy63T\" data-secret=\"hpNmUJy63T\" width=\"500\" height=\"282\" frameborder=\"0\" marginwidth=\"0\" marginheight=\"0\" scrolling=\"no\"><\/iframe>\n<\/div><\/figure>\n\n\n\n<figure class=\"wp-block-embed is-type-wp-embed is-provider-a-guide-to-zero-carbon-skane wp-block-embed-a-guide-to-zero-carbon-skane\"><div class=\"wp-block-embed__wrapper\">\n<blockquote class=\"wp-embedded-content\" data-secret=\"apuRn2yfQ5\"><a href=\"https:\/\/guide.zero-carbon-skane.org\/sv\/places\/northeast-the-lakelands\/ahus\/fordragsstugan-the-ahus-treaty\/\">F\u00f6rdragsstugan: \u00c5husf\u00f6rdraget<\/a><\/blockquote><iframe loading=\"lazy\" class=\"wp-embedded-content\" sandbox=\"allow-scripts\" security=\"restricted\" style=\"position: absolute; clip: rect(1px, 1px, 1px, 1px);\" title=\"&quot;F\u00f6rdragsstugan: \u00c5husf\u00f6rdraget&quot; - En guide till ett koldioxidfritt Sk\u00e5ne\" src=\"https:\/\/guide.zero-carbon-skane.org\/places\/northeast-the-lakelands\/ahus\/fordragsstugan-the-ahus-treaty\/embed\/#?secret=pXyQ7IWZYe#?secret=apuRn2yfQ5\" data-secret=\"apuRn2yfQ5\" width=\"500\" height=\"282\" frameborder=\"0\" marginwidth=\"0\" marginheight=\"0\" scrolling=\"no\"><\/iframe>\n<\/div><\/figure>\n\n\n\n<figure class=\"wp-block-embed is-type-wp-embed is-provider-a-guide-to-zero-carbon-skane wp-block-embed-a-guide-to-zero-carbon-skane\"><div class=\"wp-block-embed__wrapper\">\n<blockquote class=\"wp-embedded-content\" data-secret=\"6ubEP04ToV\"><a href=\"https:\/\/guide.zero-carbon-skane.org\/sv\/places\/northwest\/angelholm\/circles-in-the-sand-angelholm-sand-sculpture-park\/\">Cirklar i sanden: \u00c4ngelholms sandskulpturpark<\/a><\/blockquote><iframe loading=\"lazy\" class=\"wp-embedded-content\" sandbox=\"allow-scripts\" security=\"restricted\" style=\"position: absolute; clip: rect(1px, 1px, 1px, 1px);\" title=\"&quot;Cirklar i sanden: \u00c4ngelholms sandskulpturpark&quot; - A Guide to Zero-Carbon Sk\u00e5ne\" src=\"https:\/\/guide.zero-carbon-skane.org\/places\/northwest\/angelholm\/circles-in-the-sand-angelholm-sand-sculpture-park\/embed\/#?secret=6XfO6C0rDS#?secret=6ubEP04ToV\" data-secret=\"6ubEP04ToV\" width=\"500\" height=\"282\" frameborder=\"0\" marginwidth=\"0\" marginheight=\"0\" scrolling=\"no\"><\/iframe>\n<\/div><\/figure>\n\n\n\n<figure class=\"wp-block-embed is-type-wp-embed is-provider-a-guide-to-zero-carbon-skane wp-block-embed-a-guide-to-zero-carbon-skane\"><div class=\"wp-block-embed__wrapper\">\n<blockquote class=\"wp-embedded-content\" data-secret=\"SYtUecJbhr\"><a href=\"https:\/\/guide.zero-carbon-skane.org\/sv\/places\/northwest\/helsingborg\/gives-peas-a-chance-bjuv-artlabyrint\/\">Ger \u00e4rtorna en chans: Bjuvs \u00e4rtlabyrint<\/a><\/blockquote><iframe loading=\"lazy\" class=\"wp-embedded-content\" sandbox=\"allow-scripts\" security=\"restricted\" style=\"position: absolute; clip: rect(1px, 1px, 1px, 1px);\" title=\"&quot;Ger \u00e4rtor en chans: Bjuv \u00e4rtlabyrint&quot; - En guide till ett koldioxidfritt Sk\u00e5ne\" src=\"https:\/\/guide.zero-carbon-skane.org\/places\/northwest\/helsingborg\/gives-peas-a-chance-bjuv-artlabyrint\/embed\/#?secret=UxZFH6qk5C#?secret=SYtUecJbhr\" data-secret=\"SYtUecJbhr\" width=\"500\" height=\"282\" frameborder=\"0\" marginwidth=\"0\" marginheight=\"0\" scrolling=\"no\"><\/iframe>\n<\/div><\/figure>\n\n\n\n<figure class=\"wp-block-embed is-type-wp-embed is-provider-a-guide-to-zero-carbon-skane wp-block-embed-a-guide-to-zero-carbon-skane\"><div class=\"wp-block-embed__wrapper\">\n<blockquote class=\"wp-embedded-content\" data-secret=\"ghoxdI7WQ8\"><a href=\"https:\/\/guide.zero-carbon-skane.org\/sv\/places\/southwest-metropolitan-zone\/greater-malmo\/take-back-the-town-urban-flexblocks-in-malmo-and-beyond\/\">Ta tillbaka staden: urbana demokratiska kvarter i Malm\u00f6 (och s\u00e5 vidare)<\/a><\/blockquote><iframe loading=\"lazy\" class=\"wp-embedded-content\" sandbox=\"allow-scripts\" security=\"restricted\" style=\"position: absolute; clip: rect(1px, 1px, 1px, 1px);\" title=\"&quot;Ta tillbaka staden: urbana flexblock i Malm\u00f6 (och bortom)&quot; - En guide till ett koldioxidfritt Sk\u00e5ne\" src=\"https:\/\/guide.zero-carbon-skane.org\/places\/southwest-metropolitan-zone\/greater-malmo\/take-back-the-town-urban-flexblocks-in-malmo-and-beyond\/embed\/#?secret=cupoYEZXxF#?secret=ghoxdI7WQ8\" data-secret=\"ghoxdI7WQ8\" width=\"500\" height=\"282\" frameborder=\"0\" marginwidth=\"0\" marginheight=\"0\" scrolling=\"no\"><\/iframe>\n<\/div><\/figure>\n\n\n\n<figure class=\"wp-block-embed is-type-wp-embed is-provider-a-guide-to-zero-carbon-skane wp-block-embed-a-guide-to-zero-carbon-skane\"><div class=\"wp-block-embed__wrapper\">\n<blockquote class=\"wp-embedded-content\" data-secret=\"SDEMQg8CHO\"><a href=\"https:\/\/guide.zero-carbon-skane.org\/sv\/places\/southwest-metropolitan-zone\/lund\/brunnshog-science-village\/end-of-the-road-the-e22-gravestone\/\">Vid v\u00e4gens \u00e4nde: E22:ans gravsten<\/a><\/blockquote><iframe loading=\"lazy\" class=\"wp-embedded-content\" sandbox=\"allow-scripts\" security=\"restricted\" style=\"position: absolute; clip: rect(1px, 1px, 1px, 1px);\" title=\"&quot;V\u00e4gens slut: E22:s gravsten&quot; - En guide till ett koldioxidfritt Sk\u00e5ne\" src=\"https:\/\/guide.zero-carbon-skane.org\/places\/southwest-metropolitan-zone\/lund\/brunnshog-science-village\/end-of-the-road-the-e22-gravestone\/embed\/#?secret=GVA8e8jonR#?secret=SDEMQg8CHO\" data-secret=\"SDEMQg8CHO\" width=\"500\" height=\"282\" frameborder=\"0\" marginwidth=\"0\" marginheight=\"0\" scrolling=\"no\"><\/iframe>\n<\/div><\/figure>\n\n\n\n<figure class=\"wp-block-embed is-type-wp-embed is-provider-a-guide-to-zero-carbon-skane wp-block-embed-a-guide-to-zero-carbon-skane\"><div class=\"wp-block-embed__wrapper\">\n<blockquote class=\"wp-embedded-content\" data-secret=\"QlDoXj5jA5\"><a href=\"https:\/\/guide.zero-carbon-skane.org\/sv\/places\/southwest-metropolitan-zone\/lund\/gamla-staden\/an-urban-eden-lunds-paradise-quarter\/\">Ett urbant Eden: Lunds paradiskvarter<\/a><\/blockquote><iframe loading=\"lazy\" class=\"wp-embedded-content\" sandbox=\"allow-scripts\" security=\"restricted\" style=\"position: absolute; clip: rect(1px, 1px, 1px, 1px);\" title=\"&quot;Ett urbant Eden: Lunds paradiskvarter&quot; - En guide till Sk\u00e5ne utan koldioxidutsl\u00e4pp\" src=\"https:\/\/guide.zero-carbon-skane.org\/places\/southwest-metropolitan-zone\/lund\/gamla-staden\/an-urban-eden-lunds-paradise-quarter\/embed\/#?secret=sV03CF2Bxl#?secret=QlDoXj5jA5\" data-secret=\"QlDoXj5jA5\" width=\"500\" height=\"282\" frameborder=\"0\" marginwidth=\"0\" marginheight=\"0\" scrolling=\"no\"><\/iframe>\n<\/div><\/figure>\n\n\n\n<figure class=\"wp-block-embed is-type-wp-embed is-provider-a-guide-to-zero-carbon-skane wp-block-embed-a-guide-to-zero-carbon-skane\"><div class=\"wp-block-embed__wrapper\">\n<blockquote class=\"wp-embedded-content\" data-secret=\"7I2mBIeXxb\"><a href=\"https:\/\/guide.zero-carbon-skane.org\/sv\/places\/southwest-metropolitan-zone\/lund\/lund-university\/from-taxonomy-to-preservation-lunds-botaniska-tradgarden\/\">Fr\u00e5n taxonomi till bevarande: Lunds Botaniska tr\u00e4dg\u00e5rd<\/a><\/blockquote><iframe loading=\"lazy\" class=\"wp-embedded-content\" sandbox=\"allow-scripts\" security=\"restricted\" style=\"position: absolute; clip: rect(1px, 1px, 1px, 1px);\" title=\"&quot;Fr\u00e5n taxonomi till bevarande: Lunds Botaniska tr\u00e4dg\u00e5rd&quot; - En guide till koldioxidfria Sk\u00e5ne\" src=\"https:\/\/guide.zero-carbon-skane.org\/places\/southwest-metropolitan-zone\/lund\/lund-university\/from-taxonomy-to-preservation-lunds-botaniska-tradgarden\/embed\/#?secret=UeV2OlaLh7#?secret=7I2mBIeXxb\" data-secret=\"7I2mBIeXxb\" width=\"500\" height=\"282\" frameborder=\"0\" marginwidth=\"0\" marginheight=\"0\" scrolling=\"no\"><\/iframe>\n<\/div><\/figure>\n\n\n\n<figure class=\"wp-block-embed is-type-wp-embed is-provider-a-guide-to-zero-carbon-skane wp-block-embed-a-guide-to-zero-carbon-skane\"><div class=\"wp-block-embed__wrapper\">\n<blockquote class=\"wp-embedded-content\" data-secret=\"nNRS2X808P\"><a href=\"https:\/\/guide.zero-carbon-skane.org\/sv\/places\/southwest-metropolitan-zone\/roadside-picnic-abandoned-infrastructure-and-liminal-lands-along-the-lower-west-coast\/\">Picknick vid v\u00e4gkanten? \u00d6vergiven infrastruktur och begr\u00e4nsade omr\u00e5den l\u00e4ngs den nedre v\u00e4stkusten<\/a><\/blockquote><iframe loading=\"lazy\" class=\"wp-embedded-content\" sandbox=\"allow-scripts\" security=\"restricted\" style=\"position: absolute; clip: rect(1px, 1px, 1px, 1px);\" title=\"&quot;Picknick vid v\u00e4gkanten? \u00d6vergiven infrastruktur och gr\u00e4nsland l\u00e4ngs den nedre v\u00e4stkusten&quot; - A Guide to Zero-Carbon Sk\u00e5ne\" src=\"https:\/\/guide.zero-carbon-skane.org\/places\/southwest-metropolitan-zone\/roadside-picnic-abandoned-infrastructure-and-liminal-lands-along-the-lower-west-coast\/embed\/#?secret=KmYvCrFwPb#?secret=nNRS2X808P\" data-secret=\"nNRS2X808P\" width=\"500\" height=\"282\" frameborder=\"0\" marginwidth=\"0\" marginheight=\"0\" scrolling=\"no\"><\/iframe>\n<\/div><\/figure>\n\n\n\n<figure class=\"wp-block-embed is-type-wp-embed is-provider-a-guide-to-zero-carbon-skane wp-block-embed-a-guide-to-zero-carbon-skane\"><div class=\"wp-block-embed__wrapper\">\n<blockquote class=\"wp-embedded-content\" data-secret=\"oMx7ltIitf\"><a href=\"https:\/\/guide.zero-carbon-skane.org\/sv\/places\/southwest-metropolitan-zone\/vellinge\/naset\/falsterbo-skanor\/tour-de-force-skanors-safe-haven-tower\/\">Tour de kraft: Skan\u00f6rs trygghetstorn<\/a><\/blockquote><iframe loading=\"lazy\" class=\"wp-embedded-content\" sandbox=\"allow-scripts\" security=\"restricted\" style=\"position: absolute; clip: rect(1px, 1px, 1px, 1px);\" title=\"&quot;Tour de force: Skan\u00f6rs Safe Haven Tower&quot; - En guide till ett koldioxidfritt Sk\u00e5ne\" src=\"https:\/\/guide.zero-carbon-skane.org\/places\/southwest-metropolitan-zone\/vellinge\/naset\/falsterbo-skanor\/tour-de-force-skanors-safe-haven-tower\/embed\/#?secret=cHQ1K1Ox1r#?secret=oMx7ltIitf\" data-secret=\"oMx7ltIitf\" width=\"500\" height=\"282\" frameborder=\"0\" marginwidth=\"0\" marginheight=\"0\" scrolling=\"no\"><\/iframe>\n<\/div><\/figure>\n\n\n\n<figure class=\"wp-block-embed is-type-wp-embed is-provider-a-guide-to-zero-carbon-skane wp-block-embed-a-guide-to-zero-carbon-skane\"><div class=\"wp-block-embed__wrapper\">\n<blockquote class=\"wp-embedded-content\" data-secret=\"QkHTyVFY4U\"><a href=\"https:\/\/guide.zero-carbon-skane.org\/sv\/places\/southeast-the-slow-coast\/gamla-osterlen\/tomelilla\/den-stora-munken-onslundas-monument-to-donut-economics\/\">Den Stora Munken: Onslundas monument f\u00f6r munkekonomin<\/a><\/blockquote><iframe loading=\"lazy\" class=\"wp-embedded-content\" sandbox=\"allow-scripts\" security=\"restricted\" style=\"position: absolute; clip: rect(1px, 1px, 1px, 1px);\" title=\"&quot;Den Stora Munken: Onslundas monument \u00f6ver munkekonomin&quot; - En guide till koldioxidfria Sk\u00e5ne\" src=\"https:\/\/guide.zero-carbon-skane.org\/places\/southeast-the-slow-coast\/gamla-osterlen\/tomelilla\/den-stora-munken-onslundas-monument-to-donut-economics\/embed\/#?secret=zuyNoXBbLV#?secret=QkHTyVFY4U\" data-secret=\"QkHTyVFY4U\" width=\"500\" height=\"282\" frameborder=\"0\" marginwidth=\"0\" marginheight=\"0\" scrolling=\"no\"><\/iframe>\n<\/div><\/figure>\n\n\n\n<figure class=\"wp-block-embed is-type-wp-embed is-provider-a-guide-to-zero-carbon-skane wp-block-embed-a-guide-to-zero-carbon-skane\"><div class=\"wp-block-embed__wrapper\">\n<blockquote class=\"wp-embedded-content\" data-secret=\"3MihuaGCw1\"><a href=\"https:\/\/guide.zero-carbon-skane.org\/sv\/places\/southeast-the-slow-coast\/ystad\/alestenar\/\">Alesstenar<\/a><\/blockquote><iframe loading=\"lazy\" class=\"wp-embedded-content\" sandbox=\"allow-scripts\" security=\"restricted\" style=\"position: absolute; clip: rect(1px, 1px, 1px, 1px);\" title=\"&quot;Alesstenar&quot; - En guide till ett koldioxidfritt Sk\u00e5ne\" src=\"https:\/\/guide.zero-carbon-skane.org\/places\/southeast-the-slow-coast\/ystad\/alestenar\/embed\/#?secret=M5Nspn2wpv#?secret=3MihuaGCw1\" data-secret=\"3MihuaGCw1\" width=\"500\" height=\"282\" frameborder=\"0\" marginwidth=\"0\" marginheight=\"0\" scrolling=\"no\"><\/iframe>\n<\/div><\/figure>\n\n\n\n<figure class=\"wp-block-embed is-type-wp-embed is-provider-a-guide-to-zero-carbon-skane wp-block-embed-a-guide-to-zero-carbon-skane\"><div class=\"wp-block-embed__wrapper\">\n<blockquote class=\"wp-embedded-content\" data-secret=\"EPR0pEgcHm\"><a href=\"https:\/\/guide.zero-carbon-skane.org\/sv\/places\/southeast-the-slow-coast\/ystad\/monument-to-lost-species-the-disas-ting-life-cairn\/\">Monument \u00f6ver f\u00f6rlorade arter: Disas Ting livsr\u00f6se<\/a><\/blockquote><iframe loading=\"lazy\" class=\"wp-embedded-content\" sandbox=\"allow-scripts\" security=\"restricted\" style=\"position: absolute; clip: rect(1px, 1px, 1px, 1px);\" title=\"&quot;Monument \u00f6ver f\u00f6rlorade arter: Disas Ting-livscairnen&quot; - A Guide to Zero-Carbon Sk\u00e5ne\" src=\"https:\/\/guide.zero-carbon-skane.org\/places\/southeast-the-slow-coast\/ystad\/monument-to-lost-species-the-disas-ting-life-cairn\/embed\/#?secret=XWlV7UbkSU#?secret=EPR0pEgcHm\" data-secret=\"EPR0pEgcHm\" width=\"500\" height=\"282\" frameborder=\"0\" marginwidth=\"0\" marginheight=\"0\" scrolling=\"no\"><\/iframe>\n<\/div><\/figure>\n<\/div>","protected":false},"excerpt":{"rendered":"<p>Gillar du att titta p\u00e5 saker? D\u00e5 har du tur!<\/p>","protected":false},"author":1,"featured_media":1084,"parent":87,"menu_order":0,"comment_status":"closed","ping_status":"closed","template":"","meta":{"footnotes":""},"categories":[],"tags":[],"class_list":["post-97","page","type-page","status-publish","has-post-thumbnail","hentry"],"jetpack_sharing_enabled":true,"_links":{"self":[{"href":"https:\/\/guide.zero-carbon-skane.org\/sv\/wp-json\/wp\/v2\/pages\/97","targetHints":{"allow":["GET"]}}],"collection":[{"href":"https:\/\/guide.zero-carbon-skane.org\/sv\/wp-json\/wp\/v2\/pages"}],"about":[{"href":"https:\/\/guide.zero-carbon-skane.org\/sv\/wp-json\/wp\/v2\/types\/page"}],"author":[{"embeddable":true,"href":"https:\/\/guide.zero-carbon-skane.org\/sv\/wp-json\/wp\/v2\/users\/1"}],"replies":[{"embeddable":true,"href":"https:\/\/guide.zero-carbon-skane.org\/sv\/wp-json\/wp\/v2\/comments?post=97"}],"version-history":[{"count":2,"href":"https:\/\/guide.zero-carbon-skane.org\/sv\/wp-json\/wp\/v2\/pages\/97\/revisions"}],"predecessor-version":[{"id":1085,"href":"https:\/\/guide.zero-carbon-skane.org\/sv\/wp-json\/wp\/v2\/pages\/97\/revisions\/1085"}],"up":[{"embeddable":true,"href":"https:\/\/guide.zero-carbon-skane.org\/sv\/wp-json\/wp\/v2\/pages\/87"}],"wp:featuredmedia":[{"embeddable":true,"href":"https:\/\/guide.zero-carbon-skane.org\/sv\/wp-json\/wp\/v2\/media\/1084"}],"wp:attachment":[{"href":"https:\/\/guide.zero-carbon-skane.org\/sv\/wp-json\/wp\/v2\/media?parent=97"}],"wp:term":[{"taxonomy":"category","embeddable":true,"href":"https:\/\/guide.zero-carbon-skane.org\/sv\/wp-json\/wp\/v2\/categories?post=97"},{"taxonomy":"post_tag","embeddable":true,"href":"https:\/\/guide.zero-carbon-skane.org\/sv\/wp-json\/wp\/v2\/tags?post=97"}],"curies":[{"name":"wp","href":"https:\/\/api.w.org\/{rel}","templated":true}]}}