{"id":95,"date":"2022-09-21T11:50:43","date_gmt":"2022-09-21T11:50:43","guid":{"rendered":"https:\/\/guide.zero-carbon-skane.org\/?page_id=95"},"modified":"2023-03-24T10:12:48","modified_gmt":"2023-03-24T10:12:48","slug":"arts-culture","status":"publish","type":"page","link":"https:\/\/guide.zero-carbon-skane.org\/sv\/activities\/arts-culture\/","title":{"rendered":"Konst och kultur"},"content":{"rendered":"<p>Sk\u00e5nes konstscen \u00e4r o\u00f6vertr\u00e4ffad, och du kommer att hitta saker f\u00f6r att gl\u00e4dja b\u00e5de \u00f6gon och \u00f6ron i stort sett vart du \u00e4n g\u00e5r - saker f\u00f6r\u00e4ndras s\u00e5 snabbt att det inte ens \u00e4r v\u00e4rt att f\u00f6rs\u00f6ka katalogisera allt h\u00e4r i guiden. Lokala anslagstavlor och nyhetsfl\u00f6den hj\u00e4lper dig g\u00e4rna att hitta det som h\u00e4nder just nu, var du \u00e4n befinner dig.<\/p>\n\n\n\n<p>(Detsamma g\u00e4ller n\u00e4r det \u00e4r dina smakl\u00f6kar du vill stimulera... men vi har <a href=\"https:\/\/guide.zero-carbon-skane.org\/sv\/activities\/eating-drinking\/\" data-type=\"page\" data-id=\"93\">en s\u00e4rskild kategori f\u00f6r gourmeter som vill \u00e4ta Sk\u00e5nes finaste och m\u00e4rkligaste matr\u00e4tter<\/a>.)<\/p>\n\n\n\n<p>Vi tyckte dock att det vore ol\u00e4mpligt att inte \u00e5tminstone n\u00e4mna n\u00e5gra representativa platser och aktiviteter fr\u00e5n konst- och kulturv\u00e4rlden... och vi har tagit oss friheten att tolka dessa kategorier ganska brett. Precis som sk\u00f6nhet ligger konst i betraktarens \u00f6ga... och som musikern Brian Eno en g\u00e5ng h\u00e4vdade, \"kultur \u00e4r allt som vi inte <em>beh\u00f6ver<\/em> g\u00f6ra\". N\u00e5v\u00e4l, du <em>beh\u00f6ver<\/em> inte engagera dig i n\u00e5got av detta... men vi f\u00f6resl\u00e5r att du mycket v\u00e4l kan f\u00f6rs\u00f6ka om du <em>vill<\/em>!<\/p>\n\n\n\n<div class=\"wp-block-group is-vertical is-content-justification-center is-layout-flex wp-container-core-group-is-layout-ce155fab wp-block-group-is-layout-flex\">\n<figure class=\"wp-block-embed aligncenter is-type-wp-embed is-provider-a-guide-to-zero-carbon-skane wp-block-embed-a-guide-to-zero-carbon-skane\"><div class=\"wp-block-embed__wrapper\">\n<blockquote class=\"wp-embedded-content\" data-secret=\"tr80WMhf1p\"><a href=\"https:\/\/guide.zero-carbon-skane.org\/sv\/places\/northwest\/angelholm\/circles-in-the-sand-angelholm-sand-sculpture-park\/\">Cirklar i sanden: \u00c4ngelholms sandskulpturpark<\/a><\/blockquote><iframe loading=\"lazy\" class=\"wp-embedded-content\" sandbox=\"allow-scripts\" security=\"restricted\" style=\"position: absolute; clip: rect(1px, 1px, 1px, 1px);\" title=\"&quot;Cirklar i sanden: \u00c4ngelholms sandskulpturpark&quot; - A Guide to Zero-Carbon Sk\u00e5ne\" src=\"https:\/\/guide.zero-carbon-skane.org\/places\/northwest\/angelholm\/circles-in-the-sand-angelholm-sand-sculpture-park\/embed\/#?secret=QK9LOS3mFR#?secret=tr80WMhf1p\" data-secret=\"tr80WMhf1p\" width=\"500\" height=\"282\" frameborder=\"0\" marginwidth=\"0\" marginheight=\"0\" scrolling=\"no\"><\/iframe>\n<\/div><\/figure>\n\n\n\n<figure class=\"wp-block-embed aligncenter is-type-wp-embed is-provider-a-guide-to-zero-carbon-skane wp-block-embed-a-guide-to-zero-carbon-skane\"><div class=\"wp-block-embed__wrapper\">\n<blockquote class=\"wp-embedded-content\" data-secret=\"PAEbGabTi9\"><a href=\"https:\/\/guide.zero-carbon-skane.org\/sv\/places\/southwest-metropolitan-zone\/greater-malmo\/hyllie-high-rise-techie-end\/emporiaevolved-and-the-afterlife-of-the-mall\/\">\"Emporia:Utvecklat och k\u00f6pcentrets efterliv\" - En guide till ett Sk\u00e5ne utan koldioxidutsl\u00e4pp<\/a><\/blockquote><iframe loading=\"lazy\" class=\"wp-embedded-content\" sandbox=\"allow-scripts\" security=\"restricted\" style=\"position: absolute; clip: rect(1px, 1px, 1px, 1px);\" title=\"&quot;Emporia:Evolved och k\u00f6pcentrumets efterliv&quot; - En guide till koldioxidfria Sk\u00e5ne\" src=\"https:\/\/guide.zero-carbon-skane.org\/places\/southwest-metropolitan-zone\/greater-malmo\/hyllie-high-rise-techie-end\/emporiaevolved-and-the-afterlife-of-the-mall\/embed\/#?secret=Ptnn0oe9Fz#?secret=PAEbGabTi9\" data-secret=\"PAEbGabTi9\" width=\"500\" height=\"282\" frameborder=\"0\" marginwidth=\"0\" marginheight=\"0\" scrolling=\"no\"><\/iframe>\n<\/div><\/figure>\n\n\n\n<figure class=\"wp-block-embed aligncenter is-type-wp-embed is-provider-a-guide-to-zero-carbon-skane wp-block-embed-a-guide-to-zero-carbon-skane\"><div class=\"wp-block-embed__wrapper\">\n<blockquote class=\"wp-embedded-content\" data-secret=\"XgUVLYhgKD\"><a href=\"https:\/\/guide.zero-carbon-skane.org\/sv\/places\/southwest-metropolitan-zone\/greater-malmo\/take-back-the-town-urban-flexblocks-in-malmo-and-beyond\/\">Ta tillbaka staden: urbana demokratiska kvarter i Malm\u00f6 (och s\u00e5 vidare)<\/a><\/blockquote><iframe loading=\"lazy\" class=\"wp-embedded-content\" sandbox=\"allow-scripts\" security=\"restricted\" style=\"position: absolute; clip: rect(1px, 1px, 1px, 1px);\" title=\"&quot;Ta tillbaka staden: urbana flexblock i Malm\u00f6 (och bortom)&quot; - En guide till ett koldioxidfritt Sk\u00e5ne\" src=\"https:\/\/guide.zero-carbon-skane.org\/places\/southwest-metropolitan-zone\/greater-malmo\/take-back-the-town-urban-flexblocks-in-malmo-and-beyond\/embed\/#?secret=oHjxZsOWqo#?secret=XgUVLYhgKD\" data-secret=\"XgUVLYhgKD\" width=\"500\" height=\"282\" frameborder=\"0\" marginwidth=\"0\" marginheight=\"0\" scrolling=\"no\"><\/iframe>\n<\/div><\/figure>\n\n\n\n<figure class=\"wp-block-embed aligncenter is-type-wp-embed is-provider-a-guide-to-zero-carbon-skane wp-block-embed-a-guide-to-zero-carbon-skane\"><div class=\"wp-block-embed__wrapper\">\n<blockquote class=\"wp-embedded-content\" data-secret=\"9qxx7C3nWC\"><a href=\"https:\/\/guide.zero-carbon-skane.org\/sv\/places\/southwest-metropolitan-zone\/lund\/gamla-staden\/mental-time-travel-lunds-museum-of-lost-sensations\/\">En mental tidsresa: Lunds museum \u00f6ver f\u00f6rlorade sensationer<\/a><\/blockquote><iframe loading=\"lazy\" class=\"wp-embedded-content\" sandbox=\"allow-scripts\" security=\"restricted\" style=\"position: absolute; clip: rect(1px, 1px, 1px, 1px);\" title=\"&quot;Mental tidsresa: Lunds Museum of Lost Sensations&quot; - En guide till koldioxidfria Sk\u00e5ne\" src=\"https:\/\/guide.zero-carbon-skane.org\/places\/southwest-metropolitan-zone\/lund\/gamla-staden\/mental-time-travel-lunds-museum-of-lost-sensations\/embed\/#?secret=UHKKUR3QDd#?secret=9qxx7C3nWC\" data-secret=\"9qxx7C3nWC\" width=\"500\" height=\"282\" frameborder=\"0\" marginwidth=\"0\" marginheight=\"0\" scrolling=\"no\"><\/iframe>\n<\/div><\/figure>\n\n\n\n<figure class=\"wp-block-embed aligncenter is-type-wp-embed is-provider-a-guide-to-zero-carbon-skane wp-block-embed-a-guide-to-zero-carbon-skane\"><div class=\"wp-block-embed__wrapper\">\n<blockquote class=\"wp-embedded-content\" data-secret=\"ZNCaScP28w\"><a href=\"https:\/\/guide.zero-carbon-skane.org\/sv\/places\/southeast-the-slow-coast\/gamla-osterlen\/tomelilla\/dark-dining-vespers-dinner-at-mariavall-abbey\/\">\u00c4ven om vi bara \u00e4ter i m\u00f6rkret: Vespermiddag p\u00e5 Mariavalls kloster<\/a><\/blockquote><iframe loading=\"lazy\" class=\"wp-embedded-content\" sandbox=\"allow-scripts\" security=\"restricted\" style=\"position: absolute; clip: rect(1px, 1px, 1px, 1px);\" title=\"&quot;\u00c4ven om vi bara \u00e4ter middag i m\u00f6rkret: Vespermiddag p\u00e5 Mariavalls kloster&quot; - En guide till ett koldioxidfritt Sk\u00e5ne\" src=\"https:\/\/guide.zero-carbon-skane.org\/places\/southeast-the-slow-coast\/gamla-osterlen\/tomelilla\/dark-dining-vespers-dinner-at-mariavall-abbey\/embed\/#?secret=PBWdrvNjP6#?secret=ZNCaScP28w\" data-secret=\"ZNCaScP28w\" width=\"500\" height=\"282\" frameborder=\"0\" marginwidth=\"0\" marginheight=\"0\" scrolling=\"no\"><\/iframe>\n<\/div><\/figure>\n<\/div>","protected":false},"excerpt":{"rendered":"<p>Precis som sk\u00f6nhet ligger konst i betraktarens \u00f6ga... och som musikern Brian Eno en g\u00e5ng h\u00e4vdade, \"kultur \u00e4r allt som vi inte beh\u00f6ver g\u00f6ra\".<\/p>","protected":false},"author":1,"featured_media":948,"parent":87,"menu_order":0,"comment_status":"closed","ping_status":"closed","template":"","meta":{"footnotes":""},"categories":[],"tags":[],"class_list":["post-95","page","type-page","status-publish","has-post-thumbnail","hentry"],"jetpack_sharing_enabled":true,"_links":{"self":[{"href":"https:\/\/guide.zero-carbon-skane.org\/sv\/wp-json\/wp\/v2\/pages\/95","targetHints":{"allow":["GET"]}}],"collection":[{"href":"https:\/\/guide.zero-carbon-skane.org\/sv\/wp-json\/wp\/v2\/pages"}],"about":[{"href":"https:\/\/guide.zero-carbon-skane.org\/sv\/wp-json\/wp\/v2\/types\/page"}],"author":[{"embeddable":true,"href":"https:\/\/guide.zero-carbon-skane.org\/sv\/wp-json\/wp\/v2\/users\/1"}],"replies":[{"embeddable":true,"href":"https:\/\/guide.zero-carbon-skane.org\/sv\/wp-json\/wp\/v2\/comments?post=95"}],"version-history":[{"count":6,"href":"https:\/\/guide.zero-carbon-skane.org\/sv\/wp-json\/wp\/v2\/pages\/95\/revisions"}],"predecessor-version":[{"id":956,"href":"https:\/\/guide.zero-carbon-skane.org\/sv\/wp-json\/wp\/v2\/pages\/95\/revisions\/956"}],"up":[{"embeddable":true,"href":"https:\/\/guide.zero-carbon-skane.org\/sv\/wp-json\/wp\/v2\/pages\/87"}],"wp:featuredmedia":[{"embeddable":true,"href":"https:\/\/guide.zero-carbon-skane.org\/sv\/wp-json\/wp\/v2\/media\/948"}],"wp:attachment":[{"href":"https:\/\/guide.zero-carbon-skane.org\/sv\/wp-json\/wp\/v2\/media?parent=95"}],"wp:term":[{"taxonomy":"category","embeddable":true,"href":"https:\/\/guide.zero-carbon-skane.org\/sv\/wp-json\/wp\/v2\/categories?post=95"},{"taxonomy":"post_tag","embeddable":true,"href":"https:\/\/guide.zero-carbon-skane.org\/sv\/wp-json\/wp\/v2\/tags?post=95"}],"curies":[{"name":"wp","href":"https:\/\/api.w.org\/{rel}","templated":true}]}}