{"id":93,"date":"2022-09-21T11:49:31","date_gmt":"2022-09-21T11:49:31","guid":{"rendered":"https:\/\/guide.zero-carbon-skane.org\/?page_id=93"},"modified":"2023-03-24T11:26:29","modified_gmt":"2023-03-24T11:26:29","slug":"eating-drinking","status":"publish","type":"page","link":"https:\/\/guide.zero-carbon-skane.org\/sv\/activities\/eating-drinking\/","title":{"rendered":"\u00c4ta och dricka"},"content":{"rendered":"<p>Inget f\u00f6r samman m\u00e4nniskor som allas v\u00e5rt behov av att \u00e4ta och dricka, \u00e4ven om vi ibland skiljs \u00e5t i v\u00e5ra smaker; om vi vore filosofer skulle vi kunna \u00e4gna prata l\u00e4nge och v\u00e4l f\u00f6r att utforska denna djupg\u00e5ende diskurs, som kanske till och med \u00e4r den fr\u00e4msta drivkraften bakom all kulturell variation som vi k\u00e4nner den...<\/p>\n\n\n\n<p>... men nej, vi \u00e4r ju bara guidef\u00f6rfattare, och din hunger \u00e4r sannolikt inte f\u00f6r filosofi*. S\u00e5 du undrar var i Sk\u00e5ne man kan hitta det b\u00e4sta f\u00f6r att \u00e4ta och dricka? H\u00e4r \u00e4r bara n\u00e5gra av de hundratals m\u00f6jliga svaren p\u00e5 den fr\u00e5gan!<\/p>\n\n\n\n<div class=\"wp-block-group has-global-padding is-layout-constrained wp-container-core-group-is-layout-23b1a4dc wp-block-group-is-layout-constrained\" style=\"border-width:1px;border-radius:5px;padding-top:var(--wp--preset--spacing--30);padding-right:var(--wp--preset--spacing--30);padding-bottom:var(--wp--preset--spacing--30);padding-left:var(--wp--preset--spacing--30)\">\n<h4 class=\"has-text-align-center wp-block-heading\">Vill du veta mer?<\/h4>\n\n\n<div class=\"wp-block-oik-sb-children\"><ul class=\"wp-block-oik-sb-children\"><li class=\"page_item page-item-210\"><a href=\"https:\/\/guide.zero-carbon-skane.org\/sv\/activities\/eating-drinking\/kaffesugen-post-coffee-culture-in-a-carbon-free-county\/\">Kaffesugen? Kaffekulturen i ett post-koldioxidfritt samh\u00e4lle<\/a><\/li>\n<li class=\"page_item page-item-275\"><a href=\"https:\/\/guide.zero-carbon-skane.org\/sv\/activities\/eating-drinking\/lanthandlar-a-revolution-in-rural-retail\/\">Lanthandlar: en revolution inom detaljhandeln p\u00e5 landsbygden<\/a><\/li>\n<li class=\"page_item page-item-281\"><a href=\"https:\/\/guide.zero-carbon-skane.org\/sv\/activities\/eating-drinking\/malmos-hippest-eats-the-new-new-nordic-cuisine\/\">Malm\u00f6s hippaste matst\u00e4llen: det ny-nya nordiska k\u00f6ket<\/a><\/li>\n<li class=\"page_item page-item-175\"><a href=\"https:\/\/guide.zero-carbon-skane.org\/sv\/activities\/eating-drinking\/the-unreal-eel-deal-eel-fishing-larp\/\">Den (o)troliga \u00e5laff\u00e4ren: \u00e5lfiskande LARP<\/a><\/li>\n<li class=\"page_item page-item-422\"><a href=\"https:\/\/guide.zero-carbon-skane.org\/sv\/activities\/eating-drinking\/the-flames-of-resistance-speak-easy-grill-culture-in-skane\/\">Motst\u00e5ndets flammor: den sk\u00e5nska l\u00f6nngrillningen<\/a><\/li>\n<\/ul><\/div><\/div>\n\n\n\n<p>* Om din hunger <em>\u00e4r<\/em> N\u00e4r det g\u00e4ller filosofi \u00e4r det ett ganska bra s\u00e4tt att hitta den genom att s\u00e4tta sig i baren och inleda ett samtal.<\/p>","protected":false},"excerpt":{"rendered":"<p>Stilla din hunger och sl\u00e4ck din t\u00f6rst med detta kurerade urval av Sk\u00e5nes finaste matleverant\u00f6rer...<\/p>","protected":false},"author":1,"featured_media":371,"parent":87,"menu_order":0,"comment_status":"closed","ping_status":"closed","template":"","meta":{"footnotes":""},"categories":[],"tags":[],"class_list":["post-93","page","type-page","status-publish","has-post-thumbnail","hentry"],"jetpack_sharing_enabled":true,"_links":{"self":[{"href":"https:\/\/guide.zero-carbon-skane.org\/sv\/wp-json\/wp\/v2\/pages\/93","targetHints":{"allow":["GET"]}}],"collection":[{"href":"https:\/\/guide.zero-carbon-skane.org\/sv\/wp-json\/wp\/v2\/pages"}],"about":[{"href":"https:\/\/guide.zero-carbon-skane.org\/sv\/wp-json\/wp\/v2\/types\/page"}],"author":[{"embeddable":true,"href":"https:\/\/guide.zero-carbon-skane.org\/sv\/wp-json\/wp\/v2\/users\/1"}],"replies":[{"embeddable":true,"href":"https:\/\/guide.zero-carbon-skane.org\/sv\/wp-json\/wp\/v2\/comments?post=93"}],"version-history":[{"count":3,"href":"https:\/\/guide.zero-carbon-skane.org\/sv\/wp-json\/wp\/v2\/pages\/93\/revisions"}],"predecessor-version":[{"id":976,"href":"https:\/\/guide.zero-carbon-skane.org\/sv\/wp-json\/wp\/v2\/pages\/93\/revisions\/976"}],"up":[{"embeddable":true,"href":"https:\/\/guide.zero-carbon-skane.org\/sv\/wp-json\/wp\/v2\/pages\/87"}],"wp:featuredmedia":[{"embeddable":true,"href":"https:\/\/guide.zero-carbon-skane.org\/sv\/wp-json\/wp\/v2\/media\/371"}],"wp:attachment":[{"href":"https:\/\/guide.zero-carbon-skane.org\/sv\/wp-json\/wp\/v2\/media?parent=93"}],"wp:term":[{"taxonomy":"category","embeddable":true,"href":"https:\/\/guide.zero-carbon-skane.org\/sv\/wp-json\/wp\/v2\/categories?post=93"},{"taxonomy":"post_tag","embeddable":true,"href":"https:\/\/guide.zero-carbon-skane.org\/sv\/wp-json\/wp\/v2\/tags?post=93"}],"curies":[{"name":"wp","href":"https:\/\/api.w.org\/{rel}","templated":true}]}}