{"id":91,"date":"2022-09-21T11:47:21","date_gmt":"2022-09-21T11:47:21","guid":{"rendered":"https:\/\/guide.zero-carbon-skane.org\/?page_id=91"},"modified":"2023-03-24T15:37:59","modified_gmt":"2023-03-24T15:37:59","slug":"travel-mobility","status":"publish","type":"page","link":"https:\/\/guide.zero-carbon-skane.org\/sv\/advice\/travel-mobility\/","title":{"rendered":"Resor och r\u00f6rlighet"},"content":{"rendered":"<p><a href=\"https:\/\/guide.zero-carbon-skane.org\/sv\/advice\/travel-mobility\/international-arrivals\/\" data-type=\"page\" data-id=\"386\">Vi har n\u00e5gra allm\u00e4nna r\u00e5d f\u00f6r de internationella bes\u00f6karna<\/a>, och eftersom detta inte endast \u00e4r den huvudsakliga ing\u00e5ngen till Sk\u00e5ne utan till hela Sverige, vill du f\u00f6rmodligen veta <a href=\"https:\/\/guide.zero-carbon-skane.org\/sv\/places\/southwest-metropolitan-zone\/greater-malmo\/\" data-type=\"page\" data-id=\"8\">lite om Malm\u00f6<\/a>. Under tiden, <a href=\"https:\/\/guide.zero-carbon-skane.org\/sv\/advice\/travel-mobility\/valkomna-till-svalorna-travel-tips-for-seasonal-migrants\/\" data-type=\"page\" data-id=\"390\">om du \u00e4r <em>en svala<\/em> och planerar en s\u00e4songsmigration fr\u00e5n s\u00f6dra Europa<\/a>, s\u00e5 har vi lite mer specifik v\u00e4gledning f\u00f6r dig. Kanske kommer du i din egen privata bil? D\u00e5 har vi ett v\u00e4rdefullt tips till dig: l\u00e4mna den hemma!<\/p>\n\n\n\n<p>N\u00e4r du v\u00e4l \u00e4r h\u00e4r finns det tv\u00e5 huvudsakliga s\u00e4tt att ta dig runt: p\u00e5 egen hand, dvs. p\u00e5 cykel eller liknande fordon, eller med kollektivtrafiken. Kollektivtrafiksystemet har m\u00e5nga regler och alternativ - typiskt f\u00f6r Sverige, skulle man kunna s\u00e4ga - och kan vara lite skr\u00e4mmande i b\u00f6rjan, men <a href=\"https:\/\/guide.zero-carbon-skane.org\/sv\/advice\/travel-mobility\/skane-in-the-palm-of-your-hand-the-mobil-transport-app\/\" data-type=\"page\" data-id=\"396\">v\u00e5r guide till den nationella Mobil-appen hj\u00e4lper dig att komma iv\u00e4g utan alltf\u00f6r m\u00e5nga miss\u00f6den<\/a>. (Det finns ocks\u00e5 n\u00e5gra anv\u00e4ndbara tips f\u00f6r personer med olika mobilitetsbehov). <\/p>\n\n\n\n<p>N\u00e4r det g\u00e4ller cykling, ja, det s\u00e4gs att man ju aldrig gl\u00f6mmer hur man g\u00f6r det... men <a href=\"https:\/\/guide.zero-carbon-skane.org\/sv\/advice\/travel-mobility\/on-yer-bike-cycling-in-skane\/\" data-type=\"page\" data-id=\"398\">\u00e4ven du som \u00e4r van vid tv\u00e5 hjul (eller tre, eller hur m\u00e5nga som helst) kanske du \u00e4nd\u00e5 vill veta mer om de lokala sederna och f\u00f6rh\u00e5llandena<\/a>.<\/p>\n\n\n\n<p>Ibland m\u00e5ste saker och ting flyttas runt, liksom m\u00e4nniskor - s\u00e5 om du \u00e4r h\u00e4r under en l\u00e4ngre tid kan du beh\u00f6va veta <a href=\"https:\/\/guide.zero-carbon-skane.org\/sv\/advice\/ship-it-logistics-and-goods-transportation-in-skane-and-beyond\/\" data-type=\"page\" data-id=\"405\">hur man f\u00e5r saker fr\u00e5n A till B utan att man sj\u00e4lv beh\u00f6ver b\u00e4ra dem<\/a>. (Om du vill unders\u00f6ka m\u00f6jligheterna f\u00f6r en aff\u00e4rsverksamhet finns det ocks\u00e5 en <em>v\u00e4ldigt<\/em> bra introduktionsguide till fraktlogistik f\u00f6r entrepren\u00f6rer p\u00e5 samma sida).<\/p>","protected":false},"excerpt":{"rendered":"<p>Hur l\u00e4nge du \u00e4n planerar att stanna i Sk\u00e5ne, och var du \u00e4n reser ifr\u00e5n, kommer du f\u00f6rmodligen att vilja veta hur du tar dig runt i l\u00e4net - och den h\u00e4r sidan \u00e4r h\u00e4r f\u00f6r att hj\u00e4lpa dig.<\/p>","protected":false},"author":1,"featured_media":1111,"parent":89,"menu_order":0,"comment_status":"closed","ping_status":"closed","template":"","meta":{"footnotes":""},"categories":[],"tags":[],"class_list":["post-91","page","type-page","status-publish","has-post-thumbnail","hentry"],"jetpack_sharing_enabled":true,"_links":{"self":[{"href":"https:\/\/guide.zero-carbon-skane.org\/sv\/wp-json\/wp\/v2\/pages\/91","targetHints":{"allow":["GET"]}}],"collection":[{"href":"https:\/\/guide.zero-carbon-skane.org\/sv\/wp-json\/wp\/v2\/pages"}],"about":[{"href":"https:\/\/guide.zero-carbon-skane.org\/sv\/wp-json\/wp\/v2\/types\/page"}],"author":[{"embeddable":true,"href":"https:\/\/guide.zero-carbon-skane.org\/sv\/wp-json\/wp\/v2\/users\/1"}],"replies":[{"embeddable":true,"href":"https:\/\/guide.zero-carbon-skane.org\/sv\/wp-json\/wp\/v2\/comments?post=91"}],"version-history":[{"count":3,"href":"https:\/\/guide.zero-carbon-skane.org\/sv\/wp-json\/wp\/v2\/pages\/91\/revisions"}],"predecessor-version":[{"id":1112,"href":"https:\/\/guide.zero-carbon-skane.org\/sv\/wp-json\/wp\/v2\/pages\/91\/revisions\/1112"}],"up":[{"embeddable":true,"href":"https:\/\/guide.zero-carbon-skane.org\/sv\/wp-json\/wp\/v2\/pages\/89"}],"wp:featuredmedia":[{"embeddable":true,"href":"https:\/\/guide.zero-carbon-skane.org\/sv\/wp-json\/wp\/v2\/media\/1111"}],"wp:attachment":[{"href":"https:\/\/guide.zero-carbon-skane.org\/sv\/wp-json\/wp\/v2\/media?parent=91"}],"wp:term":[{"taxonomy":"category","embeddable":true,"href":"https:\/\/guide.zero-carbon-skane.org\/sv\/wp-json\/wp\/v2\/categories?post=91"},{"taxonomy":"post_tag","embeddable":true,"href":"https:\/\/guide.zero-carbon-skane.org\/sv\/wp-json\/wp\/v2\/tags?post=91"}],"curies":[{"name":"wp","href":"https:\/\/api.w.org\/{rel}","templated":true}]}}