{"id":9,"date":"2022-08-16T10:31:40","date_gmt":"2022-08-16T10:31:40","guid":{"rendered":"https:\/\/guide.zero-carbon-skane.org\/index.php\/southwest-metropolitan-zone\/greater-malmo\/gamla-staden-incl-ribban\/"},"modified":"2023-03-16T09:29:43","modified_gmt":"2023-03-16T09:29:43","slug":"gamla-staden-incl-ribban","status":"publish","type":"page","link":"https:\/\/guide.zero-carbon-skane.org\/sv\/places\/southwest-metropolitan-zone\/greater-malmo\/gamla-staden-incl-ribban\/","title":{"rendered":"Gamla Staden (Malm\u00f6)"},"content":{"rendered":"<p>Som Sk\u00e5nes st\u00f6rsta stad och den tredje st\u00f6rsta staden i Sverige som helhet (efter Stockholm och G\u00f6teborg), s\u00e5 har <a href=\"https:\/\/guide.zero-carbon-skane.org\/sv\/places\/southwest-metropolitan-zone\/greater-malmo\/\" data-type=\"page\" data-id=\"8\">Malm\u00f6<\/a> varit en plats f\u00f6r bos\u00e4ttning sedan 1100-talet och har spelat en viktig roll i de l\u00e5ngvariga krigen med Danmark om besittningen av regionen. Denna historia, och mycket av det som skulle komma att f\u00f6lja, kan sp\u00e5ras h\u00e4r i stadens historiska hj\u00e4rta, med <em>Malm\u00f6hus slott<\/em> som markerar den v\u00e4stra utkanten av den bef\u00e4sta k\u00e4rnan i den ursprungliga staden.<\/p>\n\n\n\n<p>Majoriteten av de bevarade byggnaderna i <em>gamla v\u00e4ster<\/em> \u00e4r naturligtvis inte lika gamla som slottet, men de representerar m\u00e5nga av de arkitektoniska epokerna sedan slottet byggdes, och kanalen som omger omr\u00e5det \u00e5terger i stort sett bef\u00e4stningarna fr\u00e5n 18:e \u00e5rhundradet. Det \u00e4r vad man kan f\u00f6rv\u00e4nta sig av den historiska k\u00e4rnan i en gammal och viktig stad, d\u00e4r <em>gamla v\u00e4ster<\/em> \u00e4r Malm\u00f6s kommersiella och kulturella hj\u00e4rta, och ett hett st\u00e4lle f\u00f6r b\u00e5de turism och lokala utekv\u00e4llar. Baksidan av detta \u00e4r naturligtvis att kulturutbudet kan verka ganska medelm\u00e5ttigt, och\/eller f\u00f6rgyllt med en historisk glans som har liten koppling till fakta. \u00c4ven om det kanske inte \u00e4r s\u00e5 illa som det var f\u00f6r ungef\u00e4r tre decennier sedan, finns det fortfarande en best\u00e4md k\u00e4nsla av homogenitet i alla europeiska stadsk\u00e4rnor: \u00e4ven om den arkitektoniska huden kan variera, \u00e4r de kommersiella undertonerna i stort sett detsamma.<\/p>\n\n\n\n<p>S\u00e5 ta dig g\u00e4rna tid att bes\u00f6ka <em>slottet<\/em>, ta en kopp kaffe och <em>kanelbulle<\/em> p\u00e5 antingen <em>Stortorget<\/em> (en stor kvadrat) eller <em>Lilla Torg<\/em> (en liten kvadrat), och titta p\u00e5 de kvarvarande exklusiva butikerna (om din kreditv\u00e4rdighet g\u00f6r att du kan ta dig in genom d\u00f6rrarna). Men det finns mycket mer karakt\u00e4r att hitta p\u00e5 annat h\u00e5ll - efter bara femton minuter till fots (eller fem med cykel) kan du vara <a href=\"https:\/\/guide.zero-carbon-skane.org\/sv\/places\/southwest-metropolitan-zone\/greater-malmo\/stora-stranden\/\" data-type=\"page\" data-id=\"120\">promenera l\u00e4ngs Ribersborgsstranden<\/a>, och njuta av de <a href=\"https:\/\/guide.zero-carbon-skane.org\/sv\/places\/southwest-metropolitan-zone\/greater-malmo\/vastra-hamnen\/\" data-type=\"page\" data-id=\"126\">lite sjaskiga bohemiska vibbarna i V\u00e4stra Hamnen<\/a>, eller vandra <a href=\"https:\/\/guide.zero-carbon-skane.org\/sv\/places\/southwest-metropolitan-zone\/greater-malmo\/kirseberg\/\" data-type=\"page\" data-id=\"13\">i v\u00e4nster-mitten-enklaven Kirseberg<\/a>. Den riktigt v\u00e5ghalsige kanske till och med best\u00e4mmer sig f\u00f6r att unders\u00f6ka <a href=\"https:\/\/guide.zero-carbon-skane.org\/sv\/places\/southwest-metropolitan-zone\/greater-malmo\/docklands\/\" data-type=\"page\" data-id=\"10\">de kooperativa samh\u00e4llena i \u00d6stra Hamnens<\/a>, hamnomr\u00e5de - \u00e4ven om de rekommenderas att inte ta p\u00e5 sig sina finaste skor, och att <a href=\"https:\/\/guide.zero-carbon-skane.org\/sv\/places\/southwest-metropolitan-zone\/greater-malmo\/docklands\/famnen-urban-living-with-repurpose\/\" data-type=\"page\" data-id=\"239\">f\u00f6rst bekanta sig med de lokala protokollen<\/a>.<\/p>\n\n\n\n<p>Och det finns mycket mer att utforska lite l\u00e4ngre s\u00f6derut ocks\u00e5; s\u00e5 varf\u00f6r inte <a href=\"https:\/\/guide.zero-carbon-skane.org\/sv\/places\/southwest-metropolitan-zone\/greater-malmo\/stora-mollevangen-incl-sofielund\/\" data-type=\"page\" data-id=\"12\">starta vid M\u00f6llev\u00e5ngen<\/a>, och se var du hamnar!<\/p>","protected":false},"excerpt":{"rendered":"<p>Majoriteten av de bevarade byggnaderna i gamla staden \u00e4r inte alls lika gamla som slottet, men de representerar m\u00e5nga av de arkitektoniska epokerna sedan slottet byggdes.<\/p>","protected":false},"author":1,"featured_media":837,"parent":8,"menu_order":0,"comment_status":"closed","ping_status":"closed","template":"","meta":{"footnotes":""},"categories":[],"tags":[],"class_list":["post-9","page","type-page","status-publish","has-post-thumbnail","hentry"],"jetpack_sharing_enabled":true,"_links":{"self":[{"href":"https:\/\/guide.zero-carbon-skane.org\/sv\/wp-json\/wp\/v2\/pages\/9","targetHints":{"allow":["GET"]}}],"collection":[{"href":"https:\/\/guide.zero-carbon-skane.org\/sv\/wp-json\/wp\/v2\/pages"}],"about":[{"href":"https:\/\/guide.zero-carbon-skane.org\/sv\/wp-json\/wp\/v2\/types\/page"}],"author":[{"embeddable":true,"href":"https:\/\/guide.zero-carbon-skane.org\/sv\/wp-json\/wp\/v2\/users\/1"}],"replies":[{"embeddable":true,"href":"https:\/\/guide.zero-carbon-skane.org\/sv\/wp-json\/wp\/v2\/comments?post=9"}],"version-history":[{"count":2,"href":"https:\/\/guide.zero-carbon-skane.org\/sv\/wp-json\/wp\/v2\/pages\/9\/revisions"}],"predecessor-version":[{"id":839,"href":"https:\/\/guide.zero-carbon-skane.org\/sv\/wp-json\/wp\/v2\/pages\/9\/revisions\/839"}],"up":[{"embeddable":true,"href":"https:\/\/guide.zero-carbon-skane.org\/sv\/wp-json\/wp\/v2\/pages\/8"}],"wp:featuredmedia":[{"embeddable":true,"href":"https:\/\/guide.zero-carbon-skane.org\/sv\/wp-json\/wp\/v2\/media\/837"}],"wp:attachment":[{"href":"https:\/\/guide.zero-carbon-skane.org\/sv\/wp-json\/wp\/v2\/media?parent=9"}],"wp:term":[{"taxonomy":"category","embeddable":true,"href":"https:\/\/guide.zero-carbon-skane.org\/sv\/wp-json\/wp\/v2\/categories?post=9"},{"taxonomy":"post_tag","embeddable":true,"href":"https:\/\/guide.zero-carbon-skane.org\/sv\/wp-json\/wp\/v2\/tags?post=9"}],"curies":[{"name":"wp","href":"https:\/\/api.w.org\/{rel}","templated":true}]}}