{"id":87,"date":"2022-09-21T11:44:11","date_gmt":"2022-09-21T11:44:11","guid":{"rendered":"https:\/\/guide.zero-carbon-skane.org\/?page_id=87"},"modified":"2023-03-24T09:39:45","modified_gmt":"2023-03-24T09:39:45","slug":"activities","status":"publish","type":"page","link":"https:\/\/guide.zero-carbon-skane.org\/sv\/activities\/","title":{"rendered":"Aktiviteter"},"content":{"rendered":"<p>Sk\u00e5ne \u00e4r fullt av saker att se och g\u00f6ra! Vi har f\u00f6rs\u00f6kt att f\u00e5nga ett bra urval i guiden. Vissa av dem har vi arkiverat i direkt anslutning till de s\u00e4rskilda platser d\u00e4r de finns, medan andra har sorterats in i kategorier, som du kan se nedan.<\/p>\n\n\n\n<div class=\"wp-block-group has-global-padding is-layout-constrained wp-container-core-group-is-layout-23b1a4dc wp-block-group-is-layout-constrained\" style=\"border-width:1px;border-radius:5px;padding-top:var(--wp--preset--spacing--30);padding-right:var(--wp--preset--spacing--30);padding-bottom:var(--wp--preset--spacing--30);padding-left:var(--wp--preset--spacing--30)\">\n<h4 class=\"has-text-align-center wp-block-heading\">Vill du veta mer?<\/h4>\n\n\n<div class=\"wp-block-oik-sb-children\"><ul class=\"wp-block-oik-sb-children\"><li class=\"page_item page-item-95\"><a href=\"https:\/\/guide.zero-carbon-skane.org\/sv\/activities\/arts-culture\/\">Konst och kultur<\/a><\/li>\n<li class=\"page_item page-item-93 page_item_has_children\"><a href=\"https:\/\/guide.zero-carbon-skane.org\/sv\/activities\/eating-drinking\/\">\u00c4ta och dricka<\/a>\n<ul class='children'>\n\t<li class=\"page_item page-item-210\"><a href=\"https:\/\/guide.zero-carbon-skane.org\/sv\/activities\/eating-drinking\/kaffesugen-post-coffee-culture-in-a-carbon-free-county\/\">Kaffesugen? Kaffekulturen i ett post-koldioxidfritt samh\u00e4lle<\/a><\/li>\n\t<li class=\"page_item page-item-275\"><a href=\"https:\/\/guide.zero-carbon-skane.org\/sv\/activities\/eating-drinking\/lanthandlar-a-revolution-in-rural-retail\/\">Lanthandlar: en revolution inom detaljhandeln p\u00e5 landsbygden<\/a><\/li>\n\t<li class=\"page_item page-item-281\"><a href=\"https:\/\/guide.zero-carbon-skane.org\/sv\/activities\/eating-drinking\/malmos-hippest-eats-the-new-new-nordic-cuisine\/\">Malm\u00f6s hippaste matst\u00e4llen: det ny-nya nordiska k\u00f6ket<\/a><\/li>\n\t<li class=\"page_item page-item-175\"><a href=\"https:\/\/guide.zero-carbon-skane.org\/sv\/activities\/eating-drinking\/the-unreal-eel-deal-eel-fishing-larp\/\">Den (o)troliga \u00e5laff\u00e4ren: \u00e5lfiskande LARP<\/a><\/li>\n\t<li class=\"page_item page-item-422\"><a href=\"https:\/\/guide.zero-carbon-skane.org\/sv\/activities\/eating-drinking\/the-flames-of-resistance-speak-easy-grill-culture-in-skane\/\">Motst\u00e5ndets flammor: den sk\u00e5nska l\u00f6nngrillningen<\/a><\/li>\n<\/ul>\n<\/li>\n<li class=\"page_item page-item-99 page_item_has_children\"><a href=\"https:\/\/guide.zero-carbon-skane.org\/sv\/activities\/events\/\">H\u00e4ndelser<\/a>\n<ul class='children'>\n\t<li class=\"page_item page-item-311\"><a href=\"https:\/\/guide.zero-carbon-skane.org\/sv\/activities\/events\/flexival-the-low-water-festivals\/\">Flexival! L\u00e5gvattenfestival(er)<\/a><\/li>\n\t<li class=\"page_item page-item-182\"><a href=\"https:\/\/guide.zero-carbon-skane.org\/sv\/activities\/events\/the-floating-harvest-festival\/\">Den flytande sk\u00f6rdefestivalen<\/a><\/li>\n\t<li class=\"page_item page-item-196\"><a href=\"https:\/\/guide.zero-carbon-skane.org\/sv\/activities\/events\/vallakratraffen-the-petrolheads-redoubt\/\">Vall\u00e5kratr\u00e4ffen: bilentusiasternas redutt<\/a><\/li>\n<\/ul>\n<\/li>\n<li class=\"page_item page-item-103 page_item_has_children\"><a href=\"https:\/\/guide.zero-carbon-skane.org\/sv\/activities\/learning-doing\/\">Att l\u00e4ra och g\u00f6ra<\/a>\n<ul class='children'>\n\t<li class=\"page_item page-item-434\"><a href=\"https:\/\/guide.zero-carbon-skane.org\/sv\/activities\/learning-doing\/boghopping-wetland-restoration-in-skane\/\">Tr\u00e4skhoppande: restaurering av v\u00e5tmarker i Sk\u00e5ne<\/a><\/li>\n\t<li class=\"page_item page-item-346\"><a href=\"https:\/\/guide.zero-carbon-skane.org\/sv\/activities\/learning-doing\/havskolonilotter-sea-lots-on-the-slow-coast\/\">Havskolonilotter: havslotter p\u00e5 den lugna kusten<\/a><\/li>\n<\/ul>\n<\/li>\n<li class=\"page_item page-item-97 page_item_has_children\"><a href=\"https:\/\/guide.zero-carbon-skane.org\/sv\/activities\/sightseeing\/\">Sightseeing<\/a>\n<ul class='children'>\n\t<li class=\"page_item page-item-262\"><a href=\"https:\/\/guide.zero-carbon-skane.org\/sv\/activities\/sightseeing\/grave-matters-burial-sites-in-skane\/\">D\u00f6dligt allvar: begravningsplatser i Sk\u00e5ne<\/a><\/li>\n\t<li class=\"page_item page-item-309\"><a href=\"https:\/\/guide.zero-carbon-skane.org\/sv\/activities\/sightseeing\/living-it-up-in-liminal-landscapes-flexmark\/\">Att leva livet i gr\u00e4ns\u00f6verskridande landskap: flexmark<\/a><\/li>\n\t<li class=\"page_item page-item-257\"><a href=\"https:\/\/guide.zero-carbon-skane.org\/sv\/activities\/sightseeing\/village-people-the-oddball-highlights-of-rural-skane\/\">Byfolk: de udda h\u00f6jdpunkterna p\u00e5 den sk\u00e5nska landsbygden<\/a><\/li>\n<\/ul>\n<\/li>\n<li class=\"page_item page-item-101 page_item_has_children\"><a href=\"https:\/\/guide.zero-carbon-skane.org\/sv\/activities\/sports-wellbeing\/\">Sport och v\u00e4lbefinnande<\/a>\n<ul class='children'>\n\t<li class=\"page_item page-item-260\"><a href=\"https:\/\/guide.zero-carbon-skane.org\/sv\/activities\/sports-wellbeing\/in-the-rough-skanes-wildgolf-scene\/\">I det fria: Sk\u00e5nes scen f\u00f6r vildgolf<\/a><\/li>\n\t<li class=\"page_item page-item-170\"><a href=\"https:\/\/guide.zero-carbon-skane.org\/sv\/activities\/sports-wellbeing\/pack-animals-running-with-wolves\/\">Flockdjur: att springa med vargar<\/a><\/li>\n<\/ul>\n<\/li>\n<\/ul><\/div><\/div>","protected":false},"excerpt":{"rendered":"<p>Sk\u00e5ne \u00e4r fullt av saker att se och g\u00f6ra! Vi har f\u00f6rs\u00f6kt att f\u00e5nga ett bra urval i guiden. Vissa av dem har vi arkiverat i direkt anslutning till de s\u00e4rskilda platser d\u00e4r de finns, medan andra har sorterats in i kategorier, som du kan se nedan.<\/p>","protected":false},"author":1,"featured_media":0,"parent":0,"menu_order":0,"comment_status":"closed","ping_status":"closed","template":"","meta":{"footnotes":""},"categories":[],"tags":[],"class_list":["post-87","page","type-page","status-publish","hentry"],"jetpack_sharing_enabled":true,"_links":{"self":[{"href":"https:\/\/guide.zero-carbon-skane.org\/sv\/wp-json\/wp\/v2\/pages\/87","targetHints":{"allow":["GET"]}}],"collection":[{"href":"https:\/\/guide.zero-carbon-skane.org\/sv\/wp-json\/wp\/v2\/pages"}],"about":[{"href":"https:\/\/guide.zero-carbon-skane.org\/sv\/wp-json\/wp\/v2\/types\/page"}],"author":[{"embeddable":true,"href":"https:\/\/guide.zero-carbon-skane.org\/sv\/wp-json\/wp\/v2\/users\/1"}],"replies":[{"embeddable":true,"href":"https:\/\/guide.zero-carbon-skane.org\/sv\/wp-json\/wp\/v2\/comments?post=87"}],"version-history":[{"count":4,"href":"https:\/\/guide.zero-carbon-skane.org\/sv\/wp-json\/wp\/v2\/pages\/87\/revisions"}],"predecessor-version":[{"id":945,"href":"https:\/\/guide.zero-carbon-skane.org\/sv\/wp-json\/wp\/v2\/pages\/87\/revisions\/945"}],"wp:attachment":[{"href":"https:\/\/guide.zero-carbon-skane.org\/sv\/wp-json\/wp\/v2\/media?parent=87"}],"wp:term":[{"taxonomy":"category","embeddable":true,"href":"https:\/\/guide.zero-carbon-skane.org\/sv\/wp-json\/wp\/v2\/categories?post=87"},{"taxonomy":"post_tag","embeddable":true,"href":"https:\/\/guide.zero-carbon-skane.org\/sv\/wp-json\/wp\/v2\/tags?post=87"}],"curies":[{"name":"wp","href":"https:\/\/api.w.org\/{rel}","templated":true}]}}