{"id":85,"date":"2022-09-21T11:41:02","date_gmt":"2022-09-21T11:41:02","guid":{"rendered":"https:\/\/guide.zero-carbon-skane.org\/?page_id=85"},"modified":"2023-03-23T14:36:59","modified_gmt":"2023-03-23T14:36:59","slug":"places","status":"publish","type":"page","link":"https:\/\/guide.zero-carbon-skane.org\/sv\/places\/","title":{"rendered":"Platser"},"content":{"rendered":"<p>Som alla l\u00e4n (eller <em>l\u00e4n<\/em>) i Sverige \u00e4r Sk\u00e5ne indelat i kommuner (<em>kommuner<\/em>) f\u00f6r officiella administrativa \u00e4ndam\u00e5l. Men dessa administrativa arrangemang \u00e4r inte alltid s\u00e4rskilt hj\u00e4lpsamma f\u00f6r en nykomling - och ibland \u00e4r de inte heller s\u00e4rskilt hj\u00e4lpsamma f\u00f6r en inf\u00f6dd - och vi ville presentera Sk\u00e5ne p\u00e5 ett s\u00e4tt som visade dess m\u00e5ngfald samtidigt som vi visade att det finns vissa likheter i karakt\u00e4r och atmosf\u00e4r som kvarst\u00e5r i vissa omr\u00e5den.<\/p>\n\n\n\n<p>Om vi g\u00f6r det riskerar vi att anklagas f\u00f6r reduktivism, s\u00e4rskilt av alla som k\u00e4nner till omr\u00e5det v\u00e4l - s\u00e5 f\u00f6r att undvika alla tvivel b\u00f6r v\u00e5ra fem regioner inte antas vara homogena klumpar av landskap utan n\u00e5gon skillnad eller m\u00e5ngfald! Vi \u00e4r faktiskt ganska s\u00e4kra p\u00e5 att det material som vi har samlat i dessa regionala \"hinkar\" kommer att sl\u00e5 h\u00e5l p\u00e5 alla s\u00e5dana antaganden.<\/p>\n\n\n\n<p>S\u00e5 klicka g\u00e4rna p\u00e5 kartan ovan och b\u00f6rja utforska, eller se listan \u00f6ver regioner nedan om du vill navigera med text.<\/p>\n\n\n\n<figure class=\"wp-block-image size-full\"><img decoding=\"async\" src=\"https:\/\/guide.zero-carbon-skane.org\/wp-content\/uploads\/2023\/10\/clickable-pretty-map-REGION-names-v2-SWE-650px.png\" alt=\"\" class=\"wp-image-657\" usemap=\"#image-map\"\/>\n\n<map name=\"image-map\">\n    <area target=\"\" alt=\"Northwest\" title=\"Nordv\u00e4st\" href=\"https:\/\/guide.zero-carbon-skane.org\/northwest\/\" coords=\"1,0,342,2,342,195,278,199,251,336,0,334,2,33\" shape=\"poly\">\n    <area target=\"\" alt=\"Lakelands\" title=\"Vattenriket\" href=\"https:\/\/guide.zero-carbon-skane.org\/northeast-the-lakelands\/\" coords=\"649,2,344,0,344,196,407,196,419,372,649,371\" shape=\"poly\">\n    <area target=\"\" alt=\"Metrozone\" title=\"Storstadsregionen\" href=\"https:\/\/guide.zero-carbon-skane.org\/southwest-metropolitan-zone\/\" coords=\"0,337,250,338,238,401,320,402,320,649,0,649\" shape=\"poly\">\n    <area target=\"\" alt=\"Slow Coast\" title=\"Lugna kusten\" href=\"https:\/\/guide.zero-carbon-skane.org\/southeast-the-slow-coast\/\" coords=\"648,649,649,375,419,375,419,402,323,401,323,649\" shape=\"poly\">\n    <area target=\"\" alt=\"Heartlands\" title=\"K\u00e4rnlandet\" href=\"https:\/\/guide.zero-carbon-skane.org\/central-heartlands\/\" coords=\"280,200,405,198,417,398,241,399\" shape=\"poly\">\n<\/map><\/figure>\n\n\n\n<ul class=\"wp-block-list\">\n<li><a href=\"https:\/\/guide.zero-carbon-skane.org\/sv\/northwest\/\">Nordv\u00e4st<\/a><\/li>\n\n\n\n<li><a href=\"https:\/\/guide.zero-carbon-skane.org\/sv\/northeast-the-lakelands\/\">Vattenriket<\/a> (NW)<\/li>\n\n\n\n<li><a href=\"https:\/\/guide.zero-carbon-skane.org\/sv\/central-heartlands\/\">K\u00e4rnlandet<\/a><\/li>\n\n\n\n<li><a href=\"https:\/\/guide.zero-carbon-skane.org\/sv\/southwest-metropolitan-zone\/\">Storstadszonen<\/a> (SW)<\/li>\n\n\n\n<li><a href=\"https:\/\/guide.zero-carbon-skane.org\/sv\/southeast-the-slow-coast\/\">Den lugna kusten<\/a> (SE)<\/li>\n<\/ul>","protected":false},"excerpt":{"rendered":"<p>V\u00e5ra fem regioner b\u00f6r inte antas vara homogena klumpar av landskap utan n\u00e5gon skillnad eller m\u00e5ngfald! Vi \u00e4r faktiskt ganska s\u00e4kra p\u00e5 att det material som vi har samlat in i dessa regionala \"hinkar\" kommer att sl\u00e5 h\u00e5l p\u00e5 alla s\u00e5dana antaganden.<\/p>","protected":false},"author":1,"featured_media":559,"parent":0,"menu_order":0,"comment_status":"closed","ping_status":"closed","template":"","meta":{"footnotes":""},"categories":[],"tags":[],"class_list":["post-85","page","type-page","status-publish","has-post-thumbnail","hentry"],"jetpack_sharing_enabled":true,"_links":{"self":[{"href":"https:\/\/guide.zero-carbon-skane.org\/sv\/wp-json\/wp\/v2\/pages\/85","targetHints":{"allow":["GET"]}}],"collection":[{"href":"https:\/\/guide.zero-carbon-skane.org\/sv\/wp-json\/wp\/v2\/pages"}],"about":[{"href":"https:\/\/guide.zero-carbon-skane.org\/sv\/wp-json\/wp\/v2\/types\/page"}],"author":[{"embeddable":true,"href":"https:\/\/guide.zero-carbon-skane.org\/sv\/wp-json\/wp\/v2\/users\/1"}],"replies":[{"embeddable":true,"href":"https:\/\/guide.zero-carbon-skane.org\/sv\/wp-json\/wp\/v2\/comments?post=85"}],"version-history":[{"count":3,"href":"https:\/\/guide.zero-carbon-skane.org\/sv\/wp-json\/wp\/v2\/pages\/85\/revisions"}],"predecessor-version":[{"id":937,"href":"https:\/\/guide.zero-carbon-skane.org\/sv\/wp-json\/wp\/v2\/pages\/85\/revisions\/937"}],"wp:featuredmedia":[{"embeddable":true,"href":"https:\/\/guide.zero-carbon-skane.org\/sv\/wp-json\/wp\/v2\/media\/559"}],"wp:attachment":[{"href":"https:\/\/guide.zero-carbon-skane.org\/sv\/wp-json\/wp\/v2\/media?parent=85"}],"wp:term":[{"taxonomy":"category","embeddable":true,"href":"https:\/\/guide.zero-carbon-skane.org\/sv\/wp-json\/wp\/v2\/categories?post=85"},{"taxonomy":"post_tag","embeddable":true,"href":"https:\/\/guide.zero-carbon-skane.org\/sv\/wp-json\/wp\/v2\/tags?post=85"}],"curies":[{"name":"wp","href":"https:\/\/api.w.org\/{rel}","templated":true}]}}