{"id":8,"date":"2022-08-16T10:31:40","date_gmt":"2022-08-16T10:31:40","guid":{"rendered":"https:\/\/guide.zero-carbon-skane.org\/index.php\/southwest-metropolitan-zone\/greater-malmo\/"},"modified":"2023-03-16T10:40:49","modified_gmt":"2023-03-16T10:40:49","slug":"greater-malmo","status":"publish","type":"page","link":"https:\/\/guide.zero-carbon-skane.org\/sv\/places\/southwest-metropolitan-zone\/greater-malmo\/","title":{"rendered":"Stor-Malm\u00f6"},"content":{"rendered":"<p>Malm\u00f6, staden d\u00e4r den svenska delen av \u00d6resundsbron g\u00e5r i land, \u00e4r likt en port till Danmark och Europa och beskrivs ofta vara den mest osvenska av alla svenska st\u00e4der, huruvida det \u00e4r en komplimang eller f\u00f6rol\u00e4mpning beror dock p\u00e5 vem det \u00e4r som s\u00e4ger det! De flesta malm\u00f6iter skulle nog rycka p\u00e5 axlarna och s\u00e4ga att Malm\u00f6 har sin egen grej - och oavsett om du \u00e4r intresserad av <a href=\"https:\/\/guide.zero-carbon-skane.org\/sv\/activities\/eating-drinking\/\">framst\u00e5ende kulinariska l\u00e4ckerheter<\/a>, <a href=\"https:\/\/guide.zero-carbon-skane.org\/sv\/places\/southwest-metropolitan-zone\/greater-malmo\/docklands\/famnen-urban-living-with-repurpose\/\">sp\u00e4nnande kooperativa samh\u00e4llen<\/a>, <a href=\"https:\/\/guide.zero-carbon-skane.org\/sv\/places\/southwest-metropolitan-zone\/greater-malmo\/hyllie-high-rise-techie-end\/hotel-highrise-hyllie\/\">h\u00f6gteknologiska hotell<\/a> eller <a href=\"https:\/\/guide.zero-carbon-skane.org\/sv\/places\/southwest-metropolitan-zone\/greater-malmo\/peripheries\/root-and-branch-botildenborg-and-the-urban-agricultural-revolution\/\">urbana och radikala jordbruk<\/a>, \u00e4r det l\u00e4tt att hitta bevis f\u00f6r det p\u00e5st\u00e5endet.<\/p>\n\n\n\n<p>I sj\u00e4lva verket \u00e4r det kanske mer korrekt att s\u00e4ga att Malm\u00f6 \u00e4r en plats som betyder mycket olika saker f\u00f6r m\u00e5nga olika m\u00e4nniskor. De som \u00e4r intresserade av stadshistoria (eller som vill br\u00e4nna pengar p\u00e5 shopping) b\u00f6r bes\u00f6ka <a href=\"https:\/\/guide.zero-carbon-skane.org\/sv\/places\/southwest-metropolitan-zone\/greater-malmo\/gamla-staden-incl-ribban\/\" data-type=\"page\" data-id=\"9\">den gamla staden (\u00e4ven k\u00e4nd som <em>gamla v\u00e4ster<\/em>)<\/a>, men det finns \u00e4ven mer \u00e4ventyrliga alternativ, s\u00e5som de gamla hamnomr\u00e5dena \u2013 varav vissa har <a href=\"https:\/\/guide.zero-carbon-skane.org\/sv\/places\/southwest-metropolitan-zone\/greater-malmo\/vastra-hamnen\/\" data-type=\"page\" data-id=\"126\">sanerats och \u00e4r nu p\u00e5v\u00e4g tillbaka<\/a>, medan andra har <a href=\"https:\/\/guide.zero-carbon-skane.org\/sv\/places\/southwest-metropolitan-zone\/greater-malmo\/docklands\/\" data-type=\"page\" data-id=\"10\">\u00f6verl\u00e4mnas till kooperativa samh\u00e4llen<\/a>- till <a href=\"https:\/\/guide.zero-carbon-skane.org\/sv\/places\/southwest-metropolitan-zone\/greater-malmo\/stora-mollevangen-incl-sofielund\/\" data-type=\"page\" data-id=\"12\">det gentrifierade \"downtown\"- omr\u00e5det runt M\u00f6llev\u00e5ngen<\/a>. Det \u00e4r likv\u00e4l en stad full med kontraster, d\u00e4r motsatser bor sida vid sida, som i fallet med <a href=\"https:\/\/guide.zero-carbon-skane.org\/sv\/places\/southwest-metropolitan-zone\/greater-malmo\/holma\/\" data-type=\"page\" data-id=\"271\">Holma<\/a> och <a href=\"https:\/\/guide.zero-carbon-skane.org\/sv\/places\/southwest-metropolitan-zone\/greater-malmo\/hyllie-high-rise-techie-end\/\" data-type=\"page\" data-id=\"11\">Hyllie<\/a>. Likv\u00e4l finns det <a href=\"https:\/\/guide.zero-carbon-skane.org\/sv\/places\/southwest-metropolitan-zone\/greater-malmo\/stora-stranden\/\" data-type=\"page\" data-id=\"120\">h\u00e4rliga str\u00e4nder<\/a> och <a href=\"https:\/\/guide.zero-carbon-skane.org\/sv\/places\/southwest-metropolitan-zone\/greater-malmo\/kirseberg\/\" data-type=\"page\" data-id=\"13\">och fridfulla by-aktiga omr\u00e5den<\/a>, samt helt samh\u00e4llsstyrda kvarter och <a href=\"https:\/\/guide.zero-carbon-skane.org\/sv\/places\/southwest-metropolitan-zone\/greater-malmo\/svagertorp-sodra-malmo\/\" data-type=\"page\" data-id=\"123\">butiksfastigheter som n\u00e4stan helt och h\u00e5llet tagits \u00f6ver av konstn\u00e4rer<\/a>... och s\u00e5 mycket mer!<\/p>\n\n\n\n<div class=\"wp-block-group has-global-padding is-layout-constrained wp-container-core-group-is-layout-23b1a4dc wp-block-group-is-layout-constrained\" style=\"border-width:1px;border-radius:5px;padding-top:var(--wp--preset--spacing--30);padding-right:var(--wp--preset--spacing--30);padding-bottom:var(--wp--preset--spacing--30);padding-left:var(--wp--preset--spacing--30)\">\n<h4 class=\"has-text-align-center wp-block-heading\">Vill du veta mer?<\/h4>\n\n\n<div class=\"wp-block-oik-sb-children\"><ul class=\"wp-block-oik-sb-children\"><li class=\"page_item page-item-16\"><a href=\"https:\/\/guide.zero-carbon-skane.org\/sv\/places\/southwest-metropolitan-zone\/greater-malmo\/bunkeflostrand\/\">Bunkeflostrand<\/a><\/li>\n<li class=\"page_item page-item-17 page_item_has_children\"><a href=\"https:\/\/guide.zero-carbon-skane.org\/sv\/places\/southwest-metropolitan-zone\/greater-malmo\/peripheries\/\">\u00d6stra periferin (Malm\u00f6)<\/a>\n<ul class='children'>\n\t<li class=\"page_item page-item-269\"><a href=\"https:\/\/guide.zero-carbon-skane.org\/sv\/places\/southwest-metropolitan-zone\/greater-malmo\/peripheries\/root-and-branch-botildenborg-and-the-urban-agricultural-revolution\/\">R\u00f6tter och grenar: Botildenborg och den urbana odlingsrevolutionen<\/a><\/li>\n<\/ul>\n<\/li>\n<li class=\"page_item page-item-9\"><a href=\"https:\/\/guide.zero-carbon-skane.org\/sv\/places\/southwest-metropolitan-zone\/greater-malmo\/gamla-staden-incl-ribban\/\">Gamla Staden (Malm\u00f6)<\/a><\/li>\n<li class=\"page_item page-item-271 page_item_has_children\"><a href=\"https:\/\/guide.zero-carbon-skane.org\/sv\/places\/southwest-metropolitan-zone\/greater-malmo\/holma\/\">Holma<\/a>\n<ul class='children'>\n\t<li class=\"page_item page-item-273\"><a href=\"https:\/\/guide.zero-carbon-skane.org\/sv\/places\/southwest-metropolitan-zone\/greater-malmo\/holma\/recomb-mystery-meals-from-master-chefs\/\">Re:Comb: mystiska m\u00e5ltider fr\u00e5n m\u00e4sterkockar<\/a><\/li>\n<\/ul>\n<\/li>\n<li class=\"page_item page-item-11 page_item_has_children\"><a href=\"https:\/\/guide.zero-carbon-skane.org\/sv\/places\/southwest-metropolitan-zone\/greater-malmo\/hyllie-high-rise-techie-end\/\">Hyllie<\/a>\n<ul class='children'>\n\t<li class=\"page_item page-item-288\"><a href=\"https:\/\/guide.zero-carbon-skane.org\/sv\/places\/southwest-metropolitan-zone\/greater-malmo\/hyllie-high-rise-techie-end\/emporiaevolved-and-the-afterlife-of-the-mall\/\">\"Emporia:Utvecklat och k\u00f6pcentrets efterliv\" - En guide till ett Sk\u00e5ne utan koldioxidutsl\u00e4pp<\/a><\/li>\n\t<li class=\"page_item page-item-286\"><a href=\"https:\/\/guide.zero-carbon-skane.org\/sv\/places\/southwest-metropolitan-zone\/greater-malmo\/hyllie-high-rise-techie-end\/hotel-highrise-hyllie\/\">H\u00f6ghushotellet i Hyllie<\/a><\/li>\n<\/ul>\n<\/li>\n<li class=\"page_item page-item-13\"><a href=\"https:\/\/guide.zero-carbon-skane.org\/sv\/places\/southwest-metropolitan-zone\/greater-malmo\/kirseberg\/\">Kirseberg<\/a><\/li>\n<li class=\"page_item page-item-14\"><a href=\"https:\/\/guide.zero-carbon-skane.org\/sv\/places\/southwest-metropolitan-zone\/greater-malmo\/limhamn\/\">Limhamn<\/a><\/li>\n<li class=\"page_item page-item-10 page_item_has_children\"><a href=\"https:\/\/guide.zero-carbon-skane.org\/sv\/places\/southwest-metropolitan-zone\/greater-malmo\/docklands\/\">\u00d6stra Hamnen (hamnomr\u00e5det)<\/a>\n<ul class='children'>\n\t<li class=\"page_item page-item-239\"><a href=\"https:\/\/guide.zero-carbon-skane.org\/sv\/places\/southwest-metropolitan-zone\/greater-malmo\/docklands\/famnen-urban-living-with-repurpose\/\">Famnen: urbant boende med (av)sikt<\/a><\/li>\n<\/ul>\n<\/li>\n<li class=\"page_item page-item-12\"><a href=\"https:\/\/guide.zero-carbon-skane.org\/sv\/places\/southwest-metropolitan-zone\/greater-malmo\/stora-mollevangen-incl-sofielund\/\">Storm\u00f6llev\u00e5ngen<\/a><\/li>\n<li class=\"page_item page-item-120\"><a href=\"https:\/\/guide.zero-carbon-skane.org\/sv\/places\/southwest-metropolitan-zone\/greater-malmo\/stora-stranden\/\">Stora Stranden (Ribersborg)<\/a><\/li>\n<li class=\"page_item page-item-123\"><a href=\"https:\/\/guide.zero-carbon-skane.org\/sv\/places\/southwest-metropolitan-zone\/greater-malmo\/svagertorp-sodra-malmo\/\">Sv\u00e5gertorp (s\u00f6dra Malm\u00f6)<\/a><\/li>\n<li class=\"page_item page-item-307\"><a href=\"https:\/\/guide.zero-carbon-skane.org\/sv\/places\/southwest-metropolitan-zone\/greater-malmo\/take-back-the-town-urban-flexblocks-in-malmo-and-beyond\/\">Ta tillbaka staden: urbana demokratiska kvarter i Malm\u00f6 (och s\u00e5 vidare)<\/a><\/li>\n<li class=\"page_item page-item-126\"><a href=\"https:\/\/guide.zero-carbon-skane.org\/sv\/places\/southwest-metropolitan-zone\/greater-malmo\/vastra-hamnen\/\">V\u00e4stra Hamnen<\/a><\/li>\n<\/ul><\/div><\/div>","protected":false},"excerpt":{"rendered":"<p>Malm\u00f6 beskrivs ofta som den minst svenska av alla svenska st\u00e4der, men huruvida det \u00e4r en komplimang beror p\u00e5 vem som s\u00e4ger det!<\/p>","protected":false},"author":1,"featured_media":851,"parent":7,"menu_order":0,"comment_status":"closed","ping_status":"closed","template":"","meta":{"footnotes":""},"categories":[],"tags":[],"class_list":["post-8","page","type-page","status-publish","has-post-thumbnail","hentry"],"jetpack_sharing_enabled":true,"_links":{"self":[{"href":"https:\/\/guide.zero-carbon-skane.org\/sv\/wp-json\/wp\/v2\/pages\/8","targetHints":{"allow":["GET"]}}],"collection":[{"href":"https:\/\/guide.zero-carbon-skane.org\/sv\/wp-json\/wp\/v2\/pages"}],"about":[{"href":"https:\/\/guide.zero-carbon-skane.org\/sv\/wp-json\/wp\/v2\/types\/page"}],"author":[{"embeddable":true,"href":"https:\/\/guide.zero-carbon-skane.org\/sv\/wp-json\/wp\/v2\/users\/1"}],"replies":[{"embeddable":true,"href":"https:\/\/guide.zero-carbon-skane.org\/sv\/wp-json\/wp\/v2\/comments?post=8"}],"version-history":[{"count":1,"href":"https:\/\/guide.zero-carbon-skane.org\/sv\/wp-json\/wp\/v2\/pages\/8\/revisions"}],"predecessor-version":[{"id":852,"href":"https:\/\/guide.zero-carbon-skane.org\/sv\/wp-json\/wp\/v2\/pages\/8\/revisions\/852"}],"up":[{"embeddable":true,"href":"https:\/\/guide.zero-carbon-skane.org\/sv\/wp-json\/wp\/v2\/pages\/7"}],"wp:featuredmedia":[{"embeddable":true,"href":"https:\/\/guide.zero-carbon-skane.org\/sv\/wp-json\/wp\/v2\/media\/851"}],"wp:attachment":[{"href":"https:\/\/guide.zero-carbon-skane.org\/sv\/wp-json\/wp\/v2\/media?parent=8"}],"wp:term":[{"taxonomy":"category","embeddable":true,"href":"https:\/\/guide.zero-carbon-skane.org\/sv\/wp-json\/wp\/v2\/categories?post=8"},{"taxonomy":"post_tag","embeddable":true,"href":"https:\/\/guide.zero-carbon-skane.org\/sv\/wp-json\/wp\/v2\/tags?post=8"}],"curies":[{"name":"wp","href":"https:\/\/api.w.org\/{rel}","templated":true}]}}