{"id":7,"date":"2022-08-16T10:31:38","date_gmt":"2022-08-16T10:31:38","guid":{"rendered":"https:\/\/guide.zero-carbon-skane.org\/index.php\/southwest-metropolitan-zone\/"},"modified":"2023-03-16T10:13:15","modified_gmt":"2023-03-16T10:13:15","slug":"southwest-metropolitan-zone","status":"publish","type":"page","link":"https:\/\/guide.zero-carbon-skane.org\/sv\/places\/southwest-metropolitan-zone\/","title":{"rendered":"Storstadsomr\u00e5det"},"content":{"rendered":"<p>I det sydv\u00e4stra h\u00f6rnet av Sk\u00e5ne finns b\u00e5de Sveriges tredje st\u00f6rsta stad, <a href=\"https:\/\/guide.zero-carbon-skane.org\/sv\/places\/southwest-metropolitan-zone\/greater-malmo\/\" data-type=\"page\" data-id=\"8\">det livliga och m\u00e5ngkulturella Malm\u00f6<\/a>, och en av de allra \u00e4ldsta, <a href=\"https:\/\/guide.zero-carbon-skane.org\/sv\/places\/southwest-metropolitan-zone\/lund\/\" data-type=\"page\" data-id=\"18\">den anrika universitetsstaden Lund<\/a>. De \u00e4r om \u00e4n mer sammanl\u00e4nkade \u00e4n n\u00e5gonsin tidigare, tack vare h\u00f6ghastighetst\u00e5get mellan dem, som fortfarande f\u00f6ljer str\u00e4ckningen f\u00f6r den f\u00f6rsta j\u00e4rnv\u00e4gen som n\u00e5gonsin byggdes i landet. Denna kombination av litter\u00e4r kunskap och gatusmarthet \u00e4r en stor del av vad Sk\u00e5ne \u00e4r k\u00e4nt f\u00f6r, b\u00e5de i och utanf\u00f6r Sverige. <\/p>\n\n\n\n<p>S\u00e4rskilt Malm\u00f6, d\u00e4r den svenska delen av \u00d6resundsbron g\u00e5r i land, \u00e4r en port till Danmark och Europa; det kallas ofta den minst svenska av svenska st\u00e4der, men om det \u00e4r menat som en komplimang eller en f\u00f6rol\u00e4mpning beror mycket p\u00e5 vem som exakt s\u00e4ger det! De flesta Malm\u00f6iter skulle bara rycka p\u00e5 axlarna och s\u00e4ga att Malm\u00f6 \u00e4r sin egen grej - och oavsett om du \u00e4r intresserad av <a href=\"https:\/\/guide.zero-carbon-skane.org\/sv\/activities\/eating-drinking\/\" data-type=\"page\" data-id=\"93\">framst\u00e5ende kulinariska l\u00e4ckerheter<\/a>, <a href=\"https:\/\/guide.zero-carbon-skane.org\/sv\/places\/southwest-metropolitan-zone\/greater-malmo\/docklands\/famnen-urban-living-with-repurpose\/\" data-type=\"page\" data-id=\"239\">sp\u00e4nnande kooperativa samh\u00e4llen<\/a>, <a href=\"https:\/\/guide.zero-carbon-skane.org\/sv\/places\/southwest-metropolitan-zone\/greater-malmo\/hyllie-high-rise-techie-end\/hotel-highrise-hyllie\/\" data-type=\"page\" data-id=\"286\">h\u00f6gteknologiska hotell<\/a> eller <a href=\"https:\/\/guide.zero-carbon-skane.org\/sv\/places\/southwest-metropolitan-zone\/greater-malmo\/peripheries\/root-and-branch-botildenborg-and-the-urban-agricultural-revolution\/\" data-type=\"page\" data-id=\"269\">urbana och radikala jordbruk<\/a>, \u00e4r det l\u00e4tt att hitta bevis f\u00f6r det p\u00e5st\u00e5endet.<\/p>\n\n\n\n<p>Lund, \u00e5 sin sida, b\u00e4r sitt arv som en examenskl\u00e4dsel, med <a href=\"https:\/\/guide.zero-carbon-skane.org\/sv\/places\/southwest-metropolitan-zone\/lund\/lund-university\/\" data-type=\"page\" data-id=\"292\">det gamla universitetsomr\u00e5det<\/a> som sitt bultande hj\u00e4rta - \u00e4ven om det inte \u00e4r utan <a href=\"https:\/\/guide.zero-carbon-skane.org\/sv\/places\/southwest-metropolitan-zone\/lund\/brunnshog-science-village\/\" data-type=\"page\" data-id=\"22\">modernare stadsdelar<\/a>, eller dess <a href=\"https:\/\/guide.zero-carbon-skane.org\/sv\/places\/southwest-metropolitan-zone\/lund\/brunnshog-science-village\/end-of-the-road-the-e22-gravestone\/\" data-type=\"page\" data-id=\"185\">historia av protest och motst\u00e5nd<\/a>. Trots detta \u00e5terspeglas det intellektuella livet \u00f6verallt, fr\u00e5n <a href=\"https:\/\/guide.zero-carbon-skane.org\/sv\/places\/southwest-metropolitan-zone\/lund\/gamla-staden\/mental-time-travel-lunds-museum-of-lost-sensations\/\" data-type=\"page\" data-id=\"429\">museer<\/a> till <a href=\"https:\/\/guide.zero-carbon-skane.org\/sv\/places\/southwest-metropolitan-zone\/lund\/lund-university\/from-taxonomy-to-preservation-lunds-botaniska-tradgarden\/\" data-type=\"page\" data-id=\"299\">botaniska tr\u00e4dg\u00e5rdar<\/a>.<\/p>\n\n\n\n<p>Men det \u00e4r inte bara storstadspuls, livet k\u00e4nns lite annorlunda utefter kusten. S\u00f6der om huvudstadsomr\u00e5det ligger staden <a href=\"https:\/\/guide.zero-carbon-skane.org\/sv\/places\/southwest-metropolitan-zone\/trelleborg\/\" data-type=\"page\" data-id=\"24\">Trelleborg<\/a> \u00e4r mycket mer \u00e4n sin vikt f\u00f6r sin storlek, delvis tack vare sin roll som f\u00e4rjehamn som f\u00f6rbinder Sverige med Tyskland, Polen och andra baltiska l\u00e4nder, men ocks\u00e5 alltmer som en bas f\u00f6r att utforska de konstn\u00e4rliga byarna p\u00e5 S\u00f6'rlen. <a href=\"https:\/\/guide.zero-carbon-skane.org\/sv\/places\/southwest-metropolitan-zone\/vastkusten\/landskrona\/\" data-type=\"page\" data-id=\"30\">Landskrona<\/a> ligger i norr och dess st\u00e5tliga lilla hamn \u00e4r \u00e5terigen livlig efter de lugna \u00e5ren runt sekelskiftet.<\/p>\n\n\n\n<p>Det \u00e4r v\u00e4rt att notera att den sydv\u00e4stra kustlinjen ocks\u00e5 \u00e4r en plats f\u00f6r trauman och, ibland, konflikter. Stigande havsniv\u00e5er resulterade i skapandet av <em><a href=\"https:\/\/guide.zero-carbon-skane.org\/sv\/activities\/sightseeing\/living-it-up-in-liminal-landscapes-flexmark\/\" data-type=\"page\" data-id=\"309\">flexmark<\/a><\/em>-regioner som proaktivt avfolkas genom statliga dekret - och drastiska anpassningsstrategier, som har lett till motst\u00e5nd och radikalism p\u00e5 b\u00e5da sidor. Ingenstans kan dessa sp\u00e4nningar och trauman ses tydligare \u00e4n i <a href=\"https:\/\/guide.zero-carbon-skane.org\/sv\/places\/southwest-metropolitan-zone\/vellinge\/naset\/\" data-type=\"page\" data-id=\"27\">det omr\u00e5de som kallas N\u00e4set<\/a>-\u00e4ven om m\u00e5nga bes\u00f6kare bara kommer f\u00f6r att se f\u00e5glarna, vilket de har gjort i \u00e5rtionden tidigare.<\/p>\n\n\n\n<p>St\u00e4derna i inlandet \u00e4r lite mindre sp\u00e4nnande vid f\u00f6rsta anblicken, men det finns mer \u00e4n man tror: oavsett om det \u00e4r den marknadsv\u00e4nliga ih\u00e4rdigheten hos <a href=\"https:\/\/guide.zero-carbon-skane.org\/sv\/places\/southwest-metropolitan-zone\/staffanstorp\/\" data-type=\"page\" data-id=\"26\">Staffanstorp<\/a> eller det jordn\u00e4ra jordbruket i <a href=\"https:\/\/guide.zero-carbon-skane.org\/sv\/places\/southwest-metropolitan-zone\/svedala\/\" data-type=\"page\" data-id=\"392\">Svedala<\/a>, s\u00e5 har sk\u00e5ningarna en vana att hitta sina egna s\u00e4tt att g\u00f6ra saker p\u00e5.<\/p>\n\n\n\n<div class=\"wp-block-group has-global-padding is-layout-constrained wp-container-core-group-is-layout-23b1a4dc wp-block-group-is-layout-constrained\" style=\"border-width:1px;border-radius:5px;padding-top:var(--wp--preset--spacing--30);padding-right:var(--wp--preset--spacing--30);padding-bottom:var(--wp--preset--spacing--30);padding-left:var(--wp--preset--spacing--30)\">\n<h4 class=\"has-text-align-center wp-block-heading\">Vill du veta mer?<\/h4>\n\n\n<div class=\"wp-block-oik-sb-children\"><ul class=\"wp-block-oik-sb-children\"><li class=\"page_item page-item-130\"><a href=\"https:\/\/guide.zero-carbon-skane.org\/sv\/places\/southwest-metropolitan-zone\/burlov\/\">Burl\u00f6v<\/a><\/li>\n<li class=\"page_item page-item-8 page_item_has_children\"><a href=\"https:\/\/guide.zero-carbon-skane.org\/sv\/places\/southwest-metropolitan-zone\/greater-malmo\/\">Stor-Malm\u00f6<\/a>\n<ul class='children'>\n\t<li class=\"page_item page-item-16\"><a href=\"https:\/\/guide.zero-carbon-skane.org\/sv\/places\/southwest-metropolitan-zone\/greater-malmo\/bunkeflostrand\/\">Bunkeflostrand<\/a><\/li>\n\t<li class=\"page_item page-item-17 page_item_has_children\"><a href=\"https:\/\/guide.zero-carbon-skane.org\/sv\/places\/southwest-metropolitan-zone\/greater-malmo\/peripheries\/\">\u00d6stra periferin (Malm\u00f6)<\/a>\n\t<ul class='children'>\n\t\t<li class=\"page_item page-item-269\"><a href=\"https:\/\/guide.zero-carbon-skane.org\/sv\/places\/southwest-metropolitan-zone\/greater-malmo\/peripheries\/root-and-branch-botildenborg-and-the-urban-agricultural-revolution\/\">R\u00f6tter och grenar: Botildenborg och den urbana odlingsrevolutionen<\/a><\/li>\n\t<\/ul>\n<\/li>\n\t<li class=\"page_item page-item-9\"><a href=\"https:\/\/guide.zero-carbon-skane.org\/sv\/places\/southwest-metropolitan-zone\/greater-malmo\/gamla-staden-incl-ribban\/\">Gamla Staden (Malm\u00f6)<\/a><\/li>\n\t<li class=\"page_item page-item-271 page_item_has_children\"><a href=\"https:\/\/guide.zero-carbon-skane.org\/sv\/places\/southwest-metropolitan-zone\/greater-malmo\/holma\/\">Holma<\/a>\n\t<ul class='children'>\n\t\t<li class=\"page_item page-item-273\"><a href=\"https:\/\/guide.zero-carbon-skane.org\/sv\/places\/southwest-metropolitan-zone\/greater-malmo\/holma\/recomb-mystery-meals-from-master-chefs\/\">Re:Comb: mystiska m\u00e5ltider fr\u00e5n m\u00e4sterkockar<\/a><\/li>\n\t<\/ul>\n<\/li>\n\t<li class=\"page_item page-item-11 page_item_has_children\"><a href=\"https:\/\/guide.zero-carbon-skane.org\/sv\/places\/southwest-metropolitan-zone\/greater-malmo\/hyllie-high-rise-techie-end\/\">Hyllie<\/a>\n\t<ul class='children'>\n\t\t<li class=\"page_item page-item-288\"><a href=\"https:\/\/guide.zero-carbon-skane.org\/sv\/places\/southwest-metropolitan-zone\/greater-malmo\/hyllie-high-rise-techie-end\/emporiaevolved-and-the-afterlife-of-the-mall\/\">\"Emporia:Utvecklat och k\u00f6pcentrets efterliv\" - En guide till ett Sk\u00e5ne utan koldioxidutsl\u00e4pp<\/a><\/li>\n\t\t<li class=\"page_item page-item-286\"><a href=\"https:\/\/guide.zero-carbon-skane.org\/sv\/places\/southwest-metropolitan-zone\/greater-malmo\/hyllie-high-rise-techie-end\/hotel-highrise-hyllie\/\">H\u00f6ghushotellet i Hyllie<\/a><\/li>\n\t<\/ul>\n<\/li>\n\t<li class=\"page_item page-item-13\"><a href=\"https:\/\/guide.zero-carbon-skane.org\/sv\/places\/southwest-metropolitan-zone\/greater-malmo\/kirseberg\/\">Kirseberg<\/a><\/li>\n\t<li class=\"page_item page-item-14\"><a href=\"https:\/\/guide.zero-carbon-skane.org\/sv\/places\/southwest-metropolitan-zone\/greater-malmo\/limhamn\/\">Limhamn<\/a><\/li>\n\t<li class=\"page_item page-item-10 page_item_has_children\"><a href=\"https:\/\/guide.zero-carbon-skane.org\/sv\/places\/southwest-metropolitan-zone\/greater-malmo\/docklands\/\">\u00d6stra Hamnen (hamnomr\u00e5det)<\/a>\n\t<ul class='children'>\n\t\t<li class=\"page_item page-item-239\"><a href=\"https:\/\/guide.zero-carbon-skane.org\/sv\/places\/southwest-metropolitan-zone\/greater-malmo\/docklands\/famnen-urban-living-with-repurpose\/\">Famnen: urbant boende med (av)sikt<\/a><\/li>\n\t<\/ul>\n<\/li>\n\t<li class=\"page_item page-item-12\"><a href=\"https:\/\/guide.zero-carbon-skane.org\/sv\/places\/southwest-metropolitan-zone\/greater-malmo\/stora-mollevangen-incl-sofielund\/\">Storm\u00f6llev\u00e5ngen<\/a><\/li>\n\t<li class=\"page_item page-item-120\"><a href=\"https:\/\/guide.zero-carbon-skane.org\/sv\/places\/southwest-metropolitan-zone\/greater-malmo\/stora-stranden\/\">Stora Stranden (Ribersborg)<\/a><\/li>\n\t<li class=\"page_item page-item-123\"><a href=\"https:\/\/guide.zero-carbon-skane.org\/sv\/places\/southwest-metropolitan-zone\/greater-malmo\/svagertorp-sodra-malmo\/\">Sv\u00e5gertorp (s\u00f6dra Malm\u00f6)<\/a><\/li>\n\t<li class=\"page_item page-item-307\"><a href=\"https:\/\/guide.zero-carbon-skane.org\/sv\/places\/southwest-metropolitan-zone\/greater-malmo\/take-back-the-town-urban-flexblocks-in-malmo-and-beyond\/\">Ta tillbaka staden: urbana demokratiska kvarter i Malm\u00f6 (och s\u00e5 vidare)<\/a><\/li>\n\t<li class=\"page_item page-item-126\"><a href=\"https:\/\/guide.zero-carbon-skane.org\/sv\/places\/southwest-metropolitan-zone\/greater-malmo\/vastra-hamnen\/\">V\u00e4stra Hamnen<\/a><\/li>\n<\/ul>\n<\/li>\n<li class=\"page_item page-item-18 page_item_has_children\"><a href=\"https:\/\/guide.zero-carbon-skane.org\/sv\/places\/southwest-metropolitan-zone\/lund\/\">Lund<\/a>\n<ul class='children'>\n\t<li class=\"page_item page-item-22 page_item_has_children\"><a href=\"https:\/\/guide.zero-carbon-skane.org\/sv\/places\/southwest-metropolitan-zone\/lund\/brunnshog-science-village\/\">Brunnsh\u00f6g (eller \"Vetenskapsbyn\")<\/a>\n\t<ul class='children'>\n\t\t<li class=\"page_item page-item-302\"><a href=\"https:\/\/guide.zero-carbon-skane.org\/sv\/places\/southwest-metropolitan-zone\/lund\/brunnshog-science-village\/algorithms-in-residence-autohotel\/\">Inneboende algoritmer: AutoHotellet<\/a><\/li>\n\t\t<li class=\"page_item page-item-185\"><a href=\"https:\/\/guide.zero-carbon-skane.org\/sv\/places\/southwest-metropolitan-zone\/lund\/brunnshog-science-village\/end-of-the-road-the-e22-gravestone\/\">Vid v\u00e4gens \u00e4nde: E22:ans gravsten<\/a><\/li>\n\t<\/ul>\n<\/li>\n\t<li class=\"page_item page-item-19 page_item_has_children\"><a href=\"https:\/\/guide.zero-carbon-skane.org\/sv\/places\/southwest-metropolitan-zone\/lund\/gamla-staden\/\">Gamla staden (Lund)<\/a>\n\t<ul class='children'>\n\t\t<li class=\"page_item page-item-246\"><a href=\"https:\/\/guide.zero-carbon-skane.org\/sv\/places\/southwest-metropolitan-zone\/lund\/gamla-staden\/an-urban-eden-lunds-paradise-quarter\/\">Ett urbant Eden: Lunds paradiskvarter<\/a><\/li>\n\t\t<li class=\"page_item page-item-429\"><a href=\"https:\/\/guide.zero-carbon-skane.org\/sv\/places\/southwest-metropolitan-zone\/lund\/gamla-staden\/mental-time-travel-lunds-museum-of-lost-sensations\/\">En mental tidsresa: Lunds museum \u00f6ver f\u00f6rlorade sensationer<\/a><\/li>\n\t<\/ul>\n<\/li>\n\t<li class=\"page_item page-item-20\"><a href=\"https:\/\/guide.zero-carbon-skane.org\/sv\/places\/southwest-metropolitan-zone\/lund\/klostergarden\/\">Klosterg\u00e5rden<\/a><\/li>\n\t<li class=\"page_item page-item-292 page_item_has_children\"><a href=\"https:\/\/guide.zero-carbon-skane.org\/sv\/places\/southwest-metropolitan-zone\/lund\/lund-university\/\">Lunds universitet<\/a>\n\t<ul class='children'>\n\t\t<li class=\"page_item page-item-299\"><a href=\"https:\/\/guide.zero-carbon-skane.org\/sv\/places\/southwest-metropolitan-zone\/lund\/lund-university\/from-taxonomy-to-preservation-lunds-botaniska-tradgarden\/\">Fr\u00e5n taxonomi till bevarande: Lunds Botaniska tr\u00e4dg\u00e5rd<\/a><\/li>\n\t<\/ul>\n<\/li>\n\t<li class=\"page_item page-item-21\"><a href=\"https:\/\/guide.zero-carbon-skane.org\/sv\/places\/southwest-metropolitan-zone\/lund\/ostra-torn\/\">\u00d6stra Torn<\/a><\/li>\n\t<li class=\"page_item page-item-23 page_item_has_children\"><a href=\"https:\/\/guide.zero-carbon-skane.org\/sv\/places\/southwest-metropolitan-zone\/lund\/dalby-plus-eastern-villages\/\">De \u00f6stra byarna<\/a>\n\t<ul class='children'>\n\t\t<li class=\"page_item page-item-139\"><a href=\"https:\/\/guide.zero-carbon-skane.org\/sv\/places\/southwest-metropolitan-zone\/lund\/dalby-plus-eastern-villages\/dalby\/\">Dalby<\/a><\/li>\n\t\t<li class=\"page_item page-item-141\"><a href=\"https:\/\/guide.zero-carbon-skane.org\/sv\/places\/southwest-metropolitan-zone\/lund\/dalby-plus-eastern-villages\/sodra-sandby\/\">S\u00f6dra Sandby<\/a><\/li>\n\t\t<li class=\"page_item page-item-143\"><a href=\"https:\/\/guide.zero-carbon-skane.org\/sv\/places\/southwest-metropolitan-zone\/lund\/dalby-plus-eastern-villages\/torna-hallestad\/\">Torna H\u00e4llestad<\/a><\/li>\n\t<\/ul>\n<\/li>\n<\/ul>\n<\/li>\n<li class=\"page_item page-item-439\"><a href=\"https:\/\/guide.zero-carbon-skane.org\/sv\/places\/southwest-metropolitan-zone\/roadside-picnic-abandoned-infrastructure-and-liminal-lands-along-the-lower-west-coast\/\">Picknick vid v\u00e4gkanten? \u00d6vergiven infrastruktur och begr\u00e4nsade omr\u00e5den l\u00e4ngs den nedre v\u00e4stkusten<\/a><\/li>\n<li class=\"page_item page-item-394\"><a href=\"https:\/\/guide.zero-carbon-skane.org\/sv\/places\/southwest-metropolitan-zone\/skurup\/\">, Skurup<\/a><\/li>\n<li class=\"page_item page-item-25\"><a href=\"https:\/\/guide.zero-carbon-skane.org\/sv\/places\/southwest-metropolitan-zone\/soderlen\/\">S\u00f6'rlen<\/a><\/li>\n<li class=\"page_item page-item-26\"><a href=\"https:\/\/guide.zero-carbon-skane.org\/sv\/places\/southwest-metropolitan-zone\/staffanstorp\/\">Staffanstorp<\/a><\/li>\n<li class=\"page_item page-item-132\"><a href=\"https:\/\/guide.zero-carbon-skane.org\/sv\/places\/southwest-metropolitan-zone\/svalov\/\">Sval\u00f6v<\/a><\/li>\n<li class=\"page_item page-item-392 page_item_has_children\"><a href=\"https:\/\/guide.zero-carbon-skane.org\/sv\/places\/southwest-metropolitan-zone\/svedala\/\">Svedala<\/a>\n<ul class='children'>\n\t<li class=\"page_item page-item-414\"><a href=\"https:\/\/guide.zero-carbon-skane.org\/sv\/places\/southwest-metropolitan-zone\/svedala\/rethink-reset-svedala-soil-center\/\">T\u00e4nk om, \u00c5terst\u00e4ll! Svedala Jordbrukscentrum<\/a><\/li>\n\t<li class=\"page_item page-item-465\"><a href=\"https:\/\/guide.zero-carbon-skane.org\/sv\/places\/southwest-metropolitan-zone\/svedala\/sturup-malmo-aerodrome\/\">Sturup (Malm\u00f6 flygplats)<\/a><\/li>\n<\/ul>\n<\/li>\n<li class=\"page_item page-item-24\"><a href=\"https:\/\/guide.zero-carbon-skane.org\/sv\/places\/southwest-metropolitan-zone\/trelleborg\/\">Trelleborg<\/a><\/li>\n<li class=\"page_item page-item-29 page_item_has_children\"><a href=\"https:\/\/guide.zero-carbon-skane.org\/sv\/places\/southwest-metropolitan-zone\/vastkusten\/\">V\u00e4stkusten<\/a>\n<ul class='children'>\n\t<li class=\"page_item page-item-33 page_item_has_children\"><a href=\"https:\/\/guide.zero-carbon-skane.org\/sv\/places\/southwest-metropolitan-zone\/vastkusten\/kavlinge\/\">K\u00e4vlinge<\/a>\n\t<ul class='children'>\n\t\t<li class=\"page_item page-item-31\"><a href=\"https:\/\/guide.zero-carbon-skane.org\/sv\/places\/southwest-metropolitan-zone\/vastkusten\/kavlinge\/barseback\/\">Barseb\u00e4ck<\/a><\/li>\n\t<\/ul>\n<\/li>\n\t<li class=\"page_item page-item-30 page_item_has_children\"><a href=\"https:\/\/guide.zero-carbon-skane.org\/sv\/places\/southwest-metropolitan-zone\/vastkusten\/landskrona\/\">Landskrona<\/a>\n\t<ul class='children'>\n\t\t<li class=\"page_item page-item-1131 page_item_has_children\"><a href=\"https:\/\/guide.zero-carbon-skane.org\/sv\/places\/southwest-metropolitan-zone\/vastkusten\/landskrona\/gipson-gympsum-island\/\">Gips\u00f6n (\"Gympsum Island\")<\/a>\n\t\t<ul class='children'>\n\t\t\t<li class=\"page_item page-item-1128\"><a href=\"https:\/\/guide.zero-carbon-skane.org\/sv\/places\/southwest-metropolitan-zone\/vastkusten\/landskrona\/gipson-gympsum-island\/from-toxic-dump-to-ceremonial-site-the-remediation-of-gipson\/\">Fr\u00e5n giftig soptipp till ceremoniell plats: saneringen av Gips\u00f6n<\/a><\/li>\n\t\t<\/ul>\n<\/li>\n\t<\/ul>\n<\/li>\n\t<li class=\"page_item page-item-32\"><a href=\"https:\/\/guide.zero-carbon-skane.org\/sv\/places\/southwest-metropolitan-zone\/vastkusten\/lomma\/\">Lomma<\/a><\/li>\n<\/ul>\n<\/li>\n<li class=\"page_item page-item-134 page_item_has_children\"><a href=\"https:\/\/guide.zero-carbon-skane.org\/sv\/places\/southwest-metropolitan-zone\/vellinge\/\">Vellinge<\/a>\n<ul class='children'>\n\t<li class=\"page_item page-item-27 page_item_has_children\"><a href=\"https:\/\/guide.zero-carbon-skane.org\/sv\/places\/southwest-metropolitan-zone\/vellinge\/naset\/\">N\u00e4set<\/a>\n\t<ul class='children'>\n\t\t<li class=\"page_item page-item-28 page_item_has_children\"><a href=\"https:\/\/guide.zero-carbon-skane.org\/sv\/places\/southwest-metropolitan-zone\/vellinge\/naset\/falsterbo-skanor\/\">Falsterbo &amp; Skan\u00f6r<\/a>\n\t\t<ul class='children'>\n\t\t\t<li class=\"page_item page-item-344\"><a href=\"https:\/\/guide.zero-carbon-skane.org\/sv\/places\/southwest-metropolitan-zone\/vellinge\/naset\/falsterbo-skanor\/occupy-stiltsville-protesting-the-palpalats\/\">Ockupera Stiltsville: protester mot p\u00e5lpalatset<\/a><\/li>\n\t\t\t<li class=\"page_item page-item-318\"><a href=\"https:\/\/guide.zero-carbon-skane.org\/sv\/places\/southwest-metropolitan-zone\/vellinge\/naset\/falsterbo-skanor\/tour-de-force-skanors-safe-haven-tower\/\">Tour de kraft: Skan\u00f6rs trygghetstorn<\/a><\/li>\n\t\t<\/ul>\n<\/li>\n\t<\/ul>\n<\/li>\n<\/ul>\n<\/li>\n<\/ul><\/div><\/div>","protected":false},"excerpt":{"rendered":"<p>I det sydv\u00e4stra h\u00f6rnet av Sk\u00e5ne m\u00f6ts Sverige och \u00f6vriga Europa och det \u00e4r \u00e4ven h\u00e4r som majoriteten av l\u00e4nets befolkning befinner sig. Men det handlar inte bara om st\u00e4derna...<\/p>","protected":false},"author":1,"featured_media":667,"parent":85,"menu_order":0,"comment_status":"closed","ping_status":"closed","template":"","meta":{"footnotes":""},"categories":[],"tags":[],"class_list":["post-7","page","type-page","status-publish","has-post-thumbnail","hentry"],"jetpack_sharing_enabled":true,"_links":{"self":[{"href":"https:\/\/guide.zero-carbon-skane.org\/sv\/wp-json\/wp\/v2\/pages\/7","targetHints":{"allow":["GET"]}}],"collection":[{"href":"https:\/\/guide.zero-carbon-skane.org\/sv\/wp-json\/wp\/v2\/pages"}],"about":[{"href":"https:\/\/guide.zero-carbon-skane.org\/sv\/wp-json\/wp\/v2\/types\/page"}],"author":[{"embeddable":true,"href":"https:\/\/guide.zero-carbon-skane.org\/sv\/wp-json\/wp\/v2\/users\/1"}],"replies":[{"embeddable":true,"href":"https:\/\/guide.zero-carbon-skane.org\/sv\/wp-json\/wp\/v2\/comments?post=7"}],"version-history":[{"count":5,"href":"https:\/\/guide.zero-carbon-skane.org\/sv\/wp-json\/wp\/v2\/pages\/7\/revisions"}],"predecessor-version":[{"id":849,"href":"https:\/\/guide.zero-carbon-skane.org\/sv\/wp-json\/wp\/v2\/pages\/7\/revisions\/849"}],"up":[{"embeddable":true,"href":"https:\/\/guide.zero-carbon-skane.org\/sv\/wp-json\/wp\/v2\/pages\/85"}],"wp:featuredmedia":[{"embeddable":true,"href":"https:\/\/guide.zero-carbon-skane.org\/sv\/wp-json\/wp\/v2\/media\/667"}],"wp:attachment":[{"href":"https:\/\/guide.zero-carbon-skane.org\/sv\/wp-json\/wp\/v2\/media?parent=7"}],"wp:term":[{"taxonomy":"category","embeddable":true,"href":"https:\/\/guide.zero-carbon-skane.org\/sv\/wp-json\/wp\/v2\/categories?post=7"},{"taxonomy":"post_tag","embeddable":true,"href":"https:\/\/guide.zero-carbon-skane.org\/sv\/wp-json\/wp\/v2\/tags?post=7"}],"curies":[{"name":"wp","href":"https:\/\/api.w.org\/{rel}","templated":true}]}}