{"id":69,"date":"2022-08-16T10:32:27","date_gmt":"2022-08-16T10:32:27","guid":{"rendered":"https:\/\/guide.zero-carbon-skane.org\/index.php\/northwest\/angelholm\/"},"modified":"2023-03-21T12:48:39","modified_gmt":"2023-03-21T12:48:39","slug":"angelholm","status":"publish","type":"page","link":"https:\/\/guide.zero-carbon-skane.org\/sv\/places\/northwest\/angelholm\/","title":{"rendered":"\u00c4ngelholm"},"content":{"rendered":"<p>Namnet \u00c4ngelholm kan beskrivas som \"\u00e4nglarnas holme\", och en logiskt slutsats att dra av det namnet \u00e4r att den himmelska h\u00e4rskaran f\u00f6rmodligen uppskattar kustst\u00e4der med fina str\u00e4nder <a href=\"https:\/\/guide.zero-carbon-skane.org\/sv\/places\/northwest\/\" data-type=\"page\" data-id=\"61\">i nordv\u00e4stra Sk\u00e5ne<\/a>... men kanske kommer de i st\u00e4llet f\u00f6r sj\u00f6arna och skogarna i de nordv\u00e4stra delarna av denna <em>kommun<\/em>, som ju ocks\u00e5 \u00e4r ganska himmelska (i alla fall mer \u00e4n <a href=\"https:\/\/guide.zero-carbon-skane.org\/sv\/places\/northwest\/highway-e6\/skanes-crown-joules-the-e6-and-the-enroads-project\/\" data-type=\"page\" data-id=\"225\">den gamla motorv\u00e4gen E6:an<\/a>), som dock har vissa egna artificiella attraktioner.<\/p>\n\n\n\n<p>\u00c4ngelholm har en \u00f6verraskande och m\u00e5ngsidig lista av anspr\u00e5k p\u00e5 ber\u00f6mmelse: \u00c5 ena sidan var det den f\u00f6rsta sk\u00e5nska kommun som erbj\u00f6d bredbandsuppkoppling till sina medborgare, redan 1996; \u00e5 andra sidan finns arvet efter \"pollenkungen\" G\u00f6sta Carlsson, en j\u00e4rnv\u00e4gssignalist som blev biodlare och grundade ett aff\u00e4rsimperium p\u00e5 vad vi nu skulle beskriva som h\u00e4lsokosttillskott, pl\u00f6jde ner en del av int\u00e4kterna i att grunda och st\u00f6dja R\u00f6gle BK, det lokala ishockeylaget, och - kanske mest \u00f6k\u00e4nt - uppf\u00f6rde ett monument i b\u00f6rjan av 1970-talet p\u00e5 den plats d\u00e4r han p\u00e5stod sig ha blivit bes\u00f6kt av varelser fr\u00e5n yttre rymden 1946.<\/p>\n\n\n\n<p>Alla h\u00e4r \u00e4r inte riktigt lika karakt\u00e4rsfulla som Carlsson var; det \u00e4r trots allt en h\u00f6g ribba att n\u00e5 till. Men \u00c4ngelhom har en livlig konstscen, vars fr\u00e4msta motor - och ett absolut m\u00e5ste, \u00e4ven om du bara \u00e4r p\u00e5 genomresa - \u00e4r <a href=\"https:\/\/guide.zero-carbon-skane.org\/sv\/places\/northwest\/angelholm\/circles-in-the-sand-angelholm-sand-sculpture-park\/\" data-type=\"page\" data-id=\"217\">traditionen med sandskulpturer p\u00e5 str\u00e4nderna<\/a>.<\/p>","protected":false},"excerpt":{"rendered":"<p>En logiskt slutsats att dra av det namnet \u00e4r att den himmelska h\u00e4rskaran f\u00f6rmodligen uppskattar kustst\u00e4der med fina str\u00e4nder... men kanske kommer de ist\u00e4llet f\u00f6r sj\u00f6arna och skogarna, som ocks\u00e5 \u00e4r ganska himmelska.<\/p>","protected":false},"author":1,"featured_media":895,"parent":61,"menu_order":0,"comment_status":"closed","ping_status":"closed","template":"","meta":{"footnotes":""},"categories":[],"tags":[],"class_list":["post-69","page","type-page","status-publish","has-post-thumbnail","hentry"],"jetpack_sharing_enabled":true,"_links":{"self":[{"href":"https:\/\/guide.zero-carbon-skane.org\/sv\/wp-json\/wp\/v2\/pages\/69","targetHints":{"allow":["GET"]}}],"collection":[{"href":"https:\/\/guide.zero-carbon-skane.org\/sv\/wp-json\/wp\/v2\/pages"}],"about":[{"href":"https:\/\/guide.zero-carbon-skane.org\/sv\/wp-json\/wp\/v2\/types\/page"}],"author":[{"embeddable":true,"href":"https:\/\/guide.zero-carbon-skane.org\/sv\/wp-json\/wp\/v2\/users\/1"}],"replies":[{"embeddable":true,"href":"https:\/\/guide.zero-carbon-skane.org\/sv\/wp-json\/wp\/v2\/comments?post=69"}],"version-history":[{"count":1,"href":"https:\/\/guide.zero-carbon-skane.org\/sv\/wp-json\/wp\/v2\/pages\/69\/revisions"}],"predecessor-version":[{"id":896,"href":"https:\/\/guide.zero-carbon-skane.org\/sv\/wp-json\/wp\/v2\/pages\/69\/revisions\/896"}],"up":[{"embeddable":true,"href":"https:\/\/guide.zero-carbon-skane.org\/sv\/wp-json\/wp\/v2\/pages\/61"}],"wp:featuredmedia":[{"embeddable":true,"href":"https:\/\/guide.zero-carbon-skane.org\/sv\/wp-json\/wp\/v2\/media\/895"}],"wp:attachment":[{"href":"https:\/\/guide.zero-carbon-skane.org\/sv\/wp-json\/wp\/v2\/media?parent=69"}],"wp:term":[{"taxonomy":"category","embeddable":true,"href":"https:\/\/guide.zero-carbon-skane.org\/sv\/wp-json\/wp\/v2\/categories?post=69"},{"taxonomy":"post_tag","embeddable":true,"href":"https:\/\/guide.zero-carbon-skane.org\/sv\/wp-json\/wp\/v2\/tags?post=69"}],"curies":[{"name":"wp","href":"https:\/\/api.w.org\/{rel}","templated":true}]}}