{"id":68,"date":"2022-08-16T10:32:26","date_gmt":"2022-08-16T10:32:26","guid":{"rendered":"https:\/\/guide.zero-carbon-skane.org\/index.php\/northwest\/hoganas\/"},"modified":"2023-03-24T15:20:50","modified_gmt":"2023-03-24T15:20:50","slug":"hoganas","status":"publish","type":"page","link":"https:\/\/guide.zero-carbon-skane.org\/sv\/places\/northwest\/hoganas\/","title":{"rendered":"H\u00f6gan\u00e4s"},"content":{"rendered":"<p>H\u00f6gan\u00e4s <em>kommun<\/em> ligger i nordv\u00e4stlig riktning in i Kattegatt, i havsomr\u00e5det mellan Sveriges v\u00e4stkust och Danmarks \u00f6stkust och vetter mot <a href=\"https:\/\/guide.zero-carbon-skane.org\/sv\/places\/northwest\/bastad\/bjarehalvon\/\" data-type=\"page\" data-id=\"215\">Bj\u00e4rehalv\u00f6n<\/a> samt mot nordost \u00f6ver Sk\u00e4lderviken. Det \u00e4r inte ett stort omr\u00e5de och en stor del av det \u00e4r kustlinje - och det betyder <a href=\"https:\/\/guide.zero-carbon-skane.org\/sv\/advice\/coastal-crime-smuggling-and-piracy-in-skane\/\" data-type=\"page\" data-id=\"416\">det finns tider p\u00e5 \u00e5ret d\u00e5 du b\u00f6r vara f\u00f6rsiktig med var du g\u00e5r och vem du pratar med<\/a>.<\/p>\n\n\n\n<p>H\u00f6gan\u00e4s var en g\u00e5ng ett v\u00e4lk\u00e4nt centrum f\u00f6r svensk keramikkonst, men har numera ett internationellt namn bland dem som k\u00e4nner till omr\u00e5det f\u00f6r att det \u00e4r den (fiktiva) platsen f\u00f6r mikronationen Ladonia, som grundades under de sista \u00e5ren av 1900-talet av den kontroversielle konstn\u00e4ren Lars Vilks som en del av en l\u00e5ngvarig tvist om de skulpturer han hade byggt p\u00e5 Kullabergs naturreservats kust. Kullaberg, som ligger l\u00e4ngst ut i distriktet, \u00e4r fortfarande en viktig attraktion f\u00f6r bes\u00f6kare.<\/p>","protected":false},"excerpt":{"rendered":"<p>Trots att H\u00f6gan\u00e4s \u00e4r ganska litet och glest befolkat \u00e4r det f\u00f6rv\u00e5nansv\u00e4rt v\u00e4lk\u00e4nt internationellt som en plats f\u00f6r konstn\u00e4rliga kontroverser.<\/p>","protected":false},"author":1,"featured_media":644,"parent":61,"menu_order":0,"comment_status":"closed","ping_status":"closed","template":"","meta":{"footnotes":""},"categories":[],"tags":[],"class_list":["post-68","page","type-page","status-publish","has-post-thumbnail","hentry"],"jetpack_sharing_enabled":true,"_links":{"self":[{"href":"https:\/\/guide.zero-carbon-skane.org\/sv\/wp-json\/wp\/v2\/pages\/68","targetHints":{"allow":["GET"]}}],"collection":[{"href":"https:\/\/guide.zero-carbon-skane.org\/sv\/wp-json\/wp\/v2\/pages"}],"about":[{"href":"https:\/\/guide.zero-carbon-skane.org\/sv\/wp-json\/wp\/v2\/types\/page"}],"author":[{"embeddable":true,"href":"https:\/\/guide.zero-carbon-skane.org\/sv\/wp-json\/wp\/v2\/users\/1"}],"replies":[{"embeddable":true,"href":"https:\/\/guide.zero-carbon-skane.org\/sv\/wp-json\/wp\/v2\/comments?post=68"}],"version-history":[{"count":2,"href":"https:\/\/guide.zero-carbon-skane.org\/sv\/wp-json\/wp\/v2\/pages\/68\/revisions"}],"predecessor-version":[{"id":1103,"href":"https:\/\/guide.zero-carbon-skane.org\/sv\/wp-json\/wp\/v2\/pages\/68\/revisions\/1103"}],"up":[{"embeddable":true,"href":"https:\/\/guide.zero-carbon-skane.org\/sv\/wp-json\/wp\/v2\/pages\/61"}],"wp:featuredmedia":[{"embeddable":true,"href":"https:\/\/guide.zero-carbon-skane.org\/sv\/wp-json\/wp\/v2\/media\/644"}],"wp:attachment":[{"href":"https:\/\/guide.zero-carbon-skane.org\/sv\/wp-json\/wp\/v2\/media?parent=68"}],"wp:term":[{"taxonomy":"category","embeddable":true,"href":"https:\/\/guide.zero-carbon-skane.org\/sv\/wp-json\/wp\/v2\/categories?post=68"},{"taxonomy":"post_tag","embeddable":true,"href":"https:\/\/guide.zero-carbon-skane.org\/sv\/wp-json\/wp\/v2\/tags?post=68"}],"curies":[{"name":"wp","href":"https:\/\/api.w.org\/{rel}","templated":true}]}}