{"id":65,"date":"2022-08-16T10:32:24","date_gmt":"2022-08-16T10:32:24","guid":{"rendered":"https:\/\/guide.zero-carbon-skane.org\/index.php\/northwest\/bjarehalvon-bastad\/"},"modified":"2023-03-21T12:02:40","modified_gmt":"2023-03-21T12:02:40","slug":"bastad","status":"publish","type":"page","link":"https:\/\/guide.zero-carbon-skane.org\/sv\/places\/northwest\/bastad\/","title":{"rendered":"B\u00e5stad"},"content":{"rendered":"<p>B\u00e5stad <em>kommun<\/em> \u00e4r den som ligger l\u00e4ngst <a href=\"https:\/\/guide.zero-carbon-skane.org\/sv\/places\/northwest\/\" data-type=\"page\" data-id=\"61\">nordv\u00e4stligt<\/a> av alla Sk\u00e5nes <em>kommuner<\/em>, staden \u00e4r ocks\u00e5 den sista anhalten f\u00f6re Halland och den st\u00f6rre v\u00e4stkusten som str\u00e4cker sig norrut mot G\u00f6teborg. Staden som gett namn \u00e5t staden ligger vid en vik i norrl\u00e4ge och \u00e4r k\u00e4nd som en h\u00f6gklassig semesterort och som hemvist f\u00f6r svensk tennis.<\/p>\n\n\n\n<p>D\u00e4remot \u00e4r <a href=\"https:\/\/guide.zero-carbon-skane.org\/sv\/places\/northwest\/bastad\/bjarehalvon\/\" data-type=\"page\" data-id=\"215\">Bj\u00e4rehalv\u00f6n, halv\u00f6n s\u00f6der och v\u00e4ster om B\u00e5stad<\/a>, ett jordbrukscentrum \u00e4ven inom ramen f\u00f6r ett l\u00e4n som definieras av jordbruk. Bj\u00e4rehalv\u00f6n \u00e4r i synnerhet en plats f\u00f6r potatis - till den grad att det kan f\u00e5 dig att t\u00e4nka om n\u00e4r det g\u00e4ller den enkla kn\u00f6len, b\u00e5de ur ett kulinariskt och ett kulturellt perspektiv. <\/p>\n\n\n\n<p>F\u00f6rutsatt att du <a href=\"https:\/\/guide.zero-carbon-skane.org\/sv\/advice\/coastal-crime-smuggling-and-piracy-in-skane\/\" data-type=\"page\" data-id=\"416\">h\u00e5ller dig borta fr\u00e5n potentiella pirater<\/a>, s\u00e5 finns det naturligtvis n\u00e5gra fantastiska platser l\u00e4ngs kusten - framf\u00f6r allt Hovs Hallar, som od\u00f6dliggjordes i scenen med schack med d\u00f6den i Ingmar Bergmans <em>Det sjunde inseglet<\/em>- men lokalbefolkningen skulle ber\u00e4tta f\u00f6r dig att den verkliga sk\u00f6nheten finns under dina f\u00f6tter, i sj\u00e4lva jorden.<\/p>","protected":false},"excerpt":{"rendered":"<p>B\u00e5stad kommun \u00e4r den nordv\u00e4stligaste av Sk\u00e5nes kommuner, sista anhalten innan Halland och den st\u00f6rre v\u00e4stkusten som str\u00e4cker sig norrut mot G\u00f6teborg.<\/p>","protected":false},"author":1,"featured_media":886,"parent":61,"menu_order":0,"comment_status":"closed","ping_status":"closed","template":"","meta":{"footnotes":""},"categories":[],"tags":[],"class_list":["post-65","page","type-page","status-publish","has-post-thumbnail","hentry"],"jetpack_sharing_enabled":true,"_links":{"self":[{"href":"https:\/\/guide.zero-carbon-skane.org\/sv\/wp-json\/wp\/v2\/pages\/65","targetHints":{"allow":["GET"]}}],"collection":[{"href":"https:\/\/guide.zero-carbon-skane.org\/sv\/wp-json\/wp\/v2\/pages"}],"about":[{"href":"https:\/\/guide.zero-carbon-skane.org\/sv\/wp-json\/wp\/v2\/types\/page"}],"author":[{"embeddable":true,"href":"https:\/\/guide.zero-carbon-skane.org\/sv\/wp-json\/wp\/v2\/users\/1"}],"replies":[{"embeddable":true,"href":"https:\/\/guide.zero-carbon-skane.org\/sv\/wp-json\/wp\/v2\/comments?post=65"}],"version-history":[{"count":3,"href":"https:\/\/guide.zero-carbon-skane.org\/sv\/wp-json\/wp\/v2\/pages\/65\/revisions"}],"predecessor-version":[{"id":887,"href":"https:\/\/guide.zero-carbon-skane.org\/sv\/wp-json\/wp\/v2\/pages\/65\/revisions\/887"}],"up":[{"embeddable":true,"href":"https:\/\/guide.zero-carbon-skane.org\/sv\/wp-json\/wp\/v2\/pages\/61"}],"wp:featuredmedia":[{"embeddable":true,"href":"https:\/\/guide.zero-carbon-skane.org\/sv\/wp-json\/wp\/v2\/media\/886"}],"wp:attachment":[{"href":"https:\/\/guide.zero-carbon-skane.org\/sv\/wp-json\/wp\/v2\/media?parent=65"}],"wp:term":[{"taxonomy":"category","embeddable":true,"href":"https:\/\/guide.zero-carbon-skane.org\/sv\/wp-json\/wp\/v2\/categories?post=65"},{"taxonomy":"post_tag","embeddable":true,"href":"https:\/\/guide.zero-carbon-skane.org\/sv\/wp-json\/wp\/v2\/tags?post=65"}],"curies":[{"name":"wp","href":"https:\/\/api.w.org\/{rel}","templated":true}]}}