{"id":62,"date":"2022-08-16T10:32:21","date_gmt":"2022-08-16T10:32:21","guid":{"rendered":"https:\/\/guide.zero-carbon-skane.org\/index.php\/northwest\/helsingborg-plus-satellite-towns\/"},"modified":"2023-03-24T12:00:29","modified_gmt":"2023-03-24T12:00:29","slug":"helsingborg","status":"publish","type":"page","link":"https:\/\/guide.zero-carbon-skane.org\/sv\/places\/northwest\/helsingborg\/","title":{"rendered":"Helsingborg"},"content":{"rendered":"<p>Helsingborg \u00e4r i princip huvudstaden i nordv\u00e4stra Sk\u00e5ne, \u00e5tminstone sett till storleken. Det \u00e4r ocks\u00e5 det n\u00e4rmaste du kan komma Danmark samtidigt som du fortfarande befinner dig i Sverige: om inte v\u00e4dret p\u00e5 \u00d6resund \u00e4r s\u00e4rskilt d\u00e5ligt kan du se \u00f6ver vattnet till <a href=\"https:\/\/guide.zero-carbon-skane.org\/sv\/places\/northwest\/helsingborg-plus-satellite-towns\/helsingor\/\" data-type=\"page\" data-id=\"64\">Helsing\u00f6r<\/a>, Helsingborgs danska systerstad (f\u00e4rjan mellan de tv\u00e5 st\u00e4derna g\u00e5r tre g\u00e5nger i timmen, om du vill bes\u00f6ka den).<\/p>\n\n\n\n<figure class=\"wp-block-image size-full\"><img loading=\"lazy\" decoding=\"async\" width=\"800\" height=\"521\" src=\"https:\/\/guide.zero-carbon-skane.org\/wp-content\/uploads\/2022\/11\/800px-Helsingborg_Inre_hamnen.jpg\" alt=\"\" class=\"wp-image-407\" srcset=\"https:\/\/guide.zero-carbon-skane.org\/wp-content\/uploads\/2022\/11\/800px-Helsingborg_Inre_hamnen.jpg 800w, https:\/\/guide.zero-carbon-skane.org\/wp-content\/uploads\/2022\/11\/800px-Helsingborg_Inre_hamnen-300x195.jpg 300w, https:\/\/guide.zero-carbon-skane.org\/wp-content\/uploads\/2022\/11\/800px-Helsingborg_Inre_hamnen-768x500.jpg 768w\" sizes=\"auto, (max-width: 800px) 100vw, 800px\" \/><figcaption class=\"wp-element-caption\"><a href=\"https:\/\/commons.wikimedia.org\/wiki\/File:Helsingborg,_Inre_hamnen.jpg\">Jsdo1980<\/a>, Public domain, via Wikimedia Commons<\/figcaption><\/figure>\n\n\n\n<p>Men innan du s\u00e4tter dig p\u00e5 en b\u00e5t f\u00f6r att \u00e5ka n\u00e5gon annanstans, varf\u00f6r inte kolla in vad Helsingborg har att erbjuda? Det finns mycket att se f\u00f6r arkitekturentusiaster, fr\u00e5n den kvarvarande medeltida f\u00e4stningen <em>K\u00e4rnan<\/em> och ett urval av gamla kyrkor, till den v\u00e4lanv\u00e4nda industriella modernismen i hamnomr\u00e5det i s\u00f6der och den vidstr\u00e4ckta ombyggnaden av den gamla hamnen p\u00e5 2010-talet. Helsingborg, och s\u00e4rskilt stadsk\u00e4rnan, speglar dess forna betydelse som handels- och skattecentrum, och handel har alltid varit ett tema: Kullagatan var trots allt Sveriges f\u00f6rsta g\u00e5gata!<\/p>\n\n\n\n<p>Hur passande \u00e4r det d\u00e5 inte att det blev <a href=\"https:\/\/guide.zero-carbon-skane.org\/sv\/places\/northwest\/helsingborg\/back-to-your-roots-chicorys-ground-zero\/\" data-type=\"page\" data-id=\"212\">startpunkten f\u00f6r cikoriabryggningen<\/a> i Sverige, \u00e4ven om dess v\u00e4letablerade <a href=\"https:\/\/guide.zero-carbon-skane.org\/sv\/activities\/eating-drinking\/kaffesugen-post-coffee-culture-in-a-carbon-free-county\/\" data-type=\"page\" data-id=\"210\">kaffeimport\u00f6rer anpassade sig till kraven i C21st<\/a>! Andra innovativa industrier i omr\u00e5det inkluderar <a href=\"https:\/\/guide.zero-carbon-skane.org\/sv\/places\/northwest\/helsingborg\/gives-peas-a-chance-bjuv-artlabyrint\/\" data-type=\"page\" data-id=\"205\">EasyPeasy, vars \"\u00e4rtlabyrint\" (och matst\u00e4lle i fabriken) g\u00f6r det till en trevlig utflykt<\/a>... och Helsingborg utnyttjar sin n\u00e4rhet till Danmark inte bara genom den regelbundna f\u00e4rjetrafiken (och den enkla tillg\u00e5ngen till taxfree-f\u00f6rs\u00e4ljning av alkohol), utan ocks\u00e5 av <a href=\"https:\/\/guide.zero-carbon-skane.org\/sv\/places\/northwest\/helsingborg\/meating-halfway-helsingborgs-kottbaten\/\" data-type=\"page\" data-id=\"207\">den n\u00e5got mer kontroversiella K\u00f6ttb\u00e5ten: t\u00e4nk \"tullfritt, men f\u00f6r k\u00f6tt\u00e4tare\"<\/a>, och du \u00e4r i stort sett d\u00e4r.<\/p>\n\n\n\n<p>Helsingborg \u00e4r en bra utg\u00e5ngspunkt f\u00f6r uppt\u00e4cktsf\u00e4rder l\u00e4ngre bort, men du beh\u00f6ver inte stanna h\u00e4r: varf\u00f6r inte ta bussen till <a href=\"https:\/\/guide.zero-carbon-skane.org\/sv\/places\/northwest\/helsingborg\/domsten\/\" data-type=\"page\" data-id=\"229\">Domsten<\/a> och <a href=\"https:\/\/guide.zero-carbon-skane.org\/sv\/places\/northwest\/helsingborg\/domsten\/a-dome-with-a-view-domestayin\/\" data-type=\"page\" data-id=\"231\">sova i en geodesisk kupol vid stranden<\/a>, eller ge sig ut i det gr\u00f6na <a href=\"https:\/\/guide.zero-carbon-skane.org\/sv\/places\/northwest\/orkelljunga\/orkeltopia-eco-village\/\" data-type=\"page\" data-id=\"235\">\u00d6rkeltopia ekoby<\/a> v\u00e4sterut? Men kanske har du kommit f\u00f6r <a href=\"https:\/\/guide.zero-carbon-skane.org\/sv\/places\/northwest\/highway-e6\/big-box-fish-farms-aquaponics-along-the-e6-corridor\/\" data-type=\"page\" data-id=\"227\">m\u00f6ten f\u00f6r f\u00f6reningar f\u00f6r akvaponik<\/a>, eller om du bara stannar till h\u00e4r p\u00e5 v\u00e4g upp <a href=\"https:\/\/guide.zero-carbon-skane.org\/sv\/places\/northwest\/highway-e6\/skanes-crown-joules-the-e6-and-the-enroads-project\/\" data-type=\"page\" data-id=\"225\">E6:an, Sk\u00e5nes m\u00e4ktiga energikorridor<\/a>? Oavsett anledningen till ditt bes\u00f6k har Helsingborg mycket att erbjuda...<\/p>\n\n\n\n<p>... men l\u00e5t inte n\u00e5gon lokal h\u00f6ra dig j\u00e4mf\u00f6ra den med <a href=\"https:\/\/guide.zero-carbon-skane.org\/sv\/places\/southwest-metropolitan-zone\/greater-malmo\/\" data-type=\"page\" data-id=\"8\">Malm\u00f6<\/a>, OK?<\/p>","protected":false},"excerpt":{"rendered":"<p>Helsingborgs utformning, s\u00e4rskilt stadsk\u00e4rnan, \u00e5terspeglar dess forna betydelse som handels- och skattecentrum och handel har alltid varit ett tema: Kullagatan var trots allt Sveriges f\u00f6rsta g\u00e5gata!<\/p>","protected":false},"author":1,"featured_media":407,"parent":61,"menu_order":0,"comment_status":"closed","ping_status":"closed","template":"","meta":{"footnotes":""},"categories":[],"tags":[],"class_list":["post-62","page","type-page","status-publish","has-post-thumbnail","hentry"],"jetpack_sharing_enabled":true,"_links":{"self":[{"href":"https:\/\/guide.zero-carbon-skane.org\/sv\/wp-json\/wp\/v2\/pages\/62","targetHints":{"allow":["GET"]}}],"collection":[{"href":"https:\/\/guide.zero-carbon-skane.org\/sv\/wp-json\/wp\/v2\/pages"}],"about":[{"href":"https:\/\/guide.zero-carbon-skane.org\/sv\/wp-json\/wp\/v2\/types\/page"}],"author":[{"embeddable":true,"href":"https:\/\/guide.zero-carbon-skane.org\/sv\/wp-json\/wp\/v2\/users\/1"}],"replies":[{"embeddable":true,"href":"https:\/\/guide.zero-carbon-skane.org\/sv\/wp-json\/wp\/v2\/comments?post=62"}],"version-history":[{"count":2,"href":"https:\/\/guide.zero-carbon-skane.org\/sv\/wp-json\/wp\/v2\/pages\/62\/revisions"}],"predecessor-version":[{"id":996,"href":"https:\/\/guide.zero-carbon-skane.org\/sv\/wp-json\/wp\/v2\/pages\/62\/revisions\/996"}],"up":[{"embeddable":true,"href":"https:\/\/guide.zero-carbon-skane.org\/sv\/wp-json\/wp\/v2\/pages\/61"}],"wp:featuredmedia":[{"embeddable":true,"href":"https:\/\/guide.zero-carbon-skane.org\/sv\/wp-json\/wp\/v2\/media\/407"}],"wp:attachment":[{"href":"https:\/\/guide.zero-carbon-skane.org\/sv\/wp-json\/wp\/v2\/media?parent=62"}],"wp:term":[{"taxonomy":"category","embeddable":true,"href":"https:\/\/guide.zero-carbon-skane.org\/sv\/wp-json\/wp\/v2\/categories?post=62"},{"taxonomy":"post_tag","embeddable":true,"href":"https:\/\/guide.zero-carbon-skane.org\/sv\/wp-json\/wp\/v2\/tags?post=62"}],"curies":[{"name":"wp","href":"https:\/\/api.w.org\/{rel}","templated":true}]}}