{"id":61,"date":"2022-08-16T10:32:21","date_gmt":"2022-08-16T10:32:21","guid":{"rendered":"https:\/\/guide.zero-carbon-skane.org\/index.php\/northwest\/"},"modified":"2023-03-21T13:17:35","modified_gmt":"2023-03-21T13:17:35","slug":"northwest","status":"publish","type":"page","link":"https:\/\/guide.zero-carbon-skane.org\/sv\/places\/northwest\/","title":{"rendered":"Nordv\u00e4st"},"content":{"rendered":"<p>Ni som \u00e4r observanta l\u00e4sare har s\u00e4kert noterat att den nordv\u00e4stra delen av Sk\u00e5ne \u00e4r den enda som vi inte har gett ett fyndigt namn. <\/p>\n\n\n\n<p>De andra regionerna har vi d\u00f6pt efter deras dominerande \"vibes\", men med en medvetenhet om att vi p\u00e5 s\u00e5 s\u00e4tt har varit n\u00e5got f\u00f6rminskande: <a href=\"https:\/\/guide.zero-carbon-skane.org\/sv\/places\/southeast-the-slow-coast\/\" data-type=\"page\" data-id=\"34\">den lugna kusten<\/a> omfattar <em>all<\/em> kust i Sk\u00e5ne trots allt (\u00e4ven om det i allm\u00e4nhet \u00e4r ganska l\u00e5ngsamt), och det finns gott om vid\u00f6ppna landskap i <a href=\"https:\/\/guide.zero-carbon-skane.org\/sv\/places\/southwest-metropolitan-zone\/\" data-type=\"page\" data-id=\"7\">Storstadsregionen<\/a>, trots sitt urbanistiska namn. Risken f\u00f6r f\u00f6rminskning verkade dock s\u00e4rskilt akut n\u00e4r det g\u00e4ller nordv\u00e4st: f\u00f6rutom att reducera det till ett inland om Helsingborg, vilket skulle vara oerh\u00f6rt or\u00e4ttvist, finns det bara ingen uppenbar sak som knyter ihop det hela.<\/p>\n\n\n\n<p>Och det, skulle vi vilja h\u00e4vda, \u00e4r just det som lockar. Javisst, <a href=\"https:\/\/guide.zero-carbon-skane.org\/sv\/places\/northwest\/helsingborg\/\" data-type=\"page\" data-id=\"62\">Helsingborg - och l\u00e5t oss inte underskatta denna livliga, historiska lilla stad, som har en hel del p\u00e5 g\u00e5ng, helt bortsett fr\u00e5n dess roll som ink\u00f6rsport till Danmark<\/a>. Men det finns ocks\u00e5: <\/p>\n\n\n\n<p><a href=\"https:\/\/guide.zero-carbon-skane.org\/sv\/places\/northwest\/orkelljunga\/\" data-type=\"page\" data-id=\"163\">\u00d6rkelljungas mystiska skogar, sp\u00e4ckade med ekobyar<\/a>; <\/p>\n\n\n\n<p><a href=\"https:\/\/guide.zero-carbon-skane.org\/sv\/places\/northwest\/hoganas\/\" data-type=\"page\" data-id=\"68\">H\u00f6gan\u00e4s udde<\/a> (fredlig, men med risk f\u00f6r pirater); <\/p>\n\n\n\n<p>de <a href=\"https:\/\/guide.zero-carbon-skane.org\/sv\/places\/northwest\/angelholm\/\" data-type=\"page\" data-id=\"69\">excentriska kustvibbarna i \u00c4ngelholm<\/a>; <\/p>\n\n\n\n<p>och <a href=\"https:\/\/guide.zero-carbon-skane.org\/sv\/places\/northwest\/bastad\/\" data-type=\"page\" data-id=\"65\">det sport\u00e4lskande myllret i B\u00e5stad<\/a>, med st\u00f6d av <a href=\"https:\/\/guide.zero-carbon-skane.org\/sv\/places\/northwest\/bastad\/bjarehalvon\/\" data-type=\"page\" data-id=\"215\">\"potatishalv\u00f6n\"<\/a>. <\/p>\n\n\n\n<p>Allt detta h\u00e4nger ihop med <a href=\"https:\/\/guide.zero-carbon-skane.org\/sv\/places\/northwest\/highway-e6\/skanes-crown-joules-the-e6-and-the-enroads-project\/\" data-type=\"page\" data-id=\"225\">den gamla motorv\u00e4gen E6:an<\/a>, som erbjuder en utstakad v\u00e4g f\u00f6r \u00e4ventyr... men om du letar efter den mindre v\u00e4lbes\u00f6kta v\u00e4gen kan du alltid \u00e5ka \u00f6sterut och ta dig till <a href=\"https:\/\/guide.zero-carbon-skane.org\/sv\/places\/central-heartlands\/\" data-type=\"page\" data-id=\"50\">K\u00e4rnlandet<\/a>, d\u00e4r hemligheter g\u00f6mmer sig i skogens gl\u00e4ntor...<\/p>\n\n\n\n<div class=\"wp-block-group has-global-padding is-layout-constrained wp-container-core-group-is-layout-23b1a4dc wp-block-group-is-layout-constrained\" style=\"border-width:1px;border-radius:5px;padding-top:var(--wp--preset--spacing--30);padding-right:var(--wp--preset--spacing--30);padding-bottom:var(--wp--preset--spacing--30);padding-left:var(--wp--preset--spacing--30)\">\n<h4 class=\"has-text-align-center wp-block-heading\">Vill du veta mer?<\/h4>\n\n\n<div class=\"wp-block-oik-sb-children\"><ul class=\"wp-block-oik-sb-children\"><li class=\"page_item page-item-69 page_item_has_children\"><a href=\"https:\/\/guide.zero-carbon-skane.org\/sv\/places\/northwest\/angelholm\/\">\u00c4ngelholm<\/a>\n<ul class='children'>\n\t<li class=\"page_item page-item-217\"><a href=\"https:\/\/guide.zero-carbon-skane.org\/sv\/places\/northwest\/angelholm\/circles-in-the-sand-angelholm-sand-sculpture-park\/\">Cirklar i sanden: \u00c4ngelholms sandskulpturpark<\/a><\/li>\n<\/ul>\n<\/li>\n<li class=\"page_item page-item-65 page_item_has_children\"><a href=\"https:\/\/guide.zero-carbon-skane.org\/sv\/places\/northwest\/bastad\/\">B\u00e5stad<\/a>\n<ul class='children'>\n\t<li class=\"page_item page-item-215\"><a href=\"https:\/\/guide.zero-carbon-skane.org\/sv\/places\/northwest\/bastad\/bjarehalvon\/\">Bj\u00e4rehalv\u00f6n: potatishalv\u00f6n<\/a><\/li>\n<\/ul>\n<\/li>\n<li class=\"page_item page-item-62 page_item_has_children\"><a href=\"https:\/\/guide.zero-carbon-skane.org\/sv\/places\/northwest\/helsingborg\/\">Helsingborg<\/a>\n<ul class='children'>\n\t<li class=\"page_item page-item-212\"><a href=\"https:\/\/guide.zero-carbon-skane.org\/sv\/places\/northwest\/helsingborg\/back-to-your-roots-chicorys-ground-zero\/\">Tillbaka till r\u00f6tterna: cikorians nollpunkt<\/a><\/li>\n\t<li class=\"page_item page-item-229 page_item_has_children\"><a href=\"https:\/\/guide.zero-carbon-skane.org\/sv\/places\/northwest\/helsingborg\/domsten\/\">Domsten<\/a>\n\t<ul class='children'>\n\t\t<li class=\"page_item page-item-231\"><a href=\"https:\/\/guide.zero-carbon-skane.org\/sv\/places\/northwest\/helsingborg\/domsten\/a-dome-with-a-view-domestayin\/\">Alla v\u00e4gar leder till Dome: DomeStayIns geodesi vid stranden<\/a><\/li>\n\t<\/ul>\n<\/li>\n\t<li class=\"page_item page-item-205\"><a href=\"https:\/\/guide.zero-carbon-skane.org\/sv\/places\/northwest\/helsingborg\/gives-peas-a-chance-bjuv-artlabyrint\/\">Ger \u00e4rtorna en chans: Bjuvs \u00e4rtlabyrint<\/a><\/li>\n\t<li class=\"page_item page-item-207\"><a href=\"https:\/\/guide.zero-carbon-skane.org\/sv\/places\/northwest\/helsingborg\/meating-halfway-helsingborgs-kottbaten\/\">Mj\u00f6lkar halvv\u00e4gs: Helsingborgs k\u00f6ttb\u00e5tar<\/a><\/li>\n\t<li class=\"page_item page-item-194\"><a href=\"https:\/\/guide.zero-carbon-skane.org\/sv\/places\/northwest\/helsingborg\/runway-dreams-landskrona-flying-club-at-vallakra\/\">Dr\u00f6mmar p\u00e5 landningsbanan: Landskrona Flygklubb p\u00e5 Vall\u00e5kra<\/a><\/li>\n\t<li class=\"page_item page-item-1125\"><a href=\"https:\/\/guide.zero-carbon-skane.org\/sv\/places\/northwest\/helsingborg\/the-circular-coffee-cruise\/\">Den cirkul\u00e4ra kaffekryssningen<\/a><\/li>\n<\/ul>\n<\/li>\n<li class=\"page_item page-item-219 page_item_has_children\"><a href=\"https:\/\/guide.zero-carbon-skane.org\/sv\/places\/northwest\/highway-e6\/\">E6:an<\/a>\n<ul class='children'>\n\t<li class=\"page_item page-item-227\"><a href=\"https:\/\/guide.zero-carbon-skane.org\/sv\/places\/northwest\/highway-e6\/big-box-fish-farms-aquaponics-along-the-e6-corridor\/\">Storskaliga fiskodlingar: akvaponik l\u00e4ngs E6-korridoren<\/a><\/li>\n\t<li class=\"page_item page-item-225\"><a href=\"https:\/\/guide.zero-carbon-skane.org\/sv\/places\/northwest\/highway-e6\/skanes-crown-joules-the-e6-and-the-enroads-project\/\">Sk\u00e5nes kronjuveler? E6:an- och ENv\u00e4gensprojektet<\/a><\/li>\n<\/ul>\n<\/li>\n<li class=\"page_item page-item-68\"><a href=\"https:\/\/guide.zero-carbon-skane.org\/sv\/places\/northwest\/hoganas\/\">H\u00f6gan\u00e4s<\/a><\/li>\n<li class=\"page_item page-item-163 page_item_has_children\"><a href=\"https:\/\/guide.zero-carbon-skane.org\/sv\/places\/northwest\/orkelljunga\/\">\u00d6rkelljunga<\/a>\n<ul class='children'>\n\t<li class=\"page_item page-item-235\"><a href=\"https:\/\/guide.zero-carbon-skane.org\/sv\/places\/northwest\/orkelljunga\/orkeltopia-eco-village\/\">\u00d6rkeltopia ekoby<\/a><\/li>\n<\/ul>\n<\/li>\n<\/ul><\/div><\/div>","protected":false},"excerpt":{"rendered":"<p>Sk\u00e5nes nordv\u00e4stra delar ligger l\u00e4ngs den gamla motorv\u00e4gen E6:an, vilket ger bra f\u00f6ruts\u00e4ttningar f\u00f6r \u00e4ventyr...men det \u00e4r bara b\u00f6rjan p\u00e5 m\u00f6jligheterna!<\/p>","protected":false},"author":1,"featured_media":899,"parent":85,"menu_order":0,"comment_status":"closed","ping_status":"closed","template":"","meta":{"footnotes":""},"categories":[],"tags":[],"class_list":["post-61","page","type-page","status-publish","has-post-thumbnail","hentry"],"jetpack_sharing_enabled":true,"_links":{"self":[{"href":"https:\/\/guide.zero-carbon-skane.org\/sv\/wp-json\/wp\/v2\/pages\/61","targetHints":{"allow":["GET"]}}],"collection":[{"href":"https:\/\/guide.zero-carbon-skane.org\/sv\/wp-json\/wp\/v2\/pages"}],"about":[{"href":"https:\/\/guide.zero-carbon-skane.org\/sv\/wp-json\/wp\/v2\/types\/page"}],"author":[{"embeddable":true,"href":"https:\/\/guide.zero-carbon-skane.org\/sv\/wp-json\/wp\/v2\/users\/1"}],"replies":[{"embeddable":true,"href":"https:\/\/guide.zero-carbon-skane.org\/sv\/wp-json\/wp\/v2\/comments?post=61"}],"version-history":[{"count":6,"href":"https:\/\/guide.zero-carbon-skane.org\/sv\/wp-json\/wp\/v2\/pages\/61\/revisions"}],"predecessor-version":[{"id":900,"href":"https:\/\/guide.zero-carbon-skane.org\/sv\/wp-json\/wp\/v2\/pages\/61\/revisions\/900"}],"up":[{"embeddable":true,"href":"https:\/\/guide.zero-carbon-skane.org\/sv\/wp-json\/wp\/v2\/pages\/85"}],"wp:featuredmedia":[{"embeddable":true,"href":"https:\/\/guide.zero-carbon-skane.org\/sv\/wp-json\/wp\/v2\/media\/899"}],"wp:attachment":[{"href":"https:\/\/guide.zero-carbon-skane.org\/sv\/wp-json\/wp\/v2\/media?parent=61"}],"wp:term":[{"taxonomy":"category","embeddable":true,"href":"https:\/\/guide.zero-carbon-skane.org\/sv\/wp-json\/wp\/v2\/categories?post=61"},{"taxonomy":"post_tag","embeddable":true,"href":"https:\/\/guide.zero-carbon-skane.org\/sv\/wp-json\/wp\/v2\/tags?post=61"}],"curies":[{"name":"wp","href":"https:\/\/api.w.org\/{rel}","templated":true}]}}