{"id":60,"date":"2022-08-16T10:32:20","date_gmt":"2022-08-16T10:32:20","guid":{"rendered":"https:\/\/guide.zero-carbon-skane.org\/index.php\/northeast-the-lakelands\/ahus-eel-country\/"},"modified":"2023-03-23T13:40:25","modified_gmt":"2023-03-23T13:40:25","slug":"ahus","status":"publish","type":"page","link":"https:\/\/guide.zero-carbon-skane.org\/sv\/places\/northeast-the-lakelands\/ahus\/","title":{"rendered":"\u00c5hus"},"content":{"rendered":"<p>P\u00e5 platsen f\u00f6r dagens \u00c5hus har det funnits en bos\u00e4ttning i \u00f6ver ett \u00e5rtusende, kanske l\u00e4ngre; vilket f\u00f6rmodligen har mycket att g\u00f6ra med att det \u00e4r den plats d\u00e4r <a href=\"https:\/\/guide.zero-carbon-skane.org\/sv\/places\/northeast-the-lakelands\/helge-a\/\" data-type=\"page\" data-id=\"59\">Helge \u00e5<\/a> mynnar ut i \u00d6stersj\u00f6n och eftersom detta \u00e4r hj\u00e4rtat i det som fortfarande \u00e4r k\u00e4nt som <em>\u00c5lakusten<\/em> (\"\u00e5lkusten\"). Naturligtvis \u00e4r \u00e5lfisket mycket h\u00e5rt kontrollerat, eftersom antalet av denna hemlighetsfulla varelse forts\u00e4tter att minska... men <a href=\"https:\/\/guide.zero-carbon-skane.org\/sv\/activities\/eating-drinking\/the-unreal-eel-deal-eel-fishing-larp\/\" data-type=\"page\" data-id=\"175\">det finns dock fortfarande s\u00e4tt att f\u00e5 uppleva Sk\u00e5nsk \u00e5l<\/a>, \u00e4ven om vissa skulle ifr\u00e5gas\u00e4tta dess \u00e4kthetsniv\u00e5.<\/p>\n\n\n\n<p>Om du inte gillar att \u00e4ta slemmiga, slingrande n\u00e4stan-fiskar \u00e4r du inte den enda - men det finns fortfarande mycket att g\u00f6ra och se i \u00c5hus, oavsett om du har seglat nerf\u00f6r floden fr\u00e5n <a href=\"https:\/\/guide.zero-carbon-skane.org\/sv\/places\/northeast-the-lakelands\/kristianstad\/hammersjon\/\" data-type=\"page\" data-id=\"177\">Hammarsj\u00f6n<\/a> (eller till och med s\u00e5 l\u00e5ngt norrut som <a href=\"https:\/\/guide.zero-carbon-skane.org\/sv\/places\/northeast-the-lakelands\/helge-a\/osby\/\" data-type=\"page\" data-id=\"155\">Osby<\/a>), eller om du just hoppat p\u00e5 den nyligen lanserade snabbsp\u00e5rv\u00e4gen fr\u00e5n <a href=\"https:\/\/guide.zero-carbon-skane.org\/sv\/places\/northeast-the-lakelands\/kristianstad\/\" data-type=\"page\" data-id=\"58\">Kristianstad<\/a>.<\/p>\n\n\n\n<p>Det b\u00f6r noteras att snabbsp\u00e5rv\u00e4gen inte \u00e4r helt okontroversiell i \u00c5hus. \u00c5 ena sidan har den inneburit ekonomiska f\u00f6rdelar f\u00f6r staden, eftersom den lilla hamnen (en liten men strategiskt viktig knutpunkt f\u00f6r spannm\u00e5lstransporter i \u00d6stersj\u00f6n) nu \u00e4r ansluten till den stora staden i inlandet, och d\u00e4rmed till resten av l\u00e4net. \u00c5 andra sidan inneb\u00e4r det ocks\u00e5 m\u00e5nga fler dagsturister, s\u00e4rskilt under sommarm\u00e5naderna... vilket inneb\u00e4r att den alltid popul\u00e4ra stranden knappast kan ses f\u00f6r solbadande kroppar s\u00e5 snart det finns n\u00e5gon sol v\u00e4rd att tala om (vilket nuf\u00f6rtiden verkar vara fr\u00e5n slutet av april och fram\u00e5t). \u00c5hus har l\u00e4nge betraktat sig sj\u00e4lvt som n\u00e5got exklusivt - eller \u00e5tminstone vissa delar av det har gjort det - och detta \"plebejiska infl\u00f6de\" \u00e4r mycket ogillat som ett resultat av detta (den ber\u00f6mda glasskiosken p\u00e5 det gamla torget har dock inga klagom\u00e5l alls och \u00f6verv\u00e4ger sin f\u00f6rsta offentliga aktieemission).<\/p>\n\n\n\n<p>En betydligt mindre del av bes\u00f6karna i \u00c5hus kommer till en ganska oansenlig plats som \u00e4nd\u00e5 har en kolossal betydelse ur milj\u00f6synpunkt: <a href=\"https:\/\/guide.zero-carbon-skane.org\/sv\/places\/northeast-the-lakelands\/ahus\/fordragsstugan-the-ahus-treaty\/\" data-type=\"page\" data-id=\"191\">platsen f\u00f6r undertecknandet av \u00c5husf\u00f6rdraget i slutet av 2020-talet<\/a>.<\/p>","protected":false},"excerpt":{"rendered":"<p>Om du inte gillar att \u00e4ta slemmiga, slingrande n\u00e4stan-fiskar \u00e4r du inte den enda - men det finns fortfarande mycket att g\u00f6ra och se i \u00c5hus.<\/p>","protected":false},"author":1,"featured_media":926,"parent":57,"menu_order":0,"comment_status":"closed","ping_status":"closed","template":"","meta":{"footnotes":""},"categories":[],"tags":[],"class_list":["post-60","page","type-page","status-publish","has-post-thumbnail","hentry"],"jetpack_sharing_enabled":true,"_links":{"self":[{"href":"https:\/\/guide.zero-carbon-skane.org\/sv\/wp-json\/wp\/v2\/pages\/60","targetHints":{"allow":["GET"]}}],"collection":[{"href":"https:\/\/guide.zero-carbon-skane.org\/sv\/wp-json\/wp\/v2\/pages"}],"about":[{"href":"https:\/\/guide.zero-carbon-skane.org\/sv\/wp-json\/wp\/v2\/types\/page"}],"author":[{"embeddable":true,"href":"https:\/\/guide.zero-carbon-skane.org\/sv\/wp-json\/wp\/v2\/users\/1"}],"replies":[{"embeddable":true,"href":"https:\/\/guide.zero-carbon-skane.org\/sv\/wp-json\/wp\/v2\/comments?post=60"}],"version-history":[{"count":2,"href":"https:\/\/guide.zero-carbon-skane.org\/sv\/wp-json\/wp\/v2\/pages\/60\/revisions"}],"predecessor-version":[{"id":927,"href":"https:\/\/guide.zero-carbon-skane.org\/sv\/wp-json\/wp\/v2\/pages\/60\/revisions\/927"}],"up":[{"embeddable":true,"href":"https:\/\/guide.zero-carbon-skane.org\/sv\/wp-json\/wp\/v2\/pages\/57"}],"wp:featuredmedia":[{"embeddable":true,"href":"https:\/\/guide.zero-carbon-skane.org\/sv\/wp-json\/wp\/v2\/media\/926"}],"wp:attachment":[{"href":"https:\/\/guide.zero-carbon-skane.org\/sv\/wp-json\/wp\/v2\/media?parent=60"}],"wp:term":[{"taxonomy":"category","embeddable":true,"href":"https:\/\/guide.zero-carbon-skane.org\/sv\/wp-json\/wp\/v2\/categories?post=60"},{"taxonomy":"post_tag","embeddable":true,"href":"https:\/\/guide.zero-carbon-skane.org\/sv\/wp-json\/wp\/v2\/tags?post=60"}],"curies":[{"name":"wp","href":"https:\/\/api.w.org\/{rel}","templated":true}]}}