{"id":591,"date":"2023-03-23T16:02:28","date_gmt":"2023-03-23T16:02:28","guid":{"rendered":"https:\/\/guide.zero-carbon-skane.org\/?page_id=591"},"modified":"2023-05-04T13:27:42","modified_gmt":"2023-05-04T13:27:42","slug":"about","status":"publish","type":"page","link":"https:\/\/guide.zero-carbon-skane.org\/sv\/about\/","title":{"rendered":"Om"},"content":{"rendered":"<p>V\u00e4lkommen till Rough Planet Guide till Sk\u00e5ne!<\/p>\n\n\n\n<p>Just nu, mitt i 2000-talet, genomg\u00e5r Sveriges sydligaste l\u00e4n m\u00e5nga f\u00f6r\u00e4ndringar - och det g\u00e4ller naturligtvis stora delar av resten av v\u00e4rlden.<\/p>\n\n\n\n<p>Bland dessa f\u00f6r\u00e4ndringar finns inte bara de typer av m\u00e4nniskor som kommer till Sk\u00e5ne, utan ocks\u00e5 sk\u00e4len till att de g\u00f6r det och de s\u00e4tt p\u00e5 vilka de kommer.<\/p>\n\n\n\n<p>Denna guide tar som b\u00e5de inspiration och efterapar de guideb\u00f6cker som kunde k\u00f6pas under den s\u00e5 kallade \"guld\u00e5ldern\" f\u00f6r turism, n\u00e4mligen det sista kvartalet av 1900-talet: informativa, men lite respektl\u00f6sa; praktiska, men (hoppas vi) ett n\u00f6je att l\u00e4sa f\u00f6r sin egen skull.<\/p>\n\n\n\n<p>Men turismen \u00e4r inte vad den en g\u00e5ng var... och p\u00e5 det stora hela \u00e4r det nog b\u00e4st s\u00e5. \u00c4ven om det \u00e4r en gl\u00e4dje (och en mycket m\u00e4nsklig \u00f6nskan) att uppleva nya platser och tr\u00e4ffa nya m\u00e4nniskor, har konsekvenserna av den \"guld\u00e5ldern\" av billiga resor till slut kommit ikapp oss, med Sk\u00e5ne och med v\u00e4rlden.<\/p>\n\n\n\n<p>M\u00e4nniskor reser fortfarande f\u00f6r n\u00f6jes skull, naturligtvis! Men de g\u00f6r det mer s\u00e4llan, l\u00e5ngsammare och (f\u00f6r det mesta) \u00f6ver kortare str\u00e4ckor \u00e4n tidigare. Andra reser av n\u00f6dv\u00e4ndighet - f\u00f6r \u00e4ven om klimatf\u00f6r\u00e4ndringarna har satt (och forts\u00e4tter att s\u00e4tta) sin pr\u00e4gel p\u00e5 Sk\u00e5ne, har de gjort mindre skada h\u00e4r \u00e4n p\u00e5 andra h\u00e5ll. Sk\u00e5ne erbjuder s\u00e5ledes en milj\u00f6m\u00e4ssig fristad (eller en ekonomisk m\u00f6jlighet) f\u00f6r dem vars m\u00f6jligheter har begr\u00e4nsats p\u00e5 den plats de kallar sitt hem.<\/p>\n\n\n\n<p>Vi hoppas att den h\u00e4r guiden kommer att vara till nytta f\u00f6r de inte helt frivilliga resen\u00e4rerna, liksom f\u00f6r dem som har turen att bes\u00f6ka Sk\u00e5ne i aff\u00e4rer eller f\u00f6r n\u00f6jes skull. Och vi \u00e4r \u00f6vertygade om att vart du \u00e4n \u00e5ker - ja, n\u00e4stan vart du \u00e4n \u00e5ker - s\u00e5 kommer du att f\u00e5 ett \u00e4kta sk\u00e5nskt v\u00e4lkomnande (om \u00e4n inte n\u00f6dv\u00e4ndigtvis \u00f6versvallande).<\/p>\n\n\n\n<p>Kanske vill du dyka rakt in i <a href=\"https:\/\/guide.zero-carbon-skane.org\/sv\/places\/\" data-type=\"page\" data-id=\"85\">de olika regionerna i Sk\u00e5ne, som vi har samlat i fem geografiskt definierade \"kategorier\"<\/a> f\u00f6r att underl\u00e4tta utforskandet? Eller vill du kanske hellre <a href=\"https:\/\/guide.zero-carbon-skane.org\/sv\/history\/\" data-type=\"page\" data-id=\"189\">bekanta dig med den lokala historien<\/a>?<\/p>\n\n\n\n<p>Kanske \u00e4r du mer praktiskt lagd och f\u00f6redrar att tr\u00e4na <a href=\"https:\/\/guide.zero-carbon-skane.org\/sv\/advice\/travel-mobility\/international-arrivals\/\" data-type=\"page\" data-id=\"386\">hur du kommer att ta dig hit<\/a>, och <a href=\"https:\/\/guide.zero-carbon-skane.org\/sv\/advice\/travel-mobility\/\" data-type=\"page\" data-id=\"91\">hur du kan ta dig runt n\u00e4r du v\u00e4l har gjort det<\/a>? Kanske <a href=\"https:\/\/guide.zero-carbon-skane.org\/sv\/advice\/notes-for-newmads-information-for-sevilla-card-holders\/\" data-type=\"page\" data-id=\"432\">kommer du f\u00f6r att arbeta<\/a>, eller <a href=\"https:\/\/guide.zero-carbon-skane.org\/sv\/advice\/travel-mobility\/valkomna-till-svalorna-travel-tips-for-seasonal-migrants\/\" data-type=\"page\" data-id=\"390\">f\u00f6r att undkomma hettan l\u00e4ngre s\u00f6derut<\/a>? Kanske \u00e4r du <a href=\"https:\/\/guide.zero-carbon-skane.org\/sv\/activities\/sports-wellbeing\/\" data-type=\"page\" data-id=\"101\">ett stort fan av sport<\/a>, <a href=\"https:\/\/guide.zero-carbon-skane.org\/sv\/activities\/learning-doing\/\" data-type=\"page\" data-id=\"103\">eller l\u00e4ngtar du efter att l\u00e4ra dig nya saker<\/a>, eller kanske \u00e4r du angel\u00e4gen om att <a href=\"https:\/\/guide.zero-carbon-skane.org\/sv\/activities\/events\/\" data-type=\"page\" data-id=\"99\">f\u00e5nga det senaste<\/a>, var och n\u00e4r det \u00e4n sker?<\/p>\n\n\n\n<p>Eller kanske \u00e4r du bara en gammaldags sightseeare och vill <a href=\"https:\/\/guide.zero-carbon-skane.org\/sv\/activities\/sightseeing\/\" data-type=\"page\" data-id=\"97\">f\u00e5 lite id\u00e9er om sev\u00e4rdheter att bes\u00f6ka<\/a>?<\/p>\n\n\n\n<p>Oavsett vilka och hur m\u00e5nga av dessa du \u00e4r, hoppas vi att vi har t\u00e4ckt in dig!<\/p>\n\n\n\n<hr class=\"wp-block-separator has-alpha-channel-opacity\"\/>\n\n\n\n<p>\u00c5h, ja - det finns en sak till som vi borde p\u00e5peka...<\/p>\n\n\n\n<p><strong>... denna handbok \u00e4r <em>helt fiktiv<\/em>.<\/strong><\/p>\n\n\n\n<p>Det har du s\u00e4kert redan gissat, eller hur? Vi har gjort v\u00e5rt b\u00e4sta f\u00f6r att l\u00e4mna ledtr\u00e5dar utan att bryta f\u00f6rtrollningen! Och vi vill ocks\u00e5 p\u00e5peka att \u00e4ven om guiden \u00e4r helt fiktiv, s\u00e5 \u00e4r de fiktioner som den inneh\u00e5ller \u00e4nd\u00e5 baserade p\u00e5 forskning, b\u00e5de vid skrivbordet och i f\u00e4lt, och alla platser \u00e4r verkliga platser i Sk\u00e5ne.<\/p>\n\n\n\n<p>Den h\u00e4r guiden \u00e4r ett exempel p\u00e5 vad som ibland kallas \"narrativ prototyping\", men om det l\u00e5ter lite skr\u00e4mmande kanske du f\u00f6redrar att t\u00e4nka p\u00e5 det som <a href=\"https:\/\/doi.org\/10.1016\/j.erss.2018.01.013\">en kreativ teknik f\u00f6r framtidsplanering<\/a>-ett s\u00e4tt att utforska m\u00f6jligheterna med den kommande tiden, b\u00e5de negativa och positiva, och g\u00f6ra de f\u00f6r\u00e4ndringar som kan resultera i att de blir tillg\u00e4ngliga och engagerande (och, v\u00e5gar vi s\u00e4ga det, kanske till och med lite underh\u00e5llande) f\u00f6r en bred, icke-specialiserad publik. Vi har gjort liknande projekt tidigare, som en del av <a href=\"https:\/\/www.climaginaries.org\/\" data-type=\"URL\" data-id=\"https:\/\/www.climaginaries.org\/\">Climaginaries<\/a> forskningsn\u00e4tverk och p\u00e5 andra h\u00e5ll.<\/p>\n\n\n\n<p>En sak som vi definitivt <em>inte<\/em> g\u00f6r h\u00e4r \u00e4r att g\u00f6ra f\u00f6ruts\u00e4gelser: denna webbplats \u00e4r inte profetia, inte ett l\u00f6fte eller ett hot. Vi \u00e4r \u00f6vertygade om att n\u00e4stan allt vi skildrar h\u00e4r \u00e4r <em>trov\u00e4rdigt<\/em>... men det betyder inte att det alltid \u00e4r <em>sannolikt<\/em>. Det \u00e4r en viktig distinktion! Mycket kommer att bero p\u00e5 vad som h\u00e4nder mellan den nutid i vilken du l\u00e4ser denna text och den framtid i mitten av \u00e5rhundradet som denna text v\u00e5gar skildra.<\/p>\n\n\n\n<p>D\u00e4rf\u00f6r f\u00f6resl\u00e5r vi att din(a) reaktion(er) p\u00e5 den framtid vi har f\u00f6rs\u00f6kt v\u00e4cka till liv p\u00e5 dessa (webb)sidor \u00e4r det viktigaste, och vi \u00e4r inte intresserade av att tala om f\u00f6r dig hur du ska k\u00e4nna inf\u00f6r den. I st\u00e4llet vill vi f\u00f6resl\u00e5 att om det finns en framtid i denna guide som du helst skulle vilja att vi inte fick, s\u00e5 kanske du vill fundera p\u00e5 vad du kan g\u00f6ra, om n\u00e5got, f\u00f6r att f\u00f6rhindra den; och om det finns en framtid som du verkligen skulle vilja leva i, s\u00e5 kanske du vill fundera p\u00e5 vad du kan g\u00f6ra f\u00f6r att f\u00e5 den att h\u00e4nda.<\/p>\n\n\n\n<hr class=\"wp-block-separator has-alpha-channel-opacity\"\/>\n\n\n\n<p>Forskningen och skapandet av denna guide st\u00f6ddes av Europeiska unionens Horizon 2020 forsknings- och innovationsprogram inom ramen f\u00f6r <a href=\"https:\/\/cordis.europa.eu\/project\/id\/895807\">Marie Sk\u0142odowska-Curie bidragsavtal nr 895807<\/a>, och fr\u00e5n det svenska forskningsr\u00e5det FORMAS under&nbsp;<a href=\"http:\/\/proj.formas.se\/detail.asp?arendeid=10611&amp;x=250&amp;y=20&amp;sprak=2&amp;redovisning=0\">bidragsavtal nr 01990<\/a>. F\u00f6ljande personer var direkt inblandade:<\/p>\n\n\n\n<ul class=\"wp-block-list\">\n<li>El\u00e9onore Faur\u00e9 (ansvarig forskare)<\/li>\n\n\n\n<li>Johannes Stripple (PI\/handledare)<\/li>\n\n\n\n<li>Emma Hansen (forskningsassistent)<\/li>\n\n\n\n<li>Diana Eriksson Lagerqvist (forskningsassistent)<\/li>\n\n\n\n<li>Ruben Ritz\u00e9n (forskningsassistent)<\/li>\n\n\n\n<li>Ludwig Bengtsson Sonesson (forskningsassistent)<\/li>\n\n\n\n<li>Paul Graham Raven (copyediting, utveckling av webbplats)<\/li>\n<\/ul>\n\n\n\n<p>Upplevelsen i form av <a href=\"https:\/\/guide.zero-carbon-skane.org\/sv\/places\/southwest-metropolitan-zone\/vastkusten\/landskrona\/gipson-gympsum-island\/\" data-type=\"page\" data-id=\"1131\">Gips\u00f6n<\/a> artiklar h\u00e4rr\u00f6r fr\u00e5n och har utvecklats genom en samarbetsprocess i <a href=\"https:\/\/humuseconomicus.se\/\">det transdisciplin\u00e4ra konst- och forskningsprojektet <em>Humus Economicus<\/em><\/a> p\u00e5 Statens historiska museer (Sverige), finansierat av FORMAS; projektgruppen best\u00e5r av Janna Holmstedt (PI), Christina Fredengren, Jenny Lindblad, Malin Lobell, Karin Wegsj\u00f6 och Cecilia \u00c5sberg<\/p>","protected":false},"excerpt":{"rendered":"<p>V\u00e4lkommen till Rough Planet Guide till Sk\u00e5ne!<\/p>","protected":false},"author":1,"featured_media":559,"parent":0,"menu_order":0,"comment_status":"closed","ping_status":"closed","template":"","meta":{"footnotes":""},"categories":[],"tags":[],"class_list":["post-591","page","type-page","status-publish","has-post-thumbnail","hentry"],"jetpack_sharing_enabled":true,"_links":{"self":[{"href":"https:\/\/guide.zero-carbon-skane.org\/sv\/wp-json\/wp\/v2\/pages\/591","targetHints":{"allow":["GET"]}}],"collection":[{"href":"https:\/\/guide.zero-carbon-skane.org\/sv\/wp-json\/wp\/v2\/pages"}],"about":[{"href":"https:\/\/guide.zero-carbon-skane.org\/sv\/wp-json\/wp\/v2\/types\/page"}],"author":[{"embeddable":true,"href":"https:\/\/guide.zero-carbon-skane.org\/sv\/wp-json\/wp\/v2\/users\/1"}],"replies":[{"embeddable":true,"href":"https:\/\/guide.zero-carbon-skane.org\/sv\/wp-json\/wp\/v2\/comments?post=591"}],"version-history":[{"count":3,"href":"https:\/\/guide.zero-carbon-skane.org\/sv\/wp-json\/wp\/v2\/pages\/591\/revisions"}],"predecessor-version":[{"id":1226,"href":"https:\/\/guide.zero-carbon-skane.org\/sv\/wp-json\/wp\/v2\/pages\/591\/revisions\/1226"}],"wp:featuredmedia":[{"embeddable":true,"href":"https:\/\/guide.zero-carbon-skane.org\/sv\/wp-json\/wp\/v2\/media\/559"}],"wp:attachment":[{"href":"https:\/\/guide.zero-carbon-skane.org\/sv\/wp-json\/wp\/v2\/media?parent=591"}],"wp:term":[{"taxonomy":"category","embeddable":true,"href":"https:\/\/guide.zero-carbon-skane.org\/sv\/wp-json\/wp\/v2\/categories?post=591"},{"taxonomy":"post_tag","embeddable":true,"href":"https:\/\/guide.zero-carbon-skane.org\/sv\/wp-json\/wp\/v2\/tags?post=591"}],"curies":[{"name":"wp","href":"https:\/\/api.w.org\/{rel}","templated":true}]}}