{"id":59,"date":"2022-08-16T10:32:19","date_gmt":"2022-08-16T10:32:19","guid":{"rendered":"https:\/\/guide.zero-carbon-skane.org\/index.php\/northeast-the-lakelands\/helge-a\/"},"modified":"2023-08-31T13:21:53","modified_gmt":"2023-08-31T13:21:53","slug":"helge-a","status":"publish","type":"page","link":"https:\/\/guide.zero-carbon-skane.org\/sv\/places\/northeast-the-lakelands\/helge-a\/","title":{"rendered":"Helge \u00e5"},"content":{"rendered":"<p>Floden som kallas Helge \u00e5 korsar gr\u00e4nsen till Sk\u00e5ne n\u00e4ra Grasljunga och Visseltofta, men <a href=\"https:\/\/guide.zero-carbon-skane.org\/sv\/places\/northeast-the-lakelands\/helge-a\/osby\/\" data-type=\"page\" data-id=\"155\">Osby<\/a> \u00e4r den f\u00f6rsta sk\u00e5nska stad av n\u00e5gon st\u00f6rre storlek som den st\u00f6ter p\u00e5.<\/p>\n\n\n\n<figure class=\"wp-block-image aligncenter size-large\"><img loading=\"lazy\" decoding=\"async\" width=\"1024\" height=\"768\" src=\"https:\/\/guide.zero-carbon-skane.org\/wp-content\/uploads\/2023\/08\/Gropa_halet-1024x768.jpg\" alt=\"\" class=\"wp-image-1245\" srcset=\"https:\/\/guide.zero-carbon-skane.org\/wp-content\/uploads\/2023\/08\/Gropa_halet-1024x768.jpg 1024w, https:\/\/guide.zero-carbon-skane.org\/wp-content\/uploads\/2023\/08\/Gropa_halet-300x225.jpg 300w, https:\/\/guide.zero-carbon-skane.org\/wp-content\/uploads\/2023\/08\/Gropa_halet-768x576.jpg 768w, https:\/\/guide.zero-carbon-skane.org\/wp-content\/uploads\/2023\/08\/Gropa_halet-1536x1152.jpg 1536w, https:\/\/guide.zero-carbon-skane.org\/wp-content\/uploads\/2023\/08\/Gropa_halet-2048x1536.jpg 2048w, https:\/\/guide.zero-carbon-skane.org\/wp-content\/uploads\/2023\/08\/Gropa_halet-16x12.jpg 16w\" sizes=\"auto, (max-width: 1024px) 100vw, 1024px\" \/><\/figure>\n\n\n\n<p>Historiskt sett var Helge \u00e5 en viktig handelsv\u00e4g som f\u00f6rband jordbrukssamh\u00e4llen i inlandet med \u00d6stersj\u00f6kusten och vice versa. Numera \u00e4r det bara realistiskt att segla uppf\u00f6r floden till Aral\u00f6vssj\u00f6n, d\u00e4r man st\u00f6ter p\u00e5 den f\u00f6rsta av m\u00e5nga sm\u00e5 men viktiga vattenkraftsanl\u00e4ggningar. Detta avskr\u00e4cker inte de mer or\u00e4dda vattenfararna, och inte heller en subkultur av lokalbefolkningen, som b\u00e5da f\u00f6rlitar sig p\u00e5 en m\u00e4ngd olika amfibiefordon - dyra och h\u00f6gteknologiska i det f\u00f6rra fallet, billiga och hopsnickrade i det senare - f\u00f6r att vandra upp och ner f\u00f6r Helge \u00e5 under alla \u00e5rstider och i alla v\u00e4der. <\/p>\n\n\n\n<p>(Du har verkligen inte upplevt <a href=\"https:\/\/guide.zero-carbon-skane.org\/sv\/places\/northeast-the-lakelands\/\" data-type=\"page\" data-id=\"57\">Vattenriket<\/a> f\u00f6rr\u00e4n du har sett en Volvo fr\u00e5n 1990-talet som har utrustats med en elmotor, ett utsiktstorn och n\u00e5got som liknar en sv\u00e4varkjol, som st\u00e5nkar och vr\u00e5lar sig fram genom sn\u00e5ren och uppf\u00f6r flodbanken till f\u00e4lten bortom).<\/p>\n\n\n\n<p>F\u00f6rutom dessa vattenlevande <a href=\"https:\/\/guide.zero-carbon-skane.org\/sv\/history\/brummare-the-last-gasp-of-internal-combustion\/\" data-type=\"page\" data-id=\"197\">EPA-traktor<\/a> -analoger, s\u00e5 \u00e4r mycket av den regelbundna amfibietrafiken officiell: mestadels forskare och tillsynsmyndigheter, av vilka n\u00e5gra h\u00e5ller ett \u00f6ga p\u00e5 vattenniv\u00e5erna, som sv\u00e4nger mycket beroende p\u00e5 s\u00e4song (och hotar stackars <a href=\"https:\/\/guide.zero-carbon-skane.org\/sv\/places\/northeast-the-lakelands\/kristianstad\/\" data-type=\"page\" data-id=\"58\">Kristianstad<\/a> med en annan av sina periodiska \u00f6versv\u00e4mningar), och andra vars roll mer liknar den som parkvakt i de omfattande naturreservat som floden rinner igenom. <\/p>\n\n\n\n<p>Dessa reservat \u00e4r bland de b\u00e4sta anledningarna till att bes\u00f6ka omr\u00e5det: redan p\u00e5 tjugotalet kunde man r\u00e4kna med att se uttrar, kungsfiskare och hackspettar runt Helge \u00e5, men under de senaste \u00e5ren har bevarandearbetet verkligen gett resultat och den biologiska m\u00e5ngfalden \u00e4r skyh\u00f6g. Det \u00e4r ocks\u00e5 en utm\u00e4rkt plats f\u00f6r s\u00f6tvattensfiskeentusiaster, med de spektakul\u00e4ra malarna (av orov\u00e4ckande storlek) som det talas om med den d\u00e4mpade v\u00f6rdnad som bara en riktig \"fiskefar\" n\u00e5gonsin kan f\u00e5 upp. <\/p>\n\n\n\n<p>(Observera dock att fiske \u00e4r en popul\u00e4r sport h\u00e4r, men ocks\u00e5 en h\u00e5rt reglerad sport: skaffa tillst\u00e5nd, anv\u00e4nd r\u00e4tt redskap, registrera dina f\u00e5ngster med appen och se till att du l\u00e4mnar tillbaka alla fiskar som inte uppfyller kraven p\u00e5 storlek och vikt).<\/p>\n\n\n\n<p>Du kanske ocks\u00e5 \u00e4r intresserad av att se de lokala samh\u00e4llen som har h\u00e5llit fast vid den region d\u00e4r de v\u00e4xte upp genom att anpassa sig till det \u00f6versv\u00e4mningsben\u00e4gna landskapet. P\u00e5 ett s\u00e4tt som \u00e4r mer bekant fr\u00e5n st\u00e4der i Asien kan man hitta hela byar som flyter och flyttar sina f\u00f6rt\u00f6jningar inom sn\u00e4vt definierade flodomr\u00e5den. (De d\u00e4r konstiga Volvobilarna som vi n\u00e4mnde ovan tillh\u00f6r ofta deras barn - ett bevis, om det nu beh\u00f6vs, p\u00e5 att unga m\u00e4nniskor i princip \u00e4r likadana var och n\u00e4r man \u00e4n st\u00f6ter p\u00e5 dem).<\/p>\n\n\n\n<p>Jag ber om urs\u00e4kt f\u00f6r ordvitsen, men du ska inte bara str\u00f6mma in: precis som sina motsvarigheter p\u00e5 land \u00e4r dessa sm\u00e5 samh\u00e4llen ganska m\u00e5na om sitt lugn och ro, och de gillar inte att turister sticker in n\u00e4san och stirrar p\u00e5 de lokala egenheterna och sederna. Vissa av dem har bes\u00f6kscenter, andra har till och med en <em>krog<\/em> eller en bybutik som \u00e4r \u00f6ppen f\u00f6r f\u00f6rbipasserande. Men de \u00e4r l\u00e4tta att k\u00e4nna igen p\u00e5 sina f\u00e4rgglada vimplar och regeln \u00e4r \"om du inte kan se en flagga, d\u00e5 \u00e4r din n\u00e4rvaro ett hinder\". Rakt men, som p\u00e5 ett typiskt sk\u00e5nskt s\u00e4tt, \u00e4rligt.<\/p>\n\n\n\n<p>Om du vill ha en mer spektakul\u00e4r, kuraterad och (l\u00e5t oss vara \u00e4rliga) kommersiell upplevelse av flodkulturen, kan du stanna till vid kust\u00e4nden av floden n\u00e4ra <a href=\"https:\/\/guide.zero-carbon-skane.org\/sv\/places\/northeast-the-lakelands\/kristianstad\/hammersjon\/\" data-type=\"page\" data-id=\"177\">Hammarsj\u00f6n<\/a>, d\u00e4r en <a href=\"https:\/\/guide.zero-carbon-skane.org\/sv\/activities\/events\/the-floating-harvest-festival\/\" data-type=\"page\" data-id=\"182\">\u00e5rlig flytande sk\u00f6rdefestival<\/a> kommer att ge dig alla fotom\u00f6jligheter du kan \u00f6nska dig (och lite till).<\/p>","protected":false},"excerpt":{"rendered":"<p>Helge \u00e5 \u00e4r den st\u00f6rsta \u00e5n i Sk\u00e5ne, men den b\u00f6rjar mycket l\u00e4ngre norrut, n\u00e4ra J\u00f6nk\u00f6ping, innan den slutligen mynnar ut i \u00d6stersj\u00f6n vid Han\u00f6bukten, s\u00f6der om \u00c5hus; den kan till och med vara Sveriges l\u00e4ngsta vattendrag, beroende p\u00e5 hur man v\u00e4ljer att m\u00e4ta s\u00e5dana saker.<\/p>","protected":false},"author":1,"featured_media":1245,"parent":57,"menu_order":0,"comment_status":"closed","ping_status":"closed","template":"","meta":{"footnotes":""},"categories":[],"tags":[],"class_list":["post-59","page","type-page","status-publish","has-post-thumbnail","hentry"],"jetpack_sharing_enabled":true,"_links":{"self":[{"href":"https:\/\/guide.zero-carbon-skane.org\/sv\/wp-json\/wp\/v2\/pages\/59","targetHints":{"allow":["GET"]}}],"collection":[{"href":"https:\/\/guide.zero-carbon-skane.org\/sv\/wp-json\/wp\/v2\/pages"}],"about":[{"href":"https:\/\/guide.zero-carbon-skane.org\/sv\/wp-json\/wp\/v2\/types\/page"}],"author":[{"embeddable":true,"href":"https:\/\/guide.zero-carbon-skane.org\/sv\/wp-json\/wp\/v2\/users\/1"}],"replies":[{"embeddable":true,"href":"https:\/\/guide.zero-carbon-skane.org\/sv\/wp-json\/wp\/v2\/comments?post=59"}],"version-history":[{"count":5,"href":"https:\/\/guide.zero-carbon-skane.org\/sv\/wp-json\/wp\/v2\/pages\/59\/revisions"}],"predecessor-version":[{"id":1248,"href":"https:\/\/guide.zero-carbon-skane.org\/sv\/wp-json\/wp\/v2\/pages\/59\/revisions\/1248"}],"up":[{"embeddable":true,"href":"https:\/\/guide.zero-carbon-skane.org\/sv\/wp-json\/wp\/v2\/pages\/57"}],"wp:featuredmedia":[{"embeddable":true,"href":"https:\/\/guide.zero-carbon-skane.org\/sv\/wp-json\/wp\/v2\/media\/1245"}],"wp:attachment":[{"href":"https:\/\/guide.zero-carbon-skane.org\/sv\/wp-json\/wp\/v2\/media?parent=59"}],"wp:term":[{"taxonomy":"category","embeddable":true,"href":"https:\/\/guide.zero-carbon-skane.org\/sv\/wp-json\/wp\/v2\/categories?post=59"},{"taxonomy":"post_tag","embeddable":true,"href":"https:\/\/guide.zero-carbon-skane.org\/sv\/wp-json\/wp\/v2\/tags?post=59"}],"curies":[{"name":"wp","href":"https:\/\/api.w.org\/{rel}","templated":true}]}}