{"id":58,"date":"2022-08-16T10:32:18","date_gmt":"2022-08-16T10:32:18","guid":{"rendered":"https:\/\/guide.zero-carbon-skane.org\/index.php\/northeast-the-lakelands\/kristianstad\/"},"modified":"2023-03-23T12:28:35","modified_gmt":"2023-03-23T12:28:35","slug":"kristianstad","status":"publish","type":"page","link":"https:\/\/guide.zero-carbon-skane.org\/sv\/places\/northeast-the-lakelands\/kristianstad\/","title":{"rendered":"Kristianstad"},"content":{"rendered":"<p>Det \u00e4r en turistbyr\u00e5klich\u00e9 att s\u00e4ga att en plats har \"n\u00e5got f\u00f6r alla\", men n\u00e4r det g\u00e4ller Kristianstad \u00e4r det faktiskt ett rimligt p\u00e5st\u00e5ende. Stadens ekonomiska uppg\u00e5ng och fall under \u00e5rhundradena har resulterat i ett ganska spektakul\u00e4rt mischmasch av gammal och ny arkitektur, till exempel, medan de som \u00e4r mer inriktade p\u00e5 \u00f6ppna ytor och natur kommer att bli vilda (bokstavligen) f\u00f6r <em>Vattenriket<\/em> (\"vattenriket\"), d\u00e4r \u00f6versv\u00e4mningsomr\u00e5det f\u00f6r <a href=\"https:\/\/guide.zero-carbon-skane.org\/sv\/places\/northeast-the-lakelands\/helge-a\/\" data-type=\"page\" data-id=\"59\">Helge \u00e5<\/a> till\u00e5ts - inom vissa gr\u00e4nser - att g\u00f6ra vad en flodsl\u00e4tt ska g\u00f6ra; resultatet \u00e4r en rik sumpmark med pontoner och promenadv\u00e4gar, d\u00e4r det kryllar av alla m\u00f6jliga fascinerande djur (Vattenriket \u00e4r en av de tv\u00e5 st\u00f6rsta h\u00f6jdpunkterna i Sk\u00e5ne f\u00f6r twitchers och f\u00e5gelfanatiker, den andra m\u00e5ste ses \u00e4r <a href=\"https:\/\/guide.zero-carbon-skane.org\/sv\/places\/southwest-metropolitan-zone\/vellinge\/naset\/\" data-type=\"page\" data-id=\"27\">N\u00e4set<\/a>, i andra \u00e4nden av l\u00e4net).<\/p>\n\n\n\n<p>N\u00e4rheten till flodsl\u00e4tterna medf\u00f6r vissa utmaningar och ger en infallsvinkel f\u00f6r fans av komplex samh\u00e4llsinfrastruktur: som den l\u00e4gsta punkten i det sk\u00e5nska landskapet (den ligger faktiskt under havsniv\u00e5n) \u00e4r Kristianstad <em>v\u00e4ldigt<\/em> k\u00e4nslig f\u00f6r \u00f6versv\u00e4mningar. Efter n\u00e5gra dramatiska och kostsamma incidenter under 20- och 21-talet (d\u00e4r skyddsmurarna visade sig vara otillr\u00e4ckliga) installerades stora pumpar f\u00f6r att h\u00e5lla stadsk\u00e4rnan torr.<\/p>\n\n\n\n<p>\u00c4ven om det finns ett betydande milit\u00e4rt inslag i stadens historia - den \u00e4r uppkallad efter Christian IV av Danmark och var en av de stora bef\u00e4sta platserna under den tid d\u00e5 Sk\u00e5ne var en dansk besittning - \u00e4r den st\u00f6rre delen av <em>kommun<\/em> i Kristianstad en livsmedelsproducerande region. De \u00e4r stolta \u00f6ver det ocks\u00e5... och varf\u00f6r skulle inte du vara det, om allt fr\u00e5n fint vete och mj\u00f6l till fina destillerade spritdrycker produceras d\u00e4r du bor?<\/p>\n\n\n\n<p>N\u00e4r du har sett tillr\u00e4ckligt av staden - och vem vet hur l\u00e5ng tid det kan ta - kanske du vill kolla in n\u00e5gra andra platser. Bege dig sydost p\u00e5 <a href=\"https:\/\/guide.zero-carbon-skane.org\/sv\/places\/northeast-the-lakelands\/kristianstad\/hammersjon\/\" data-type=\"page\" data-id=\"177\">Hammarsj\u00f6n<\/a> f\u00f6r att uppleva de flytande marknaderna och se hur inv\u00e5narna i f\u00f6rorterna har anpassat sig till den \u00f6kade risken f\u00f6r \u00f6versv\u00e4mningar; sedan kanske du ska \u00e5ka \u00e4nnu l\u00e4ngre mot kusten, d\u00e4r <a href=\"https:\/\/guide.zero-carbon-skane.org\/sv\/places\/northeast-the-lakelands\/ahus\/\" data-type=\"page\" data-id=\"60\">den lilla hamnen i \u00c5hus<\/a> \u00e4r den sista anhalten innan du k\u00f6r till <a href=\"https:\/\/guide.zero-carbon-skane.org\/sv\/places\/southeast-the-slow-coast\/\" data-type=\"page\" data-id=\"34\">den Sega kusten ordentligt<\/a>, och starten av <a href=\"https:\/\/guide.zero-carbon-skane.org\/sv\/activities\/eating-drinking\/the-unreal-eel-deal-eel-fishing-larp\/\" data-type=\"page\" data-id=\"175\">\u00e5lens land<\/a>. <\/p>\n\n\n\n<p>Alternativt kan du \u00e5ka ut ur staden i motsatt riktning och upp <a href=\"https:\/\/guide.zero-carbon-skane.org\/sv\/places\/northeast-the-lakelands\/helge-a\/\" data-type=\"page\" data-id=\"59\">Helge \u00e5<\/a> sj\u00e4lv, kanske s\u00e5 l\u00e5ngt som till <a href=\"https:\/\/guide.zero-carbon-skane.org\/sv\/places\/northeast-the-lakelands\/helge-a\/osby\/\" data-type=\"page\" data-id=\"155\">Osby<\/a>livet \u00e4r v\u00e4ldigt annorlunda h\u00e4r ute, \u00e4ven om det fortfarande \u00e4r v\u00e4ldigt sk\u00e5nskt! N\u00e5got mindre traditionellt - eller kanske mycket mer, beroende p\u00e5 vem du fr\u00e5gar - \u00e4r de aktiviteter som finns i n\u00e4rheten av <a href=\"https:\/\/guide.zero-carbon-skane.org\/sv\/places\/northeast-the-lakelands\/kristianstad\/tollarp\/\" data-type=\"page\" data-id=\"168\">Tollarp mot sydv\u00e4st<\/a>, som rekommenderas till dem som har en l\u00e5ngvarig instinkt av att yla mot m\u00e5nen...<\/p>","protected":false},"excerpt":{"rendered":"<p>Det \u00e4r en turistbyr\u00e5klyscha att s\u00e4ga att en plats har \"n\u00e5got f\u00f6r alla\", men n\u00e4r det g\u00e4ller Kristianstad \u00e4r det ocks\u00e5 ett rimligt p\u00e5st\u00e5ende.<\/p>","protected":false},"author":1,"featured_media":916,"parent":57,"menu_order":0,"comment_status":"closed","ping_status":"closed","template":"","meta":{"footnotes":""},"categories":[],"tags":[],"class_list":["post-58","page","type-page","status-publish","has-post-thumbnail","hentry"],"jetpack_sharing_enabled":true,"_links":{"self":[{"href":"https:\/\/guide.zero-carbon-skane.org\/sv\/wp-json\/wp\/v2\/pages\/58","targetHints":{"allow":["GET"]}}],"collection":[{"href":"https:\/\/guide.zero-carbon-skane.org\/sv\/wp-json\/wp\/v2\/pages"}],"about":[{"href":"https:\/\/guide.zero-carbon-skane.org\/sv\/wp-json\/wp\/v2\/types\/page"}],"author":[{"embeddable":true,"href":"https:\/\/guide.zero-carbon-skane.org\/sv\/wp-json\/wp\/v2\/users\/1"}],"replies":[{"embeddable":true,"href":"https:\/\/guide.zero-carbon-skane.org\/sv\/wp-json\/wp\/v2\/comments?post=58"}],"version-history":[{"count":1,"href":"https:\/\/guide.zero-carbon-skane.org\/sv\/wp-json\/wp\/v2\/pages\/58\/revisions"}],"predecessor-version":[{"id":917,"href":"https:\/\/guide.zero-carbon-skane.org\/sv\/wp-json\/wp\/v2\/pages\/58\/revisions\/917"}],"up":[{"embeddable":true,"href":"https:\/\/guide.zero-carbon-skane.org\/sv\/wp-json\/wp\/v2\/pages\/57"}],"wp:featuredmedia":[{"embeddable":true,"href":"https:\/\/guide.zero-carbon-skane.org\/sv\/wp-json\/wp\/v2\/media\/916"}],"wp:attachment":[{"href":"https:\/\/guide.zero-carbon-skane.org\/sv\/wp-json\/wp\/v2\/media?parent=58"}],"wp:term":[{"taxonomy":"category","embeddable":true,"href":"https:\/\/guide.zero-carbon-skane.org\/sv\/wp-json\/wp\/v2\/categories?post=58"},{"taxonomy":"post_tag","embeddable":true,"href":"https:\/\/guide.zero-carbon-skane.org\/sv\/wp-json\/wp\/v2\/tags?post=58"}],"curies":[{"name":"wp","href":"https:\/\/api.w.org\/{rel}","templated":true}]}}