{"id":57,"date":"2022-08-16T10:32:17","date_gmt":"2022-08-16T10:32:17","guid":{"rendered":"https:\/\/guide.zero-carbon-skane.org\/index.php\/northeast-the-lakelands\/"},"modified":"2023-03-23T13:57:51","modified_gmt":"2023-03-23T13:57:51","slug":"northeast-the-lakelands","status":"publish","type":"page","link":"https:\/\/guide.zero-carbon-skane.org\/sv\/places\/northeast-the-lakelands\/","title":{"rendered":"Vattenriket"},"content":{"rendered":"<p>Att den nord\u00f6stra delen av Sk\u00e5ne har f\u00e5tt smeknamnet \"vattenriket\" \u00e4r inget mysterium: det finns visserligen andra platser i Sverige som har en st\u00f6rre t\u00e4thet av inlandsvatten, men det \u00e4r \u00e4nd\u00e5 h\u00e4r som de flesta sk\u00e5nska vattendragen finns.<\/p>\n\n\n\n<p>Regionen kretsar kring den karakt\u00e4ristiska (och \u00f6versv\u00e4mningshotade) staden <a href=\"https:\/\/guide.zero-carbon-skane.org\/sv\/places\/northeast-the-lakelands\/kristianstad\/\" data-type=\"page\" data-id=\"58\">Kristianstad<\/a>, \u00e5tminstone n\u00e4r det g\u00e4ller de aktiviteter som drivs av m\u00e4nniskan, med jordbruk och livsmedelsproduktion som den dominerande ekonomiska sektorn. Ett mer ekologiskt perspektiv skulle f\u00f6rmodligen i st\u00e4llet betona betydelsen av <a href=\"https:\/\/guide.zero-carbon-skane.org\/sv\/places\/northeast-the-lakelands\/helge-a\/\" data-type=\"page\" data-id=\"59\">Helge \u00e5<\/a>, Sk\u00e5nes l\u00e4ngsta flod, som \u00e4r full av vattenkraftverk men \u00e4nd\u00e5 farbar (f\u00f6r vissa typer av vattenfarkoster) fr\u00e5n n\u00e4stan s\u00e5 l\u00e5ngt norrut som <a href=\"https:\/\/guide.zero-carbon-skane.org\/sv\/places\/northeast-the-lakelands\/helge-a\/osby\/\" data-type=\"page\" data-id=\"155\">Osby<\/a>, ner genom Kristianstad och <a href=\"https:\/\/guide.zero-carbon-skane.org\/sv\/places\/northeast-the-lakelands\/kristianstad\/hammersjon\/\" data-type=\"page\" data-id=\"177\">Hammarsj\u00f6n<\/a>, och vidare till <a href=\"https:\/\/guide.zero-carbon-skane.org\/sv\/places\/northeast-the-lakelands\/ahus\/\" data-type=\"page\" data-id=\"60\">\u00c5hus<\/a> och den mytomspunna \"\u00e5lkusten\".<\/p>\n\n\n\n<p>Befolkningen h\u00e4r uppe \u00e4r p\u00e5 sina st\u00e4llen ganska gles, vilket inneb\u00e4r att transportn\u00e4tet ibland \u00e4r mer \"p\u00e5 beg\u00e4ran\" - se <a href=\"https:\/\/guide.zero-carbon-skane.org\/sv\/advice\/travel-mobility\/skane-in-the-palm-of-your-hand-the-mobil-transport-app\/\" data-type=\"page\" data-id=\"396\">v\u00e5r omfattande guide till att ta sig runt<\/a> f\u00f6r att ta reda p\u00e5 hur du tar dig dit du vill!<\/p>\n\n\n\n<div class=\"wp-block-group has-global-padding is-layout-constrained wp-container-core-group-is-layout-23b1a4dc wp-block-group-is-layout-constrained\" style=\"border-width:1px;border-radius:5px;padding-top:var(--wp--preset--spacing--30);padding-right:var(--wp--preset--spacing--30);padding-bottom:var(--wp--preset--spacing--30);padding-left:var(--wp--preset--spacing--30)\">\n<h4 class=\"has-text-align-center wp-block-heading\">Vill du veta mer?<\/h4>\n\n\n<div class=\"wp-block-oik-sb-children\"><ul class=\"wp-block-oik-sb-children\"><li class=\"page_item page-item-60 page_item_has_children\"><a href=\"https:\/\/guide.zero-carbon-skane.org\/sv\/places\/northeast-the-lakelands\/ahus\/\">\u00c5hus<\/a>\n<ul class='children'>\n\t<li class=\"page_item page-item-191\"><a href=\"https:\/\/guide.zero-carbon-skane.org\/sv\/places\/northeast-the-lakelands\/ahus\/fordragsstugan-the-ahus-treaty\/\">F\u00f6rdragsstugan: \u00c5husf\u00f6rdraget<\/a><\/li>\n<\/ul>\n<\/li>\n<li class=\"page_item page-item-153\"><a href=\"https:\/\/guide.zero-carbon-skane.org\/sv\/places\/northeast-the-lakelands\/bromolla\/\">Brom\u00f6lla<\/a><\/li>\n<li class=\"page_item page-item-59 page_item_has_children\"><a href=\"https:\/\/guide.zero-carbon-skane.org\/sv\/places\/northeast-the-lakelands\/helge-a\/\">Helge \u00e5<\/a>\n<ul class='children'>\n\t<li class=\"page_item page-item-155\"><a href=\"https:\/\/guide.zero-carbon-skane.org\/sv\/places\/northeast-the-lakelands\/helge-a\/osby\/\">Osby<\/a><\/li>\n<\/ul>\n<\/li>\n<li class=\"page_item page-item-58 page_item_has_children\"><a href=\"https:\/\/guide.zero-carbon-skane.org\/sv\/places\/northeast-the-lakelands\/kristianstad\/\">Kristianstad<\/a>\n<ul class='children'>\n\t<li class=\"page_item page-item-177\"><a href=\"https:\/\/guide.zero-carbon-skane.org\/sv\/places\/northeast-the-lakelands\/kristianstad\/hammersjon\/\">Hammersj\u00f6n<\/a><\/li>\n\t<li class=\"page_item page-item-168\"><a href=\"https:\/\/guide.zero-carbon-skane.org\/sv\/places\/northeast-the-lakelands\/kristianstad\/tollarp\/\">Tollarp<\/a><\/li>\n<\/ul>\n<\/li>\n<li class=\"page_item page-item-147\"><a href=\"https:\/\/guide.zero-carbon-skane.org\/sv\/places\/northeast-the-lakelands\/ostra-goinge\/\">\u00d6stra G\u00f6inge<\/a><\/li>\n<\/ul><\/div><\/div>","protected":false},"excerpt":{"rendered":"<p>Regionen kretsar kring den karakt\u00e4ristiska (och \u00f6versv\u00e4mningshotade) staden Kristianstad, \u00e5tminstone n\u00e4r det g\u00e4ller de aktiviteter som drivs av m\u00e4nniskan, med jordbruk och livsmedelsproduktion som den dominerande ekonomiska sektorn.<\/p>","protected":false},"author":1,"featured_media":932,"parent":85,"menu_order":0,"comment_status":"closed","ping_status":"closed","template":"","meta":{"footnotes":""},"categories":[],"tags":[],"class_list":["post-57","page","type-page","status-publish","has-post-thumbnail","hentry"],"jetpack_sharing_enabled":true,"_links":{"self":[{"href":"https:\/\/guide.zero-carbon-skane.org\/sv\/wp-json\/wp\/v2\/pages\/57","targetHints":{"allow":["GET"]}}],"collection":[{"href":"https:\/\/guide.zero-carbon-skane.org\/sv\/wp-json\/wp\/v2\/pages"}],"about":[{"href":"https:\/\/guide.zero-carbon-skane.org\/sv\/wp-json\/wp\/v2\/types\/page"}],"author":[{"embeddable":true,"href":"https:\/\/guide.zero-carbon-skane.org\/sv\/wp-json\/wp\/v2\/users\/1"}],"replies":[{"embeddable":true,"href":"https:\/\/guide.zero-carbon-skane.org\/sv\/wp-json\/wp\/v2\/comments?post=57"}],"version-history":[{"count":3,"href":"https:\/\/guide.zero-carbon-skane.org\/sv\/wp-json\/wp\/v2\/pages\/57\/revisions"}],"predecessor-version":[{"id":933,"href":"https:\/\/guide.zero-carbon-skane.org\/sv\/wp-json\/wp\/v2\/pages\/57\/revisions\/933"}],"up":[{"embeddable":true,"href":"https:\/\/guide.zero-carbon-skane.org\/sv\/wp-json\/wp\/v2\/pages\/85"}],"wp:featuredmedia":[{"embeddable":true,"href":"https:\/\/guide.zero-carbon-skane.org\/sv\/wp-json\/wp\/v2\/media\/932"}],"wp:attachment":[{"href":"https:\/\/guide.zero-carbon-skane.org\/sv\/wp-json\/wp\/v2\/media?parent=57"}],"wp:term":[{"taxonomy":"category","embeddable":true,"href":"https:\/\/guide.zero-carbon-skane.org\/sv\/wp-json\/wp\/v2\/categories?post=57"},{"taxonomy":"post_tag","embeddable":true,"href":"https:\/\/guide.zero-carbon-skane.org\/sv\/wp-json\/wp\/v2\/tags?post=57"}],"curies":[{"name":"wp","href":"https:\/\/api.w.org\/{rel}","templated":true}]}}