{"id":55,"date":"2022-08-16T10:32:16","date_gmt":"2022-08-16T10:32:16","guid":{"rendered":"https:\/\/guide.zero-carbon-skane.org\/index.php\/central-heartlands\/hassleholm\/"},"modified":"2023-03-23T11:18:54","modified_gmt":"2023-03-23T11:18:54","slug":"hassleholm","status":"publish","type":"page","link":"https:\/\/guide.zero-carbon-skane.org\/sv\/places\/central-heartlands\/hassleholm\/","title":{"rendered":"H\u00e4ssleholm"},"content":{"rendered":"<p>H\u00e4ssleholm ligger i det nord\u00f6stra h\u00f6rnet av <a href=\"https:\/\/guide.zero-carbon-skane.org\/sv\/places\/central-heartlands\/\" data-type=\"page\" data-id=\"50\">det sk\u00e5nska k\u00e4rnlandet<\/a>, och \u00e4r den st\u00f6rsta staden i regionen. Den <em>kommun<\/em> som den delar namn med \u00e4r den n\u00e4st st\u00f6rsta i l\u00e4net och str\u00e4cker sig hela v\u00e4gen norrut till gr\u00e4nsen mot Kronobergs l\u00e4n. <\/p>\n\n\n\n<p>Staden bildades runt j\u00e4rnv\u00e4gsstationen, d\u00e4r ett antal olika linjer m\u00f6ttes under j\u00e4rnv\u00e4gsboomen i slutet av 1800-talet. De flesta av de lokala linjerna f\u00f6rsvann under den senare h\u00e4lften av 1900-talet, men vissa har p\u00e5 senare tid ersatts med snabbsp\u00e5rv\u00e4gsf\u00f6rbindelser, och den l\u00e5ngvariga f\u00f6rbindelsen till <a href=\"https:\/\/guide.zero-carbon-skane.org\/sv\/places\/northeast-the-lakelands\/kristianstad\/\" data-type=\"page\" data-id=\"58\">Kristianstad<\/a> har nyligen f\u00e5tt dubbelsp\u00e5r. Men andan av \"j\u00e4rnv\u00e4gen\" har alltid varit stark i H\u00e4ssleholm, vilket bevisas av dess l\u00e5ngvariga modellj\u00e4rnv\u00e4gsf\u00f6rening, som uppr\u00e4tth\u00e5ller en av de st\u00f6rsta fungerande modellerna i landet.<\/p>\n\n\n\n<p>H\u00e4ssleholm \u00e4r fortfarande en viktig knutpunkt f\u00f6r resor, b\u00e5de lokalt och nationellt, men har ocks\u00e5 pr\u00e4glats av sin tid som garnisonsstad under 1900-talet och fram\u00e5t; detta kan ses i den milit\u00e4ra inriktningen p\u00e5 utst\u00e4llningsf\u00f6rem\u00e5len i stadsmuseet. Det \u00e5terspeglas ocks\u00e5 i den lokala f\u00f6rekomsten av <a href=\"https:\/\/guide.zero-carbon-skane.org\/sv\/advice\/travel-mobility\/camo-washing-civilforsvarsfordonen-on-skanes-roads\/\" data-type=\"page\" data-id=\"315\">s\u00e5 kallad \"kamouflagetv\u00e4tt\"<\/a>, med ett ovanligt stort antal lokala fordon som registrerats genom kryph\u00e5l som <em>civilf\u00f6rsvarsfordon<\/em> ...<\/p>\n\n\n\n<p>H\u00e4ssleholm \u00e4r en l\u00e4mplig bas f\u00f6r att utforska <a href=\"https:\/\/guide.zero-carbon-skane.org\/sv\/activities\/sightseeing\/village-people-the-oddball-highlights-of-rural-skane\/\" data-type=\"page\" data-id=\"257\">de dolda byarna i K\u00e4rnlandet<\/a>, s\u00e4rskilt om du g\u00f6r det som en del av ett st\u00f6rre j\u00e4rnv\u00e4gs\u00e4ventyr runt hela Sverige. Det \u00e4r s\u00e4rskilt n\u00e4ra till <a href=\"https:\/\/guide.zero-carbon-skane.org\/sv\/places\/central-heartlands\/hassleholm\/the-end-of-the-road-porrarp-preppers-paradise\/\" data-type=\"page\" data-id=\"241\">\"Preppersg\u00f6mman\" i Porrarp<\/a>, eller s\u00e5 kan du \u00e5ka norrut mot <a href=\"https:\/\/guide.zero-carbon-skane.org\/sv\/places\/central-heartlands\/hassleholm\/bjarnum\/\" data-type=\"page\" data-id=\"252\">Bj\u00e4rnum<\/a> p\u00e5 v\u00e4g till <a href=\"https:\/\/guide.zero-carbon-skane.org\/sv\/places\/central-heartlands\/hassleholm\/bjarnum\/vanville-where-vanlife-ran-out-of-gas\/\" data-type=\"page\" data-id=\"254\">Vanville<\/a>.<\/p>","protected":false},"excerpt":{"rendered":"<p>H\u00e4ssleholm stands at the northeastern corner of the Sk\u00e5nian Heartlands, and is the largest town in the region. The kommun with which it shares a name is the second largest in the county, and stretches all the way north to the border with Kronoberg county. The town formed around the railway station, where a number [&hellip;]<\/p>\n","protected":false},"author":1,"featured_media":615,"parent":50,"menu_order":0,"comment_status":"closed","ping_status":"closed","template":"","meta":{"footnotes":""},"categories":[],"tags":[],"class_list":["post-55","page","type-page","status-publish","has-post-thumbnail","hentry"],"jetpack_sharing_enabled":true,"_links":{"self":[{"href":"https:\/\/guide.zero-carbon-skane.org\/sv\/wp-json\/wp\/v2\/pages\/55","targetHints":{"allow":["GET"]}}],"collection":[{"href":"https:\/\/guide.zero-carbon-skane.org\/sv\/wp-json\/wp\/v2\/pages"}],"about":[{"href":"https:\/\/guide.zero-carbon-skane.org\/sv\/wp-json\/wp\/v2\/types\/page"}],"author":[{"embeddable":true,"href":"https:\/\/guide.zero-carbon-skane.org\/sv\/wp-json\/wp\/v2\/users\/1"}],"replies":[{"embeddable":true,"href":"https:\/\/guide.zero-carbon-skane.org\/sv\/wp-json\/wp\/v2\/comments?post=55"}],"version-history":[{"count":4,"href":"https:\/\/guide.zero-carbon-skane.org\/sv\/wp-json\/wp\/v2\/pages\/55\/revisions"}],"predecessor-version":[{"id":905,"href":"https:\/\/guide.zero-carbon-skane.org\/sv\/wp-json\/wp\/v2\/pages\/55\/revisions\/905"}],"up":[{"embeddable":true,"href":"https:\/\/guide.zero-carbon-skane.org\/sv\/wp-json\/wp\/v2\/pages\/50"}],"wp:featuredmedia":[{"embeddable":true,"href":"https:\/\/guide.zero-carbon-skane.org\/sv\/wp-json\/wp\/v2\/media\/615"}],"wp:attachment":[{"href":"https:\/\/guide.zero-carbon-skane.org\/sv\/wp-json\/wp\/v2\/media?parent=55"}],"wp:term":[{"taxonomy":"category","embeddable":true,"href":"https:\/\/guide.zero-carbon-skane.org\/sv\/wp-json\/wp\/v2\/categories?post=55"},{"taxonomy":"post_tag","embeddable":true,"href":"https:\/\/guide.zero-carbon-skane.org\/sv\/wp-json\/wp\/v2\/tags?post=55"}],"curies":[{"name":"wp","href":"https:\/\/api.w.org\/{rel}","templated":true}]}}