{"id":54,"date":"2022-08-16T10:32:15","date_gmt":"2022-08-16T10:32:15","guid":{"rendered":"https:\/\/guide.zero-carbon-skane.org\/index.php\/central-heartlands\/ringsjon\/horby\/"},"modified":"2023-03-16T13:15:50","modified_gmt":"2023-03-16T13:15:50","slug":"horby","status":"publish","type":"page","link":"https:\/\/guide.zero-carbon-skane.org\/sv\/places\/central-heartlands\/ringsjon\/horby\/","title":{"rendered":"H\u00f6rby"},"content":{"rendered":"<p>Staden H\u00f6rby ligger \u00f6ster om tvillingsj\u00f6arna <a href=\"https:\/\/guide.zero-carbon-skane.org\/sv\/places\/central-heartlands\/ringsjon\/\" data-type=\"page\" data-id=\"52\">Ringsj\u00f6n<\/a>, och vars <em>kommun<\/em> som den delar namn med sprider d\u00e4rifr\u00e5n ut sig i norr, s\u00f6der och \u00f6ster: i den s\u00f6dra halvan ser landskapet mer ut som jordbrukslandskapet i de s\u00f6dra regionerna, medan den norra halvan tenderar mer mot de skuggiga, lugna skogarna i K\u00e4rnlandet. Om du \u00e4r ute efter att utforska <a href=\"https:\/\/guide.zero-carbon-skane.org\/sv\/activities\/sightseeing\/village-people-the-oddball-highlights-of-rural-skane\/\" data-type=\"page\" data-id=\"257\">de hemliga(re) byarna i mellersta Sk\u00e5ne<\/a>, s\u00e5 \u00e4r det klokt att utg\u00e5 fr\u00e5n H\u00f6rby - ett val som ger dig betryggande n\u00e4rhet till <a href=\"https:\/\/guide.zero-carbon-skane.org\/sv\/places\/southeast-the-slow-coast\/\" data-type=\"page\" data-id=\"34\">den l\u00e5ngsamma kustens asketism och progressiva v\u00e4rderingar<\/a>.<\/p>\n\n\n\n<p>H\u00f6rby stad \u00e4r ganska charmig i sig sj\u00e4lv, men ingen skulle anklaga den f\u00f6r att vara en feststad eller en akademisk samlingsplats. Men om du gillar att fika p\u00e5 mysiga kaf\u00e9er eller att sitta p\u00e5 en b\u00e4nk och mata \u00e4nder n\u00e4ra ett mycket litet slott - vilket egentligen \u00e4r mer av en herrg\u00e5rd med ett litet torn, men l\u00e5t inte lokalbefolkningen h\u00f6ra dig s\u00e4ga det - kanske du tycker att det \u00e4r precis r\u00e4tt plats f\u00f6r dig.<\/p>","protected":false},"excerpt":{"rendered":"<p>The town of H\u00f6rby lies east of the twin lakes of Ringsj\u00f6n, and the kommun with which it shares its name spreads north and south and east from there: in the southern half, the landscape looks more like the agricultural set-up of the southern regions, while the northern half trend more toward the shady, quiet [&hellip;]<\/p>\n","protected":false},"author":1,"featured_media":863,"parent":52,"menu_order":0,"comment_status":"closed","ping_status":"closed","template":"","meta":{"footnotes":""},"categories":[],"tags":[],"class_list":["post-54","page","type-page","status-publish","has-post-thumbnail","hentry"],"jetpack_sharing_enabled":true,"_links":{"self":[{"href":"https:\/\/guide.zero-carbon-skane.org\/sv\/wp-json\/wp\/v2\/pages\/54","targetHints":{"allow":["GET"]}}],"collection":[{"href":"https:\/\/guide.zero-carbon-skane.org\/sv\/wp-json\/wp\/v2\/pages"}],"about":[{"href":"https:\/\/guide.zero-carbon-skane.org\/sv\/wp-json\/wp\/v2\/types\/page"}],"author":[{"embeddable":true,"href":"https:\/\/guide.zero-carbon-skane.org\/sv\/wp-json\/wp\/v2\/users\/1"}],"replies":[{"embeddable":true,"href":"https:\/\/guide.zero-carbon-skane.org\/sv\/wp-json\/wp\/v2\/comments?post=54"}],"version-history":[{"count":2,"href":"https:\/\/guide.zero-carbon-skane.org\/sv\/wp-json\/wp\/v2\/pages\/54\/revisions"}],"predecessor-version":[{"id":865,"href":"https:\/\/guide.zero-carbon-skane.org\/sv\/wp-json\/wp\/v2\/pages\/54\/revisions\/865"}],"up":[{"embeddable":true,"href":"https:\/\/guide.zero-carbon-skane.org\/sv\/wp-json\/wp\/v2\/pages\/52"}],"wp:featuredmedia":[{"embeddable":true,"href":"https:\/\/guide.zero-carbon-skane.org\/sv\/wp-json\/wp\/v2\/media\/863"}],"wp:attachment":[{"href":"https:\/\/guide.zero-carbon-skane.org\/sv\/wp-json\/wp\/v2\/media?parent=54"}],"wp:term":[{"taxonomy":"category","embeddable":true,"href":"https:\/\/guide.zero-carbon-skane.org\/sv\/wp-json\/wp\/v2\/categories?post=54"},{"taxonomy":"post_tag","embeddable":true,"href":"https:\/\/guide.zero-carbon-skane.org\/sv\/wp-json\/wp\/v2\/tags?post=54"}],"curies":[{"name":"wp","href":"https:\/\/api.w.org\/{rel}","templated":true}]}}