{"id":53,"date":"2022-08-16T10:32:14","date_gmt":"2022-08-16T10:32:14","guid":{"rendered":"https:\/\/guide.zero-carbon-skane.org\/index.php\/central-heartlands\/ringsjon\/hoor\/"},"modified":"2023-03-16T12:55:53","modified_gmt":"2023-03-16T12:55:53","slug":"hoor","status":"publish","type":"page","link":"https:\/\/guide.zero-carbon-skane.org\/sv\/places\/central-heartlands\/ringsjon\/hoor\/","title":{"rendered":"H\u00f6\u00f6r"},"content":{"rendered":"<p>H\u00f6\u00f6r \u00e4r hj\u00e4rtat av <a href=\"https:\/\/guide.zero-carbon-skane.org\/sv\/places\/central-heartlands\/\" data-type=\"page\" data-id=\"50\">Sk\u00e5nes K\u00e4rnland<\/a>. Bel\u00e4get norr om <a href=\"https:\/\/guide.zero-carbon-skane.org\/sv\/places\/central-heartlands\/ringsjon\/\" data-type=\"page\" data-id=\"52\">Ringsj\u00f6n<\/a>, finner du h\u00e4r en lugn landsbygdsort som faller m\u00e5nga av dess inv\u00e5nare perfekt i smaken. Den <em>kommun<\/em> som ocks\u00e5 b\u00e4r dess namn str\u00e4cker sig s\u00f6derut, l\u00e4ngs och bortom landremsan mellan sj\u00f6arna, och breder ut sig norrut i stora omr\u00e5den med brukad skog.<\/p>\n\n\n\n<p>I sj\u00e4lva verket har H\u00f6\u00f6r inte mycket att erbjuda den tillf\u00e4llige bes\u00f6karen, men p\u00e5 de lokala pensionaten och vandrarhemmen kan du \u00f6vernatta medan du utforskar de omgivande skogarna; h\u00e4r \u00e4r en av de m\u00f6jliga utg\u00e5ngspunkterna fr\u00e5n vilken du kan utforska <a href=\"https:\/\/guide.zero-carbon-skane.org\/sv\/activities\/sightseeing\/village-people-the-oddball-highlights-of-rural-skane\/\" data-type=\"page\" data-id=\"257\">de mer hemlighetsfulla byarna i K\u00e4rnlandet<\/a>. <\/p>\n\n\n\n<p>Men se till att boka i god tid - f\u00f6r <a href=\"https:\/\/guide.zero-carbon-skane.org\/sv\/places\/central-heartlands\/ringsjon\/hoor\/permaculture-ground-zero-holma-terrestrial-center\/\" data-type=\"page\" data-id=\"412\">n\u00e4r det \u00e4r ett stort evenemang p\u00e5 Holma Terrestrial Center i norra utkanten av staden<\/a>, har du tur om du kan hyra en gr\u00e4spl\u00e4tt f\u00f6r att sl\u00e5 upp ett t\u00e4lt.<\/p>","protected":false},"excerpt":{"rendered":"<p>I sj\u00e4lva verket har H\u00f6\u00f6r inte mycket att erbjuda den tillf\u00e4llige bes\u00f6karen, men p\u00e5 de lokala pensionaten och vandrarhemmen kan du \u00f6vernatta medan du utforskar de omgivande skogarna; detta \u00e4r en av de m\u00f6jliga utg\u00e5ngspunkterna fr\u00e5n vilken du kan utforska<\/p>","protected":false},"author":1,"featured_media":860,"parent":52,"menu_order":0,"comment_status":"closed","ping_status":"closed","template":"","meta":{"footnotes":""},"categories":[],"tags":[],"class_list":["post-53","page","type-page","status-publish","has-post-thumbnail","hentry"],"jetpack_sharing_enabled":true,"_links":{"self":[{"href":"https:\/\/guide.zero-carbon-skane.org\/sv\/wp-json\/wp\/v2\/pages\/53","targetHints":{"allow":["GET"]}}],"collection":[{"href":"https:\/\/guide.zero-carbon-skane.org\/sv\/wp-json\/wp\/v2\/pages"}],"about":[{"href":"https:\/\/guide.zero-carbon-skane.org\/sv\/wp-json\/wp\/v2\/types\/page"}],"author":[{"embeddable":true,"href":"https:\/\/guide.zero-carbon-skane.org\/sv\/wp-json\/wp\/v2\/users\/1"}],"replies":[{"embeddable":true,"href":"https:\/\/guide.zero-carbon-skane.org\/sv\/wp-json\/wp\/v2\/comments?post=53"}],"version-history":[{"count":1,"href":"https:\/\/guide.zero-carbon-skane.org\/sv\/wp-json\/wp\/v2\/pages\/53\/revisions"}],"predecessor-version":[{"id":861,"href":"https:\/\/guide.zero-carbon-skane.org\/sv\/wp-json\/wp\/v2\/pages\/53\/revisions\/861"}],"up":[{"embeddable":true,"href":"https:\/\/guide.zero-carbon-skane.org\/sv\/wp-json\/wp\/v2\/pages\/52"}],"wp:featuredmedia":[{"embeddable":true,"href":"https:\/\/guide.zero-carbon-skane.org\/sv\/wp-json\/wp\/v2\/media\/860"}],"wp:attachment":[{"href":"https:\/\/guide.zero-carbon-skane.org\/sv\/wp-json\/wp\/v2\/media?parent=53"}],"wp:term":[{"taxonomy":"category","embeddable":true,"href":"https:\/\/guide.zero-carbon-skane.org\/sv\/wp-json\/wp\/v2\/categories?post=53"},{"taxonomy":"post_tag","embeddable":true,"href":"https:\/\/guide.zero-carbon-skane.org\/sv\/wp-json\/wp\/v2\/tags?post=53"}],"curies":[{"name":"wp","href":"https:\/\/api.w.org\/{rel}","templated":true}]}}