{"id":520,"date":"2023-01-24T13:40:07","date_gmt":"2023-01-24T13:40:07","guid":{"rendered":"https:\/\/guide.zero-carbon-skane.org\/colibri-wp\/"},"modified":"2023-02-21T13:53:39","modified_gmt":"2023-02-21T13:53:39","slug":"colibri-wp","status":"publish","type":"page","link":"https:\/\/guide.zero-carbon-skane.org\/sv\/","title":{"rendered":"Hem"},"content":{"rendered":"<p>Sk\u00e5ne \u00e4r det sydligaste l\u00e4net i Sverige och ligger bara ett stenkast fr\u00e5n Danmarks huvudstad K\u00f6penhamn. Och ifall det \u00e4r bilder av berg och sn\u00f6 du f\u00e5r upp i huvudet n\u00e4r du t\u00e4nker p\u00e5 Sverige, s\u00e5 \u00e4r inte det fel... men det \u00e4r inte Sk\u00e5ne! Regionen blev, efter att istidens glaci\u00e4rer l\u00e5ngsamt drog sig tillbaka, v\u00e4lsignat med b\u00f6rdiga jordbruksmarker som gjorde Sk\u00e5ne till ett regionalt skafferi i \u00e5rhundraden (d\u00e4remot inte alltid f\u00f6r Sverige, d\u00e5 den svenska kronan l\u00e4nge k\u00e4mpade mot den danska om kontrollen av denna strategiska och ekonomiska region i en tvist som formellt l\u00f6stes f\u00f6rst 1720).<\/p>\n\n\n\n<div class=\"wp-block-group alignfull has-global-padding is-layout-constrained wp-container-core-group-is-layout-ebe15cfa wp-block-group-is-layout-constrained\">\n<figure class=\"wp-block-image size-full\"><img decoding=\"async\" src=\"https:\/\/guide.zero-carbon-skane.org\/wp-content\/uploads\/2023\/10\/clickable-pretty-map-REGION-names-v2-SWE-650px.png\" alt=\"\" class=\"wp-image-657\" usemap=\"#image-map\"\/>\n\n<map name=\"image-map\">\n    <area target=\"\" alt=\"Northwest\" title=\"Nordv\u00e4st\" href=\"https:\/\/guide.zero-carbon-skane.org\/northwest\/\" coords=\"1,0,342,2,342,195,278,199,251,336,0,334,2,33\" shape=\"poly\">\n    <area target=\"\" alt=\"Lakelands\" title=\"Vattenriket\" href=\"https:\/\/guide.zero-carbon-skane.org\/northeast-the-lakelands\/\" coords=\"649,2,344,0,344,196,407,196,419,372,649,371\" shape=\"poly\">\n    <area target=\"\" alt=\"Metrozone\" title=\"Storstadsregionen\" href=\"https:\/\/guide.zero-carbon-skane.org\/southwest-metropolitan-zone\/\" coords=\"0,337,250,338,238,401,320,402,320,649,0,649\" shape=\"poly\">\n    <area target=\"\" alt=\"Slow Coast\" title=\"Lugna kusten\" href=\"https:\/\/guide.zero-carbon-skane.org\/southeast-the-slow-coast\/\" coords=\"648,649,649,375,419,375,419,402,323,401,323,649\" shape=\"poly\">\n    <area target=\"\" alt=\"Heartlands\" title=\"K\u00e4rnlandet\" href=\"https:\/\/guide.zero-carbon-skane.org\/central-heartlands\/\" coords=\"280,200,405,198,417,398,241,399\" shape=\"poly\">\n<\/map><\/figure>\n<\/div>\n\n\n\n<p>Det finns allts\u00e5 inga berg - knappt ens n\u00e5gra kullar - och sn\u00f6 \u00e4r v\u00e4ldigt s\u00e4llsynt. Men \u00e4ven om Sk\u00e5ne kanske saknar flera svenska stereotyper, finns h\u00e4r m\u00e5nga trevliga \u00f6verraskningar p\u00e5 lager. <a href=\"https:\/\/guide.zero-carbon-skane.org\/sv\/places\/southeast-the-slow-coast\/the-slow-coast\/\" data-type=\"page\" data-id=\"36\">L\u00e5nga kritvita sandstr\u00e4nder<\/a>? Check! <a href=\"https:\/\/guide.zero-carbon-skane.org\/sv\/places\/northwest\/bastad\/bjarehalvon\/\" data-type=\"page\" data-id=\"215\">Dramatiskt klippiga kustlinjer<\/a>, med inslag av <a href=\"https:\/\/guide.zero-carbon-skane.org\/sv\/advice\/coastal-crime-smuggling-and-piracy-in-skane\/\" data-type=\"page\" data-id=\"416\">illegal handel<\/a>? Jajam\u00e4n. <a href=\"https:\/\/guide.zero-carbon-skane.org\/sv\/advice\/solar-camping-puts-open-fields-in-the-shade\/\" data-type=\"page\" data-id=\"444\">B\u00f6ljande \u00e5kermarker<\/a>, med romantiska gamla kyrkor, sj\u00f6ar, v\u00e5tmarker och skogar? Det kan du ge dig p\u00e5! Och f\u00f6r dem som vill ha storstadspuls finns det alltid <a href=\"https:\/\/guide.zero-carbon-skane.org\/sv\/places\/southwest-metropolitan-zone\/\" data-type=\"page\" data-id=\"7\">Storstadsregionen i sydv\u00e4st<\/a>, med <a href=\"https:\/\/guide.zero-carbon-skane.org\/sv\/places\/southwest-metropolitan-zone\/lund\/\" data-type=\"page\" data-id=\"18\">den h\u00f6gaktade universitetsstaden Lund<\/a> och <a href=\"https:\/\/guide.zero-carbon-skane.org\/sv\/places\/southwest-metropolitan-zone\/greater-malmo\/\" data-type=\"page\" data-id=\"8\">den livliga postindustriella hamnen i Malm\u00f6<\/a>.<\/p>\n\n\n\n<p>Sk\u00e5ne har - precis som Sverige och v\u00e4rlden i stort - f\u00f6r\u00e4ndrats en hel del under den f\u00f6rsta halvan av 2000-talet. M\u00e5nga av dessa f\u00f6r\u00e4ndringar kan tillskrivas Sveriges omfattande anstr\u00e4ngningar f\u00f6r att n\u00e5 sina m\u00e5l i att minska sina koldioxidutsl\u00e4pp som sattes f\u00f6r \u00f6ver tre decennier sedan, \u00e5r 2017. S\u00e5 \u00e4ven om den h\u00e4r guiden kommer att vara anv\u00e4ndbar f\u00f6r dig som har turen att kunna <a href=\"https:\/\/guide.zero-carbon-skane.org\/sv\/advice\/travel-mobility\/international-arrivals\/\">resa f\u00f6r n\u00f6jes skull<\/a>, \u00e4r den ocks\u00e5 avsedd att hj\u00e4lpa <a href=\"https:\/\/guide.zero-carbon-skane.org\/sv\/advice\/travel-mobility\/valkomna-till-svalorna-travel-tips-for-seasonal-migrants\/\">de vars bes\u00f6k styrs mer av n\u00f6dv\u00e4ndighet och omst\u00e4ndigheter<\/a>, liksom de som kanske \u00e5terv\u00e4nder efter en l\u00e5ng tid p\u00e5 annat h\u00e5ll.<\/p>\n\n\n\n<p>S\u00e5, oberoende vad du beh\u00f6ver veta, s\u00e5som <a href=\"https:\/\/guide.zero-carbon-skane.org\/sv\/activities\/eating-drinking\/\">vart man kan f\u00e5 en god m\u00e5ltid<\/a>, var man ska bo, eller till och med <a href=\"https:\/\/guide.zero-carbon-skane.org\/sv\/advice\/notes-for-newmads-information-for-sevilla-card-holders\/\" data-type=\"URL\" data-id=\"https:\/\/guide.zero-carbon-skane.org\/advice\/notes-for-newmads-information-for-sevilla-card-holders\/\">var man hittar jobb<\/a>, s\u00e5 kommer Rough Planets guide till ett fossilfritt Sk\u00e5ne 2050 att hj\u00e4lpa dig!<\/p>\n\n\n<div class=\"wp-block-oik-sb-children\"><ul class=\"wp-block-oik-sb-children\"><\/ul><\/div>","protected":false},"excerpt":{"rendered":"<p>Sk\u00e5ne is the southernmost county in Sweden, right next door to the Danish capital of Copenhagen. If the image you have in your head when you think of Sweden is one that involves snow and mountains, well, that&#8217;s not inaccurate&#8230; but it&#8217;s not Sk\u00e5ne! Blessed with the best agricultural soils after the slow retreat of [&hellip;]<\/p>\n","protected":false},"author":1,"featured_media":0,"parent":0,"menu_order":0,"comment_status":"closed","ping_status":"closed","template":"","meta":{"footnotes":""},"categories":[],"tags":[],"class_list":["post-520","page","type-page","status-publish","hentry"],"jetpack_sharing_enabled":true,"_links":{"self":[{"href":"https:\/\/guide.zero-carbon-skane.org\/sv\/wp-json\/wp\/v2\/pages\/520","targetHints":{"allow":["GET"]}}],"collection":[{"href":"https:\/\/guide.zero-carbon-skane.org\/sv\/wp-json\/wp\/v2\/pages"}],"about":[{"href":"https:\/\/guide.zero-carbon-skane.org\/sv\/wp-json\/wp\/v2\/types\/page"}],"author":[{"embeddable":true,"href":"https:\/\/guide.zero-carbon-skane.org\/sv\/wp-json\/wp\/v2\/users\/1"}],"replies":[{"embeddable":true,"href":"https:\/\/guide.zero-carbon-skane.org\/sv\/wp-json\/wp\/v2\/comments?post=520"}],"version-history":[{"count":8,"href":"https:\/\/guide.zero-carbon-skane.org\/sv\/wp-json\/wp\/v2\/pages\/520\/revisions"}],"predecessor-version":[{"id":664,"href":"https:\/\/guide.zero-carbon-skane.org\/sv\/wp-json\/wp\/v2\/pages\/520\/revisions\/664"}],"wp:attachment":[{"href":"https:\/\/guide.zero-carbon-skane.org\/sv\/wp-json\/wp\/v2\/media?parent=520"}],"wp:term":[{"taxonomy":"category","embeddable":true,"href":"https:\/\/guide.zero-carbon-skane.org\/sv\/wp-json\/wp\/v2\/categories?post=520"},{"taxonomy":"post_tag","embeddable":true,"href":"https:\/\/guide.zero-carbon-skane.org\/sv\/wp-json\/wp\/v2\/tags?post=520"}],"curies":[{"name":"wp","href":"https:\/\/api.w.org\/{rel}","templated":true}]}}