{"id":52,"date":"2022-08-16T10:32:13","date_gmt":"2022-08-16T10:32:13","guid":{"rendered":"https:\/\/guide.zero-carbon-skane.org\/index.php\/central-heartlands\/ringsjon\/"},"modified":"2023-03-16T13:46:19","modified_gmt":"2023-03-16T13:46:19","slug":"ringsjon","status":"publish","type":"page","link":"https:\/\/guide.zero-carbon-skane.org\/sv\/places\/central-heartlands\/ringsjon\/","title":{"rendered":"Ringsj\u00f6n"},"content":{"rendered":"<p>Ringsj\u00f6n \u00e4r en sj\u00f6 best\u00e5ende av tv\u00e5 halvor, bel\u00e4gen i den nedre halvan av <a href=\"https:\/\/guide.zero-carbon-skane.org\/sv\/places\/central-heartlands\/\" data-type=\"page\" data-id=\"50\">Sk\u00e5nes k\u00e4rnland<\/a>, med <a href=\"https:\/\/guide.zero-carbon-skane.org\/sv\/places\/central-heartlands\/ringsjon\/hoor\/\" data-type=\"page\" data-id=\"53\">H\u00f6\u00f6r<\/a> i norr och <a href=\"https:\/\/guide.zero-carbon-skane.org\/sv\/places\/central-heartlands\/ringsjon\/horby\/\" data-type=\"page\" data-id=\"54\">H\u00f6rby<\/a> i \u00f6ster om sin st\u00f6rre, \u00f6stra halva.<\/p>\n\n\n\n<p>Ringsj\u00f6n skadades sv\u00e5rt av avrinning fr\u00e5n jordbruket under den senare h\u00e4lften av 1900-talet och b\u00f6rjan av 2000-talet, med skenande algblomning p\u00e5 sommaren som bara ett av m\u00e5nga problem. Bortsett fr\u00e5n dess roll som reservk\u00e4lla f\u00f6r f\u00e4rskvatten till st\u00e4derna i v\u00e4ster och s\u00f6der, orsakade den kemiska obalansen i vattnet - och d\u00e4rmed de obalanserade fiskpopulationerna - fruktansv\u00e4rda skador p\u00e5 ett unikt ekosystem*. \u00c4ven om saker och ting \u00e4nnu \u00e4r l\u00e5ngt ifr\u00e5n helt \u00e5tg\u00e4rdade, har m\u00e5nga f\u00f6rb\u00e4ttringar skett i takt med att Sveriges jordbruksmetoder har f\u00f6r\u00e4ndrats bort fr\u00e5n industrialiserade monokulturella metoder.<\/p>\n\n\n\n<p>Detta \u00e4r kanske inget som du l\u00e4gger m\u00e4rke till, eller intresserar dig f\u00f6r, om du promenerar eller cyklar runt Ringsj\u00f6ns fridfulla str\u00e4nder (och det borde du verkligen g\u00f6ra). Med detta sagt kan sportfiskare h\u00e5lla ett \u00f6ga p\u00e5 den regionala webbplatsen som listar vinstpengar p\u00e5 s\u00e4rskilda fiskarter: inte minst f\u00e5r du \u00e4gna dig \u00e5t din favorithobby, du f\u00e5r \u00e4ven hj\u00e4lpa till att \u00e5terst\u00e4lla ett ekosystem och kanske till och med tj\u00e4na lite \u00f6lpengar.<\/p>\n\n\n\n<hr class=\"wp-block-separator has-alpha-channel-opacity\"\/>\n\n\n\n<p><small>* Icke desto mindre, <a href=\"https:\/\/guide.zero-carbon-skane.org\/sv\/advice\/vad-ar-det-for-vatten-drinking-water-in-skane\/\" data-type=\"page\" data-id=\"420\">vi vill understryka att inget av detta utg\u00f6r n\u00e5gon risk n\u00e4r det g\u00e4ller att dricka kranvatten i Sk\u00e5ne<\/a>; p\u00e5 samma s\u00e4tt \u00e4r det mycket osannolikt att Ringsj\u00f6ns vatten g\u00f6r n\u00e5gon st\u00f6rre skada om du dricker det direkt, men vi har h\u00f6rt att det inte \u00e4r n\u00e5gon njutbar upplevelse, s\u00e5 fyll en flaska att ta med dig, va?<\/small><\/p>","protected":false},"excerpt":{"rendered":"<p>I ett land fullt av sj\u00f6ar \u00e4r Ringsj\u00f6n en s\u00e4rskilt vacker s\u00e5dan.<\/p>","protected":false},"author":1,"featured_media":607,"parent":50,"menu_order":0,"comment_status":"closed","ping_status":"closed","template":"","meta":{"footnotes":""},"categories":[],"tags":[],"class_list":["post-52","page","type-page","status-publish","has-post-thumbnail","hentry"],"jetpack_sharing_enabled":true,"_links":{"self":[{"href":"https:\/\/guide.zero-carbon-skane.org\/sv\/wp-json\/wp\/v2\/pages\/52","targetHints":{"allow":["GET"]}}],"collection":[{"href":"https:\/\/guide.zero-carbon-skane.org\/sv\/wp-json\/wp\/v2\/pages"}],"about":[{"href":"https:\/\/guide.zero-carbon-skane.org\/sv\/wp-json\/wp\/v2\/types\/page"}],"author":[{"embeddable":true,"href":"https:\/\/guide.zero-carbon-skane.org\/sv\/wp-json\/wp\/v2\/users\/1"}],"replies":[{"embeddable":true,"href":"https:\/\/guide.zero-carbon-skane.org\/sv\/wp-json\/wp\/v2\/comments?post=52"}],"version-history":[{"count":2,"href":"https:\/\/guide.zero-carbon-skane.org\/sv\/wp-json\/wp\/v2\/pages\/52\/revisions"}],"predecessor-version":[{"id":867,"href":"https:\/\/guide.zero-carbon-skane.org\/sv\/wp-json\/wp\/v2\/pages\/52\/revisions\/867"}],"up":[{"embeddable":true,"href":"https:\/\/guide.zero-carbon-skane.org\/sv\/wp-json\/wp\/v2\/pages\/50"}],"wp:featuredmedia":[{"embeddable":true,"href":"https:\/\/guide.zero-carbon-skane.org\/sv\/wp-json\/wp\/v2\/media\/607"}],"wp:attachment":[{"href":"https:\/\/guide.zero-carbon-skane.org\/sv\/wp-json\/wp\/v2\/media?parent=52"}],"wp:term":[{"taxonomy":"category","embeddable":true,"href":"https:\/\/guide.zero-carbon-skane.org\/sv\/wp-json\/wp\/v2\/categories?post=52"},{"taxonomy":"post_tag","embeddable":true,"href":"https:\/\/guide.zero-carbon-skane.org\/sv\/wp-json\/wp\/v2\/tags?post=52"}],"curies":[{"name":"wp","href":"https:\/\/api.w.org\/{rel}","templated":true}]}}