{"id":51,"date":"2022-08-16T10:32:13","date_gmt":"2022-08-16T10:32:13","guid":{"rendered":"https:\/\/guide.zero-carbon-skane.org\/index.php\/central-heartlands\/eslov\/"},"modified":"2023-03-21T10:10:41","modified_gmt":"2023-03-21T10:10:41","slug":"eslov","status":"publish","type":"page","link":"https:\/\/guide.zero-carbon-skane.org\/sv\/places\/central-heartlands\/eslov\/","title":{"rendered":"Esl\u00f6v"},"content":{"rendered":"<p>Esl\u00f6v <em>kommun<\/em> ligger nordost om <a href=\"https:\/\/guide.zero-carbon-skane.org\/sv\/places\/southwest-metropolitan-zone\/lund\/\" data-type=\"page\" data-id=\"18\">Lund<\/a>, vars syd\u00f6stra spets n\u00e5r \u00e4nda fram till den sj\u00f6 som gett namn \u00e5t <a href=\"https:\/\/guide.zero-carbon-skane.org\/sv\/places\/southeast-the-slow-coast\/vombsjosanken-biosphere\/\" data-type=\"page\" data-id=\"48\">Biosf\u00e4romr\u00e5det Vombsj\u00f6s\u00e4nken (mer k\u00e4nt som Storkriket)<\/a>, och dess nordligare delar str\u00e4cker sig \u00e4nda till den v\u00e4stra halvan av <a href=\"https:\/\/guide.zero-carbon-skane.org\/sv\/places\/central-heartlands\/ringsjon\/\" data-type=\"page\" data-id=\"52\">Ringsj\u00f6n<\/a>. Omr\u00e5det \u00e4r historiskt f\u00f6rknippat med jordbruks- och textilindustrin, s\u00e4rskilt livsmedelsproduktion som p\u00e5 senare \u00e5r f\u00e5tt sig ett uppsving.<\/p>\n\n\n\n<p>Esl\u00f6v har f\u00f6r\u00e4ndrats en hel del under de senaste decennierna, med en betydande demografisk f\u00f6r\u00e4ndring till f\u00f6ljd av att det blev en sovstad f\u00f6r personer som arbetade i Lund; dess position som den f\u00f6rsta h\u00e5llplatsen p\u00e5 j\u00e4rnv\u00e4gslinjen mot <a href=\"https:\/\/guide.zero-carbon-skane.org\/sv\/places\/central-heartlands\/hassleholm\/\" data-type=\"page\" data-id=\"55\">H\u00e4ssleholm<\/a> har visat sig vara mycket tilltalande f\u00f6r pendlare som best\u00e4mt sig f\u00f6r att sluta k\u00f6ra bil. Det \u00e4r ocks\u00e5 ett bra alternativ som bas f\u00f6r att utforska <a href=\"https:\/\/guide.zero-carbon-skane.org\/sv\/places\/southwest-metropolitan-zone\/lund\/dalby-plus-eastern-villages\/\" data-type=\"page\" data-id=\"23\">Lunds \u00f6stra byar och naturreservat<\/a>, om du upplever att Lund i sig k\u00e4nns lite f\u00f6r intensivt.<\/p>","protected":false},"excerpt":{"rendered":"<p>Esl\u00f6v i sig har f\u00f6r\u00e4ndrats mycket under de senaste decennierna, med en betydande demografisk f\u00f6r\u00e4ndring till f\u00f6ljd av att det blev en sovstad f\u00f6r m\u00e4nniskor som arbetade i Lund.<\/p>","protected":false},"author":1,"featured_media":874,"parent":50,"menu_order":0,"comment_status":"closed","ping_status":"closed","template":"","meta":{"footnotes":""},"categories":[],"tags":[],"class_list":["post-51","page","type-page","status-publish","has-post-thumbnail","hentry"],"jetpack_sharing_enabled":true,"_links":{"self":[{"href":"https:\/\/guide.zero-carbon-skane.org\/sv\/wp-json\/wp\/v2\/pages\/51","targetHints":{"allow":["GET"]}}],"collection":[{"href":"https:\/\/guide.zero-carbon-skane.org\/sv\/wp-json\/wp\/v2\/pages"}],"about":[{"href":"https:\/\/guide.zero-carbon-skane.org\/sv\/wp-json\/wp\/v2\/types\/page"}],"author":[{"embeddable":true,"href":"https:\/\/guide.zero-carbon-skane.org\/sv\/wp-json\/wp\/v2\/users\/1"}],"replies":[{"embeddable":true,"href":"https:\/\/guide.zero-carbon-skane.org\/sv\/wp-json\/wp\/v2\/comments?post=51"}],"version-history":[{"count":1,"href":"https:\/\/guide.zero-carbon-skane.org\/sv\/wp-json\/wp\/v2\/pages\/51\/revisions"}],"predecessor-version":[{"id":875,"href":"https:\/\/guide.zero-carbon-skane.org\/sv\/wp-json\/wp\/v2\/pages\/51\/revisions\/875"}],"up":[{"embeddable":true,"href":"https:\/\/guide.zero-carbon-skane.org\/sv\/wp-json\/wp\/v2\/pages\/50"}],"wp:featuredmedia":[{"embeddable":true,"href":"https:\/\/guide.zero-carbon-skane.org\/sv\/wp-json\/wp\/v2\/media\/874"}],"wp:attachment":[{"href":"https:\/\/guide.zero-carbon-skane.org\/sv\/wp-json\/wp\/v2\/media?parent=51"}],"wp:term":[{"taxonomy":"category","embeddable":true,"href":"https:\/\/guide.zero-carbon-skane.org\/sv\/wp-json\/wp\/v2\/categories?post=51"},{"taxonomy":"post_tag","embeddable":true,"href":"https:\/\/guide.zero-carbon-skane.org\/sv\/wp-json\/wp\/v2\/tags?post=51"}],"curies":[{"name":"wp","href":"https:\/\/api.w.org\/{rel}","templated":true}]}}