{"id":50,"date":"2022-08-16T10:32:12","date_gmt":"2022-08-16T10:32:12","guid":{"rendered":"https:\/\/guide.zero-carbon-skane.org\/index.php\/central-heartlands\/"},"modified":"2023-02-23T15:44:09","modified_gmt":"2023-02-23T15:44:09","slug":"central-heartlands","status":"publish","type":"page","link":"https:\/\/guide.zero-carbon-skane.org\/sv\/places\/central-heartlands\/","title":{"rendered":"K\u00e4rnlandet"},"content":{"rendered":"<p>L\u00e5ngtifr\u00e5n kusten finns Sk\u00e5nes hj\u00e4rta med flera stora st\u00e4der bel\u00e4gna mellan lugna sj\u00f6ar och tysta skogar... men det \u00e4r inte alltid s\u00e5 lugnt och tyst om man vet var man ska leta!<\/p>\n\n\n\n<div class=\"wp-block-group has-global-padding is-layout-constrained wp-container-core-group-is-layout-23b1a4dc wp-block-group-is-layout-constrained\" style=\"border-width:1px;border-radius:5px;padding-top:var(--wp--preset--spacing--30);padding-right:var(--wp--preset--spacing--30);padding-bottom:var(--wp--preset--spacing--30);padding-left:var(--wp--preset--spacing--30)\">\n<h4 class=\"has-text-align-center wp-block-heading\">Vill du veta mer?<\/h4>\n\n\n<div class=\"wp-block-oik-sb-children\"><ul class=\"wp-block-oik-sb-children\"><li class=\"page_item page-item-51\"><a href=\"https:\/\/guide.zero-carbon-skane.org\/sv\/places\/central-heartlands\/eslov\/\">Esl\u00f6v<\/a><\/li>\n<li class=\"page_item page-item-55 page_item_has_children\"><a href=\"https:\/\/guide.zero-carbon-skane.org\/sv\/places\/central-heartlands\/hassleholm\/\">H\u00e4ssleholm<\/a>\n<ul class='children'>\n\t<li class=\"page_item page-item-252 page_item_has_children\"><a href=\"https:\/\/guide.zero-carbon-skane.org\/sv\/places\/central-heartlands\/hassleholm\/bjarnum\/\">Bj\u00e4rnum<\/a>\n\t<ul class='children'>\n\t\t<li class=\"page_item page-item-254\"><a href=\"https:\/\/guide.zero-carbon-skane.org\/sv\/places\/central-heartlands\/hassleholm\/bjarnum\/vanville-where-vanlife-ran-out-of-gas\/\">Vanville: d\u00e4r #vanlife fick slut p\u00e5 bensin<\/a><\/li>\n\t<\/ul>\n<\/li>\n\t<li class=\"page_item page-item-241\"><a href=\"https:\/\/guide.zero-carbon-skane.org\/sv\/places\/central-heartlands\/hassleholm\/the-end-of-the-road-porrarp-preppers-paradise\/\">Slutet p\u00e5 v\u00e4gen? Porrarp Preppers Paradis<\/a><\/li>\n<\/ul>\n<\/li>\n<li class=\"page_item page-item-248 page_item_has_children\"><a href=\"https:\/\/guide.zero-carbon-skane.org\/sv\/places\/central-heartlands\/perstorp\/\">Perstorp<\/a>\n<ul class='children'>\n\t<li class=\"page_item page-item-250\"><a href=\"https:\/\/guide.zero-carbon-skane.org\/sv\/places\/central-heartlands\/perstorp\/nya-tuvalu\/\">Nya Tuvalu<\/a><\/li>\n<\/ul>\n<\/li>\n<li class=\"page_item page-item-52 page_item_has_children\"><a href=\"https:\/\/guide.zero-carbon-skane.org\/sv\/places\/central-heartlands\/ringsjon\/\">Ringsj\u00f6n<\/a>\n<ul class='children'>\n\t<li class=\"page_item page-item-53 page_item_has_children\"><a href=\"https:\/\/guide.zero-carbon-skane.org\/sv\/places\/central-heartlands\/ringsjon\/hoor\/\">H\u00f6\u00f6r<\/a>\n\t<ul class='children'>\n\t\t<li class=\"page_item page-item-412\"><a href=\"https:\/\/guide.zero-carbon-skane.org\/sv\/places\/central-heartlands\/ringsjon\/hoor\/permaculture-ground-zero-holma-terrestrial-center\/\">Permakulturens nollpunkt: Holmas markbundna center<\/a><\/li>\n\t<\/ul>\n<\/li>\n\t<li class=\"page_item page-item-54\"><a href=\"https:\/\/guide.zero-carbon-skane.org\/sv\/places\/central-heartlands\/ringsjon\/horby\/\">H\u00f6rby<\/a><\/li>\n<\/ul>\n<\/li>\n<\/ul><\/div><\/div>","protected":false},"excerpt":{"rendered":"<p>L\u00e5ngtifr\u00e5n kusten finns Sk\u00e5nes hj\u00e4rta med flera stora st\u00e4der bel\u00e4gna mellan lugna sj\u00f6ar och tysta skogar... men det \u00e4r inte alltid s\u00e5 lugnt och tyst om man vet var man ska leta!<\/p>","protected":false},"author":1,"featured_media":607,"parent":85,"menu_order":0,"comment_status":"closed","ping_status":"closed","template":"","meta":{"footnotes":""},"categories":[],"tags":[],"class_list":["post-50","page","type-page","status-publish","has-post-thumbnail","hentry"],"jetpack_sharing_enabled":true,"_links":{"self":[{"href":"https:\/\/guide.zero-carbon-skane.org\/sv\/wp-json\/wp\/v2\/pages\/50","targetHints":{"allow":["GET"]}}],"collection":[{"href":"https:\/\/guide.zero-carbon-skane.org\/sv\/wp-json\/wp\/v2\/pages"}],"about":[{"href":"https:\/\/guide.zero-carbon-skane.org\/sv\/wp-json\/wp\/v2\/types\/page"}],"author":[{"embeddable":true,"href":"https:\/\/guide.zero-carbon-skane.org\/sv\/wp-json\/wp\/v2\/users\/1"}],"replies":[{"embeddable":true,"href":"https:\/\/guide.zero-carbon-skane.org\/sv\/wp-json\/wp\/v2\/comments?post=50"}],"version-history":[{"count":8,"href":"https:\/\/guide.zero-carbon-skane.org\/sv\/wp-json\/wp\/v2\/pages\/50\/revisions"}],"predecessor-version":[{"id":674,"href":"https:\/\/guide.zero-carbon-skane.org\/sv\/wp-json\/wp\/v2\/pages\/50\/revisions\/674"}],"up":[{"embeddable":true,"href":"https:\/\/guide.zero-carbon-skane.org\/sv\/wp-json\/wp\/v2\/pages\/85"}],"wp:featuredmedia":[{"embeddable":true,"href":"https:\/\/guide.zero-carbon-skane.org\/sv\/wp-json\/wp\/v2\/media\/607"}],"wp:attachment":[{"href":"https:\/\/guide.zero-carbon-skane.org\/sv\/wp-json\/wp\/v2\/media?parent=50"}],"wp:term":[{"taxonomy":"category","embeddable":true,"href":"https:\/\/guide.zero-carbon-skane.org\/sv\/wp-json\/wp\/v2\/categories?post=50"},{"taxonomy":"post_tag","embeddable":true,"href":"https:\/\/guide.zero-carbon-skane.org\/sv\/wp-json\/wp\/v2\/tags?post=50"}],"curies":[{"name":"wp","href":"https:\/\/api.w.org\/{rel}","templated":true}]}}