{"id":49,"date":"2022-08-16T10:32:11","date_gmt":"2022-08-16T10:32:11","guid":{"rendered":"https:\/\/guide.zero-carbon-skane.org\/index.php\/southeast-the-slow-coast\/vombsjosanken-biosphere\/sjobo\/"},"modified":"2023-03-24T12:52:19","modified_gmt":"2023-03-24T12:52:19","slug":"sjobo","status":"publish","type":"page","link":"https:\/\/guide.zero-carbon-skane.org\/sv\/places\/southeast-the-slow-coast\/sjobo\/","title":{"rendered":"Sj\u00f6bo"},"content":{"rendered":"<p>Staden Sj\u00f6bo ligger i stort sett i mitten av den <em>kommun<\/em> som b\u00e4r dess namn, och \u00e4r omgiven av typiska Sk\u00e5nska byar som kan uppt\u00e4ckas med cykel... men se upp f\u00f6r logistikf\u00f6rarna, de kan komma runt dessa landsv\u00e4gskurvor ganska snabbt!<\/p>\n\n\n\n<p>De flesta Sj\u00f6bobor skulle vara de f\u00f6rsta att s\u00e4ga att det inte finns s\u00e5 mycket att g\u00f6ra h\u00e4r ute, och det \u00e4r ocks\u00e5 s\u00e5 de vill ha det. Men det \u00e4r ett fint landskap f\u00f6r promenader eller cykling - om v\u00e4dret till\u00e5ter, naturligtvis - och det finns <a href=\"https:\/\/guide.zero-carbon-skane.org\/sv\/places\/southeast-the-slow-coast\/vombsjosanken-biosphere\/\" data-type=\"page\" data-id=\"48\">Biosf\u00e4romr\u00e5de Vombsj\u00f6s\u00e4nken<\/a> \u00f6sterut, tillsammans med den sj\u00f6 som gett staden dess namn.<\/p>\n\n\n\n<p>Men Sj\u00f6bos s\u00e4mst bevarade hemlighet \u00e4r att det \u00e4r f\u00f6delseplatsen f\u00f6r <a href=\"https:\/\/guide.zero-carbon-skane.org\/sv\/activities\/sports-wellbeing\/in-the-rough-skanes-wildgolf-scene\/\" data-type=\"page\" data-id=\"260\">Vildgolf<\/a>&#8230;<\/p>","protected":false},"excerpt":{"rendered":"<p>De flesta Sj\u00f6bo-bor skulle vara de f\u00f6rsta att s\u00e4ga att det inte finns s\u00e5 mycket att g\u00f6ra h\u00e4r ute, och det \u00e4r ocks\u00e5 s\u00e5 de vill ha det.<\/p>","protected":false},"author":1,"featured_media":684,"parent":34,"menu_order":0,"comment_status":"closed","ping_status":"closed","template":"","meta":{"footnotes":""},"categories":[],"tags":[],"class_list":["post-49","page","type-page","status-publish","has-post-thumbnail","hentry"],"jetpack_sharing_enabled":true,"_links":{"self":[{"href":"https:\/\/guide.zero-carbon-skane.org\/sv\/wp-json\/wp\/v2\/pages\/49","targetHints":{"allow":["GET"]}}],"collection":[{"href":"https:\/\/guide.zero-carbon-skane.org\/sv\/wp-json\/wp\/v2\/pages"}],"about":[{"href":"https:\/\/guide.zero-carbon-skane.org\/sv\/wp-json\/wp\/v2\/types\/page"}],"author":[{"embeddable":true,"href":"https:\/\/guide.zero-carbon-skane.org\/sv\/wp-json\/wp\/v2\/users\/1"}],"replies":[{"embeddable":true,"href":"https:\/\/guide.zero-carbon-skane.org\/sv\/wp-json\/wp\/v2\/comments?post=49"}],"version-history":[{"count":2,"href":"https:\/\/guide.zero-carbon-skane.org\/sv\/wp-json\/wp\/v2\/pages\/49\/revisions"}],"predecessor-version":[{"id":1031,"href":"https:\/\/guide.zero-carbon-skane.org\/sv\/wp-json\/wp\/v2\/pages\/49\/revisions\/1031"}],"up":[{"embeddable":true,"href":"https:\/\/guide.zero-carbon-skane.org\/sv\/wp-json\/wp\/v2\/pages\/34"}],"wp:featuredmedia":[{"embeddable":true,"href":"https:\/\/guide.zero-carbon-skane.org\/sv\/wp-json\/wp\/v2\/media\/684"}],"wp:attachment":[{"href":"https:\/\/guide.zero-carbon-skane.org\/sv\/wp-json\/wp\/v2\/media?parent=49"}],"wp:term":[{"taxonomy":"category","embeddable":true,"href":"https:\/\/guide.zero-carbon-skane.org\/sv\/wp-json\/wp\/v2\/categories?post=49"},{"taxonomy":"post_tag","embeddable":true,"href":"https:\/\/guide.zero-carbon-skane.org\/sv\/wp-json\/wp\/v2\/tags?post=49"}],"curies":[{"name":"wp","href":"https:\/\/api.w.org\/{rel}","templated":true}]}}