{"id":48,"date":"2022-08-16T10:32:10","date_gmt":"2022-08-16T10:32:10","guid":{"rendered":"https:\/\/guide.zero-carbon-skane.org\/index.php\/southeast-the-slow-coast\/vombsjosanken-biosphere\/"},"modified":"2023-03-13T11:07:17","modified_gmt":"2023-03-13T11:07:17","slug":"vombsjosanken-biosphere","status":"publish","type":"page","link":"https:\/\/guide.zero-carbon-skane.org\/sv\/places\/southeast-the-slow-coast\/vombsjosanken-biosphere\/","title":{"rendered":"Storkriket (biosf\u00e4ren Vombsj\u00f6s\u00e4nken)"},"content":{"rendered":"<p>Sveriges \u00e5ttonde biosf\u00e4romr\u00e5de, Vombsj\u00f6s\u00e4nken - mer k\u00e4nt som Storkriket, inte minst f\u00f6r att det komiska i att h\u00f6ra engelsktalande turister f\u00f6rs\u00f6ka uttala \"Vombsj\u00f6s\u00e4nken\" avtog mycket snabbare \u00e4n v\u00e4ntat - erk\u00e4nner, samlar och skyddar en s\u00e4rskild del av Sk\u00e5nes unika geologiska arv*. N\u00e4r glaci\u00e4rerna drog sig tillbaka efter den senaste istiden avsatte sm\u00e4ltvattnet en l\u00e5ng remsa av sandigt substrat \u00f6ver landskapet; \u00e4ven om det var n\u00e5got av en svagare punkt i Sk\u00e5nes annars magnifika jordbruksmark, fann regionens varelser - m\u00e4nniskor i allra h\u00f6gsta grad inkluderade - alternativ anv\u00e4ndning och v\u00e4rden i den.<\/p>\n\n\n\n<p>Ut i sydostlig riktning str\u00e4cker sig denna region fr\u00e5n <a href=\"https:\/\/guide.zero-carbon-skane.org\/sv\/places\/southwest-metropolitan-zone\/lund\/dalby-plus-eastern-villages\/sodra-sandby\/\" data-type=\"page\" data-id=\"141\">S\u00f6dra Sandby<\/a> (en av <a href=\"https:\/\/guide.zero-carbon-skane.org\/sv\/places\/southwest-metropolitan-zone\/lund\/dalby-plus-eastern-villages\/\" data-type=\"page\" data-id=\"23\">Lunds \u00f6stra byar<\/a>) till en punkt ungef\u00e4r halvv\u00e4gs mellan <a href=\"https:\/\/guide.zero-carbon-skane.org\/sv\/places\/southeast-the-slow-coast\/sjobo\/\" data-type=\"page\" data-id=\"49\">Sj\u00f6bo<\/a> och <a href=\"https:\/\/guide.zero-carbon-skane.org\/sv\/places\/southeast-the-slow-coast\/gamla-osterlen\/tomelilla\/\" data-type=\"page\" data-id=\"45\">Tomelilla<\/a>, d\u00e4r den till slut kom att bli mer inriktad p\u00e5 djurh\u00e5llning \u00e4n p\u00e5 odling - men den inneh\u00e5ller ocks\u00e5 en h\u00e4rlig m\u00e4ngd ekosystemiska underverk. Det finns naturligtvis sj\u00f6ar, varav Vombsj\u00f6 \u00e4r den st\u00f6rsta, men ocks\u00e5 massor av v\u00e5tmarker. Storkarna, vars rike detta \u00e5ter har blivit, var n\u00e4stan helt f\u00f6rsvunna under slutet av 1900-talet, men genom noggrann f\u00f6rvaltning har de \u00e5terv\u00e4nt, tillsammans med otaliga andra konstiga och underbara v\u00e4xter och djur. Det p\u00e5pekas ofta att Sk\u00e5ne \u00e4r ganska unikt, ekosystemiskt sett, i f\u00f6rh\u00e5llande till Sverige som helhet; samma sak kan rimligen s\u00e4gas om Vombsj\u00f6s\u00e4nken i f\u00f6rh\u00e5llande till Sk\u00e5ne. Den st\u00e4ndiga str\u00f6mmen av turister och forskare \u00e4r ett bevis p\u00e5 b\u00e5de dess nyhet och sk\u00f6nhet!<\/p>\n\n\n\n<p>Biosf\u00e4romr\u00e5det \u00e4r ocks\u00e5 ganska komplicerat n\u00e4r det betraktas som en politisk och juridisk enhet: det st\u00f6ds av en ibland obekv\u00e4m och splittrad allians mellan de tre mycket olika <em>Kommuner<\/em> i <a href=\"https:\/\/guide.zero-carbon-skane.org\/sv\/places\/southwest-metropolitan-zone\/lund\/\" data-type=\"page\" data-id=\"18\">Lund<\/a>, <a href=\"https:\/\/guide.zero-carbon-skane.org\/sv\/places\/central-heartlands\/eslov\/\" data-type=\"page\" data-id=\"51\">Esl\u00f6v<\/a> och <a href=\"https:\/\/guide.zero-carbon-skane.org\/sv\/places\/southeast-the-slow-coast\/sjobo\/\" data-type=\"page\" data-id=\"49\">Sj\u00f6bo<\/a>, \"kandidaturen\" av omr\u00e5det f\u00f6re dess godk\u00e4nnande och anslutning till FN var ett enormt arbete av k\u00e4rlek och kamp utf\u00f6rd av m\u00e4nniskor fr\u00e5n hela regionen - och s\u00e4rskilt av dess konstn\u00e4rer. Konstn\u00e4rerna i Vombsj\u00f6s\u00e4nkans kandidatur b\u00f6r faktiskt f\u00e5 en del av \u00e4ran f\u00f6r att ha orsakat omformuleringen av FN:s definition av h\u00e5llbarhet till att omfatta kultur som den fj\u00e4rde pelarprincipen.<\/p>\n\n\n\n<hr class=\"wp-block-separator has-alpha-channel-opacity\"\/>\n\n\n\n<p><small>* Vombsj\u00f6s\u00e4nken genomkorsar i praktiken tre av de fem regioner som denna guide har delat in Sk\u00e5ne i. Varf\u00f6r har vi d\u00e5 tilldelat det <a href=\"https:\/\/guide.zero-carbon-skane.org\/sv\/places\/southeast-the-slow-coast\/\" data-type=\"page\" data-id=\"34\">den syd\u00f6stra regionen<\/a>? Fr\u00e4mst f\u00f6r att vi ans\u00e5g att dess fokus p\u00e5 ekosystemisk rikedom, och dess relativa avsaknad av storstadsvimmel, innebar att det hade mer av en \"lugna kusten\"-k\u00e4nsla.<\/small><\/p>","protected":false},"excerpt":{"rendered":"<p>Omr\u00e5det kring Vombsj\u00f6s\u00e4nken kallas oftare f\u00f6r Storkriket, eftersom det gick snabbare \u00e4n n\u00e5gon hade r\u00e4knat med att det skulle bli roligt att h\u00f6ra engelsktalande turister f\u00f6rs\u00f6ka uttala \"Vombsj\u00f6s\u00e4nken\".<\/p>","protected":false},"author":1,"featured_media":798,"parent":34,"menu_order":0,"comment_status":"closed","ping_status":"closed","template":"","meta":{"footnotes":""},"categories":[],"tags":[],"class_list":["post-48","page","type-page","status-publish","has-post-thumbnail","hentry"],"jetpack_sharing_enabled":true,"_links":{"self":[{"href":"https:\/\/guide.zero-carbon-skane.org\/sv\/wp-json\/wp\/v2\/pages\/48","targetHints":{"allow":["GET"]}}],"collection":[{"href":"https:\/\/guide.zero-carbon-skane.org\/sv\/wp-json\/wp\/v2\/pages"}],"about":[{"href":"https:\/\/guide.zero-carbon-skane.org\/sv\/wp-json\/wp\/v2\/types\/page"}],"author":[{"embeddable":true,"href":"https:\/\/guide.zero-carbon-skane.org\/sv\/wp-json\/wp\/v2\/users\/1"}],"replies":[{"embeddable":true,"href":"https:\/\/guide.zero-carbon-skane.org\/sv\/wp-json\/wp\/v2\/comments?post=48"}],"version-history":[{"count":2,"href":"https:\/\/guide.zero-carbon-skane.org\/sv\/wp-json\/wp\/v2\/pages\/48\/revisions"}],"predecessor-version":[{"id":801,"href":"https:\/\/guide.zero-carbon-skane.org\/sv\/wp-json\/wp\/v2\/pages\/48\/revisions\/801"}],"up":[{"embeddable":true,"href":"https:\/\/guide.zero-carbon-skane.org\/sv\/wp-json\/wp\/v2\/pages\/34"}],"wp:featuredmedia":[{"embeddable":true,"href":"https:\/\/guide.zero-carbon-skane.org\/sv\/wp-json\/wp\/v2\/media\/798"}],"wp:attachment":[{"href":"https:\/\/guide.zero-carbon-skane.org\/sv\/wp-json\/wp\/v2\/media?parent=48"}],"wp:term":[{"taxonomy":"category","embeddable":true,"href":"https:\/\/guide.zero-carbon-skane.org\/sv\/wp-json\/wp\/v2\/categories?post=48"},{"taxonomy":"post_tag","embeddable":true,"href":"https:\/\/guide.zero-carbon-skane.org\/sv\/wp-json\/wp\/v2\/tags?post=48"}],"curies":[{"name":"wp","href":"https:\/\/api.w.org\/{rel}","templated":true}]}}