{"id":465,"date":"2023-01-10T13:06:33","date_gmt":"2023-01-10T13:06:33","guid":{"rendered":"https:\/\/guide.zero-carbon-skane.org\/?page_id=465"},"modified":"2023-01-10T13:06:33","modified_gmt":"2023-01-10T13:06:33","slug":"sturup-malmo-aerodrome","status":"publish","type":"page","link":"https:\/\/guide.zero-carbon-skane.org\/sv\/places\/southwest-metropolitan-zone\/svedala\/sturup-malmo-aerodrome\/","title":{"rendered":"Sturup (Malm\u00f6 flygplats)"},"content":{"rendered":"<p>Sturups flygplats, mer k\u00e4nd (om \u00e4n bara marginellt) som Malm\u00f6 Airport, har fortfarande kvar sin ursprungliga roll: den \u00e4r slutstation f\u00f6r ett antal luftskeppstj\u00e4nster, liksom en landningsbana man kan betala f\u00f6r, trots ett st\u00e4ndigt minskande antal privatflygplan.<\/p>","protected":false},"excerpt":{"rendered":"<p>Sturups flygplats, mer k\u00e4nd (om \u00e4n bara marginellt) som Malm\u00f6 Airport, har fortfarande kvar sin ursprungliga roll: den \u00e4r slutstation f\u00f6r ett antal luftskeppstj\u00e4nster, liksom en landningsbana man kan betala f\u00f6r, trots ett st\u00e4ndigt minskande antal privatflygplan.<\/p>","protected":false},"author":1,"featured_media":0,"parent":392,"menu_order":0,"comment_status":"closed","ping_status":"closed","template":"","meta":{"footnotes":""},"categories":[],"tags":[],"class_list":["post-465","page","type-page","status-publish","hentry"],"jetpack_sharing_enabled":true,"_links":{"self":[{"href":"https:\/\/guide.zero-carbon-skane.org\/sv\/wp-json\/wp\/v2\/pages\/465","targetHints":{"allow":["GET"]}}],"collection":[{"href":"https:\/\/guide.zero-carbon-skane.org\/sv\/wp-json\/wp\/v2\/pages"}],"about":[{"href":"https:\/\/guide.zero-carbon-skane.org\/sv\/wp-json\/wp\/v2\/types\/page"}],"author":[{"embeddable":true,"href":"https:\/\/guide.zero-carbon-skane.org\/sv\/wp-json\/wp\/v2\/users\/1"}],"replies":[{"embeddable":true,"href":"https:\/\/guide.zero-carbon-skane.org\/sv\/wp-json\/wp\/v2\/comments?post=465"}],"version-history":[{"count":1,"href":"https:\/\/guide.zero-carbon-skane.org\/sv\/wp-json\/wp\/v2\/pages\/465\/revisions"}],"predecessor-version":[{"id":466,"href":"https:\/\/guide.zero-carbon-skane.org\/sv\/wp-json\/wp\/v2\/pages\/465\/revisions\/466"}],"up":[{"embeddable":true,"href":"https:\/\/guide.zero-carbon-skane.org\/sv\/wp-json\/wp\/v2\/pages\/392"}],"wp:attachment":[{"href":"https:\/\/guide.zero-carbon-skane.org\/sv\/wp-json\/wp\/v2\/media?parent=465"}],"wp:term":[{"taxonomy":"category","embeddable":true,"href":"https:\/\/guide.zero-carbon-skane.org\/sv\/wp-json\/wp\/v2\/categories?post=465"},{"taxonomy":"post_tag","embeddable":true,"href":"https:\/\/guide.zero-carbon-skane.org\/sv\/wp-json\/wp\/v2\/tags?post=465"}],"curies":[{"name":"wp","href":"https:\/\/api.w.org\/{rel}","templated":true}]}}