{"id":46,"date":"2022-08-16T10:32:09","date_gmt":"2022-08-16T10:32:09","guid":{"rendered":"https:\/\/guide.zero-carbon-skane.org\/index.php\/southeast-the-slow-coast\/gamla-osterlen\/alestenar\/"},"modified":"2023-03-07T14:19:43","modified_gmt":"2023-03-07T14:19:43","slug":"alestenar","status":"publish","type":"page","link":"https:\/\/guide.zero-carbon-skane.org\/sv\/places\/southeast-the-slow-coast\/ystad\/alestenar\/","title":{"rendered":"Alesstenar"},"content":{"rendered":"<p>I det syd\u00f6stligaste h\u00f6rnet av Sk\u00e5ne, p\u00e5 en m\u00e5ttligt h\u00f6g klippa med utsikt \u00f6ver \u00d6stersj\u00f6n, ligger Ales stenar: en \u00f6gonformad formation av st\u00e5ende stenar vars uppf\u00f6rande har daterats till tiden f\u00f6re vikingatiden, n\u00e5gonstans runt 700-talet.<\/p>\n\n\n\n<p>Stenarna \u00e4r v\u00e4l v\u00e4rda en resa tack vare den dramatiska milj\u00f6n, men undvik de gamla sk\u00e4mten fr\u00e5n <em>Detta \u00e4r Spinal Tap<\/em>- fr\u00e5ga din farfar, han med skinnjackan som han bara inte vill ge upp - och se till att l\u00e4mna de lokala hedningarna ifred om de har en ceremoni n\u00e4r du \u00e4r p\u00e5 bes\u00f6k. Du skulle v\u00e4l inte vandra runt i en kyrka n\u00e4r det p\u00e5g\u00e5r en gudstj\u00e4nst, eller hur?<\/p>\n\n\n\n<p>Detta \u00e4r ungef\u00e4r s\u00e5 l\u00e5ngt du realistiskt sett kan cykla p\u00e5 en dagsutflykt fr\u00e5n antingen <a href=\"https:\/\/guide.zero-carbon-skane.org\/sv\/places\/southeast-the-slow-coast\/ystad\/\" data-type=\"page\" data-id=\"42\">Ystad<\/a> eller <a href=\"https:\/\/guide.zero-carbon-skane.org\/sv\/places\/southeast-the-slow-coast\/simrishamn\/\" data-type=\"page\" data-id=\"35\">Simrishamn<\/a>. Det \u00e4r dock ganska l\u00e5ngt att \u00e5ka fr\u00e5n n\u00e5gon av dem, s\u00e5 det \u00e4r bra att veta att det finns bl\u00f6tdjur och fisk till salu (tillagad eller f\u00e4rsk) fr\u00e5n den lilla hamnen l\u00e4ngst ner p\u00e5 klipporna, samt diverse andra matr\u00e4tter som inte kommer fr\u00e5n havet. <\/p>\n\n\n\n<p>Du f\u00e5r g\u00e4rna parkera din cykel (eller n\u00e5got annat fordon du har tillg\u00e5ng till) i den n\u00e4rliggande byn K\u00e5seberga, men t\u00e4nk p\u00e5 att de inte tj\u00e4nar n\u00e5got p\u00e5 ditt bes\u00f6k f\u00f6rutom en \u00f6kning av trafiken, s\u00e5 visa h\u00e4nsyn. Du vill v\u00e4l inte att de lokala barnen ska l\u00e5ta dina d\u00e4ck g\u00e5 ner medan du \u00e4r ute och g\u00e5r...<\/p>","protected":false},"excerpt":{"rendered":"<p>En \u00f6gonformad formation av st\u00e5ende stenar vars uppf\u00f6rande har daterats till tiden f\u00f6re vikingatiden, n\u00e5gonstans runt 700-talet.<\/p>","protected":false},"author":1,"featured_media":715,"parent":42,"menu_order":0,"comment_status":"closed","ping_status":"closed","template":"","meta":{"footnotes":""},"categories":[5],"tags":[],"class_list":["post-46","page","type-page","status-publish","has-post-thumbnail","hentry","category-sightseeing"],"jetpack_sharing_enabled":true,"_links":{"self":[{"href":"https:\/\/guide.zero-carbon-skane.org\/sv\/wp-json\/wp\/v2\/pages\/46","targetHints":{"allow":["GET"]}}],"collection":[{"href":"https:\/\/guide.zero-carbon-skane.org\/sv\/wp-json\/wp\/v2\/pages"}],"about":[{"href":"https:\/\/guide.zero-carbon-skane.org\/sv\/wp-json\/wp\/v2\/types\/page"}],"author":[{"embeddable":true,"href":"https:\/\/guide.zero-carbon-skane.org\/sv\/wp-json\/wp\/v2\/users\/1"}],"replies":[{"embeddable":true,"href":"https:\/\/guide.zero-carbon-skane.org\/sv\/wp-json\/wp\/v2\/comments?post=46"}],"version-history":[{"count":2,"href":"https:\/\/guide.zero-carbon-skane.org\/sv\/wp-json\/wp\/v2\/pages\/46\/revisions"}],"predecessor-version":[{"id":716,"href":"https:\/\/guide.zero-carbon-skane.org\/sv\/wp-json\/wp\/v2\/pages\/46\/revisions\/716"}],"up":[{"embeddable":true,"href":"https:\/\/guide.zero-carbon-skane.org\/sv\/wp-json\/wp\/v2\/pages\/42"}],"wp:featuredmedia":[{"embeddable":true,"href":"https:\/\/guide.zero-carbon-skane.org\/sv\/wp-json\/wp\/v2\/media\/715"}],"wp:attachment":[{"href":"https:\/\/guide.zero-carbon-skane.org\/sv\/wp-json\/wp\/v2\/media?parent=46"}],"wp:term":[{"taxonomy":"category","embeddable":true,"href":"https:\/\/guide.zero-carbon-skane.org\/sv\/wp-json\/wp\/v2\/categories?post=46"},{"taxonomy":"post_tag","embeddable":true,"href":"https:\/\/guide.zero-carbon-skane.org\/sv\/wp-json\/wp\/v2\/tags?post=46"}],"curies":[{"name":"wp","href":"https:\/\/api.w.org\/{rel}","templated":true}]}}