{"id":45,"date":"2022-08-16T10:32:08","date_gmt":"2022-08-16T10:32:08","guid":{"rendered":"https:\/\/guide.zero-carbon-skane.org\/index.php\/southeast-the-slow-coast\/gamla-osterlen\/tomelilla\/"},"modified":"2023-03-07T14:41:14","modified_gmt":"2023-03-07T14:41:14","slug":"tomelilla","status":"publish","type":"page","link":"https:\/\/guide.zero-carbon-skane.org\/sv\/places\/southeast-the-slow-coast\/gamla-osterlen\/tomelilla\/","title":{"rendered":"Tomelilla"},"content":{"rendered":"<p>Tomelilla <em>kommun<\/em> \u00e4r skapt i en udda l\u00e5ngstr\u00e4ckt form som str\u00e4cker sig parallellt med Simrishamn, eller vad som \u00e4r mer k\u00e4nt som <a href=\"https:\/\/guide.zero-carbon-skane.org\/sv\/places\/southeast-the-slow-coast\/the-slow-coast\/\" data-type=\"page\" data-id=\"36\">den lugna kusten<\/a>. P\u00e5 samma s\u00e4tt \u00e4r de s\u00f6dra och ostliga delarna i Tomelilla <em>kommun<\/em>, mer v\u00e4lk\u00e4nt under ett annat namn, n\u00e4mligen <a href=\"https:\/\/guide.zero-carbon-skane.org\/sv\/places\/southeast-the-slow-coast\/gamla-osterlen\/\" data-type=\"page\" data-id=\"44\">\u00d6sterlen<\/a>. Ett namn som omr\u00e5det fick under slutet av 1900-talet i samband med att m\u00e5nga konstn\u00e4rer flyttade ut till byarna h\u00e4romkring fr\u00e5n Malm\u00f6 och Lund. Allt handlar om ljuset, f\u00f6rst\u00e5r ni... eller det kommer ni att f\u00f6rst\u00e5, n\u00e4r ni tillbringat lite tid h\u00e4r ute.<\/p>\n\n\n\n<p>Men det \u00e4r inte bara akvareller och keramik h\u00e4r ute, vet du. Tomelilla <em>kommun<\/em> \u00e4r k\u00e4nda internationellt f\u00f6r sin ekonomisk innovation som inte st\u00e5r i proportion till dess storlek, tack vare kommunens tidiga antagande av den nu v\u00e4lk\u00e4nda (men en g\u00e5ng kontroversiella) <em>munkmodellen<\/em>. Detta nyt\u00e4nk ledde till s\u00e5 djupg\u00e5ende f\u00f6r\u00e4ndringar i hur m\u00e4nniskor gjorde saker h\u00e4r att <a href=\"https:\/\/guide.zero-carbon-skane.org\/sv\/places\/southeast-the-slow-coast\/gamla-osterlen\/tomelilla\/den-stora-munken-onslundas-monument-to-donut-economics\/\" data-type=\"URL\" data-id=\"https:\/\/guide.zero-carbon-skane.org\/places\/southeast-the-slow-coast\/gamla-osterlen\/tomelilla\/den-stora-munken-onslundas-monument-to-donut-economics\/\">n\u00e5gra lokala b\u00f6nder bokstavligen reste ett monument \u00f6ver den, som de sedan bodde i<\/a>. \"Peak Tomelilla\", skrek rubrikerna p\u00e5 den tiden... men ingen skrattar nu.<\/p>\n\n\n\n<p>I den andra \u00e4nden av den ekonomiska skalan har de som inte kommer till Tomelilla f\u00f6r ljuset eller f\u00f6r munkarna (bokstavligt eller bildligt talat) f\u00f6rmodligen kommit hit f\u00f6r att bes\u00f6ka <a href=\"https:\/\/guide.zero-carbon-skane.org\/sv\/places\/southeast-the-slow-coast\/gamla-osterlen\/tomelilla\/your-one-stop-fix-it-shop-boohlssons-repairmecca\/\">BoOhlssons Mecka f\u00f6r reparationer<\/a>- en lokal aff\u00e4rsj\u00e4tte som lyckades h\u00e4nga med i tiden, om \u00e4n n\u00e5got motvilligt.<\/p>\n\n\n\n<p>I kommunens norra \u00e4nde ligger <a href=\"https:\/\/guide.zero-carbon-skane.org\/sv\/places\/southeast-the-slow-coast\/the-slow-coast\/brosarp-havang\/\" data-type=\"page\" data-id=\"41\">Br\u00f6sarp<\/a>, den lilla staden \u00e4r mest k\u00e4nd som porten till de vildaste delarna av lugna kusten... och en bit s\u00f6derut ligger Sk\u00e5ne-Tran\u00e5s, en by som \u00e4r mest k\u00e4nd f\u00f6r sin n\u00e4rhet till <a href=\"https:\/\/guide.zero-carbon-skane.org\/sv\/places\/southeast-the-slow-coast\/gamla-osterlen\/tomelilla\/dark-dining-vespers-dinner-at-mariavall-abbey\/\" data-type=\"URL\" data-id=\"https:\/\/guide.zero-carbon-skane.org\/places\/southeast-the-slow-coast\/gamla-osterlen\/tomelilla\/dark-dining-vespers-dinner-at-mariavall-abbey\/\">Marivall Abbey, hem f\u00f6r den ber\u00f6mda \"m\u00f6rka middagen\"<\/a>.<\/p>\n\n\n\n<p>Sj\u00e4lva staden Tomelilla \u00e4r ganska liten och lugn - n\u00e5got av en sovstad f\u00f6r dem som s\u00f6ker ett mer lantligt liv utan att f\u00f6rlora tillg\u00e5ngen till j\u00e4rnv\u00e4gsn\u00e4tet. Om du vill f\u00f6rdriva en eftermiddag kan du fr\u00e5ga ortsborna om den lokala filmindustrin p\u00e5 1960- och 1970-talen, vars kn\u00e4ppa, pythonska komedier var k\u00e4nda och \u00e4lskade i hela Sverige. Museet som \u00e4r till\u00e4gnat detta \u00e4r, enligt dem sj\u00e4lva, ett av de minsta museerna i v\u00e4rlden. Det \u00e4r v\u00e4rt att se, och inte bara f\u00f6r sin storlek, men du kommer f\u00f6rmodligen att f\u00e5 ut mer av ett samtal med en Tomelillan - f\u00f6r att inte tala om sk\u00e4mt.<\/p>","protected":false},"excerpt":{"rendered":"<p>Det \u00e4r inte bara akvareller och keramik h\u00e4r ute, vet du. (\u00c4ven om det \u00e4r mycket av det, om vi ska vara \u00e4rliga.)<\/p>","protected":false},"author":1,"featured_media":719,"parent":44,"menu_order":0,"comment_status":"closed","ping_status":"closed","template":"","meta":{"footnotes":""},"categories":[],"tags":[],"class_list":["post-45","page","type-page","status-publish","has-post-thumbnail","hentry"],"jetpack_sharing_enabled":true,"_links":{"self":[{"href":"https:\/\/guide.zero-carbon-skane.org\/sv\/wp-json\/wp\/v2\/pages\/45","targetHints":{"allow":["GET"]}}],"collection":[{"href":"https:\/\/guide.zero-carbon-skane.org\/sv\/wp-json\/wp\/v2\/pages"}],"about":[{"href":"https:\/\/guide.zero-carbon-skane.org\/sv\/wp-json\/wp\/v2\/types\/page"}],"author":[{"embeddable":true,"href":"https:\/\/guide.zero-carbon-skane.org\/sv\/wp-json\/wp\/v2\/users\/1"}],"replies":[{"embeddable":true,"href":"https:\/\/guide.zero-carbon-skane.org\/sv\/wp-json\/wp\/v2\/comments?post=45"}],"version-history":[{"count":1,"href":"https:\/\/guide.zero-carbon-skane.org\/sv\/wp-json\/wp\/v2\/pages\/45\/revisions"}],"predecessor-version":[{"id":720,"href":"https:\/\/guide.zero-carbon-skane.org\/sv\/wp-json\/wp\/v2\/pages\/45\/revisions\/720"}],"up":[{"embeddable":true,"href":"https:\/\/guide.zero-carbon-skane.org\/sv\/wp-json\/wp\/v2\/pages\/44"}],"wp:featuredmedia":[{"embeddable":true,"href":"https:\/\/guide.zero-carbon-skane.org\/sv\/wp-json\/wp\/v2\/media\/719"}],"wp:attachment":[{"href":"https:\/\/guide.zero-carbon-skane.org\/sv\/wp-json\/wp\/v2\/media?parent=45"}],"wp:term":[{"taxonomy":"category","embeddable":true,"href":"https:\/\/guide.zero-carbon-skane.org\/sv\/wp-json\/wp\/v2\/categories?post=45"},{"taxonomy":"post_tag","embeddable":true,"href":"https:\/\/guide.zero-carbon-skane.org\/sv\/wp-json\/wp\/v2\/tags?post=45"}],"curies":[{"name":"wp","href":"https:\/\/api.w.org\/{rel}","templated":true}]}}