{"id":444,"date":"2023-01-10T12:00:06","date_gmt":"2023-01-10T12:00:06","guid":{"rendered":"https:\/\/guide.zero-carbon-skane.org\/?page_id=444"},"modified":"2023-01-10T12:00:06","modified_gmt":"2023-01-10T12:00:06","slug":"solar-camping-puts-open-fields-in-the-shade","status":"publish","type":"page","link":"https:\/\/guide.zero-carbon-skane.org\/sv\/advice\/solar-camping-puts-open-fields-in-the-shade\/","title":{"rendered":"Solcellscamping f\u00f6rs\u00e4tter \u00f6ppna f\u00e4lt i skugga"},"content":{"rendered":"<p>Att campa i regn \u00e4r inte s\u00e4rskilt kul, det \u00e4r alla \u00f6verens om, men att campa under l\u00e5nga, varma och torra perioder - som blir allt vanligare under sommaren i Sk\u00e5ne - \u00e4r lite mer omtvistat: vissa njuter av den obarmh\u00e4rtiga hettan, medan andra ogillar att deras t\u00e4lt f\u00f6rvandlas till en oplanerad bastu s\u00e5 snart solen g\u00e5r upp. Om du tillh\u00f6r den senare kategorin kan Solar Camping vara den kompromiss du har letat efter; kolla in deras webbplats f\u00f6r deras st\u00e4ndigt v\u00e4xande lista \u00f6ver platser.<\/p>\n\n\n\n<figure class=\"wp-block-image size-full\"><img loading=\"lazy\" decoding=\"async\" width=\"1024\" height=\"576\" src=\"https:\/\/guide.zero-carbon-skane.org\/wp-content\/uploads\/2023\/01\/Dornbirn-Montfortstrasse_19-Gardening-Photovoltaik-01ASD.jpg\" alt=\"\" class=\"wp-image-445\" srcset=\"https:\/\/guide.zero-carbon-skane.org\/wp-content\/uploads\/2023\/01\/Dornbirn-Montfortstrasse_19-Gardening-Photovoltaik-01ASD.jpg 1024w, https:\/\/guide.zero-carbon-skane.org\/wp-content\/uploads\/2023\/01\/Dornbirn-Montfortstrasse_19-Gardening-Photovoltaik-01ASD-300x169.jpg 300w, https:\/\/guide.zero-carbon-skane.org\/wp-content\/uploads\/2023\/01\/Dornbirn-Montfortstrasse_19-Gardening-Photovoltaik-01ASD-768x432.jpg 768w\" sizes=\"auto, (max-width: 1024px) 100vw, 1024px\" \/><figcaption class=\"wp-element-caption\">Det \u00e4r enkelt: du sover d\u00e4r tomaterna inte finns. Bild av <a href=\"https:\/\/commons.wikimedia.org\/wiki\/File:Dornbirn-Montfortstrasse_19-Gardening-Photovoltaik-01ASD.jpg\">Asurnipal<\/a>, <a href=\"https:\/\/creativecommons.org\/licenses\/by-sa\/4.0\">CC BY-SA 4.0<\/a>, via Wikimedia Commons<\/figcaption><\/figure>\n\n\n\n<p>N\u00e4r solceller blev en allt vanligare syn i det sk\u00e5nska landskapet f\u00f6rs\u00f6kte vissa entrepren\u00f6rer diversifiera markanv\u00e4ndningen f\u00f6r de stora solcellsf\u00e4lt som d\u00f6k upp p\u00e5 icke odlingsbar mark. Det visar sig att paneler som \u00e4r vinklade 45 grader f\u00f6r att f\u00e5nga solen ocks\u00e5 ger gott om skugga f\u00f6r marken nedanf\u00f6r - perfekt f\u00f6r den tr\u00f6tta camparen som \u00e4r ute p\u00e5 en l\u00e5ng vandring l\u00e4ngs Sk\u00e5nes m\u00e5nga <em>leden<\/em> (vandringsleder). Alternativen str\u00e4cker sig fr\u00e5n den lyxiga Solar Bed f\u00f6r den som inte orkar b\u00e4ra med sig en sovs\u00e4ck, till det enklaste Just The Roof-alternativet f\u00f6r den budgetmedvetne; alla alternativ har ett l\u00e5gsp\u00e4nningsuttag som laddar dina b\u00e4rbara enheter \u00e5t dig medan du f\u00f6rbereder din m\u00fcsli p\u00e5 morgonen.<\/p>\n\n\n\n<p>Observera dock att m\u00e5nga solcampingplatser ocks\u00e5 ger plats f\u00f6r kommersiella gr\u00f6dor och andra skugg\u00e4lskande v\u00e4xter som har sv\u00e5rt att v\u00e4xa i mer \u00f6ppna milj\u00f6er - s\u00e5 se till att du bara st\u00e4ller upp p\u00e5 de avsedda platserna, om du inte vill f\u00e5 b\u00f6ter f\u00f6r att ha krossat n\u00e5gon obskyr orkid\u00e9! Observera ocks\u00e5 att olika fritt str\u00f6vande djur \u00e4r lika angel\u00e4gna om skuggigt skydd som m\u00e4nniskor, s\u00e5 du vet aldrig vad du kan vakna upp bredvid ... \u00e4ven om vi \u00e4r <em>r\u00e4tt<\/em> s\u00e4kra p\u00e5 att det \u00e4r osannolikt att du kommer att uppt\u00e4cka att du har <a href=\"https:\/\/guide.zero-carbon-skane.org\/sv\/activities\/sports-wellbeing\/pack-animals-running-with-wolves\/\" data-type=\"page\" data-id=\"170\">sovit bredvid en varg<\/a>.<\/p>","protected":false},"excerpt":{"rendered":"<p>It&#8217;s broadly agreed that camping in the rain is not much fun, but camping during long, hot and dry spells&#8212;such as are becoming ever more common during summer in Sk\u00e5ne&#8212;is a little more divisive: some relish the relentless heat, while others dislike their tent turning into an unplanned sauna as soon as the sun come [&hellip;]<\/p>\n","protected":false},"author":1,"featured_media":0,"parent":89,"menu_order":0,"comment_status":"closed","ping_status":"closed","template":"","meta":{"footnotes":""},"categories":[7],"tags":[],"class_list":["post-444","page","type-page","status-publish","hentry","category-hotels"],"jetpack_sharing_enabled":true,"_links":{"self":[{"href":"https:\/\/guide.zero-carbon-skane.org\/sv\/wp-json\/wp\/v2\/pages\/444","targetHints":{"allow":["GET"]}}],"collection":[{"href":"https:\/\/guide.zero-carbon-skane.org\/sv\/wp-json\/wp\/v2\/pages"}],"about":[{"href":"https:\/\/guide.zero-carbon-skane.org\/sv\/wp-json\/wp\/v2\/types\/page"}],"author":[{"embeddable":true,"href":"https:\/\/guide.zero-carbon-skane.org\/sv\/wp-json\/wp\/v2\/users\/1"}],"replies":[{"embeddable":true,"href":"https:\/\/guide.zero-carbon-skane.org\/sv\/wp-json\/wp\/v2\/comments?post=444"}],"version-history":[{"count":1,"href":"https:\/\/guide.zero-carbon-skane.org\/sv\/wp-json\/wp\/v2\/pages\/444\/revisions"}],"predecessor-version":[{"id":446,"href":"https:\/\/guide.zero-carbon-skane.org\/sv\/wp-json\/wp\/v2\/pages\/444\/revisions\/446"}],"up":[{"embeddable":true,"href":"https:\/\/guide.zero-carbon-skane.org\/sv\/wp-json\/wp\/v2\/pages\/89"}],"wp:attachment":[{"href":"https:\/\/guide.zero-carbon-skane.org\/sv\/wp-json\/wp\/v2\/media?parent=444"}],"wp:term":[{"taxonomy":"category","embeddable":true,"href":"https:\/\/guide.zero-carbon-skane.org\/sv\/wp-json\/wp\/v2\/categories?post=444"},{"taxonomy":"post_tag","embeddable":true,"href":"https:\/\/guide.zero-carbon-skane.org\/sv\/wp-json\/wp\/v2\/tags?post=444"}],"curies":[{"name":"wp","href":"https:\/\/api.w.org\/{rel}","templated":true}]}}