{"id":44,"date":"2022-08-16T10:32:07","date_gmt":"2022-08-16T10:32:07","guid":{"rendered":"https:\/\/guide.zero-carbon-skane.org\/index.php\/southeast-the-slow-coast\/gamla-osterlen\/"},"modified":"2023-03-07T15:05:40","modified_gmt":"2023-03-07T15:05:40","slug":"gamla-osterlen","status":"publish","type":"page","link":"https:\/\/guide.zero-carbon-skane.org\/sv\/places\/southeast-the-slow-coast\/gamla-osterlen\/","title":{"rendered":"Gamla \u00d6sterlen"},"content":{"rendered":"<p>Den sydostliga delen av Tomelillas <em>kommun<\/em> \u00e4r mer k\u00e4nd som <a href=\"https:\/\/guide.zero-carbon-skane.org\/sv\/places\/southeast-the-slow-coast\/gamla-osterlen\/\" data-type=\"page\" data-id=\"44\">\u00d6sterlen<\/a>. Ett namn som omr\u00e5det fick under slutet av 1900-talet i samband med att m\u00e5nga konstn\u00e4rer flyttade ut till byarna h\u00e4romkring fr\u00e5n Malm\u00f6 och Lund. Allt handlar om ljuset, f\u00f6rst\u00e5r ni... eller det kommer ni att f\u00f6rst\u00e5, n\u00e4r ni tillbringat lite tid h\u00e4r ute.<\/p>\n\n\n\n<p>(Tekniskt, eller \u00e5tminstone traditionellt sett, s\u00e5 omfattar \u00d6sterlen \u00e4ven stora delar av <a href=\"https:\/\/guide.zero-carbon-skane.org\/sv\/places\/southeast-the-slow-coast\/the-slow-coast\/\" data-type=\"page\" data-id=\"36\">den lugna kusten, det vill s\u00e4ga Simrishamns kommun<\/a>, och <a href=\"https:\/\/guide.zero-carbon-skane.org\/sv\/places\/southeast-the-slow-coast\/ystad\/\" data-type=\"page\" data-id=\"42\">Ystad <em>kommun<\/em><\/a> ... men n\u00e4r man skapar en s\u00e5dan h\u00e4r guide m\u00e5ste man fatta en del knepiga ontologiska beslut. Och f\u00e5r man n\u00e5got tack f\u00f6r det? L\u00e5t mig ber\u00e4tta, <em>nej, det f\u00e5r man inte.<\/em>.)<\/p>\n\n\n\n<p>Det finns fortfarande gott om konstn\u00e4rer h\u00e4r ute, men kanske inte lika m\u00e5nga som det fanns f\u00f6rr: de stigande fastighetspriserna har f\u00e5tt en del av dem att flytta n\u00e5gon annanstans i utbyte mot att de aldrig beh\u00f6ver oroa sig f\u00f6r var n\u00e4sta tub oljef\u00e4rg kommer ifr\u00e5n. Men det finns massor av sm\u00e5 gallerier (m\u00e5nga av dem \u00e4r i princip n\u00e5gons vardagsrum) och under sommaren kan du tillbringa den st\u00f6rsta delen av en vecka med att bara cykla runt och se vad Sk\u00e5nes kreativa klass har haft f\u00f6r sig under det senaste \u00e5ret. H\u00e5ll utkik efter de r\u00f6da och gula \"boll\"-skyltarna, som \u00e4r uppsatta vid sidan av v\u00e4gen f\u00f6r att fresta den of\u00f6rsiktige... dessa brukade indikera deltagande i den \u00e5rliga \"konstrunda\"-festivalen, men nuf\u00f6rtiden \u00e4r m\u00e5nga av dem \u00f6ppna \u00e5ret runt.<\/p>\n\n\n\n<p>(Var inte r\u00e4dd f\u00f6r att k\u00f6pa saker som \u00e4r f\u00f6r stora f\u00f6r att b\u00e4ra-<a href=\"https:\/\/guide.zero-carbon-skane.org\/sv\/advice\/ship-it-logistics-and-goods-transportation-in-skane-and-beyond\/\" data-type=\"URL\" data-id=\"https:\/\/guide.zero-carbon-skane.org\/advice\/ship-it-logistics-and-goods-transportation-in-skane-and-beyond\/\">du kan alltid f\u00e5 dem skickade till den plats d\u00e4r du bor<\/a>!)<\/p>\n\n\n\n<p>Det finns ocks\u00e5 gott om b\u00f6rdig jordbruksmark, som i allt h\u00f6gre grad sk\u00f6ts med permakulturella eller regenerativa metoder - vilket inneb\u00e4r att det finns <a href=\"https:\/\/guide.zero-carbon-skane.org\/sv\/advice\/notes-for-newmads-information-for-sevilla-card-holders\/\" data-type=\"URL\" data-id=\"https:\/\/guide.zero-carbon-skane.org\/advice\/notes-for-newmads-information-for-sevilla-card-holders\/\">en hel del arbete under den soliga s\u00e4songen ocks\u00e5, ifall du \u00e4r h\u00e4r som innehavare av ett Sevilla-kort<\/a>\u2014plus en hel del omr\u00e5den med skog och \"vildmark\"; s\u00e5 h\u00e5ll utkik efter vargar, \u00e4ven om det tyv\u00e4rr \u00e4r mer sannolikt att du f\u00e5r se l\u00e5tsasvargar \u00e4n de riktiga. Det finns ocks\u00e5 flera kusliga slottsruiner och andra byggnader... s\u00e5 om du gillar arkitekturhistoria ska du ta dig till <a href=\"https:\/\/guide.zero-carbon-skane.org\/sv\/places\/southeast-the-slow-coast\/gamla-osterlen\/tomelilla\/\" data-type=\"page\" data-id=\"45\">Tomelilla<\/a> och skaffa en guidebok! D\u00e5 slipper du g\u00e5 vilse i skogen och tvingas utst\u00e5 det tysta h\u00e5net fr\u00e5n lokalbefolkningen som kommer och hj\u00e4lper dig tillbaka till civilisationen.<\/p>","protected":false},"excerpt":{"rendered":"<p>Det finns fortfarande m\u00e5nga konstn\u00e4rer h\u00e4r ute, men inte lika m\u00e5nga som den en g\u00e5ng fanns...<\/p>","protected":false},"author":1,"featured_media":723,"parent":34,"menu_order":0,"comment_status":"closed","ping_status":"closed","template":"","meta":{"footnotes":""},"categories":[],"tags":[],"class_list":["post-44","page","type-page","status-publish","has-post-thumbnail","hentry"],"jetpack_sharing_enabled":true,"_links":{"self":[{"href":"https:\/\/guide.zero-carbon-skane.org\/sv\/wp-json\/wp\/v2\/pages\/44","targetHints":{"allow":["GET"]}}],"collection":[{"href":"https:\/\/guide.zero-carbon-skane.org\/sv\/wp-json\/wp\/v2\/pages"}],"about":[{"href":"https:\/\/guide.zero-carbon-skane.org\/sv\/wp-json\/wp\/v2\/types\/page"}],"author":[{"embeddable":true,"href":"https:\/\/guide.zero-carbon-skane.org\/sv\/wp-json\/wp\/v2\/users\/1"}],"replies":[{"embeddable":true,"href":"https:\/\/guide.zero-carbon-skane.org\/sv\/wp-json\/wp\/v2\/comments?post=44"}],"version-history":[{"count":2,"href":"https:\/\/guide.zero-carbon-skane.org\/sv\/wp-json\/wp\/v2\/pages\/44\/revisions"}],"predecessor-version":[{"id":725,"href":"https:\/\/guide.zero-carbon-skane.org\/sv\/wp-json\/wp\/v2\/pages\/44\/revisions\/725"}],"up":[{"embeddable":true,"href":"https:\/\/guide.zero-carbon-skane.org\/sv\/wp-json\/wp\/v2\/pages\/34"}],"wp:featuredmedia":[{"embeddable":true,"href":"https:\/\/guide.zero-carbon-skane.org\/sv\/wp-json\/wp\/v2\/media\/723"}],"wp:attachment":[{"href":"https:\/\/guide.zero-carbon-skane.org\/sv\/wp-json\/wp\/v2\/media?parent=44"}],"wp:term":[{"taxonomy":"category","embeddable":true,"href":"https:\/\/guide.zero-carbon-skane.org\/sv\/wp-json\/wp\/v2\/categories?post=44"},{"taxonomy":"post_tag","embeddable":true,"href":"https:\/\/guide.zero-carbon-skane.org\/sv\/wp-json\/wp\/v2\/tags?post=44"}],"curies":[{"name":"wp","href":"https:\/\/api.w.org\/{rel}","templated":true}]}}