{"id":439,"date":"2023-01-06T13:15:05","date_gmt":"2023-01-06T13:15:05","guid":{"rendered":"https:\/\/guide.zero-carbon-skane.org\/?page_id=439"},"modified":"2023-03-24T12:33:27","modified_gmt":"2023-03-24T12:33:27","slug":"roadside-picnic-abandoned-infrastructure-and-liminal-lands-along-the-lower-west-coast","status":"publish","type":"page","link":"https:\/\/guide.zero-carbon-skane.org\/sv\/places\/southwest-metropolitan-zone\/roadside-picnic-abandoned-infrastructure-and-liminal-lands-along-the-lower-west-coast\/","title":{"rendered":"Picknick vid v\u00e4gkanten? \u00d6vergiven infrastruktur och begr\u00e4nsade omr\u00e5den l\u00e4ngs den nedre v\u00e4stkusten"},"content":{"rendered":"<p>Under de senaste tio \u00e5ren har det svenska kustlandskapet genomg\u00e5tt en radikal f\u00f6r\u00e4ndring. Det b\u00f6rjade efter den period av kraftig nederb\u00f6rd som kallas De F\u00f6rbannade Flod\u00e5ren, d\u00e5 kraftigt regn och stormigt ov\u00e4der fick floder att sv\u00e4mma \u00f6ver och kustomr\u00e5den att \u00f6versv\u00e4mmas av havsvatten. Dessa omv\u00e4lvande \u00e5r resulterade i att Klimatanpassningsmyndigheten, L\u00e4nsstyrelsen i Sk\u00e5ne och Region Sk\u00e5ne beslutade att flytta m\u00e4nniskor fr\u00e5n stora delar av den sk\u00e5nska kustlinjen, s\u00e4rskilt den v\u00e4stra str\u00e4ckan mellan <a href=\"https:\/\/guide.zero-carbon-skane.org\/sv\/places\/southwest-metropolitan-zone\/vellinge\/naset\/falsterbo-skanor\/\" data-type=\"page\" data-id=\"28\">Skan\u00f6r-Falsterbo<\/a> och <a href=\"https:\/\/guide.zero-carbon-skane.org\/sv\/places\/northwest\/helsingborg\/\" data-type=\"page\" data-id=\"62\">Helsingborg<\/a>. <\/p>\n\n\n\n<p>Som en f\u00f6ljd av den nya klimatanpassningslagstiftning som antogs av riksdagen 2041 f\u00f6rbj\u00f6d dessa regionala akt\u00f6rer all nybyggnation, s\u00e5som infrastruktur, i de v\u00e4stra kustomr\u00e5dena, allt i ett f\u00f6rs\u00f6k att minska antalet klimatrelaterade d\u00f6dsfall. Denna str\u00e4van var ocks\u00e5 en del av det som ledde fram till <a href=\"https:\/\/guide.zero-carbon-skane.org\/sv\/history\/noll-poang-swedens-visions-zero\/\" data-type=\"page\" data-id=\"322\">den ber\u00f6mda svenska klimatvisionen Nollvisionen<\/a>, d\u00e4r man satte upp som m\u00e5l att uppn\u00e5 noll klimatrelaterade d\u00f6dsfall och skador.<\/p>\n\n\n\n<p>Numera har stora delar av denna en g\u00e5ng s\u00e5 t\u00e4tbefolkade kuststr\u00e4cka <a href=\"https:\/\/guide.zero-carbon-skane.org\/sv\/activities\/sightseeing\/living-it-up-in-liminal-landscapes-flexmark\/\" data-type=\"page\" data-id=\"309\">betecknas som \"flexmark\", vilket inneb\u00e4r att omr\u00e5det \u00e4r \u00f6ppet f\u00f6r alla att bes\u00f6ka medan vattnet inte stiger, men att det \u00e4r f\u00f6rbjudet omr\u00e5de n\u00e4r havet eller floderna b\u00f6rjar tr\u00e4nga sig in<\/a>. Avancerade varningssystem h\u00e5ller reda p\u00e5 detta och skickar ut varningar via flera medier om \u00f6versv\u00e4mningar \u00e4r p\u00e5 v\u00e4g att intr\u00e4ffa, s\u00e5 att du s\u00e4kert kan bes\u00f6ka dessa omr\u00e5den utan att beh\u00f6va oroa dig!\u00a0<\/p>\n\n\n\n<p>\"Men varf\u00f6r skulle jag vilja g\u00f6ra det\", undrar du kanske? Tja, h\u00e4r \u00e4r bara en handfull anledningar:<\/p>\n\n\n\n<ul class=\"wp-block-list\">\n<li><strong>Bes\u00f6k en lokal festival: <\/strong>N\u00e4r vattnet till\u00e5ter h\u00e5lls m\u00e5nga typer av festivaler p\u00e5 den \u00f6vergivna kustlinjen. En av de \u00e5terkommande \u00e4r Still Water Festival, som inte h\u00e5lls p\u00e5 en specifik plats. Ist\u00e4llet har m\u00e5nga lokala bos\u00e4ttningar sin egen version av festivalen, som du kan l\u00e4sa mer om i en egen artikel i den h\u00e4r guiden. Andra festivaler som \u00e4r v\u00e4rda att bes\u00f6ka \u00e4r till exempel DroughtDance-festivalen, som h\u00e5lls i den \u00f6vergivna byn Sundvik norr om <a href=\"https:\/\/guide.zero-carbon-skane.org\/sv\/places\/southwest-metropolitan-zone\/vastkusten\/landskrona\/\" data-type=\"page\" data-id=\"30\">Landskrona<\/a>. F\u00f6r de mer konstn\u00e4rligt lagda finns konstfestivalen Strandbiennal som \u00e4ger rum p\u00e5 stranden i den tidigare byn Bj\u00e4rred.<\/li>\n\n\n\n<li><strong>Delta i ett live action-rollspel (lajv): <\/strong>Den planerade nedl\u00e4ggningen av bos\u00e4ttningar och industriomr\u00e5den l\u00e4ngs kusten var en dr\u00f6m som gick i uppfyllelse f\u00f6r alla postapokalyptiska science fiction-lajvgrupper. M\u00e5nga av dem sl\u00f6t snabbt avtal med olika kommuner f\u00f6r att f\u00e5 tillst\u00e5nd att arrangera sina spel p\u00e5 s\u00e4kra men f\u00f6rfallna delar av flexmarken. Den mest k\u00e4nda av dessa \u00e4r Gloomlands RPG-grupp som spelar en p\u00e5g\u00e5ende historia p\u00e5 \u00f6n Gr\u00e5en utanf\u00f6r <a href=\"https:\/\/guide.zero-carbon-skane.org\/sv\/places\/southwest-metropolitan-zone\/vastkusten\/landskrona\/\" data-type=\"page\" data-id=\"30\">Landskrona<\/a>. Bes\u00f6k deras webbplats f\u00f6r att l\u00e4ra dig mer om hur du kan delta.<\/li>\n\n\n\n<li><strong>Br\u00e4nn lite (h\u00e5llbart) gummi vid en gatut\u00e4vling f\u00f6r elbilar: <\/strong>N\u00e4r v\u00e4stra Sk\u00e5nes kustlinje \u00f6vergavs, \u00f6vergavs ocks\u00e5 m\u00e5nga av dess vackra kustv\u00e4gar. M\u00e5nga av dessa tas ibland \u00f6ver av street racing-klubbar som anv\u00e4nder dem som racingbanor. Vissa kan kr\u00e4va att du tar med din egen elbil, men m\u00e5nga klubbar l\u00e5ter dig hyra en mot en avgift. Hoppa in bakom ratten och k\u00f6r ifr\u00e5n dina motst\u00e5ndare!<\/li>\n\n\n\n<li><strong>G\u00e5 den kusthistoriska vandringen: <\/strong>Om du \u00e4r historieintresserad f\u00e5r du inte missa denna vackra vandring l\u00e4ngs kustens naturreservat d\u00e4r du b\u00e5de f\u00e5r se de 100 \u00e5r gamla resterna av bunkrar fr\u00e5n andra v\u00e4rldskriget (som skyddade Sverige mot en nazitysk invasion fr\u00e5n det ockuperade Danmark) och de nyare resterna av den gamla <a href=\"https:\/\/guide.zero-carbon-skane.org\/sv\/places\/southwest-metropolitan-zone\/vastkusten\/barseback\/\" data-type=\"page\" data-id=\"31\">Barseb\u00e4ck<\/a> k\u00e4rnkraftverk (se dock till att ta ett jodtabletter efter att ha passerat h\u00e4r). Leden passerar ocks\u00e5 genom flera \u00f6vergivna byar och hamnar. Sammantaget ger vandringen en h\u00e5rd men poetisk bild av de f\u00f6r\u00e4ndrade levnadsf\u00f6rh\u00e5llandena l\u00e4ngs Sk\u00e5nes v\u00e4stkust. Definitivt v\u00e4rt ett bes\u00f6k!<\/li>\n<\/ul>\n\n\n\n<p><strong>Viktig anm\u00e4rkning:<\/strong><\/p>\n\n\n\n<p>\u00c4ven om nedmonteringen av infrastrukturen l\u00e4ngs kusten genomf\u00f6rdes p\u00e5 ett planerat och noggrant s\u00e4tt, och det mesta av omr\u00e5det \u00e4r helt s\u00e4kert att bes\u00f6ka, finns det ett par saker som \u00e4r bra att k\u00e4nna till innan man reser hit. <\/p>\n\n\n\n<p><strong>F\u00f6rsta<\/strong>, se till att du lyssnar p\u00e5 dessa varningar och inte smyger in efter att meddelandet har skickats. B\u00f6terna f\u00f6r att h\u00e4nga kvar n\u00e4r du inte f\u00e5r kan vara ganska h\u00f6ga. <\/p>\n\n\n\n<p><strong>Andra<\/strong>, \u00e4ven om det mesta av den \u00f6vergivna infrastrukturen underh\u00e5lls regelbundet f\u00f6r att inte utg\u00f6ra en fara f\u00f6r bes\u00f6kare, kan det h\u00e4nda att vissa av de gamla privat\u00e4gda lagren och fabrikerna inte h\u00e5ller samma standard och d\u00e4rf\u00f6r kan vara skadliga eller potentiellt farliga att bes\u00f6ka. Anv\u00e4nd ditt omd\u00f6me och g\u00e5 inte in p\u00e5 en plats som uppenbarligen h\u00e5ller p\u00e5 att falla ihop.&nbsp;<\/p>\n\n\n\n<p><strong>Tredje<\/strong>, och i likhet med den f\u00f6rra punkten inneh\u00e5ller vissa av dessa gamla fabriker och lagerlokaler (s\u00e4rskilt de som ligger n\u00e4ra tidigare kommersiella hamnar) rester av skadliga kemikalier, och \u00e4r d\u00e4rf\u00f6r fortfarande f\u00f6rbjudna f\u00f6r allm\u00e4nheten. (Vi noterar dock att detta inte verkar avskr\u00e4cka gerillans muralm\u00e5lare och skulpt\u00f6rer, eller de m\u00e4nniskor som g\u00e5r p\u00e5 jakt efter deras m\u00e4rkliga skapelser). <\/p>\n\n\n\n<p><strong>Slutligen<\/strong>, n\u00e5gra av de f\u00f6rfallna bos\u00e4ttningarna l\u00e4ngs den norra delen av den v\u00e4stra kustlinjen \u00e4r k\u00e4nda f\u00f6r att vara <a href=\"https:\/\/guide.zero-carbon-skane.org\/sv\/advice\/coastal-crime-smuggling-and-piracy-in-skane\/\" data-type=\"page\" data-id=\"416\">tillh\u00e5ll ofta bes\u00f6kta av smugglare<\/a>, brottslingar och <a href=\"https:\/\/guide.zero-carbon-skane.org\/sv\/activities\/eating-drinking\/the-flames-of-resistance-speak-easy-grill-culture-in-skane\/\" data-type=\"page\" data-id=\"422\">olagliga grillentusiaster<\/a>. Anv\u00e4nd ditt omd\u00f6me n\u00e4r du g\u00e5r i dessa omr\u00e5den, och t\u00e4nk p\u00e5 att de tekniskt sett inte anses vara en del av flexmarken, och att de d\u00e4rf\u00f6r inte st\u00e5r under bevakning av Myndigheten f\u00f6r klimatanpassning och L\u00e4nsstyrelsen i Sk\u00e5ne l\u00e4n.<\/p>","protected":false},"excerpt":{"rendered":"<p>Avancerade varningssystem h\u00e5ller koll p\u00e5 och skickar ut \u00f6versv\u00e4mningsvarningar via flera medier, s\u00e5 att du tryggt kan bes\u00f6ka dessa omr\u00e5den utan att beh\u00f6va oroa dig.<\/p>","protected":false},"author":1,"featured_media":1016,"parent":7,"menu_order":0,"comment_status":"closed","ping_status":"closed","template":"","meta":{"footnotes":""},"categories":[9,5],"tags":[],"class_list":["post-439","page","type-page","status-publish","has-post-thumbnail","hentry","category-activities","category-sightseeing"],"jetpack_sharing_enabled":true,"_links":{"self":[{"href":"https:\/\/guide.zero-carbon-skane.org\/sv\/wp-json\/wp\/v2\/pages\/439","targetHints":{"allow":["GET"]}}],"collection":[{"href":"https:\/\/guide.zero-carbon-skane.org\/sv\/wp-json\/wp\/v2\/pages"}],"about":[{"href":"https:\/\/guide.zero-carbon-skane.org\/sv\/wp-json\/wp\/v2\/types\/page"}],"author":[{"embeddable":true,"href":"https:\/\/guide.zero-carbon-skane.org\/sv\/wp-json\/wp\/v2\/users\/1"}],"replies":[{"embeddable":true,"href":"https:\/\/guide.zero-carbon-skane.org\/sv\/wp-json\/wp\/v2\/comments?post=439"}],"version-history":[{"count":4,"href":"https:\/\/guide.zero-carbon-skane.org\/sv\/wp-json\/wp\/v2\/pages\/439\/revisions"}],"predecessor-version":[{"id":1018,"href":"https:\/\/guide.zero-carbon-skane.org\/sv\/wp-json\/wp\/v2\/pages\/439\/revisions\/1018"}],"up":[{"embeddable":true,"href":"https:\/\/guide.zero-carbon-skane.org\/sv\/wp-json\/wp\/v2\/pages\/7"}],"wp:featuredmedia":[{"embeddable":true,"href":"https:\/\/guide.zero-carbon-skane.org\/sv\/wp-json\/wp\/v2\/media\/1016"}],"wp:attachment":[{"href":"https:\/\/guide.zero-carbon-skane.org\/sv\/wp-json\/wp\/v2\/media?parent=439"}],"wp:term":[{"taxonomy":"category","embeddable":true,"href":"https:\/\/guide.zero-carbon-skane.org\/sv\/wp-json\/wp\/v2\/categories?post=439"},{"taxonomy":"post_tag","embeddable":true,"href":"https:\/\/guide.zero-carbon-skane.org\/sv\/wp-json\/wp\/v2\/tags?post=439"}],"curies":[{"name":"wp","href":"https:\/\/api.w.org\/{rel}","templated":true}]}}