{"id":436,"date":"2023-01-06T13:01:36","date_gmt":"2023-01-06T13:01:36","guid":{"rendered":"https:\/\/guide.zero-carbon-skane.org\/?page_id=436"},"modified":"2023-04-16T12:53:39","modified_gmt":"2023-04-16T12:53:39","slug":"the-couchsurfing-tsunami-dchm-and-temporary-accommodation","status":"publish","type":"page","link":"https:\/\/guide.zero-carbon-skane.org\/sv\/advice\/the-couchsurfing-tsunami-dchm-and-temporary-accommodation\/","title":{"rendered":"Couchsurfande-mani? DKBR och tillf\u00e4lligt boende"},"content":{"rendered":"<p>Om du <em>inte<\/em> \u00e4r medlem i DKBR, ja, d\u00e5 kanske du ska \u00f6verv\u00e4ga att bli det - s\u00e4rskilt om du planerar att flytta runt en hel del, vare sig det \u00e4r i Sk\u00e5ne eller utanf\u00f6r. Men vad handlar det om, undrar du kanske? Tja, l\u00e4s vidare... <\/p>\n\n\n\n<p>Stigande levnadskostnader under 2020-talet innebar att delande - b\u00e5de av utrymmen och saker - blev en n\u00f6dv\u00e4ndighet f\u00f6r de flesta m\u00e4nniskor, \u00e4ven om de f\u00f6rsta framg\u00e5ngarna med \"delningsekonomin\" avsl\u00f6jades som obehagliga, exploaterande eller hyresdrivande.<\/p>\n\n\n\n<p>Kollektivt boende var inget nytt - s\u00e4rskilt inte h\u00e4r i Sverige - men den senaste v\u00e5gen svepte med sig helt nya befolkningsgrupper och ledde till en drastisk \u00f6kning av efterfr\u00e5gan. Massiva tv\u00e5ngsinl\u00f6sta villor blev blomstrande generationsboenden (unga m\u00e4nniskor p\u00e5 \u00f6verv\u00e5ningen, \u00e4ldre m\u00e4nniskor p\u00e5 nederv\u00e5ningen); de \"big box\"-byggnader som kantade motorv\u00e4garna byggdes om till s\u00e4songsbaserade kooperativ, som tillhandah\u00f6ll boende f\u00f6r arbetare med olika kompetens beroende p\u00e5 s\u00e4song; samh\u00e4llstorn uppf\u00f6rdes med endast \u00e5teranv\u00e4nda byggmaterial och tr\u00e4balkar (en nyhet p\u00e5 den tiden). I n\u00e4stan samtliga fall var dessa platser utformade f\u00f6r kollektivt boende, med gemensamma utrymmen f\u00f6r matlagning och tr\u00e4dg\u00e5rdssk\u00f6tsel. <\/p>\n\n\n\n<p>M\u00e5nga l\u00e4nder upplevde en liknande utveckling. Men den relativa fattigdomen under dessa \u00e5r gjorde inte mycket f\u00f6r att minska m\u00e4nniskors reslust - t\u00e5g- och luftskeppsresor var h\u00f6gsta mode! Det var d\u00e4rf\u00f6r ett teknikintresserat tyskt kollektiv skapade DKBR. Det \u00e4r ett system som automatiskt identifierar tomma rum i kollektiva bost\u00e4der som du kan registrera dig f\u00f6r om du \u00e4r p\u00e5 genomresa; det enda kravet \u00e4r att du har \u00f6ppnat upp ditt eget hem p\u00e5 samma s\u00e4tt.&nbsp;<\/p>\n\n\n\n<p>H\u00e4r \u00e4r bara n\u00e5gra exempel p\u00e5 bostadsprojekt med DKBR-anknytning. Kom ih\u00e5g att tillg\u00e4ngligheten beror p\u00e5 fr\u00e5nvaron av en ordinarie inv\u00e5nare, och att du f\u00f6rv\u00e4ntas f\u00f6lja (eller \u00e5tminstone respektera) dina v\u00e4rdars r\u00e5dande ideologi eller syns\u00e4tt under din vistelse!<\/p>\n\n\n\n<figure class=\"wp-block-embed is-type-wp-embed is-provider-a-guide-to-zero-carbon-skane wp-block-embed-a-guide-to-zero-carbon-skane\"><div class=\"wp-block-embed__wrapper\">\n<blockquote class=\"wp-embedded-content\" data-secret=\"mpp0VpYSJR\"><a href=\"https:\/\/guide.zero-carbon-skane.org\/sv\/places\/northwest\/orkelljunga\/orkeltopia-eco-village\/\">\u00d6rkeltopia ekoby<\/a><\/blockquote><iframe loading=\"lazy\" class=\"wp-embedded-content\" sandbox=\"allow-scripts\" security=\"restricted\" style=\"position: absolute; clip: rect(1px, 1px, 1px, 1px);\" title=\"&quot;\u00d6rkeltopia Eco-village&quot; - En guide till ett Sk\u00e5ne utan koldioxidutsl\u00e4pp\" src=\"https:\/\/guide.zero-carbon-skane.org\/places\/northwest\/orkelljunga\/orkeltopia-eco-village\/embed\/#?secret=cSVKPYEcR8#?secret=mpp0VpYSJR\" data-secret=\"mpp0VpYSJR\" width=\"500\" height=\"282\" frameborder=\"0\" marginwidth=\"0\" marginheight=\"0\" scrolling=\"no\"><\/iframe>\n<\/div><\/figure>\n\n\n\n<figure class=\"wp-block-embed is-type-wp-embed is-provider-a-guide-to-zero-carbon-skane wp-block-embed-a-guide-to-zero-carbon-skane\"><div class=\"wp-block-embed__wrapper\">\n<blockquote class=\"wp-embedded-content\" data-secret=\"gHn2xyvScS\"><a href=\"https:\/\/guide.zero-carbon-skane.org\/sv\/places\/southwest-metropolitan-zone\/vellinge\/naset\/falsterbo-skanor\/occupy-stiltsville-protesting-the-palpalats\/\">Ockupera Stiltsville: protester mot p\u00e5lpalatset<\/a><\/blockquote><iframe loading=\"lazy\" class=\"wp-embedded-content\" sandbox=\"allow-scripts\" security=\"restricted\" style=\"position: absolute; clip: rect(1px, 1px, 1px, 1px);\" title=\"&quot;Occupy Stiltsville: protesterar mot p\u00e5lpalatset&quot; - En guide till ett Sk\u00e5ne utan koldioxidutsl\u00e4pp\" src=\"https:\/\/guide.zero-carbon-skane.org\/places\/southwest-metropolitan-zone\/vellinge\/naset\/falsterbo-skanor\/occupy-stiltsville-protesting-the-palpalats\/embed\/#?secret=E7pp1LVkjt#?secret=gHn2xyvScS\" data-secret=\"gHn2xyvScS\" width=\"500\" height=\"282\" frameborder=\"0\" marginwidth=\"0\" marginheight=\"0\" scrolling=\"no\"><\/iframe>\n<\/div><\/figure>\n\n\n\n<figure class=\"wp-block-embed is-type-wp-embed is-provider-a-guide-to-zero-carbon-skane wp-block-embed-a-guide-to-zero-carbon-skane\"><div class=\"wp-block-embed__wrapper\">\n<blockquote class=\"wp-embedded-content\" data-secret=\"dXjL09FPcy\"><a href=\"https:\/\/guide.zero-carbon-skane.org\/sv\/places\/southwest-metropolitan-zone\/lund\/gamla-staden\/an-urban-eden-lunds-paradise-quarter\/\">Ett urbant Eden: Lunds paradiskvarter<\/a><\/blockquote><iframe loading=\"lazy\" class=\"wp-embedded-content\" sandbox=\"allow-scripts\" security=\"restricted\" style=\"position: absolute; clip: rect(1px, 1px, 1px, 1px);\" title=\"&quot;Ett urbant Eden: Lunds paradiskvarter&quot; - En guide till Sk\u00e5ne utan koldioxidutsl\u00e4pp\" src=\"https:\/\/guide.zero-carbon-skane.org\/places\/southwest-metropolitan-zone\/lund\/gamla-staden\/an-urban-eden-lunds-paradise-quarter\/embed\/#?secret=CK4rVp0jbI#?secret=dXjL09FPcy\" data-secret=\"dXjL09FPcy\" width=\"500\" height=\"282\" frameborder=\"0\" marginwidth=\"0\" marginheight=\"0\" scrolling=\"no\"><\/iframe>\n<\/div><\/figure>\n\n\n\n<figure class=\"wp-block-embed is-type-wp-embed is-provider-a-guide-to-zero-carbon-skane wp-block-embed-a-guide-to-zero-carbon-skane\"><div class=\"wp-block-embed__wrapper\">\n<blockquote class=\"wp-embedded-content\" data-secret=\"IC2MgUJf5U\"><a href=\"https:\/\/guide.zero-carbon-skane.org\/sv\/places\/southwest-metropolitan-zone\/greater-malmo\/docklands\/famnen-urban-living-with-repurpose\/\">Famnen: urbant boende med (av)sikt<\/a><\/blockquote><iframe loading=\"lazy\" class=\"wp-embedded-content\" sandbox=\"allow-scripts\" security=\"restricted\" style=\"position: absolute; clip: rect(1px, 1px, 1px, 1px);\" title=\"&quot;Famnen: stadsliv med (om)syfte&quot; - En guide till Sk\u00e5ne utan koldioxidutsl\u00e4pp\" src=\"https:\/\/guide.zero-carbon-skane.org\/places\/southwest-metropolitan-zone\/greater-malmo\/docklands\/famnen-urban-living-with-repurpose\/embed\/#?secret=MoTOyYQgOd#?secret=IC2MgUJf5U\" data-secret=\"IC2MgUJf5U\" width=\"500\" height=\"282\" frameborder=\"0\" marginwidth=\"0\" marginheight=\"0\" scrolling=\"no\"><\/iframe>\n<\/div><\/figure>","protected":false},"excerpt":{"rendered":"<p>\u00c4r du en del av DKBR (Distribuerat Kollektiva-Boende R\u00f6relsen) I s\u00e5 fall finns det m\u00e5nga st\u00e4llen d\u00e4r du kan bo i Sk\u00e5ne; vi har lyft fram n\u00e5gra anm\u00e4rkningsv\u00e4rda exempel nedan.<\/p>","protected":false},"author":1,"featured_media":1146,"parent":89,"menu_order":0,"comment_status":"closed","ping_status":"closed","template":"","meta":{"footnotes":""},"categories":[],"tags":[],"class_list":["post-436","page","type-page","status-publish","has-post-thumbnail","hentry"],"jetpack_sharing_enabled":true,"_links":{"self":[{"href":"https:\/\/guide.zero-carbon-skane.org\/sv\/wp-json\/wp\/v2\/pages\/436","targetHints":{"allow":["GET"]}}],"collection":[{"href":"https:\/\/guide.zero-carbon-skane.org\/sv\/wp-json\/wp\/v2\/pages"}],"about":[{"href":"https:\/\/guide.zero-carbon-skane.org\/sv\/wp-json\/wp\/v2\/types\/page"}],"author":[{"embeddable":true,"href":"https:\/\/guide.zero-carbon-skane.org\/sv\/wp-json\/wp\/v2\/users\/1"}],"replies":[{"embeddable":true,"href":"https:\/\/guide.zero-carbon-skane.org\/sv\/wp-json\/wp\/v2\/comments?post=436"}],"version-history":[{"count":3,"href":"https:\/\/guide.zero-carbon-skane.org\/sv\/wp-json\/wp\/v2\/pages\/436\/revisions"}],"predecessor-version":[{"id":1150,"href":"https:\/\/guide.zero-carbon-skane.org\/sv\/wp-json\/wp\/v2\/pages\/436\/revisions\/1150"}],"up":[{"embeddable":true,"href":"https:\/\/guide.zero-carbon-skane.org\/sv\/wp-json\/wp\/v2\/pages\/89"}],"wp:featuredmedia":[{"embeddable":true,"href":"https:\/\/guide.zero-carbon-skane.org\/sv\/wp-json\/wp\/v2\/media\/1146"}],"wp:attachment":[{"href":"https:\/\/guide.zero-carbon-skane.org\/sv\/wp-json\/wp\/v2\/media?parent=436"}],"wp:term":[{"taxonomy":"category","embeddable":true,"href":"https:\/\/guide.zero-carbon-skane.org\/sv\/wp-json\/wp\/v2\/categories?post=436"},{"taxonomy":"post_tag","embeddable":true,"href":"https:\/\/guide.zero-carbon-skane.org\/sv\/wp-json\/wp\/v2\/tags?post=436"}],"curies":[{"name":"wp","href":"https:\/\/api.w.org\/{rel}","templated":true}]}}