{"id":432,"date":"2023-01-06T11:34:35","date_gmt":"2023-01-06T11:34:35","guid":{"rendered":"https:\/\/guide.zero-carbon-skane.org\/?page_id=432"},"modified":"2023-04-16T12:50:11","modified_gmt":"2023-04-16T12:50:11","slug":"notes-for-newmads-information-for-sevilla-card-holders","status":"publish","type":"page","link":"https:\/\/guide.zero-carbon-skane.org\/sv\/advice\/notes-for-newmads-information-for-sevilla-card-holders\/","title":{"rendered":"Noteringar f\u00f6r newmads: information f\u00f6r Sevilla-kortinnehavare"},"content":{"rendered":"<p>H\u00e4r \u00e4r vad du beh\u00f6ver veta:<\/p>\n\n\n\n<p><strong>Allm\u00e4n information:<\/strong> Som en del av Sevilla-konventionen som undertecknades f\u00f6r tv\u00e5 \u00e5r sedan f\u00e5r du nu bo och arbeta i alla flexibla markanv\u00e4ndningsomr\u00e5den i EU under en femm\u00e5nadersperiod, s\u00e5 l\u00e4nge du kan flytta om myndigheterna anser att f\u00f6rh\u00e5llandena kommer att bli skadliga f\u00f6r m\u00e4nniskor. Sevillakorts\u00e4songen i Sk\u00e5ne \u00e4r enligt regional lag fastst\u00e4lld till mellan den 1 juni och den 31 oktober. Anledningen till detta \u00e4r att \u00f6versv\u00e4mnings- och storms\u00e4songen tenderar att starta i slutet av oktober, vilket g\u00f6r att <a href=\"https:\/\/guide.zero-carbon-skane.org\/sv\/activities\/sightseeing\/living-it-up-in-liminal-landscapes-flexmark\/\" data-type=\"page\" data-id=\"309\">flexmark<\/a> -omr\u00e5den blir obeboeliga.<\/p>\n\n\n\n<p><strong>Begr\u00e4nsningar f\u00f6r bost\u00e4der:<\/strong> Det \u00e4r viktigt att veta att du m\u00e5ste l\u00e4mna omr\u00e5det och ta med dig hela ditt l\u00e4ger sex timmar efter att du har underr\u00e4ttats av de lokala myndigheterna. Detta inneb\u00e4r ocks\u00e5 att du inte f\u00e5r l\u00e4mna kvar n\u00e5got att h\u00e4mta senare. Allt som l\u00e4mnas kvar efter dessa sex timmar kommer att konfiskeras av myndigheterna, som kommer att ge dig b\u00f6ter. Dessa kan ibland vara ganska h\u00f6ga, beroende p\u00e5 vilka saker du har gl\u00f6mt att ta med dig. Alla l\u00e4ger som fortfarande befinner sig p\u00e5 det flexibla markanv\u00e4ndningsomr\u00e5det efter dessa sex timmar kommer ocks\u00e5 att tv\u00e5ngsevakueras, b\u00f6tf\u00e4llas och f\u00e5 sin Sevilla-kort-status \u00e5terkallad. Dessa lagar g\u00e4ller \u00e4ven n\u00e4r du m\u00e5ste \u00e5ka hem efter att din femm\u00e5nadersperiod \u00e4r \u00f6ver.<\/p>\n\n\n\n<p><strong>R\u00e4ttigheter och skyldigheter:<\/strong> Om du har ett Sevilla-kort g\u00e4ller samma regler i Sk\u00e5ne som i alla andra EU-l\u00e4nder. Det inneb\u00e4r att du m\u00e5ste betala svensk skatt p\u00e5 alla inkomster du f\u00e5r n\u00e4r du s\u00e4songsarbetar f\u00f6r ett svenskt f\u00f6retag i Sk\u00e5ne. Men om du g\u00f6r det f\u00e5r du ocks\u00e5 ta del av det ber\u00f6mda svenska v\u00e4lf\u00e4rdssystemet! Det inneb\u00e4r billig sjukv\u00e5rd, subventionerad kollektivtrafik, tj\u00e4nstepension, stabila arbetsvillkor och mycket mer.<\/p>\n\n\n\n<p><strong>Anst\u00e4llning:<\/strong> Har du inget jobb ordnat i f\u00f6rv\u00e4g? M\u00e5nga av de campingplatser som dyker upp under s\u00e4songen anst\u00e4ller personer f\u00f6r att ta hand om anl\u00e4ggningen. Eftersom \"newmad\"-s\u00e4songen ocks\u00e5 \u00e4ger rum under sk\u00f6rdes\u00e4songen i Sverige finns det ocks\u00e5 m\u00e5nga jobb att ta inom den sektorn. M\u00e5nga av dessa jobb har ocks\u00e5 sv\u00e5rt att locka de allt \u00e4ldre och h\u00f6gutbildade permanent bosatta svenskarna att arbeta d\u00e4r, vilket inneb\u00e4r att de kommer att vara mycket tacksamma f\u00f6r ditt bidrag. F\u00e4ltarbete kanske inte \u00e4r n\u00e5got f\u00f6r dig? Eftersom sommaren \u00e4r den svenska semesterperioden beh\u00f6ver m\u00e5nga kontor eller butiker tillf\u00e4lligt anst\u00e4llda f\u00f6r att fylla platserna f\u00f6r de som \u00e4r p\u00e5 semester.<\/p>\n\n\n\n<h3 class=\"wp-block-heading\">De b\u00e4sta tipsen:<\/h3>\n\n\n\n<ul class=\"wp-block-list\">\n<li>Se till att ha alla dina saker smart f\u00f6rpackade och ha listor som du kan checka av f\u00f6r att se att du har alla dina tillh\u00f6righeter med dig n\u00e4r du \u00e5ker.<\/li>\n\n\n\n<li>I Sverige \u00e4r alla <a href=\"https:\/\/guide.zero-carbon-skane.org\/sv\/activities\/sightseeing\/living-it-up-in-liminal-landscapes-flexmark\/\" data-type=\"page\" data-id=\"309\">flexibla markanv\u00e4ndningsomr\u00e5den kallade \"flexmark\". I Sk\u00e5ne \u00e4r de oftast bel\u00e4gna l\u00e4ngs kusterna<\/a>. Ta med badkl\u00e4der!<\/li>\n\n\n\n<li>T\u00e4nk p\u00e5 att det finns begr\u00e4nsad tillg\u00e5ng till el i m\u00e5nga av flexmarkomr\u00e5dena. Installera en solpanel p\u00e5 din husbil eller g\u00e5 helt off-grid!<\/li>\n\n\n\n<li>H\u00e5ll utkik efter en av de m\u00e5nga <a href=\"https:\/\/guide.zero-carbon-skane.org\/sv\/activities\/events\/flexival-the-low-water-festivals\/\" data-type=\"page\" data-id=\"311\">\"l\u00e5ga vattenfestivaler\"<\/a> under sommaren. De \u00e4r j\u00e4tteroliga och ett bevis p\u00e5 att (\u00e5tminstone under sommaren) \u00e4ven den mest tillbakadragna skandinav \u00e4r sugen p\u00e5 en fest!<\/li>\n<\/ul>","protected":false},"excerpt":{"rendered":"<p>Funderar du p\u00e5 att bes\u00f6ka Sverige som en \"newmad\", en Sevilla-kortinnehavare fr\u00e5n en av EU:s nya klimatk\u00e4nslighetszoner (KKZ)? Det juridiska \u00e4r lite komplicerat, men oroa dig inte, vi har samlat grunderna nedan.<\/p>","protected":false},"author":1,"featured_media":1142,"parent":89,"menu_order":0,"comment_status":"closed","ping_status":"closed","template":"","meta":{"footnotes":""},"categories":[],"tags":[],"class_list":["post-432","page","type-page","status-publish","has-post-thumbnail","hentry"],"jetpack_sharing_enabled":true,"_links":{"self":[{"href":"https:\/\/guide.zero-carbon-skane.org\/sv\/wp-json\/wp\/v2\/pages\/432","targetHints":{"allow":["GET"]}}],"collection":[{"href":"https:\/\/guide.zero-carbon-skane.org\/sv\/wp-json\/wp\/v2\/pages"}],"about":[{"href":"https:\/\/guide.zero-carbon-skane.org\/sv\/wp-json\/wp\/v2\/types\/page"}],"author":[{"embeddable":true,"href":"https:\/\/guide.zero-carbon-skane.org\/sv\/wp-json\/wp\/v2\/users\/1"}],"replies":[{"embeddable":true,"href":"https:\/\/guide.zero-carbon-skane.org\/sv\/wp-json\/wp\/v2\/comments?post=432"}],"version-history":[{"count":3,"href":"https:\/\/guide.zero-carbon-skane.org\/sv\/wp-json\/wp\/v2\/pages\/432\/revisions"}],"predecessor-version":[{"id":1145,"href":"https:\/\/guide.zero-carbon-skane.org\/sv\/wp-json\/wp\/v2\/pages\/432\/revisions\/1145"}],"up":[{"embeddable":true,"href":"https:\/\/guide.zero-carbon-skane.org\/sv\/wp-json\/wp\/v2\/pages\/89"}],"wp:featuredmedia":[{"embeddable":true,"href":"https:\/\/guide.zero-carbon-skane.org\/sv\/wp-json\/wp\/v2\/media\/1142"}],"wp:attachment":[{"href":"https:\/\/guide.zero-carbon-skane.org\/sv\/wp-json\/wp\/v2\/media?parent=432"}],"wp:term":[{"taxonomy":"category","embeddable":true,"href":"https:\/\/guide.zero-carbon-skane.org\/sv\/wp-json\/wp\/v2\/categories?post=432"},{"taxonomy":"post_tag","embeddable":true,"href":"https:\/\/guide.zero-carbon-skane.org\/sv\/wp-json\/wp\/v2\/tags?post=432"}],"curies":[{"name":"wp","href":"https:\/\/api.w.org\/{rel}","templated":true}]}}