{"id":43,"date":"2022-08-16T10:32:07","date_gmt":"2022-08-16T10:32:07","guid":{"rendered":"https:\/\/guide.zero-carbon-skane.org\/index.php\/southeast-the-slow-coast\/ystad\/gamla-staden\/"},"modified":"2023-03-07T10:43:23","modified_gmt":"2023-03-07T10:43:23","slug":"gamla-staden","status":"publish","type":"page","link":"https:\/\/guide.zero-carbon-skane.org\/sv\/places\/southeast-the-slow-coast\/ystad\/gamla-staden\/","title":{"rendered":"Gamla Staden (Ystad)"},"content":{"rendered":"<p>Handelshamnen i Ystad, som \u00e4r det f\u00f6rsta du ser om du anl\u00e4nder med t\u00e5g eller buss, \u00e4r kanske inte stadens vackraste ansikte... men det \u00e4r en kort promenad till den charmiga <em>gamla v\u00e4ster<\/em>, d\u00e4r man kan tillbringa en fin eftermiddag med att vandra med v\u00e4nner och se vad som finns runt n\u00e4sta h\u00f6rn.<\/p>\n\n\n\n<p>B\u00f6rjar du bli hungrig? Det finns n\u00e5gra mycket <a href=\"https:\/\/guide.zero-carbon-skane.org\/sv\/places\/southeast-the-slow-coast\/ystad\/invasivore-acceptable-exotic-eating-maybe\/\" data-type=\"URL\" data-id=\"https:\/\/guide.zero-carbon-skane.org\/places\/southeast-the-slow-coast\/ystad\/invasivore-acceptable-exotic-eating-maybe\/\">utm\u00e4rkande<\/a> <a href=\"https:\/\/guide.zero-carbon-skane.org\/sv\/places\/southeast-the-slow-coast\/ystad\/that-salty-grain-the-unexpected-success-of-algrasang\/\" data-type=\"URL\" data-id=\"https:\/\/guide.zero-carbon-skane.org\/places\/southeast-the-slow-coast\/ystad\/that-salty-grain-the-unexpected-success-of-algrasang\/\">alternativ<\/a> att v\u00e4lja mellan h\u00e4r! Eller om du hellre vill slippa vara omgiven av pittoreska sm\u00e5 byggnader, <a href=\"https:\/\/guide.zero-carbon-skane.org\/sv\/places\/southeast-the-slow-coast\/ystad\/eelgrass-safari-adventures-in-ystads-strandskog\/\" data-type=\"URL\" data-id=\"https:\/\/guide.zero-carbon-skane.org\/places\/southeast-the-slow-coast\/ystad\/eelgrass-safari-adventures-in-ystads-strandskog\/\">bege dig till kusten f\u00f6r lite undervattenssafari<\/a>&#8230;<\/p>","protected":false},"excerpt":{"rendered":"<p>Det charmiga hj\u00e4rtat i en tusen \u00e5r gammal kuststad.<\/p>","protected":false},"author":1,"featured_media":680,"parent":42,"menu_order":0,"comment_status":"closed","ping_status":"closed","template":"","meta":{"footnotes":""},"categories":[],"tags":[],"class_list":["post-43","page","type-page","status-publish","has-post-thumbnail","hentry"],"jetpack_sharing_enabled":true,"_links":{"self":[{"href":"https:\/\/guide.zero-carbon-skane.org\/sv\/wp-json\/wp\/v2\/pages\/43","targetHints":{"allow":["GET"]}}],"collection":[{"href":"https:\/\/guide.zero-carbon-skane.org\/sv\/wp-json\/wp\/v2\/pages"}],"about":[{"href":"https:\/\/guide.zero-carbon-skane.org\/sv\/wp-json\/wp\/v2\/types\/page"}],"author":[{"embeddable":true,"href":"https:\/\/guide.zero-carbon-skane.org\/sv\/wp-json\/wp\/v2\/users\/1"}],"replies":[{"embeddable":true,"href":"https:\/\/guide.zero-carbon-skane.org\/sv\/wp-json\/wp\/v2\/comments?post=43"}],"version-history":[{"count":1,"href":"https:\/\/guide.zero-carbon-skane.org\/sv\/wp-json\/wp\/v2\/pages\/43\/revisions"}],"predecessor-version":[{"id":682,"href":"https:\/\/guide.zero-carbon-skane.org\/sv\/wp-json\/wp\/v2\/pages\/43\/revisions\/682"}],"up":[{"embeddable":true,"href":"https:\/\/guide.zero-carbon-skane.org\/sv\/wp-json\/wp\/v2\/pages\/42"}],"wp:featuredmedia":[{"embeddable":true,"href":"https:\/\/guide.zero-carbon-skane.org\/sv\/wp-json\/wp\/v2\/media\/680"}],"wp:attachment":[{"href":"https:\/\/guide.zero-carbon-skane.org\/sv\/wp-json\/wp\/v2\/media?parent=43"}],"wp:term":[{"taxonomy":"category","embeddable":true,"href":"https:\/\/guide.zero-carbon-skane.org\/sv\/wp-json\/wp\/v2\/categories?post=43"},{"taxonomy":"post_tag","embeddable":true,"href":"https:\/\/guide.zero-carbon-skane.org\/sv\/wp-json\/wp\/v2\/tags?post=43"}],"curies":[{"name":"wp","href":"https:\/\/api.w.org\/{rel}","templated":true}]}}