{"id":429,"date":"2023-01-05T15:07:25","date_gmt":"2023-01-05T15:07:25","guid":{"rendered":"https:\/\/guide.zero-carbon-skane.org\/?page_id=429"},"modified":"2023-03-24T10:32:44","modified_gmt":"2023-03-24T10:32:44","slug":"mental-time-travel-lunds-museum-of-lost-sensations","status":"publish","type":"page","link":"https:\/\/guide.zero-carbon-skane.org\/sv\/places\/southwest-metropolitan-zone\/lund\/gamla-staden\/mental-time-travel-lunds-museum-of-lost-sensations\/","title":{"rendered":"En mental tidsresa: Lunds museum \u00f6ver f\u00f6rlorade sensationer"},"content":{"rendered":"<p>Om du \u00e4r i <a href=\"https:\/\/guide.zero-carbon-skane.org\/sv\/places\/southwest-metropolitan-zone\/lund\/\" data-type=\"page\" data-id=\"18\">Lund<\/a>, s\u00e5 f\u00e5r du inte missa museet \u00f6ver f\u00f6rlorade sensationer, bara n\u00e5gra h\u00e5llplatser l\u00e4ngs sp\u00e5rvagnslinjen fr\u00e5n centralstationen. M\u00e5nga museer fokuserar enbart p\u00e5 det viseulla intrycket, men h\u00e4r \u00e4r ljud, lukt och k\u00e4nsel (och ibland smak) viktiga faktorer i den noggranna \u00e5tergivningen av forna tiders flora och fauna fr\u00e5n de nordiska regionerna.<\/p>\n\n\n\n<p>De medvetna ljudlandskapen \u00e4r mycket popul\u00e4ra: koppla av i de stora f\u00e5t\u00f6ljerna och f\u00f6rdjupa dig i de n\u00e4stan overkliga ljuden fr\u00e5n den europeiska tr\u00e4dgrodan eller den arktiska r\u00e4ven. Det finns ocks\u00e5 multisensoriska upplevelser f\u00f6r de mer \u00e4ventyrliga: l\u00e5t dig utrustas med en VOR-tuba (Virtual Olfactory Reality) och upplev den unika doften av den svarta vaniljorkid\u00e9n och m\u00e5nga andra v\u00e4xter som dina farf\u00f6r\u00e4ldrar kanske har p\u00e5mint sig om.<\/p>","protected":false},"excerpt":{"rendered":"<p>M\u00e5nga museer fokuserar bara p\u00e5 det visuella intrycken, men h\u00e4r \u00e4r ljud, lukt och k\u00e4nsel (och ibland smak) viktiga faktorer i det noggranna \u00e5terskapandet av forna tiders flora och fauna.<\/p>","protected":false},"author":1,"featured_media":965,"parent":19,"menu_order":0,"comment_status":"closed","ping_status":"closed","template":"","meta":{"footnotes":""},"categories":[9],"tags":[],"class_list":["post-429","page","type-page","status-publish","has-post-thumbnail","hentry","category-activities"],"jetpack_sharing_enabled":true,"_links":{"self":[{"href":"https:\/\/guide.zero-carbon-skane.org\/sv\/wp-json\/wp\/v2\/pages\/429","targetHints":{"allow":["GET"]}}],"collection":[{"href":"https:\/\/guide.zero-carbon-skane.org\/sv\/wp-json\/wp\/v2\/pages"}],"about":[{"href":"https:\/\/guide.zero-carbon-skane.org\/sv\/wp-json\/wp\/v2\/types\/page"}],"author":[{"embeddable":true,"href":"https:\/\/guide.zero-carbon-skane.org\/sv\/wp-json\/wp\/v2\/users\/1"}],"replies":[{"embeddable":true,"href":"https:\/\/guide.zero-carbon-skane.org\/sv\/wp-json\/wp\/v2\/comments?post=429"}],"version-history":[{"count":3,"href":"https:\/\/guide.zero-carbon-skane.org\/sv\/wp-json\/wp\/v2\/pages\/429\/revisions"}],"predecessor-version":[{"id":967,"href":"https:\/\/guide.zero-carbon-skane.org\/sv\/wp-json\/wp\/v2\/pages\/429\/revisions\/967"}],"up":[{"embeddable":true,"href":"https:\/\/guide.zero-carbon-skane.org\/sv\/wp-json\/wp\/v2\/pages\/19"}],"wp:featuredmedia":[{"embeddable":true,"href":"https:\/\/guide.zero-carbon-skane.org\/sv\/wp-json\/wp\/v2\/media\/965"}],"wp:attachment":[{"href":"https:\/\/guide.zero-carbon-skane.org\/sv\/wp-json\/wp\/v2\/media?parent=429"}],"wp:term":[{"taxonomy":"category","embeddable":true,"href":"https:\/\/guide.zero-carbon-skane.org\/sv\/wp-json\/wp\/v2\/categories?post=429"},{"taxonomy":"post_tag","embeddable":true,"href":"https:\/\/guide.zero-carbon-skane.org\/sv\/wp-json\/wp\/v2\/tags?post=429"}],"curies":[{"name":"wp","href":"https:\/\/api.w.org\/{rel}","templated":true}]}}