{"id":425,"date":"2023-01-05T14:05:19","date_gmt":"2023-01-05T14:05:19","guid":{"rendered":"https:\/\/guide.zero-carbon-skane.org\/?page_id=425"},"modified":"2023-01-05T14:05:19","modified_gmt":"2023-01-05T14:05:19","slug":"a-heaven-between-the-sky-and-the-sea-havang-swa","status":"publish","type":"page","link":"https:\/\/guide.zero-carbon-skane.org\/sv\/places\/southeast-the-slow-coast\/the-slow-coast\/brosarp-havang\/a-heaven-between-the-sky-and-the-sea-havang-swa\/","title":{"rendered":"\"Ett paradis mellan himmel och hav\": Hav\u00e4ng SVA"},"content":{"rendered":"<p>N\u00e4ra de neolitiska bautastenarna i Hav\u00e4ng och Han\u00f6bukten ligger Skepparg\u00e5rden, ett av Svenska Vandrarf\u00f6rbundets (SVA) mest eftertraktade \"vandrarhus\". <\/p>\n\n\n\n<p>Skepparg\u00e5rden har n\u00e5gra f\u00e5 sovrum och \u00e4r bara \u00f6ppen fr\u00e5n maj till oktober. Delande och en k\u00e4nsla av gemenskap \u00e4r centrala v\u00e4rden p\u00e5 denna fridfulla plats: det gemensamma k\u00f6ket \u00e4r ett bra st\u00e4lle att hitta nya vandrarv\u00e4nner och \u00e4ven om du f\u00f6rv\u00e4ntas ta med din egen mat hamnar den alltid i en <em>knytkalas<\/em>- den svenska motsvarigheten till en knytkalasm\u00e5ltid. <\/p>\n\n\n\n<p>P\u00e5 morgonen v\u00e4cks du av den eurasiska pendulmesens s\u00e5ng - en riktig raritet - och kan f\u00f6rv\u00e4nta dig en omsorgsfullt tillagad frukostbuff\u00e9. Se dock till att inte ta mer \u00e4n du kan \u00e4ta, s\u00e5 att du inte f\u00e5r ogillande blickar fr\u00e5n de andra g\u00e4sterna (f\u00f6r att inte tala om v\u00e4rdarna).\u00a0<\/p>\n\n\n\n<p>Men det \u00e4r filosofin hos Skepparg\u00e5rdens v\u00e4lkomnande v\u00e4rdar, det charmiga paret Petter Johan (eller PJ, som han f\u00f6redrar att kallas) och Jonna, som kanske \u00e4r den st\u00f6rsta attraktionen f\u00f6r stressade g\u00e4ster fr\u00e5n <a href=\"https:\/\/guide.zero-carbon-skane.org\/sv\/places\/southwest-metropolitan-zone\/\" data-type=\"page\" data-id=\"7\">den hektiska v\u00e4stern<\/a>. En lugnare livsstil, mer anpassad till rytmerna i de lokala ekosystemen, k\u00e4nnetecknar denna juvel. De enkla f\u00f6nsterrutorna, som medvetet har beh\u00e5llits p\u00e5 plats, motiverar en sund balans mellan arbete och fritid och \u00e4r ett s\u00e4tt att begr\u00e4nsa bes\u00f6karnas p\u00e5verkan p\u00e5 den lokala faunan och floran - och var medveten om att policyn \"inga telefoner, inga datorer, ingen VOR\" inte \u00e4r f\u00f6rhandlingsbar, liksom en djup respekt f\u00f6r de omgivande ekosystemen. (Du kanske dock blir f\u00f6rv\u00e5nad \u00f6ver i vilken utstr\u00e4ckning vissa bes\u00f6kare ser dessa p\u00e5 n\u00e5got s\u00e4tt auktoritativa regler som en underh\u00e5llande utmaning).<\/p>\n\n\n\n<p>F\u00f6r att bidra till den v\u00e4nliga st\u00e4mningen g\u00f6r n\u00e4rheten till den kommun\u00e4gda frukttr\u00e4dg\u00e5rden strax s\u00f6der om Skepparg\u00e5rden det enkelt att k\u00f6pa en l\u00e4mplig dryck till maten i s\u00e4llskapet. Vi rekommenderar den lokala favoriten, <em>Vingor\u00f6s<\/em>-med sloganen \"ett glas om dagen h\u00e5ller doktorn borta\"-gjord p\u00e5 uts\u00f6kta ekologiska reanda\u00e4pplen? Om du \u00e4r mer f\u00f6r bitterljuv cider ska du v\u00e4lja <em>Mary Bell<\/em> (gjord av \u00e4pplen fr\u00e5n Maribelle). Reser du med barn? Oroa dig inte, vi erbjuder \u00e4ven alkoholfri cider - s\u00e4rskilt eftersom <a href=\"https:\/\/guide.zero-carbon-skane.org\/sv\/advice\/vad-ar-det-for-vatten-drinking-water-in-skane\/\" data-type=\"page\" data-id=\"420\">s\u00f6tvatten \u00e4r en bristvara i denna del av Sk\u00e5ne<\/a>.\u00a0<\/p>\n\n\n\n<p>I Hav\u00e4ng finns det gott om aktiviteter: kajakturer, vrakdykning, ammunitionss\u00f6kning (ta med badkl\u00e4der - du kommer att bli f\u00f6rv\u00e5nad \u00f6ver hur mycket bly och koppar du kan hitta i havet h\u00e4r) och, kanske mest spektakul\u00e4rt, f\u00e5gelsk\u00e5dning. F\u00e5gelsk\u00e5darnas Club300 k\u00f6pte det n\u00e4rliggande Ravlunda skjutf\u00e4lt av milit\u00e4ren i k\u00f6lvattnet av demilitariseringsr\u00f6relsen i b\u00f6rjan av 2040-talet, i hopp om att locka bort sk\u00e5dare fr\u00e5n <a href=\"https:\/\/guide.zero-carbon-skane.org\/sv\/activities\/sightseeing\/living-it-up-in-liminal-landscapes-flexmark\/\" data-type=\"page\" data-id=\"309\">riskfyllda flexmarks n\u00e4ra N\u00e4set<\/a>-s\u00e5 gl\u00f6m inte kikaren! <\/p>\n\n\n\n<p>F\u00f6r de riktigt \u00e4ventyrliga finns det ocks\u00e5 m\u00f6jlighet att ge sig ut p\u00e5 h\u00e4stryggen med PJ f\u00f6r att st\u00f6dja hans roll som ekosystemvakt, som ser upp f\u00f6r tankl\u00f6sa bes\u00f6kare som skadar den lokala floran och faunan eller tar saker de inte borde. (<a href=\"https:\/\/guide.zero-carbon-skane.org\/sv\/advice\/coastal-crime-smuggling-and-piracy-in-skane\/\" data-type=\"page\" data-id=\"416\">Smuggling anses vara mer av en v\u00e4stkustsak<\/a>, men n\u00e5gra \u00e4ventyrliga bes\u00f6kare till Hav\u00e4ng har lagt upp bilder p\u00e5 sm\u00e5 prover av b\u00e4rnsten som samlats in fr\u00e5n str\u00e4nderna... vi skulle inte rekommendera dig att prova).<\/p>\n\n\n\n<p>Slutligen en varning: \u00e4ven om Skepparg\u00e5rden har tolv sovrum \u00e4r fyra av dem \u00f6ronm\u00e4rkta f\u00f6r nyanl\u00e4nda klimatmigranter eller barn fr\u00e5n st\u00f6rre st\u00e4der, tack vare SVA:s \u00e5tagande att ge \"tillg\u00e5ng till Sveriges natur och kultur f\u00f6r alla, idag och i framtiden\". Du kanske f\u00e5r nya v\u00e4nner fr\u00e5n fj\u00e4rran l\u00e4nder i denna underbara tidskapsel mellan himmel och hav... men du m\u00e5ste boka minst en veckas vistelse, och platsen \u00e4r bara \u00f6ppen under n\u00e5gra m\u00e5nader per \u00e5r, s\u00e5 b\u00f6rja planera tidigt!<\/p>\n\n\n\n<h3 class=\"wp-block-heading\">Hur man tar sig dit<\/h3>\n\n\n\n<p><strong>Med b\u00e5t eller kajak:<\/strong> F\u00f6lj den vackert slingrande floden <em>Verke\u00e5n<\/em>. <\/p>\n\n\n\n<p>(Om du \u00e4r p\u00e5 jakt efter andlighet, varf\u00f6r inte g\u00f6ra en \"Church Crawl\", en slags pilgrimsf\u00e4rd f\u00f6r vattensportentusiaster? B\u00f6rja med kyrkan i Andrarum och Alunsbruket, Sk\u00e5nes \u00e4ldsta cikoriahus - och en g\u00e5ng i tiden en alunkvarn - g\u00e5 sedan iland och titta in i kyrkorna i Eljar\u00f6d, Br\u00f6sarp och Ravlunda, d\u00e4r du kanske bjuds p\u00e5 flera skivor <em>spettekaka<\/em>-en sk\u00e5nsk \"delikatess\", om du gillar kokt socker- l\u00e4ngs v\u00e4gen. Vid ankomsten till Hav\u00e4ng kan du skriva ditt namn i Kyrkog\u00e5ngens pilgrimsbok och f\u00e5 ett gratis handst\u00f6pta ljus).<\/p>\n\n\n\n<p><strong>Med h\u00e4st:<\/strong> F\u00f6lj ridv\u00e4garna i den vackra bokskogen fr\u00e5n Br\u00f6sarp till Hav\u00e4ng. Njut av de b\u00f6ljande landskapen och sk\u00f6nheten i tr\u00e4 och gula anemoner, men se upp f\u00f6r de smala ravinerna om du \u00e4r nyb\u00f6rjare!<\/p>\n\n\n\n<p><strong>T\u00e5g och cykel eller buss:<\/strong><em> <\/em>Annars kan du ta t\u00e5g E9 och sedan byta till cykel eller cargobike vid Br\u00f6sarps station. Alternativt kan du boka en plats p\u00e5 den elektriska skytteln som kan best\u00e4llas n\u00e4r som helst om du beh\u00f6ver b\u00e4ra mycket. Kom ih\u00e5g att du m\u00e5ste ta med egen mat (och vatten!), eftersom det inte finns n\u00e5gon lokal restaurang eller livsmedelsbutik n\u00e4rmare \u00e4n Br\u00f6sarp! Under s\u00e4songen finns det n\u00e5gra food trucks l\u00e4ngs de soligare delarna av v\u00e4gen till Br\u00f6sarp; dessa \u00e4r som b\u00e4st under tidig h\u00f6st, om kantarellerna har klarat sig bra. <\/p>\n\n\n\n<p><strong>Avgifter:<\/strong> Reduktioner erbjuds i utbyte mot milj\u00f6v\u00e4nliga metoder:\u00a0<\/p>\n\n\n\n<ul class=\"wp-block-list\">\n<li>-10% om du tar med egna lakan och handdukar, eller om du tv\u00e4ttar de hyrda i den cykeldrivna tv\u00e4ttmaskinen. (Eftersom platsen \u00e4r ganska solig och bl\u00e5sig, kommer det att vara torrt innan du avslutar din frukost!)<\/li>\n\n\n\n<li>-10% om du planerar att stanna i tv\u00e5 veckor<\/li>\n\n\n\n<li>-20% om du h\u00e4mtar n\u00e5gra av de f\u00f6rbokade matvarorna vid Br\u00f6sarps station och tar med dem till Skepparg\u00e5rden p\u00e5 din cargobike.&nbsp;<\/li>\n\n\n\n<li>-10% om du kommer med h\u00e4st och hj\u00e4lper PJ med kustbevakningen.<\/li>\n<\/ul>","protected":false},"excerpt":{"rendered":"<p>Close to the neolithic menhirs of Hav\u00e4ng and the bay of Han\u00f6 lies Skepparg\u00e5rden (the skipper&#8217;s yard), one of the Swedish Wanderer Association\u2019s (SWA) most coveted &#8220;wanderhouses&#8221;. Skepparg\u00e5rden has a few bedrooms and is only open from May to October. Sharing and a sense of community are central values in this peaceful place: the communal [&hellip;]<\/p>\n","protected":false},"author":1,"featured_media":0,"parent":41,"menu_order":0,"comment_status":"closed","ping_status":"closed","template":"","meta":{"footnotes":""},"categories":[7],"tags":[],"class_list":["post-425","page","type-page","status-publish","hentry","category-hotels"],"jetpack_sharing_enabled":true,"_links":{"self":[{"href":"https:\/\/guide.zero-carbon-skane.org\/sv\/wp-json\/wp\/v2\/pages\/425","targetHints":{"allow":["GET"]}}],"collection":[{"href":"https:\/\/guide.zero-carbon-skane.org\/sv\/wp-json\/wp\/v2\/pages"}],"about":[{"href":"https:\/\/guide.zero-carbon-skane.org\/sv\/wp-json\/wp\/v2\/types\/page"}],"author":[{"embeddable":true,"href":"https:\/\/guide.zero-carbon-skane.org\/sv\/wp-json\/wp\/v2\/users\/1"}],"replies":[{"embeddable":true,"href":"https:\/\/guide.zero-carbon-skane.org\/sv\/wp-json\/wp\/v2\/comments?post=425"}],"version-history":[{"count":1,"href":"https:\/\/guide.zero-carbon-skane.org\/sv\/wp-json\/wp\/v2\/pages\/425\/revisions"}],"predecessor-version":[{"id":426,"href":"https:\/\/guide.zero-carbon-skane.org\/sv\/wp-json\/wp\/v2\/pages\/425\/revisions\/426"}],"up":[{"embeddable":true,"href":"https:\/\/guide.zero-carbon-skane.org\/sv\/wp-json\/wp\/v2\/pages\/41"}],"wp:attachment":[{"href":"https:\/\/guide.zero-carbon-skane.org\/sv\/wp-json\/wp\/v2\/media?parent=425"}],"wp:term":[{"taxonomy":"category","embeddable":true,"href":"https:\/\/guide.zero-carbon-skane.org\/sv\/wp-json\/wp\/v2\/categories?post=425"},{"taxonomy":"post_tag","embeddable":true,"href":"https:\/\/guide.zero-carbon-skane.org\/sv\/wp-json\/wp\/v2\/tags?post=425"}],"curies":[{"name":"wp","href":"https:\/\/api.w.org\/{rel}","templated":true}]}}