{"id":420,"date":"2023-01-05T12:44:42","date_gmt":"2023-01-05T12:44:42","guid":{"rendered":"https:\/\/guide.zero-carbon-skane.org\/?page_id=420"},"modified":"2023-04-16T13:15:52","modified_gmt":"2023-04-16T13:15:52","slug":"vad-ar-det-for-vatten-drinking-water-in-skane","status":"publish","type":"page","link":"https:\/\/guide.zero-carbon-skane.org\/sv\/advice\/vad-ar-det-for-vatten-drinking-water-in-skane\/","title":{"rendered":"Vad \u00e4r det f\u00f6r vatten? Dricksvatten i Sk\u00e5ne"},"content":{"rendered":"<p>Medan vi som har varit h\u00e4r l\u00e4nge tar s\u00e5dana fr\u00e5gor f\u00f6r givna - en mycket privilegierad st\u00e4llning, det m\u00e5ste vi erk\u00e4nna - har vi under \u00e5ren f\u00e5tt m\u00e5nga f\u00f6rfr\u00e5gningar fr\u00e5n m\u00e4nniskor som kommer till Sk\u00e5ne fr\u00e5n avl\u00e4gsna platser, som alla kokar ner (om ni urs\u00e4ktar ordvitsen) till en fr\u00e5ga: kan jag dricka vattnet?<\/p>\n\n\n\n<p>Det korta svaret \u00e4r: ja! Vatten fr\u00e5n kranar i Sk\u00e5ne \u00e4r helt s\u00e4kert - det \u00f6verskrider faktiskt ofta reglerade niv\u00e5er av renhet. Det kan dock skilja sig i smak och k\u00e4lla beroende p\u00e5 var och n\u00e4r du dricker det. <\/p>\n\n\n\n<p>Om du bes\u00f6ker <a href=\"https:\/\/guide.zero-carbon-skane.org\/sv\/places\/southwest-metropolitan-zone\/\" data-type=\"page\" data-id=\"7\">storstadsregionen<\/a>, kommer du troligtvis att dricka en kombination av sj\u00f6vatten och renat och \u00e5tervunnet avloppsvatten. Vi f\u00f6rs\u00e4krar dig att detta \u00e4r helt s\u00e4kert att dricka - om det hj\u00e4lper kan du blunda och f\u00f6rest\u00e4lla dig att det kommer fr\u00e5n en b\u00e4ck i alperna. <\/p>\n\n\n\n<p>Om du bes\u00f6ker Sk\u00e5ne p\u00e5 sommaren kan du under tiden f\u00e5 en dos av DeSal, s\u00e4rskilt om du tillbringar din tid l\u00e4ngs <a href=\"https:\/\/guide.zero-carbon-skane.org\/sv\/places\/southeast-the-slow-coast\/\" data-type=\"page\" data-id=\"34\">den lugna kusten<\/a> eller i omr\u00e5det mellan <a href=\"https:\/\/guide.zero-carbon-skane.org\/sv\/places\/northwest\/helsingborg\/\" data-type=\"page\" data-id=\"62\">Helsingborg<\/a> och <a href=\"https:\/\/guide.zero-carbon-skane.org\/sv\/places\/northwest\/angelholm\/\" data-type=\"page\" data-id=\"69\">\u00c4ngelholm<\/a>. Avsaltningsanl\u00e4ggningarnas milj\u00f6p\u00e5verkan och energif\u00f6rbrukning har hindrat dem fr\u00e5n att utg\u00f6ra den huvudsakliga dricksvattenk\u00e4llan i l\u00e4net, men de \u00e4r en n\u00f6dv\u00e4ndig redundans i en region som \u00e4r alltmer utsatt f\u00f6r s\u00e4songsbetonad torka. <\/p>\n\n\n\n<p>(Om du \u00e4r sugen p\u00e5 att se en i aktion kan du bes\u00f6ka de f\u00f6re detta fiskel\u00e4gren l\u00e4ngs den \u00f6stra lugna kusten d\u00e4r n\u00e5gra av regionens arkitektoniskt mest intressanta avsaltningsanl\u00e4ggningar finns. H\u00e5ll utkik efter byggnader som \u00e4r formade som saltkristaller s\u00e5 \u00e4r du p\u00e5 r\u00e4tt plats. Dessa st\u00e4ders \u00f6verfl\u00f6d av b\u00e5de sol- och vindenergi g\u00f6r dem till utm\u00e4rkta platser f\u00f6r s\u00e4songsbetonad avsaltning).<\/p>\n\n\n\n<p>Hur \u00e4r det med vatten fr\u00e5n b\u00e4ckar och \u00e5ar ute p\u00e5 landsbygden? Tja, akademiska experter och olika tillsynsmyndigheter s\u00e4ger med viss s\u00e4kerhet att du sannolikt inte kommer att dricka n\u00e5got vatten n\u00e5gonstans i Sk\u00e5ne som kan g\u00f6ra dig allvarligt sjuk ... men det betyder inte att det n\u00f6dv\u00e4ndigtvis kommer att smaka bra! Om du vill ha v\u00e5r \u00e5sikt rekommenderar vi att du alltid har en \u00e5teranv\u00e4ndbar flaska med dig, \u00e4ven p\u00e5 korta resor - s\u00e4rskilt under sommarm\u00e5naderna - och att du fyller den med kranvatten n\u00e4r du f\u00e5r chansen.<\/p>","protected":false},"excerpt":{"rendered":"<p>Vatten, vatten, vatten \u00f6verallt... men vad \u00e4r OK att dricka?<\/p>","protected":false},"author":1,"featured_media":1163,"parent":89,"menu_order":0,"comment_status":"closed","ping_status":"closed","template":"","meta":{"footnotes":""},"categories":[],"tags":[],"class_list":["post-420","page","type-page","status-publish","has-post-thumbnail","hentry"],"jetpack_sharing_enabled":true,"_links":{"self":[{"href":"https:\/\/guide.zero-carbon-skane.org\/sv\/wp-json\/wp\/v2\/pages\/420","targetHints":{"allow":["GET"]}}],"collection":[{"href":"https:\/\/guide.zero-carbon-skane.org\/sv\/wp-json\/wp\/v2\/pages"}],"about":[{"href":"https:\/\/guide.zero-carbon-skane.org\/sv\/wp-json\/wp\/v2\/types\/page"}],"author":[{"embeddable":true,"href":"https:\/\/guide.zero-carbon-skane.org\/sv\/wp-json\/wp\/v2\/users\/1"}],"replies":[{"embeddable":true,"href":"https:\/\/guide.zero-carbon-skane.org\/sv\/wp-json\/wp\/v2\/comments?post=420"}],"version-history":[{"count":2,"href":"https:\/\/guide.zero-carbon-skane.org\/sv\/wp-json\/wp\/v2\/pages\/420\/revisions"}],"predecessor-version":[{"id":1164,"href":"https:\/\/guide.zero-carbon-skane.org\/sv\/wp-json\/wp\/v2\/pages\/420\/revisions\/1164"}],"up":[{"embeddable":true,"href":"https:\/\/guide.zero-carbon-skane.org\/sv\/wp-json\/wp\/v2\/pages\/89"}],"wp:featuredmedia":[{"embeddable":true,"href":"https:\/\/guide.zero-carbon-skane.org\/sv\/wp-json\/wp\/v2\/media\/1163"}],"wp:attachment":[{"href":"https:\/\/guide.zero-carbon-skane.org\/sv\/wp-json\/wp\/v2\/media?parent=420"}],"wp:term":[{"taxonomy":"category","embeddable":true,"href":"https:\/\/guide.zero-carbon-skane.org\/sv\/wp-json\/wp\/v2\/categories?post=420"},{"taxonomy":"post_tag","embeddable":true,"href":"https:\/\/guide.zero-carbon-skane.org\/sv\/wp-json\/wp\/v2\/tags?post=420"}],"curies":[{"name":"wp","href":"https:\/\/api.w.org\/{rel}","templated":true}]}}