{"id":42,"date":"2022-08-16T10:32:06","date_gmt":"2022-08-16T10:32:06","guid":{"rendered":"https:\/\/guide.zero-carbon-skane.org\/index.php\/southeast-the-slow-coast\/ystad\/"},"modified":"2023-03-07T10:28:46","modified_gmt":"2023-03-07T10:28:46","slug":"ystad","status":"publish","type":"page","link":"https:\/\/guide.zero-carbon-skane.org\/sv\/places\/southeast-the-slow-coast\/ystad\/","title":{"rendered":"Ystad"},"content":{"rendered":"<p>Ystad <em>kommun<\/em> str\u00e4cker sig l\u00e4ngs den \u00f6stra halvan av Sk\u00e5nes sydkust och \u00e4r full av sm\u00e5 trevliga byar d\u00e4r man ibland kan hitta boende. Vi har h\u00f6rt mycket gott om <a href=\"https:\/\/guide.zero-carbon-skane.org\/sv\/places\/southeast-the-slow-coast\/ystad\/an-off-grid-guesthouse-gastis-afkopplingen\/\">G\u00e4stis Afkopplingen<\/a>, men dess str\u00e4nga antitekniska filosofi g\u00f6r att den inte passar alla.<\/p>\n\n\n\n<p>Juvelen i kronan \u00e4r naturligtvis Ystad sj\u00e4lvt: en livlig liten hamnstad med <a href=\"https:\/\/guide.zero-carbon-skane.org\/sv\/places\/southeast-the-slow-coast\/ystad\/gamla-staden\/\" data-type=\"page\" data-id=\"43\">en charmig \"gammal stadsk\u00e4rna\"<\/a>. H\u00e4r p\u00e5g\u00e5r mer \u00e4n vad man f\u00f6rst kan tro, s\u00e4rskilt n\u00e4r det g\u00e4ller <a href=\"https:\/\/guide.zero-carbon-skane.org\/sv\/places\/southeast-the-slow-coast\/ystad\/invasivore-acceptable-exotic-eating-maybe\/\" data-type=\"URL\" data-id=\"https:\/\/guide.zero-carbon-skane.org\/places\/southeast-the-slow-coast\/ystad\/invasivore-acceptable-exotic-eating-maybe\/\">ovanlig<\/a> <a href=\"https:\/\/guide.zero-carbon-skane.org\/sv\/places\/southeast-the-slow-coast\/ystad\/that-salty-grain-the-unexpected-success-of-algrasang\/\" data-type=\"page\" data-id=\"367\">matlagning<\/a>... \u00e4ven om vissa bara kommer f\u00f6r att <a href=\"https:\/\/guide.zero-carbon-skane.org\/sv\/places\/southeast-the-slow-coast\/ystad\/eelgrass-safari-adventures-in-ystads-strandskog\/\" data-type=\"page\" data-id=\"352\">safari-underh\u00e5llningen<\/a>.<\/p>\n\n\n\n<p>Det finns dock mycket mer att se utanf\u00f6r stadens gr\u00e4nser - s\u00e5 gl\u00f6m inte att sv\u00e4nga in\u00e5t landet en liten bit om du cyklar p\u00e5 Sydkustleden! Du vill v\u00e4l inte missa att se <a href=\"https:\/\/guide.zero-carbon-skane.org\/sv\/places\/southeast-the-slow-coast\/ystad\/alestenar\/\" data-type=\"URL\" data-id=\"https:\/\/guide.zero-carbon-skane.org\/places\/southeast-the-slow-coast\/ystad\/alestenar\/\">Ale stenar<\/a>, eller <a href=\"https:\/\/guide.zero-carbon-skane.org\/sv\/places\/southeast-the-slow-coast\/ystad\/monument-to-lost-species-the-disas-ting-life-cairn\/\">det mer moderna monumentet vid Disas Ting<\/a>&#8230;.<\/p>","protected":false},"excerpt":{"rendered":"<p>Ystads kommun str\u00e4cker sig l\u00e4ngs den \u00f6stra halvan av den sk\u00e5nska sydkusten och \u00e4r full av trevliga sm\u00e5 byar d\u00e4r man ibland kan hitta boende...<\/p>","protected":false},"author":1,"featured_media":675,"parent":34,"menu_order":0,"comment_status":"closed","ping_status":"closed","template":"","meta":{"footnotes":""},"categories":[],"tags":[],"class_list":["post-42","page","type-page","status-publish","has-post-thumbnail","hentry"],"jetpack_sharing_enabled":true,"_links":{"self":[{"href":"https:\/\/guide.zero-carbon-skane.org\/sv\/wp-json\/wp\/v2\/pages\/42","targetHints":{"allow":["GET"]}}],"collection":[{"href":"https:\/\/guide.zero-carbon-skane.org\/sv\/wp-json\/wp\/v2\/pages"}],"about":[{"href":"https:\/\/guide.zero-carbon-skane.org\/sv\/wp-json\/wp\/v2\/types\/page"}],"author":[{"embeddable":true,"href":"https:\/\/guide.zero-carbon-skane.org\/sv\/wp-json\/wp\/v2\/users\/1"}],"replies":[{"embeddable":true,"href":"https:\/\/guide.zero-carbon-skane.org\/sv\/wp-json\/wp\/v2\/comments?post=42"}],"version-history":[{"count":2,"href":"https:\/\/guide.zero-carbon-skane.org\/sv\/wp-json\/wp\/v2\/pages\/42\/revisions"}],"predecessor-version":[{"id":679,"href":"https:\/\/guide.zero-carbon-skane.org\/sv\/wp-json\/wp\/v2\/pages\/42\/revisions\/679"}],"up":[{"embeddable":true,"href":"https:\/\/guide.zero-carbon-skane.org\/sv\/wp-json\/wp\/v2\/pages\/34"}],"wp:featuredmedia":[{"embeddable":true,"href":"https:\/\/guide.zero-carbon-skane.org\/sv\/wp-json\/wp\/v2\/media\/675"}],"wp:attachment":[{"href":"https:\/\/guide.zero-carbon-skane.org\/sv\/wp-json\/wp\/v2\/media?parent=42"}],"wp:term":[{"taxonomy":"category","embeddable":true,"href":"https:\/\/guide.zero-carbon-skane.org\/sv\/wp-json\/wp\/v2\/categories?post=42"},{"taxonomy":"post_tag","embeddable":true,"href":"https:\/\/guide.zero-carbon-skane.org\/sv\/wp-json\/wp\/v2\/tags?post=42"}],"curies":[{"name":"wp","href":"https:\/\/api.w.org\/{rel}","templated":true}]}}