{"id":410,"date":"2023-01-04T13:55:51","date_gmt":"2023-01-04T13:55:51","guid":{"rendered":"https:\/\/guide.zero-carbon-skane.org\/?page_id=410"},"modified":"2023-04-16T11:40:33","modified_gmt":"2023-04-16T11:40:33","slug":"soil-not-oil-skanes-black-plains","status":"publish","type":"page","link":"https:\/\/guide.zero-carbon-skane.org\/sv\/history\/soil-not-oil-skanes-black-plains\/","title":{"rendered":"Jord, inte olja: Sk\u00e5nes \"svarta sl\u00e4tter\""},"content":{"rendered":"<p>N\u00e4r du befinner dig i Sk\u00e5ne - eller till och med utanf\u00f6r! - kan du h\u00f6ra folk referera till l\u00e4nets \"svarta sl\u00e4tter\". Detta har tack och lov inget med oljeprospektering att g\u00f6ra, utan \u00e4r snarare ett k\u00e4rleksfullt och beundrande smeknamn f\u00f6r en landstr\u00e4cka l\u00e4ngs den v\u00e4stra och s\u00f6dra kusten i l\u00e4net som har Sk\u00e5nes rikaste jordar. Om du har undrat var den uts\u00f6kta potatisen, mor\u00f6tterna, kava och humlen som du har \u00e4tit och druckit under din vistelse har odlats, ja, d\u00e5 beh\u00f6ver du inte undra l\u00e4ngre! (Men mellan oss och dig, jorden ser fortfarande mer brun \u00e4n svart ut f\u00f6r v\u00e5rt otr\u00e4nade \u00f6ga...)<\/p>\n\n\n\n<p>De svarta sl\u00e4tterna \u00e4r n\u00e5got av en v\u00e4ndning, eftersom jordsituationen i Sverige f\u00f6r trettio \u00e5r sedan s\u00e5g ganska dyster ut; p\u00e5 den tiden var allt som spelade roll hur mycket vete per hektar man kunde producera per hektar mark. \u00c4nnu tidigare, redan p\u00e5 1970-talet, b\u00f6rjade sk\u00e5nska kommuner bygga bost\u00e4der p\u00e5 f\u00f6re detta jordbruksmark och f\u00f6rseglade d\u00e4rmed marken; denna trend fortsatte \u00e4nda fram till 2027, d\u00e5 den svenska staten reagerade p\u00e5 st\u00f6rningar i tillg\u00e5ngen p\u00e5 baslivsmedel genom att \u00e5terinf\u00f6ra ett m\u00e5l om nationell sj\u00e4lvf\u00f6rs\u00f6rjning av livsmedel och jordbruksinsatsvaror. <\/p>\n\n\n\n<p>Men kommunerna fortsatte \u00e4nd\u00e5 att prioritera bostadsutvecklare i hopp om att locka till sig fler inv\u00e5nare f\u00f6r att skapa en skattebas f\u00f6r lokala tj\u00e4nster. Den verkliga v\u00e4ndpunkten kom i slutet av 2030-talet, med RECAP:s (Regenerative Common Agriculture Policy) fokus p\u00e5 markf\u00f6rnyelse, samarbete och omsorg framf\u00f6r konkurrenskraft och \u00f6verproduktion; detta kom i sin tur efter flera p\u00e5 varandra f\u00f6ljande \u00e5r av d\u00e5liga sk\u00f6rdar p\u00e5 grund av jorderosion och utarmning (yngre l\u00e4sare med europeiskt ursprung kanske minns sina f\u00f6r\u00e4ldrar som h\u00e4nvisade till \"Dirty Thirties\"), och den efterf\u00f6ljande livsmedelsbristen.<\/p>\n\n\n\n<p>I kombination med den nya svenska <em>miljonprogammet<\/em>-och, mindre k\u00e4nt men kanske lika viktigt, RASOIL-kampanjen som fokuserade p\u00e5 att uppr\u00e4tth\u00e5lla kvaliteten p\u00e5 den rapsolja som l\u00e4nge har varit en stapelvara i det sk\u00e5nska jordbruket - RECAP resulterade i en ordentlig handlingsplan f\u00f6r att bevara jordbruksmark \u00f6ver stora delar av Sk\u00e5ne. Som ett resultat av detta har de m\u00e5tt som anv\u00e4nds f\u00f6r att bed\u00f6ma kvaliteten p\u00e5 en jord idag mindre att g\u00f6ra med ton per hektar och mer att g\u00f6ra med hur m\u00e5nga lyckliga maskar man kan hitta i den.<\/p>\n\n\n\n<p>Dessa projekt, kampanjer och r\u00f6relser har verkligen satt Sk\u00e5ne p\u00e5 den internationella kartan n\u00e4r det g\u00e4ller markv\u00e5rd. Om du \u00e4r en av de m\u00e5nga bes\u00f6kare som varje \u00e5r kommer f\u00f6r att l\u00e4ra och bidra - eller om du bara har uppskattat de lokala produkterna och vill se var de kommer ifr\u00e5n - b\u00f6r du veta att Sk\u00e5ne har tv\u00e5 stora jordv\u00e5rdsr\u00f6relser: <a href=\"https:\/\/guide.zero-carbon-skane.org\/sv\/places\/central-heartlands\/ringsjon\/hoor\/permaculture-ground-zero-holma-terrestrial-center\/\" data-type=\"page\" data-id=\"412\">en initierades i samarbete mellan de svenska <em>Folkh\u00f6gskolorna<\/em> och den lokala Transition Towns-r\u00f6relsen, och har sitt hj\u00e4rta i Holma (norr om H\u00f6\u00f6r)<\/a>, medan <a href=\"https:\/\/guide.zero-carbon-skane.org\/sv\/places\/southwest-metropolitan-zone\/svedala\/rethink-reset-svedala-soil-center\/\" data-type=\"page\" data-id=\"414\">den andra uppstod ur Svedala kommun och dess grannkommuner<\/a>.<\/p>","protected":false},"excerpt":{"rendered":"<p>De svarta sl\u00e4tterna \u00e4r n\u00e5got av en v\u00e4ndning, eftersom jordsituationen i Sverige f\u00f6r trettio \u00e5r sedan s\u00e5g ganska dyster ut; p\u00e5 den tiden var allt som betydde n\u00e5got hur mycket vete per hektar man kunde producera per hektar mark.<\/p>","protected":false},"author":1,"featured_media":1064,"parent":189,"menu_order":0,"comment_status":"closed","ping_status":"closed","template":"","meta":{"footnotes":""},"categories":[],"tags":[],"class_list":["post-410","page","type-page","status-publish","has-post-thumbnail","hentry"],"jetpack_sharing_enabled":true,"_links":{"self":[{"href":"https:\/\/guide.zero-carbon-skane.org\/sv\/wp-json\/wp\/v2\/pages\/410","targetHints":{"allow":["GET"]}}],"collection":[{"href":"https:\/\/guide.zero-carbon-skane.org\/sv\/wp-json\/wp\/v2\/pages"}],"about":[{"href":"https:\/\/guide.zero-carbon-skane.org\/sv\/wp-json\/wp\/v2\/types\/page"}],"author":[{"embeddable":true,"href":"https:\/\/guide.zero-carbon-skane.org\/sv\/wp-json\/wp\/v2\/users\/1"}],"replies":[{"embeddable":true,"href":"https:\/\/guide.zero-carbon-skane.org\/sv\/wp-json\/wp\/v2\/comments?post=410"}],"version-history":[{"count":2,"href":"https:\/\/guide.zero-carbon-skane.org\/sv\/wp-json\/wp\/v2\/pages\/410\/revisions"}],"predecessor-version":[{"id":1124,"href":"https:\/\/guide.zero-carbon-skane.org\/sv\/wp-json\/wp\/v2\/pages\/410\/revisions\/1124"}],"up":[{"embeddable":true,"href":"https:\/\/guide.zero-carbon-skane.org\/sv\/wp-json\/wp\/v2\/pages\/189"}],"wp:featuredmedia":[{"embeddable":true,"href":"https:\/\/guide.zero-carbon-skane.org\/sv\/wp-json\/wp\/v2\/media\/1064"}],"wp:attachment":[{"href":"https:\/\/guide.zero-carbon-skane.org\/sv\/wp-json\/wp\/v2\/media?parent=410"}],"wp:term":[{"taxonomy":"category","embeddable":true,"href":"https:\/\/guide.zero-carbon-skane.org\/sv\/wp-json\/wp\/v2\/categories?post=410"},{"taxonomy":"post_tag","embeddable":true,"href":"https:\/\/guide.zero-carbon-skane.org\/sv\/wp-json\/wp\/v2\/tags?post=410"}],"curies":[{"name":"wp","href":"https:\/\/api.w.org\/{rel}","templated":true}]}}