{"id":41,"date":"2022-08-16T10:32:05","date_gmt":"2022-08-16T10:32:05","guid":{"rendered":"https:\/\/guide.zero-carbon-skane.org\/index.php\/southeast-the-slow-coast\/the-slow-coast\/brosarp-havang\/"},"modified":"2023-03-07T13:16:14","modified_gmt":"2023-03-07T13:16:14","slug":"brosarp-havang","status":"publish","type":"page","link":"https:\/\/guide.zero-carbon-skane.org\/sv\/places\/southeast-the-slow-coast\/the-slow-coast\/brosarp-havang\/","title":{"rendered":"Br\u00f6sarp"},"content":{"rendered":"<p>\u00c4ven om det tekniskt sett \u00e4r en del av <a href=\"https:\/\/guide.zero-carbon-skane.org\/sv\/places\/southeast-the-slow-coast\/gamla-osterlen\/tomelilla\/\" data-type=\"page\" data-id=\"45\">Tomelilla <em>kommun<\/em><\/a>, och en bit in\u00e5t land fr\u00e5n havet ligger den lilla staden Br\u00f6sarp, som definitivt har mer av <a href=\"https:\/\/guide.zero-carbon-skane.org\/sv\/places\/southeast-the-slow-coast\/the-slow-coast\/\" data-type=\"page\" data-id=\"36\">Lugna kusten<\/a> vibbar, trots att de mjukt b\u00f6ljande kullarna och frukttr\u00e4dg\u00e5rdarna inte ser s\u00e5 kustn\u00e4ra ut vid f\u00f6rsta anblicken.<\/p>\n\n\n\n<p>V\u00e4lk\u00e4nd f\u00f6r sin <a href=\"https:\/\/guide.zero-carbon-skane.org\/sv\/places\/southeast-the-slow-coast\/the-slow-coast\/brosarp-havang\/eat-it-as-it-comes-brosarp-food-festival\/\">v\u00e4xt-protein mat-festival<\/a>, \u00e4r Br\u00f6sarp ocks\u00e5 porten till de vildare, l\u00e5gteknologiska delarna av lugna kusten - vilket inneb\u00e4r att det \u00e4r den sista platsen d\u00e4r man kan stanna och h\u00e4mta f\u00f6rn\u00f6denheter om man \u00e4r <a href=\"https:\/\/guide.zero-carbon-skane.org\/sv\/places\/southeast-the-slow-coast\/the-slow-coast\/brosarp-havang\/a-heaven-between-the-sky-and-the-sea-havang-swa\/\">p\u00e5 v\u00e4g ut f\u00f6r en vistelse p\u00e5 Hav\u00e4ng SWA<\/a>. Gl\u00f6m inte att ta med ordentligt med vatten!<\/p>","protected":false},"excerpt":{"rendered":"<p>Den lilla staden Br\u00f6sarp har definitivt en lugna kusten, \u00e4ven om de mjukt b\u00f6ljande kullarna och frukttr\u00e4dg\u00e5rdarna inte ser s\u00e5 kustn\u00e4ra ut vid f\u00f6rsta anblicken.<\/p>","protected":false},"author":1,"featured_media":704,"parent":36,"menu_order":0,"comment_status":"closed","ping_status":"closed","template":"","meta":{"footnotes":""},"categories":[],"tags":[],"class_list":["post-41","page","type-page","status-publish","has-post-thumbnail","hentry"],"jetpack_sharing_enabled":true,"_links":{"self":[{"href":"https:\/\/guide.zero-carbon-skane.org\/sv\/wp-json\/wp\/v2\/pages\/41","targetHints":{"allow":["GET"]}}],"collection":[{"href":"https:\/\/guide.zero-carbon-skane.org\/sv\/wp-json\/wp\/v2\/pages"}],"about":[{"href":"https:\/\/guide.zero-carbon-skane.org\/sv\/wp-json\/wp\/v2\/types\/page"}],"author":[{"embeddable":true,"href":"https:\/\/guide.zero-carbon-skane.org\/sv\/wp-json\/wp\/v2\/users\/1"}],"replies":[{"embeddable":true,"href":"https:\/\/guide.zero-carbon-skane.org\/sv\/wp-json\/wp\/v2\/comments?post=41"}],"version-history":[{"count":2,"href":"https:\/\/guide.zero-carbon-skane.org\/sv\/wp-json\/wp\/v2\/pages\/41\/revisions"}],"predecessor-version":[{"id":705,"href":"https:\/\/guide.zero-carbon-skane.org\/sv\/wp-json\/wp\/v2\/pages\/41\/revisions\/705"}],"up":[{"embeddable":true,"href":"https:\/\/guide.zero-carbon-skane.org\/sv\/wp-json\/wp\/v2\/pages\/36"}],"wp:featuredmedia":[{"embeddable":true,"href":"https:\/\/guide.zero-carbon-skane.org\/sv\/wp-json\/wp\/v2\/media\/704"}],"wp:attachment":[{"href":"https:\/\/guide.zero-carbon-skane.org\/sv\/wp-json\/wp\/v2\/media?parent=41"}],"wp:term":[{"taxonomy":"category","embeddable":true,"href":"https:\/\/guide.zero-carbon-skane.org\/sv\/wp-json\/wp\/v2\/categories?post=41"},{"taxonomy":"post_tag","embeddable":true,"href":"https:\/\/guide.zero-carbon-skane.org\/sv\/wp-json\/wp\/v2\/tags?post=41"}],"curies":[{"name":"wp","href":"https:\/\/api.w.org\/{rel}","templated":true}]}}