{"id":405,"date":"2023-01-04T13:25:00","date_gmt":"2023-01-04T13:25:00","guid":{"rendered":"https:\/\/guide.zero-carbon-skane.org\/?page_id=405"},"modified":"2023-03-24T13:11:05","modified_gmt":"2023-03-24T13:11:05","slug":"ship-it-logistics-and-goods-transportation-in-skane-and-beyond","status":"publish","type":"page","link":"https:\/\/guide.zero-carbon-skane.org\/sv\/advice\/ship-it-logistics-and-goods-transportation-in-skane-and-beyond\/","title":{"rendered":"Skicka det! Logistik och godstransporter i och utanf\u00f6r Sk\u00e5ne"},"content":{"rendered":"<p>Tack vare att olika lagar och f\u00f6rordningar har normaliserats \u00f6ver st\u00f6rre delen av den europeiska kontinenten fungerar logistik - transport av material och varor - i Sverige p\u00e5 ett ganska likartat s\u00e4tt som i m\u00e5nga andra europeiska l\u00e4nder. \u00c4nd\u00e5 finns det n\u00e5gra lokala s\u00e4rdrag och detaljer att ta h\u00e4nsyn till ... och om du kommer l\u00e5ngv\u00e4ga ifr\u00e5n kan det hela verka helt obekant och konstigt.<\/p>\n\n\n\n<p>Sj\u00e4lvklart har vi varken tid eller kompetens att f\u00f6rklara detta grundligt! Men f\u00f6rhoppningsvis ger r\u00e5den nedan dig \u00e5tminstone en fingervisning om var du kan leta efter mer information. Om det finns ett \u00f6vergripande tips som vi kan f\u00f6rmedla, s\u00e5 \u00e4r det \"fr\u00e5ga en lokalbo\" - och det \u00e4r ett r\u00e5d som g\u00e4ller f\u00f6r \u00e4mnen l\u00e5ngt bortom transport.<\/p>\n\n\n\n<h3 class=\"wp-block-heading\">Logistik f\u00f6r f\u00f6retagare<\/h3>\n\n\n\n<p>Flyttade du till Sk\u00e5ne f\u00f6r att starta upp ditt f\u00f6retag? <em>V\u00e4lkommen!<\/em> Men hur ska du f\u00e5 dina r\u00e5varor och komponenter p\u00e5 plats, och hur ska du leverera dina produkter? I det inhemska systemet (dvs. inom Sverige) \u00e4r saker och ting ganska integrerade, men internationell handel och \u00f6verf\u00f6ring - \u00e4ven om det f\u00f6rmodligen \u00e4r enklare \u00e4n n\u00e5gonsin tidigare - kr\u00e4ver lite mer eftertanke, s\u00e4rskilt n\u00e4r det g\u00e4ller avv\u00e4gningen mellan kostnad och hastighet.<\/p>\n\n\n\n<ul class=\"wp-block-list\">\n<li><strong>Fartyg: <\/strong>Tack vare den senaste tidens framsteg inom automatisering \u00e4r lastning och lossning av tungt gods en smidig och tillf\u00f6rlitlig process. Om du beh\u00f6ver flytta tunga och otympliga saker rekommenderar vi d\u00e4rf\u00f6r att du tar dem s\u00e5 n\u00e4ra din produktionsanl\u00e4ggning som m\u00f6jligt via fartyg. Sk\u00e5ne har ocks\u00e5 n\u00e5gra fantastiska hamnar, med <a href=\"https:\/\/guide.zero-carbon-skane.org\/sv\/places\/southwest-metropolitan-zone\/greater-malmo\/docklands\/\" data-type=\"page\" data-id=\"10\">Malm\u00f6<\/a>, <a href=\"https:\/\/guide.zero-carbon-skane.org\/sv\/places\/southwest-metropolitan-zone\/vastkusten\/landskrona\/\" data-type=\"page\" data-id=\"30\">Landskrona<\/a>, <a href=\"https:\/\/guide.zero-carbon-skane.org\/sv\/places\/northwest\/helsingborg\/\" data-type=\"page\" data-id=\"62\">Helsingborg<\/a> och <a href=\"https:\/\/guide.zero-carbon-skane.org\/sv\/places\/southwest-metropolitan-zone\/trelleborg\/\" data-type=\"page\" data-id=\"24\">Trelleborg<\/a> som ligger i framkant n\u00e4r det g\u00e4ller kapacitet och genomstr\u00f6mning, och din koldioxidbudget kommer inte att ta n\u00e5gon stor sm\u00e4ll, eftersom allt drivs av en kombination av mikrok\u00e4rnkraftverk, vind- och vattenkraft. Se bara till att pr\u00e5men som transporterar dina varor \u00e4r en av de nya eldrivna; \u00e4ven om de flesta fartyg faller inom denna kategori nuf\u00f6rtiden, finns det fortfarande enstaka flytande fossil (ordvits mycket mycket avsedd) som rullar runt p\u00e5 haven, och vad som kan se ut som ett fyndpris kan f\u00f6rvandlas till en rej\u00e4l r\u00e4kning n\u00e4r fartygets koldioxidskuld l\u00e4ggs till dina importskatter av tullen. T\u00e4nk ocks\u00e5 p\u00e5 att expeditionsskattekurvan \u00e4r ganska brant i Sverige, vilket inneb\u00e4r att ju snabbare du vill att n\u00e5got ska komma hit, desto mer kommer det att kosta dig; men om du inte \u00e4r i desperat behov av dina varor omedelbart \u00e4r priserna p\u00e5 l\u00e5ngsammare logistikkedjor mycket \u00f6verkomliga, p\u00e5 grund av deras relativa energieffektivitet.<\/li>\n\n\n\n<li><strong>T\u00e5g: <\/strong>Om fartygstransporter fortfarande \u00e4r f\u00f6r dyra f\u00f6r dig, eller om du inte beh\u00f6ver flytta lika mycket eller lika stora laster (eller lika l\u00e5nga str\u00e4ckor), d\u00e5 kan du l\u00e5ta t\u00e5get ta \u00f6ver stafettpinnen. Sedan (\u00e5ter)utbyggnaden av det sk\u00e5nska j\u00e4rnv\u00e4gsn\u00e4tet p\u00e5 2030-talet, och \u00f6ppnandet av s\u00e4rskilda godstransportlinjer, har den nationella och regionala distributionen av gods via t\u00e5g formligen exploderat. Fr\u00e5n norra Sk\u00e5ne till s\u00f6dra Sk\u00e5ne tar det nu mindre \u00e4n en timme att transportera gods - och eftersom Sverige har b\u00f6rjat producera mer av sina varor inom landet \u00e4r detta avst\u00e5nd sannolikt det enda du beh\u00f6ver f\u00f6r att frakta mindre varor eller produkter. Men om du m\u00e5ste transportera saker till och fr\u00e5n Europa g\u00f6r Fehrman B\u00e4lt-tunneln det m\u00f6jligt att f\u00e5 dina saker fr\u00e5n kontinenten (genom Hamburg och Danmark) till vilken liten stad som helst i Sk\u00e5ne p\u00e5 cirka 4-5 timmar.<\/li>\n\n\n\n<li><strong>Lastbilar: <\/strong>Om du beh\u00f6ver flytta ditt gods utanf\u00f6r hamnst\u00e4derna eller t\u00e5gstationerna \u00e4r det elektriska lastbilar som g\u00e4ller. T\u00e4nk dock p\u00e5 att m\u00e5nga st\u00e4der i Sk\u00e5ne har uteslutit motordrivna fordon, s\u00e4rskilt st\u00f6rre s\u00e5dana som lastbilar, fr\u00e5n sina kommersiella och bostadsomr\u00e5den; p\u00e5 s\u00e5dana platser m\u00e5ste dina saker stanna vid en distributionscentral och transporteras vidare med lastcykel, eller vilka andra lokala varianter som finns tillg\u00e4ngliga. (Tro det eller ej, men ponnyexpressen g\u00f6r comeback p\u00e5 platser som <a href=\"https:\/\/guide.zero-carbon-skane.org\/sv\/places\/southwest-metropolitan-zone\/lund\/dalby-plus-eastern-villages\/sodra-sandby\/\" data-type=\"page\" data-id=\"141\">S\u00f6dra Sandy<\/a> och <a href=\"https:\/\/guide.zero-carbon-skane.org\/sv\/places\/southeast-the-slow-coast\/vombsjosanken-biosphere\/\" data-type=\"page\" data-id=\"48\">Biosf\u00e4ren Vombsj\u00f6s\u00e4nken<\/a>...) Om dina kunder inte har n\u00e5got emot att betala lite extra kan de anlita lokala \"last mile\"-operat\u00f6rer f\u00f6r att hantera den sista delen av resan (se nedan). \u00d6ppna API:er och standardiserade fraktsedelsdata inneb\u00e4r att det \u00e4r enkelt f\u00f6r en lokal logistikleverant\u00f6r att \"ansluta\" sig till det regionala och nationella n\u00e4tverket p\u00e5 detta s\u00e4tt, och du (som s\u00e4ljare) beh\u00f6ver inte g\u00f6ra n\u00e5got mer \u00e4n att adressera f\u00f6rs\u00e4ndelsen p\u00e5 l\u00e4mpligt s\u00e4tt. <\/li>\n<\/ul>\n\n\n\n<h3 class=\"wp-block-heading\">Logistik f\u00f6r alla andra<\/h3>\n\n\n\n<p>Efter att den s\u00e5 kallade \"Re-usage Bill\" godk\u00e4ndes av Europaparlamentet 2026, med krav p\u00e5 straffavgifter f\u00f6r tillverkare som utformar sina produkter f\u00f6r \"planerad f\u00f6r\u00e5ldring\", gick f\u00f6rs\u00e4ljningen av begagnade f\u00f6rem\u00e5l genom taket! Numera k\u00f6per m\u00e5nga svenskar allt fr\u00e5n tv\u00e4ttmaskiner till k\u00f6ksbord och elcyklar fr\u00e5n privata s\u00e4ljare eller renoveringsf\u00f6retag p\u00e5 n\u00e4tet.<\/p>\n\n\n\n<p>De f\u00f6rsta dagarna av detta fenomen var n\u00e5got f\u00f6rd\u00e4rvade av den d\u00e5liga situationen f\u00f6r peer-to-peer-paketleveranser: \u00e5r av avreglering och privatisering hade resulterat i en uppsj\u00f6 av leverant\u00f6rer som konkurrerade med priset om avs\u00e4ndarens verksamhet, med resultatet att mottagarens upplevelse i b\u00e4sta fall var en eftertanke, och en avs\u00e4ndare som inte var ett f\u00f6retag skulle m\u00f6ta den typ av anv\u00e4ndarupplevelse som f\u00f6rklarade (\u00e4ven om det inte n\u00f6dv\u00e4ndigtvis motiverade) f\u00f6rekomsten av s\u00e4rskilda expeditionsoperat\u00f6rer i f\u00f6retagets organisationsdiagram. Men den kraftiga minskningen av privatbilismen i sp\u00e5ren av \"energichocken\" i b\u00f6rjan av 2020-talet \u00e4r kanske det som verkligen gjorde det m\u00f6jligt f\u00f6r en ny hybridaff\u00e4rsmodell att v\u00e4xa fram.<\/p>\n\n\n\n<p>Den modellen inneb\u00e4r, kanske ironiskt nog, att fysiska paket behandlas p\u00e5 ungef\u00e4r samma s\u00e4tt som Internet behandlar datapaket. S\u00e4g att du precis har k\u00f6pt n\u00e5got som \u00e4r f\u00f6r skrymmande f\u00f6r den vanliga paketposten...<a href=\"https:\/\/guide.zero-carbon-skane.org\/sv\/places\/northwest\/highway-e6\/big-box-fish-farms-aquaponics-along-the-e6-corridor\/\" data-type=\"page\" data-id=\"227\">en begagnad akvaponik-tank, kanske<\/a>-och beh\u00f6vde f\u00e5 den till din <em>sommarstuga<\/em> p\u00e5 <a href=\"https:\/\/guide.zero-carbon-skane.org\/sv\/places\/southeast-the-slow-coast\/\" data-type=\"page\" data-id=\"34\">Lugna kusten<\/a>; hur kan du g\u00e5 tillv\u00e4ga? <\/p>\n\n\n\n<p>Beroende p\u00e5 \u00e5rstid och v\u00e4derlek kan du v\u00e4lja att \u00e5ka kollektivt till s\u00e4ljaren, hyra en fyrhjuling eller lastcykel och trampa hem den sj\u00e4lv. <\/p>\n\n\n\n<p>Det \u00e4r ett billigt alternativ, men det \u00e4r ocks\u00e5 ganska tidskr\u00e4vande. Det enklare (om \u00e4n n\u00e5got dyrare) alternativet \u00e4r att g\u00e5 till den statligt administrerade tj\u00e4nsten LokalLogistik.se och definiera uppdraget: ursprungsadress, destinationsadress, f\u00f6rem\u00e5lets storlek och vikt samt expeditionsfaktor. LokalLogistik r\u00e4knar sedan ut ett pris och skickar en fraktsedel till dig; allt du beh\u00f6ver g\u00f6ra \u00e4r att luta dig tillbaka och v\u00e4nta.<\/p>\n\n\n\n<p>\"Ah, men hur skapas denna magin d\u00e5?\", kanske du undrar. S\u00e5 h\u00e4r g\u00e5r det till: LokalLogistik fungerar som ett slags clearingcentral f\u00f6r regionala och lokala logistikkooperativ och icke-statliga organisationer, som varierar i storlek fr\u00e5n <a href=\"https:\/\/guide.zero-carbon-skane.org\/sv\/places\/southwest-metropolitan-zone\/greater-malmo\/\" data-type=\"page\" data-id=\"8\">Malm\u00f6<\/a>s ber\u00f6mda PipeRiderz (ett pedaldrivet stadsbudskooperativ med n\u00e4stan tre decennier p\u00e5 nacken) till enpersonsf\u00f6retag som i princip \u00e4r deras egen bys fetch'n'carry-tj\u00e4nst. Dessa operat\u00f6rer kan bjuda p\u00e5 delar av den rutt som din akvaponikbeh\u00e5llare (eller n\u00e5got annat) m\u00e5ste f\u00f6lja f\u00f6r att n\u00e5 dig inom den tidsram som definieras av ditt val av snabbhetsfaktor: snabbare faktorer inneb\u00e4r h\u00f6gre priser, s\u00e5 dessa jobb tenderar att prioriteras och bjudas p\u00e5 snabbare. Den slutliga rutten kommer att vara en sammans\u00e4ttning av underavsnitt som f\u00f6rbinder lokala distributionsnav mellan dig och ditt \u00f6nskade objekt: beroende p\u00e5 var du och objektet befinner er kan det ta bara en eller tv\u00e5 operat\u00f6rer att t\u00e4cka hela resan - eller, om du eller objektet (eller b\u00e5da!) \u00e4r l\u00e5ngt ute i vildmarken n\u00e5gonstans, kan det ta m\u00e5nga fler. <\/p>\n\n\n\n<p>(Det nuvarande rekordet f\u00f6r en leverans \u00f6ver Sk\u00e5ne \u00e4r fr\u00e5n <a href=\"https:\/\/guide.zero-carbon-skane.org\/sv\/places\/northwest\/bastad\/\" data-type=\"page\" data-id=\"65\">B\u00e5stad<\/a> till <a href=\"https:\/\/guide.zero-carbon-skane.org\/sv\/places\/southeast-the-slow-coast\/ystad\/\" data-type=\"page\" data-id=\"42\">Ystad<\/a> med en expeditionsfaktor n\u00e4sta dag \u00e4r 37 olika akt\u00f6rer... \u00e4ven om det \u00e4r v\u00e4rt att notera att mottagaren betalade mycket mer f\u00f6r denna tj\u00e4nst \u00e4n f\u00f6r det antika matbordet i ek som gjorde resan).<\/p>\n\n\n\n<p>Men det fina \u00e4r att varken du eller avs\u00e4ndaren beh\u00f6ver oroa er f\u00f6r n\u00e5got av detta, eftersom systemet ger er ett tydligt gr\u00e4nssnitt med enkla alternativ och ett l\u00f6fte om leverans och priss\u00e4ttning som backas upp av den svenska staten. \u00c4nnu b\u00e4ttre \u00e4r att sj\u00e4lva arbetet med att flytta ditt f\u00f6rem\u00e5l \u00e4r kvalitetskontrollerat (staten kr\u00e4ver garantier fr\u00e5n operat\u00f6rerna, s\u00e5 att de kan erbjuda dig en garanti), har extremt l\u00e5ga externa milj\u00f6effekter (mer \u00e4n 90% av n\u00e4tverket \u00e4r pedaldrivet, oavsett v\u00e4der) och ger lokalbefolkningen regelbundet arbete med anst\u00e4llningsskydd utan n\u00e5gon vinst f\u00f6r f\u00f6retagen.<\/p>\n\n\n\n<p>Du kan allts\u00e5 f\u00e5 i stort sett vad som helst fr\u00e5n i stort sett var som helst i Sk\u00e5ne - eller till och med fr\u00e5n platser i de mer befolkade delarna av Sverige som helhet - levererat direkt till din d\u00f6rr, utan att beh\u00f6va oroa dig f\u00f6r milj\u00f6p\u00e5verkan eller exploatering av arbetare. Men du kan ocks\u00e5 v\u00e4lja - som m\u00e5nga g\u00f6r - att f\u00e5 det du har k\u00f6pt levererat till din n\u00e4rmaste distributionscentral och h\u00e4mta det sj\u00e4lv. Precis som postkontoren i mitten av 1900-talet har dessa distributionshubbar ocks\u00e5 blivit sociala hubbar, s\u00e4rskilt p\u00e5 landsbygden: n\u00e5gonstans d\u00e4r man kan tr\u00e4ffas f\u00f6r att <em>fika<\/em>, ta del av det lokala skvallret och kanske till och med handla lite mat. Om du bara \u00e4r i Sk\u00e5ne ett litet tag rekommenderar vi att du tillbringar n\u00e5gra <em>h\u00e4ngtid<\/em> p\u00e5 din n\u00e4rmaste hubb, \u00e4ven om du inte har n\u00e5got att samla in; det \u00e4r ett av de b\u00e4sta s\u00e4tten att tr\u00e4ffa lokalbefolkningen och ta pulsen p\u00e5 den plats d\u00e4r du befinner dig.<\/p>","protected":false},"excerpt":{"rendered":"<p>Personlig r\u00f6rlighet \u00e4r en sak, men i denna koldioxidsn\u00e5la tid kan det vara en helt annan utmaning att f\u00e5 *saker* fr\u00e5n A till B. Vi har dock koll p\u00e5 l\u00e4get h\u00e4r...<\/p>","protected":false},"author":1,"featured_media":1041,"parent":89,"menu_order":0,"comment_status":"closed","ping_status":"closed","template":"","meta":{"footnotes":""},"categories":[],"tags":[],"class_list":["post-405","page","type-page","status-publish","has-post-thumbnail","hentry"],"jetpack_sharing_enabled":true,"_links":{"self":[{"href":"https:\/\/guide.zero-carbon-skane.org\/sv\/wp-json\/wp\/v2\/pages\/405","targetHints":{"allow":["GET"]}}],"collection":[{"href":"https:\/\/guide.zero-carbon-skane.org\/sv\/wp-json\/wp\/v2\/pages"}],"about":[{"href":"https:\/\/guide.zero-carbon-skane.org\/sv\/wp-json\/wp\/v2\/types\/page"}],"author":[{"embeddable":true,"href":"https:\/\/guide.zero-carbon-skane.org\/sv\/wp-json\/wp\/v2\/users\/1"}],"replies":[{"embeddable":true,"href":"https:\/\/guide.zero-carbon-skane.org\/sv\/wp-json\/wp\/v2\/comments?post=405"}],"version-history":[{"count":2,"href":"https:\/\/guide.zero-carbon-skane.org\/sv\/wp-json\/wp\/v2\/pages\/405\/revisions"}],"predecessor-version":[{"id":1043,"href":"https:\/\/guide.zero-carbon-skane.org\/sv\/wp-json\/wp\/v2\/pages\/405\/revisions\/1043"}],"up":[{"embeddable":true,"href":"https:\/\/guide.zero-carbon-skane.org\/sv\/wp-json\/wp\/v2\/pages\/89"}],"wp:featuredmedia":[{"embeddable":true,"href":"https:\/\/guide.zero-carbon-skane.org\/sv\/wp-json\/wp\/v2\/media\/1041"}],"wp:attachment":[{"href":"https:\/\/guide.zero-carbon-skane.org\/sv\/wp-json\/wp\/v2\/media?parent=405"}],"wp:term":[{"taxonomy":"category","embeddable":true,"href":"https:\/\/guide.zero-carbon-skane.org\/sv\/wp-json\/wp\/v2\/categories?post=405"},{"taxonomy":"post_tag","embeddable":true,"href":"https:\/\/guide.zero-carbon-skane.org\/sv\/wp-json\/wp\/v2\/tags?post=405"}],"curies":[{"name":"wp","href":"https:\/\/api.w.org\/{rel}","templated":true}]}}