{"id":40,"date":"2022-08-16T10:32:04","date_gmt":"2022-08-16T10:32:04","guid":{"rendered":"https:\/\/guide.zero-carbon-skane.org\/index.php\/southeast-the-slow-coast\/the-slow-coast\/stenshuvud\/"},"modified":"2023-03-07T12:43:29","modified_gmt":"2023-03-07T12:43:29","slug":"stenshuvud","status":"publish","type":"page","link":"https:\/\/guide.zero-carbon-skane.org\/sv\/places\/southeast-the-slow-coast\/the-slow-coast\/stenshuvud\/","title":{"rendered":"Stenshuvud"},"content":{"rendered":"<p>Stenshuvud \u00e4r en klippa ungef\u00e4r halvv\u00e4gs upp l\u00e4ngs Sk\u00e5nes \u00f6stra kustlinje, och den h\u00f6gsta punkten l\u00e4ngs denna kust, bel\u00e4gen ungef\u00e4r mitt emellan <a href=\"https:\/\/guide.zero-carbon-skane.org\/sv\/places\/southeast-the-slow-coast\/the-slow-coast\/vik\/\" data-type=\"page\" data-id=\"38\">Vik<\/a> i s\u00f6der och <a href=\"https:\/\/guide.zero-carbon-skane.org\/sv\/places\/southeast-the-slow-coast\/the-slow-coast\/kivik\/\" data-type=\"page\" data-id=\"39\">Kivik<\/a> i norr.<\/p>\n\n\n\n<p>Stenshuvud har varit nationalpark och naturreservat sedan sekelskiftet och \u00e4r en fin plats f\u00f6r en eftermiddagstur, med \u00e4ngar utspridda i skogsmarken och en fin sandstrand (som kan vara lite tr\u00e5ng). <\/p>\n\n\n\n<p>\u00c4ven om utsikten fr\u00e5n toppen \u00e4r v\u00e4l v\u00e4rd en kl\u00e4ttring konstaterar vi med beklagande att den endast \u00e4r tillg\u00e4nglig f\u00f6r ganska moderna hj\u00e4lpmedel... och det kan vara ganska k\u00e4mpigt \u00e4ven f\u00f6r dem som kan anv\u00e4nda alla sina lemmar, s\u00e4rskilt under h\u00f6gsommaren. Tr\u00e4dens skugga kan bara kompensera f\u00f6r s\u00e5 mycket...<\/p>","protected":false},"excerpt":{"rendered":"<p>Stenshuvud is a rocky outcrop around halfway up Sk\u00e5ne&#8217;s eastern coastline, and the highest point along that shore, located pretty much midway between Vik to the south and Kivik to the north. A national park and nature reserve since the turn of the century, Stenshuvud&#8212;which translates roughly as &#8220;head of stone&#8221;&#8212;is a fine place for [&hellip;]<\/p>\n","protected":false},"author":1,"featured_media":686,"parent":36,"menu_order":0,"comment_status":"closed","ping_status":"closed","template":"","meta":{"footnotes":""},"categories":[],"tags":[],"class_list":["post-40","page","type-page","status-publish","has-post-thumbnail","hentry"],"jetpack_sharing_enabled":true,"_links":{"self":[{"href":"https:\/\/guide.zero-carbon-skane.org\/sv\/wp-json\/wp\/v2\/pages\/40","targetHints":{"allow":["GET"]}}],"collection":[{"href":"https:\/\/guide.zero-carbon-skane.org\/sv\/wp-json\/wp\/v2\/pages"}],"about":[{"href":"https:\/\/guide.zero-carbon-skane.org\/sv\/wp-json\/wp\/v2\/types\/page"}],"author":[{"embeddable":true,"href":"https:\/\/guide.zero-carbon-skane.org\/sv\/wp-json\/wp\/v2\/users\/1"}],"replies":[{"embeddable":true,"href":"https:\/\/guide.zero-carbon-skane.org\/sv\/wp-json\/wp\/v2\/comments?post=40"}],"version-history":[{"count":3,"href":"https:\/\/guide.zero-carbon-skane.org\/sv\/wp-json\/wp\/v2\/pages\/40\/revisions"}],"predecessor-version":[{"id":702,"href":"https:\/\/guide.zero-carbon-skane.org\/sv\/wp-json\/wp\/v2\/pages\/40\/revisions\/702"}],"up":[{"embeddable":true,"href":"https:\/\/guide.zero-carbon-skane.org\/sv\/wp-json\/wp\/v2\/pages\/36"}],"wp:featuredmedia":[{"embeddable":true,"href":"https:\/\/guide.zero-carbon-skane.org\/sv\/wp-json\/wp\/v2\/media\/686"}],"wp:attachment":[{"href":"https:\/\/guide.zero-carbon-skane.org\/sv\/wp-json\/wp\/v2\/media?parent=40"}],"wp:term":[{"taxonomy":"category","embeddable":true,"href":"https:\/\/guide.zero-carbon-skane.org\/sv\/wp-json\/wp\/v2\/categories?post=40"},{"taxonomy":"post_tag","embeddable":true,"href":"https:\/\/guide.zero-carbon-skane.org\/sv\/wp-json\/wp\/v2\/tags?post=40"}],"curies":[{"name":"wp","href":"https:\/\/api.w.org\/{rel}","templated":true}]}}