{"id":398,"date":"2022-11-08T14:35:56","date_gmt":"2022-11-08T14:35:56","guid":{"rendered":"https:\/\/guide.zero-carbon-skane.org\/?page_id=398"},"modified":"2023-04-16T13:06:35","modified_gmt":"2023-04-16T13:06:35","slug":"on-yer-bike-cycling-in-skane","status":"publish","type":"page","link":"https:\/\/guide.zero-carbon-skane.org\/sv\/advice\/travel-mobility\/on-yer-bike-cycling-in-skane\/","title":{"rendered":"P\u00e5 din hoj: cykling i Sk\u00e5ne"},"content":{"rendered":"<p>Sk\u00e5ne \u00e4r v\u00e4lsignat med m\u00e5nga underbara egenskaper, men kullar \u00e4r (f\u00f6r det mesta) inte bland dem. Det betyder att det inte finns mycket att g\u00f6ra f\u00f6r exempelvis bergskl\u00e4ttrare... och inte heller f\u00f6r den typ av cyklister som uppskattar den vadbr\u00e4nnande sp\u00e4nningen av h\u00f6jd. Men f\u00f6r oss andra \u00e4r Sk\u00e5nes pannkaksliknande topografi ett paradis f\u00f6r m\u00e4nniskodrivna transportmedel: cyklar, trehjulingar och alla deras kusiner.<\/p>\n\n\n\n<h4 class=\"wp-block-heading\">Ta dig runt i stan<\/h4>\n\n\n\n<p>Om du mestadels stannar p\u00e5 samma st\u00e4lle beh\u00f6ver du inte mycket v\u00e4gledning f\u00f6r att ta dig runt med cykel, s\u00e4rskilt i mindre st\u00e4der: cykelbanorna \u00e4r tydligt markerade och ofta fysiskt separerade fr\u00e5n andra trafikslag, s\u00e4rskilt i de fall d\u00e4r de har \u00e5tertagits fr\u00e5n bilar, och rutterna anges med en kombination av st\u00e5ende skyltar och m\u00e5lnamn som m\u00e5lats p\u00e5 asfalten vid korsningar. <\/p>\n\n\n\n<p>Vissa av de st\u00f6rre t\u00e4torterna kan vara lite mer utmanande f\u00f6r en nykomling - ja, Malm\u00f6, vi tittar p\u00e5 dig - men skyltningen har f\u00f6rb\u00e4ttrats med f\u00e4rgade ruttlinjer, och v\u00e4gvisningstj\u00e4nsterna p\u00e5 alla st\u00f6rre kartsystem h\u00e4mtar sina data fr\u00e5n l\u00e4nets \u00f6ppna datam\u00e4ngder, som (n\u00e4stan alltid) uppdateras med varningar om reparationsarbeten och omv\u00e4gar. Om du uppt\u00e4cker att du verkligen har g\u00e5tt vilse \u00e4r det bara att fr\u00e5ga n\u00e5gon! Det \u00e4r ett bra s\u00e4tt att tr\u00e4ffa trevliga m\u00e4nniskor och f\u00e5 reda p\u00e5 mer om platser som du kanske inte har h\u00f6rt talas om.<\/p>\n\n\n\n<p><strong>K\u00f6r l\u00e5ngsamt och s\u00e4kert:<\/strong> Observera att cykelbanorna i st\u00e4der delas med en m\u00e4ngd andra fordon, inklusive de sista mopederna. Du h\u00f6r vanligtvis de senare l\u00e5ngt innan du ser dem, men kom ih\u00e5g att barncyklar, skotrar och andra s\u00e5dana fordon kan finnas i din d\u00f6da vinkel, s\u00e5 titta dig alltid \u00f6ver axeln och signalera innan du sv\u00e4nger. K\u00f6rf\u00e4lt i stadsmilj\u00f6 \u00e4r ocks\u00e5 begr\u00e4nsade till 30 km\/h, och polisen \u00e4r k\u00e4nd f\u00f6r att kompensera sommarens l\u00e5ga arresteringssiffror med farthinder p\u00e5 de l\u00e4ngre, rakare str\u00e4ckorna... s\u00e5 s\u00e4tt ditt batteri i l\u00e5geffektl\u00e4ge f\u00f6r att undvika frestelsen!<\/p>\n\n\n\n<p><strong>L\u00e5s annars f\u00f6rlora:<\/strong> Som alla universitetsst\u00e4der har Lund och Malm\u00f6 ett d\u00e5ligt rykte n\u00e4r det g\u00e4ller cykelst\u00f6lder - och \u00e4ven om det inte alls \u00e4r lika illa som det en g\u00e5ng var, rekommenderas det starkt att du l\u00e5ser fast dina fina hjul (eller hyrda hoj), liksom att du tar bort batteriet och tar det med dig. Och anv\u00e4nd de anvisade parkeringsplatserna, s\u00e5vida du inte vill tillbringa eftermiddagen p\u00e5 Hemnens cykelparkering med att f\u00f6rs\u00f6ka beskriva din lojala v\u00e4ns s\u00e4rdrag f\u00f6r den polisaspirant som drog det kortaste str\u00e5et den h\u00e4r veckan. <\/p>\n\n\n\n<p>(Observera f\u00f6r anv\u00e4ndare av el-scootrar: p\u00e5 de flesta st\u00e4llen f\u00e5r du inte ta med dig din scooter in, dels f\u00f6r att de tar upp mycket plats, men ocks\u00e5 f\u00f6r att det \u00e4r enklare \u00e4n att f\u00f6rs\u00f6ka f\u00f6rhindra att folk laddar dem i smyg. Om det inte finns n\u00e5gon s\u00e4rskild skoterzon, l\u00e5s in den tillsammans med cyklarna).<\/p>\n\n\n\n<h4 class=\"wp-block-heading\">Det stora vid\u00f6ppna<\/h4>\n\n\n\n<p>Sk\u00e5ne har under en l\u00e4ngre tid haft ett ganska bra n\u00e4tverk av l\u00e5ngdistanscykelleder. De som cyklar f\u00f6r cyklingens egen skull (och\/eller f\u00f6r tid vid havet) kommer att vilja tillbringa lite tid p\u00e5 Sydkustleden, en kustn\u00e4ra cykelled som g\u00e5r fr\u00e5n <a href=\"https:\/\/guide.zero-carbon-skane.org\/sv\/places\/southeast-the-slow-coast\/simrishamn\/\" data-type=\"page\" data-id=\"35\">Simrishamn<\/a> l\u00e4ngs <a href=\"https:\/\/guide.zero-carbon-skane.org\/sv\/places\/southeast-the-slow-coast\/the-slow-coast\/\" data-type=\"page\" data-id=\"36\">den lugna kusten<\/a>, s\u00f6derut och sedan v\u00e4sterut genom <a href=\"https:\/\/guide.zero-carbon-skane.org\/sv\/places\/southeast-the-slow-coast\/ystad\/\" data-type=\"page\" data-id=\"42\">Ystad<\/a> och <a href=\"https:\/\/guide.zero-carbon-skane.org\/sv\/places\/southwest-metropolitan-zone\/trelleborg\/\" data-type=\"page\" data-id=\"24\">Trelleborg<\/a>, upp i <a href=\"https:\/\/guide.zero-carbon-skane.org\/sv\/places\/southwest-metropolitan-zone\/greater-malmo\/\" data-type=\"page\" data-id=\"8\">Malm\u00f6<\/a> och norrut igen till <a href=\"https:\/\/guide.zero-carbon-skane.org\/sv\/places\/northwest\/helsingborg-plus-satellite-towns\/\" data-type=\"page\" data-id=\"62\">Helsingborg<\/a>. (Du \u00e4r dock tvungen att stanna vid n\u00e5gon av de tv\u00e5 \u00e4ndarna; rutterna forts\u00e4tter under olika namn n\u00e4r de g\u00e5r mot olika l\u00e4n). Du kommer naturligtvis att passera m\u00e5nga st\u00e4der och byar l\u00e4ngs v\u00e4gen - och de sk\u00e5nska cykelv\u00e4garna \u00e4r lika v\u00e4l f\u00f6rsedda med pit-stops som de gamla v\u00e4garna - men det finns ocks\u00e5 mycket att se f\u00f6r fans av \u00f6vergiven infrastruktur, och natur\u00e4lskare b\u00f6r h\u00e5lla utkik efter <a href=\"https:\/\/guide.zero-carbon-skane.org\/sv\/activities\/sightseeing\/living-it-up-in-liminal-landscapes-flexmark\/\" data-type=\"page\" data-id=\"309\">Flexmark-zoner<\/a>.<\/p>\n\n\n\n<p>Det finns ocks\u00e5 mer praktiska v\u00e4gar genom det inre av l\u00e4net - och om du vill vara riktigt <em>sk\u00e5nsk<\/em>, m\u00e5ste du bekanta dig med Velobahn. Detta omfattande cykeln\u00e4t str\u00e4cker sig \u00f6ver hela regionen och omfattar allt fr\u00e5n tidigare bilt\u00e4ckta motorv\u00e4gar och landsv\u00e4gar till de pittoreska kustv\u00e4garna som diskuterats ovan. T\u00e4nk p\u00e5 det som att det fyller den roll som motorv\u00e4garna fyllde f\u00f6r bilar, och du kommer inte att vara helt fel ute: direkta v\u00e4gar med h\u00f6g kapacitet... och h\u00f6ga hastigheter! N\u00e4tverket \u00e4r l\u00e4tt att komma in p\u00e5 fr\u00e5n st\u00e4dernas k\u00f6rf\u00e4lt: titta bara efter de stora mossgr\u00f6na skyltarna eller VB-logotypen som \u00e4r m\u00e5lad h\u00e4r och d\u00e4r p\u00e5 de lokala v\u00e4garna. N\u00e4r du v\u00e4l \u00e4r ute p\u00e5 sj\u00e4lva \"bahn\", se till att h\u00e5lla till h\u00f6ger om du ser det som en natursk\u00f6n tur - du kommer ofta att passeras av elcyklar, pendlare och pedalfraktare som f\u00e4rdas i hisnande hastigheter, men det \u00e4r b\u00e4ttre \u00e4n att st\u00e5 i v\u00e4gen f\u00f6r dem!<\/p>\n\n\n\n<h4 class=\"wp-block-heading\">Reservdelar och reparationer<\/h4>\n\n\n\n<p>Har cykeln g\u00e5tt s\u00f6nder? <em>Inga problem!<\/em> Cykelreparat\u00f6rer finns \u00f6verallt, fr\u00e5n de st\u00f6rsta st\u00e4derna till de minsta byarna. De flesta erbjuder v\u00e4ntetid f\u00f6r mindre problem, men du kan beh\u00f6va v\u00e4nta p\u00e5 n\u00e5got allvarligare - eller ta ett l\u00e5n medan dina egna hjul \u00e4r inne f\u00f6r \u00f6versyn. Eller s\u00e5 kan du bara k\u00f6pa delarna och g\u00f6ra det sj\u00e4lv... men det sparar dig s\u00e4llan s\u00e4rskilt mycket pengar, och dessutom har mekanikerna inga m\u00e4nniskor att prata med. <\/p>\n\n\n\n<h4 class=\"wp-block-heading\">Hyr en hoj<\/h4>\n\n\n\n<p>Om du \u00e4r i Sk\u00e5ne tillr\u00e4ckligt l\u00e4nge f\u00f6r att beh\u00f6va en cykel regelbundet, men inte tillr\u00e4ckligt l\u00e4nge f\u00f6r att det ska vara meningsfullt att k\u00f6pa en, har de st\u00f6rre st\u00e4derna alla uthyrningsfirmor med anst\u00e4ndiga priser. T\u00e4nk p\u00e5 att det \u00e4r stor efterfr\u00e5gan p\u00e5 lastcyklar under sommaren, s\u00e5 boka tidigt om du planerar en l\u00e5ng vistelse ute p\u00e5 landet!<\/p>","protected":false},"excerpt":{"rendered":"<p>Sk\u00e5ne \u00e4r kanske det roligaste man kan ha p\u00e5 tv\u00e5 hjul. <\/p>\n<p>(\u00c5tminstone n\u00e4r det inte regnar... eller bl\u00e5ser... eller \u00e4r riktigt riktigt varmt... )<\/p>","protected":false},"author":1,"featured_media":1111,"parent":91,"menu_order":0,"comment_status":"closed","ping_status":"closed","template":"","meta":{"footnotes":""},"categories":[],"tags":[],"class_list":["post-398","page","type-page","status-publish","has-post-thumbnail","hentry"],"jetpack_sharing_enabled":true,"_links":{"self":[{"href":"https:\/\/guide.zero-carbon-skane.org\/sv\/wp-json\/wp\/v2\/pages\/398","targetHints":{"allow":["GET"]}}],"collection":[{"href":"https:\/\/guide.zero-carbon-skane.org\/sv\/wp-json\/wp\/v2\/pages"}],"about":[{"href":"https:\/\/guide.zero-carbon-skane.org\/sv\/wp-json\/wp\/v2\/types\/page"}],"author":[{"embeddable":true,"href":"https:\/\/guide.zero-carbon-skane.org\/sv\/wp-json\/wp\/v2\/users\/1"}],"replies":[{"embeddable":true,"href":"https:\/\/guide.zero-carbon-skane.org\/sv\/wp-json\/wp\/v2\/comments?post=398"}],"version-history":[{"count":2,"href":"https:\/\/guide.zero-carbon-skane.org\/sv\/wp-json\/wp\/v2\/pages\/398\/revisions"}],"predecessor-version":[{"id":1156,"href":"https:\/\/guide.zero-carbon-skane.org\/sv\/wp-json\/wp\/v2\/pages\/398\/revisions\/1156"}],"up":[{"embeddable":true,"href":"https:\/\/guide.zero-carbon-skane.org\/sv\/wp-json\/wp\/v2\/pages\/91"}],"wp:featuredmedia":[{"embeddable":true,"href":"https:\/\/guide.zero-carbon-skane.org\/sv\/wp-json\/wp\/v2\/media\/1111"}],"wp:attachment":[{"href":"https:\/\/guide.zero-carbon-skane.org\/sv\/wp-json\/wp\/v2\/media?parent=398"}],"wp:term":[{"taxonomy":"category","embeddable":true,"href":"https:\/\/guide.zero-carbon-skane.org\/sv\/wp-json\/wp\/v2\/categories?post=398"},{"taxonomy":"post_tag","embeddable":true,"href":"https:\/\/guide.zero-carbon-skane.org\/sv\/wp-json\/wp\/v2\/tags?post=398"}],"curies":[{"name":"wp","href":"https:\/\/api.w.org\/{rel}","templated":true}]}}