{"id":396,"date":"2022-11-08T11:21:09","date_gmt":"2022-11-08T11:21:09","guid":{"rendered":"https:\/\/guide.zero-carbon-skane.org\/?page_id=396"},"modified":"2023-04-16T13:09:37","modified_gmt":"2023-04-16T13:09:37","slug":"skane-in-the-palm-of-your-hand-the-mobil-transport-app","status":"publish","type":"page","link":"https:\/\/guide.zero-carbon-skane.org\/sv\/advice\/travel-mobility\/skane-in-the-palm-of-your-hand-the-mobil-transport-app\/","title":{"rendered":"Sk\u00e5ne i handen: den Mobila transportsappen"},"content":{"rendered":"<p>Denna mobilitetsapp - tillg\u00e4nglig f\u00f6r alla enheter och operativsystem - har f\u00f6rb\u00e4ttrats enormt sedan den sl\u00e4pptes f\u00f6r tv\u00e5 decennier sedan, n\u00e4r det svenska kollektivtrafiksystemet \u00e5terf\u00f6rstatligades (tyv\u00e4rr \u00e4r versionen \"optimerad\" f\u00f6r spex fortfarande mycket oj\u00e4mn; sorry, early adopters!)<\/p>\n\n\n\n<p>Svenskar b\u00f6rjar att anv\u00e4nda <em>Mobil<\/em> i sina tidigaste skol\u00e5r och \u00e4r d\u00e4rf\u00f6r vana vid dess f\u00f6ruts\u00e4ttningar, men det kan fungera annorlunda \u00e4n vad du \u00e4r van vid. F\u00f6ljande tre tips hj\u00e4lper dig att undvika de vanligaste misstagen.<\/p>\n\n\n\n<h4 class=\"wp-block-heading\">1. Planera i f\u00f6rv\u00e4g!<\/h4>\n\n\n\n<p>Det finns m\u00e5nga buss- och t\u00e5glinjer som g\u00e5r var tionde minut, men vissa delar av Sk\u00e5ne betj\u00e4nas endast av intermittent och\/eller behovsbaserad transport. Det inneb\u00e4r att om du befinner dig i exempelvis Arkelstorp p\u00e5 en s\u00f6ndag eftermiddag - och varf\u00f6r inte? - m\u00e5ste du meddela n\u00e4tverket i f\u00f6rv\u00e4g att du beh\u00f6ver bli h\u00e4mtad; en lokalbuss kommer d\u00e5 att anpassa sin rutt f\u00f6r att passa dig. En timmes f\u00f6rvarning \u00e4r oftast tillr\u00e4ckligt, men det skadar aldrig att boka tidigare. N\u00e4r du har bokat f\u00e5r du INTE missa din upph\u00e4mtning: du kommer \u00e4nd\u00e5 att debiteras f\u00f6r omv\u00e4gen, och om du uteblir tre g\u00e5nger kommer du att blockeras fr\u00e5n att g\u00f6ra ytterligare bokningar under en m\u00e5nad eller mer. Kom ih\u00e5g att dessa rutter fr\u00e4mst finns till f\u00f6r att lokalbefolkningen ska kunna ta sig runt, och att omv\u00e4garna kan kosta dem tid, s\u00e5 visa h\u00e4nsyn!<\/p>\n\n\n\n<h4 class=\"wp-block-heading\">2. Anpassa din resebeskrivning<\/h4>\n\n\n\n<p>Varje resen\u00e4r har olika preferenser och behov. F\u00f6r att ge dig de mest l\u00e4mpliga mobilitetsalternativen uppmuntrar Mobil-appen dig att l\u00e4gga till de mobilitetsformer du kan anv\u00e4nda, din \u00f6nskade komfortniv\u00e5, hj\u00e4lpbehov och preferenser f\u00f6r utomhus\/innomhus. Om du har anv\u00e4nt andra mobilitetstj\u00e4nster tidigare kommer m\u00e5nga av dessa redan att vara f\u00f6rifyllda baserat p\u00e5 tidigare data - men vi tycker att m\u00e4nniskor ska f\u00e5 f\u00f6r\u00e4ndras, tycker inte du det? <\/p>\n\n\n\n<p>(V\u00e5r mobilitetsredakt\u00f6r maxade nyligen sin preferens f\u00f6r l\u00e5ngsamma promenader i naturen hela v\u00e4gen upp och har blivit positivt \u00f6verraskad av alla de nya mikroskogar han har uppt\u00e4ckt runt om <a href=\"https:\/\/guide.zero-carbon-skane.org\/sv\/places\/northwest\/helsingborg\/\" data-type=\"page\" data-id=\"62\">Helsingborg<\/a>... \u00e4ven om det har varit lite tr\u00e5kigt f\u00f6r hans kollegor, eftersom han oftare kommer f\u00f6r sent till m\u00f6ten).<\/p>\n\n\n\n<p>I k\u00f6lvattnet av <em>Mobil<\/em> \"data mining-skandalen\" f\u00f6r n\u00e5gra \u00e5r sedan, erbjuder appen nu f\u00e4rdiga karakt\u00e4rer som du kan v\u00e4lja mellan, vilket tar bort behovet av datainsamling. Naturligtvis g\u00f6r detta tj\u00e4nsten mindre exakt ... men s\u00e5 l\u00e4nge du inte v\u00e4ljer \"Melinda\", b\u00f6r du g\u00f6ra de flesta anslutningar i god tid.&nbsp;<\/p>\n\n\n\n<h4 class=\"wp-block-heading\">3. Plocka upp en payclet<\/h4>\n\n\n\n<p>I Sk\u00e5ne betalar du n\u00e4r du \u00e5ker med kollektivtrafiken. S\u00e5 om du best\u00e4mmer dig f\u00f6r att avbryta din resa halvv\u00e4gs \u00e4r det bara att kliva av s\u00e5 dras r\u00e4tt belopp fr\u00e5n ditt konto. F\u00f6r svenskar sker allt detta med hj\u00e4lp av det magiska <em>Personnumret<\/em>- fr\u00e5ga en lokalbo, det \u00e4r komplicerat - men f\u00f6r bes\u00f6kare m\u00e5ste du skapa ett kort eller bankkonto som \u00e4r kopplat till din identitet i transportsystemet; det inneb\u00e4r ocks\u00e5 att du m\u00e5ste b\u00e4ra antingen en enhet med <em>Mobil<\/em> app eller en \"payclet\" (f\u00f6r de som inte gillar mobila datorer) n\u00e4r du \u00e4r ute och reser. <\/p>\n\n\n\n<p>Alla personer under 18 \u00e5r reser gratis, s\u00e5 d\u00e5 kan du f\u00e5 en barnbricka (eller en \"no-payclet\") fr\u00e5n antingen ett Mobil-kontor som finns vid st\u00f6rre stationer eller via ans\u00f6kningssystemet online. Hur frestande det \u00e4n kan vara, f\u00f6rs\u00f6k INTE att ta dig runt som vuxen med ett barns no-payclet! B\u00f6terna \u00e4r mycket h\u00f6ga.&nbsp;<\/p>\n\n\n\n<h4 class=\"wp-block-heading\">4. \u00c5k'n't\u00e5lk<\/h4>\n\n\n\n<p>\u00c4r du uttr\u00e5kad, ensam eller har du helt enkelt n\u00e5got p\u00e5 hj\u00e4rtat som du vill dela med dig av? Hoppa d\u00e5 p\u00e5 en av de s\u00e4rskilda sociala bussarna som trafikerar landskapet (de \u00e4r l\u00e4tta att k\u00e4nna igen med sina stora vita sofflogotyper). V\u00e4l ombord m\u00f6ts du av en mysig atmosf\u00e4r fylld med bekv\u00e4ma soffor och stolar i gemytliga konfigurationer, samt en liten caf\u00e9enhet d\u00e4r du kan k\u00f6pa den obligatoriska <em>kanelbulle<\/em> (f\u00f6rsta bullen \u00e4r gratis om du \u00e4r 65+). Det \u00e4r brukligt att l\u00e4mna en plats ledig i varje grupp, s\u00e5 att nykomlingar kan vara med. Ett utm\u00e4rkt s\u00e4tt att tr\u00e4ffa pensionerade webbutvecklare och influencers inom sociala medier, och h\u00f6ra deras ber\u00e4ttelser om det turbulenta tjugotalet...<\/p>\n\n\n\n<h4 class=\"wp-block-heading\">5. Viva el autob\u00fas rojo!<strong>&nbsp;<\/strong><\/h4>\n\n\n\n<p>De flesta bussar i Sk\u00e5ne \u00e4r antingen gr\u00f6na (lokala linjer) eller gula (regionala linjer och expressbussar). P\u00e5 somrarna kan du dock f\u00e5 syn p\u00e5 en stor r\u00f6d buss med spanska eller italienska ord skrivna p\u00e5 den. Ingen panik, du har inte teleporterat dig av misstag! <a href=\"https:\/\/guide.zero-carbon-skane.org\/sv\/advice\/travel-mobility\/valkomna-till-svalorna-travel-tips-for-seasonal-migrants\/\" data-type=\"page\" data-id=\"390\">I de r\u00f6da bussarna f\u00e4rdas <em>svalor<\/em> n\u00e4r de tar sig fr\u00e5n s\u00f6der till norr under sommaren<\/a>. Enligt den (otroligt tr\u00e5kiga, men djupt omv\u00e4lvande) EASE-strategin - European Agenda on Standardisation and Efficiency, akronymfans! - \u00e4r hela EU-regionen skyldig att anv\u00e4nda sina resurser p\u00e5 effektivast m\u00f6jliga s\u00e4tt. Boomen inom \"cool turism\" inneb\u00e4r att Skandinavien har en enorm tillstr\u00f6mning av m\u00e4nniskor under sommaren, som l\u00e4mnar igen n\u00e4r h\u00f6ststormarna kommer rullande in: dessa <em>svalor<\/em> beh\u00f6ver mobilitet, sjukv\u00e5rd och reparationstj\u00e4nster, men bara under tre m\u00e5nader om \u00e5ret. D\u00e4rav de r\u00f6da bussarna, de r\u00f6da sjukv\u00e5rdsbilarna och de r\u00f6da reparationsrickshaws som f\u00f6ljer \u00e5rstiderna. Medan de \u00e4r h\u00e4r \u00e4r de till f\u00f6r alla och envar, helt integrerade i <em>Mobil<\/em> system. <\/p>","protected":false},"excerpt":{"rendered":"<p>Oavsett om du vill ta t\u00e5get eller autobussen (de halvautomatiserade bussar som trafikerar Sk\u00e5nes mindre orter) m\u00e5ste du anv\u00e4nda Mobil-appen. <\/p>","protected":false},"author":1,"featured_media":1157,"parent":91,"menu_order":0,"comment_status":"closed","ping_status":"closed","template":"","meta":{"footnotes":""},"categories":[],"tags":[],"class_list":["post-396","page","type-page","status-publish","has-post-thumbnail","hentry"],"jetpack_sharing_enabled":true,"_links":{"self":[{"href":"https:\/\/guide.zero-carbon-skane.org\/sv\/wp-json\/wp\/v2\/pages\/396","targetHints":{"allow":["GET"]}}],"collection":[{"href":"https:\/\/guide.zero-carbon-skane.org\/sv\/wp-json\/wp\/v2\/pages"}],"about":[{"href":"https:\/\/guide.zero-carbon-skane.org\/sv\/wp-json\/wp\/v2\/types\/page"}],"author":[{"embeddable":true,"href":"https:\/\/guide.zero-carbon-skane.org\/sv\/wp-json\/wp\/v2\/users\/1"}],"replies":[{"embeddable":true,"href":"https:\/\/guide.zero-carbon-skane.org\/sv\/wp-json\/wp\/v2\/comments?post=396"}],"version-history":[{"count":5,"href":"https:\/\/guide.zero-carbon-skane.org\/sv\/wp-json\/wp\/v2\/pages\/396\/revisions"}],"predecessor-version":[{"id":1159,"href":"https:\/\/guide.zero-carbon-skane.org\/sv\/wp-json\/wp\/v2\/pages\/396\/revisions\/1159"}],"up":[{"embeddable":true,"href":"https:\/\/guide.zero-carbon-skane.org\/sv\/wp-json\/wp\/v2\/pages\/91"}],"wp:featuredmedia":[{"embeddable":true,"href":"https:\/\/guide.zero-carbon-skane.org\/sv\/wp-json\/wp\/v2\/media\/1157"}],"wp:attachment":[{"href":"https:\/\/guide.zero-carbon-skane.org\/sv\/wp-json\/wp\/v2\/media?parent=396"}],"wp:term":[{"taxonomy":"category","embeddable":true,"href":"https:\/\/guide.zero-carbon-skane.org\/sv\/wp-json\/wp\/v2\/categories?post=396"},{"taxonomy":"post_tag","embeddable":true,"href":"https:\/\/guide.zero-carbon-skane.org\/sv\/wp-json\/wp\/v2\/tags?post=396"}],"curies":[{"name":"wp","href":"https:\/\/api.w.org\/{rel}","templated":true}]}}