{"id":394,"date":"2022-11-08T10:44:45","date_gmt":"2022-11-08T10:44:45","guid":{"rendered":"https:\/\/guide.zero-carbon-skane.org\/?page_id=394"},"modified":"2023-01-10T13:09:41","modified_gmt":"2023-01-10T13:09:41","slug":"skurup","status":"publish","type":"page","link":"https:\/\/guide.zero-carbon-skane.org\/sv\/places\/southwest-metropolitan-zone\/skurup\/","title":{"rendered":", Skurup"},"content":{"rendered":"<figure class=\"wp-block-image size-full\"><img loading=\"lazy\" decoding=\"async\" width=\"1024\" height=\"622\" src=\"https:\/\/guide.zero-carbon-skane.org\/wp-content\/uploads\/2023\/01\/1024px-Skurups_station.jpg\" alt=\"\" class=\"wp-image-458\" srcset=\"https:\/\/guide.zero-carbon-skane.org\/wp-content\/uploads\/2023\/01\/1024px-Skurups_station.jpg 1024w, https:\/\/guide.zero-carbon-skane.org\/wp-content\/uploads\/2023\/01\/1024px-Skurups_station-300x182.jpg 300w, https:\/\/guide.zero-carbon-skane.org\/wp-content\/uploads\/2023\/01\/1024px-Skurups_station-768x467.jpg 768w\" sizes=\"auto, (max-width: 1024px) 100vw, 1024px\" \/><figcaption class=\"wp-element-caption\">Rusningstid p\u00e5 Skurups j\u00e4rnv\u00e4gsstation. Bild av <a href=\"https:\/\/commons.wikimedia.org\/wiki\/File:Skurups_station.jpg\">Jorchr<\/a>, <a href=\"https:\/\/creativecommons.org\/licenses\/by-sa\/3.0\">CC BY-SA 3.0<\/a>, via Wikimedia Commons<\/figcaption><\/figure>\n\n\n\n<p>F\u00f6rutom n\u00e5gra (visserligen s\u00f6ta men i \u00f6vrigt oansenliga) byar \u00e4r Skurup <em>centralort<\/em> i stort sett allt som finns att veta om den <em>kommun<\/em> som den delar namn med... och till inv\u00e5narnas st\u00e4ndiga f\u00f6rtret n\u00e4mns Skurup sj\u00e4lv oftast bara som en felaktig synonym f\u00f6r <a href=\"https:\/\/guide.zero-carbon-skane.org\/sv\/places\/southwest-metropolitan-zone\/svedala\/sturup-malmo-aerodrome\/\" data-type=\"page\" data-id=\"465\">den n\u00e4rbel\u00e4gna Sturup-flygplatsen<\/a>, borta i grannkommunen <a href=\"https:\/\/guide.zero-carbon-skane.org\/sv\/places\/southwest-metropolitan-zone\/svedala\/\" data-type=\"page\" data-id=\"392\">Svedala<\/a>. <\/p>\n\n\n\n<p>(F\u00f6r att g\u00f6ra saken \u00e4nnu v\u00e4rre kallas denna flygplats ofta f\u00f6r \"Malm\u00f6 aerodrome\" utanf\u00f6r Sverige, vilket fortfarande inte helt f\u00f6rklarar Skurups klumpiga men ambiti\u00f6sa slogan \"When in Europe, don't miss Skurup\". Nej, vi hittar inte p\u00e5 det h\u00e4r).<\/p>\n\n\n\n<p>Den lokala <em>Folkh\u00f6gskola<\/em> har ett gott rykte f\u00f6r sina utm\u00e4rkta jazzkurser, samt undervisning i journalistik och film. L\u00e4sare av denna guide kanske \u00e4r mer intresserade av <a href=\"https:\/\/guide.zero-carbon-skane.org\/sv\/places\/southwest-metropolitan-zone\/svedala\/rethink-reset-svedala-soil-center\/\" data-type=\"page\" data-id=\"414\">Skurups roll tillsammans med Svedala i <em>T\u00e4nk om, st\u00e4ll om<\/em> (T\u00e4nk om, \u00c5terst\u00e4ll!) Projekt f\u00f6r \u00e5terst\u00e4llande av mark<\/a>, och dess l\u00e4ge vid den \u00f6stra \u00e4nden av Sk\u00e5nes gr\u00f6nskande <a href=\"https:\/\/guide.zero-carbon-skane.org\/sv\/history\/soil-not-oil-skanes-black-plains\/\" data-type=\"page\" data-id=\"410\">Svarta sl\u00e4tten<\/a>.<\/p>","protected":false},"excerpt":{"rendered":"<p>Besides some (admittedly cute but otherwise unremarkable) villages, the centralort of Skurup is pretty much all there is to know about the kommun with which it shares a name&#8230; and, much to the perpetual rancour of its residents, Skurup itself is mostly only mentioned as a erroneous synonym for the nearby Sturup aerodrome, over the [&hellip;]<\/p>\n","protected":false},"author":1,"featured_media":458,"parent":7,"menu_order":0,"comment_status":"closed","ping_status":"closed","template":"","meta":{"footnotes":""},"categories":[],"tags":[],"class_list":["post-394","page","type-page","status-publish","has-post-thumbnail","hentry"],"jetpack_sharing_enabled":true,"_links":{"self":[{"href":"https:\/\/guide.zero-carbon-skane.org\/sv\/wp-json\/wp\/v2\/pages\/394","targetHints":{"allow":["GET"]}}],"collection":[{"href":"https:\/\/guide.zero-carbon-skane.org\/sv\/wp-json\/wp\/v2\/pages"}],"about":[{"href":"https:\/\/guide.zero-carbon-skane.org\/sv\/wp-json\/wp\/v2\/types\/page"}],"author":[{"embeddable":true,"href":"https:\/\/guide.zero-carbon-skane.org\/sv\/wp-json\/wp\/v2\/users\/1"}],"replies":[{"embeddable":true,"href":"https:\/\/guide.zero-carbon-skane.org\/sv\/wp-json\/wp\/v2\/comments?post=394"}],"version-history":[{"count":8,"href":"https:\/\/guide.zero-carbon-skane.org\/sv\/wp-json\/wp\/v2\/pages\/394\/revisions"}],"predecessor-version":[{"id":470,"href":"https:\/\/guide.zero-carbon-skane.org\/sv\/wp-json\/wp\/v2\/pages\/394\/revisions\/470"}],"up":[{"embeddable":true,"href":"https:\/\/guide.zero-carbon-skane.org\/sv\/wp-json\/wp\/v2\/pages\/7"}],"wp:featuredmedia":[{"embeddable":true,"href":"https:\/\/guide.zero-carbon-skane.org\/sv\/wp-json\/wp\/v2\/media\/458"}],"wp:attachment":[{"href":"https:\/\/guide.zero-carbon-skane.org\/sv\/wp-json\/wp\/v2\/media?parent=394"}],"wp:term":[{"taxonomy":"category","embeddable":true,"href":"https:\/\/guide.zero-carbon-skane.org\/sv\/wp-json\/wp\/v2\/categories?post=394"},{"taxonomy":"post_tag","embeddable":true,"href":"https:\/\/guide.zero-carbon-skane.org\/sv\/wp-json\/wp\/v2\/tags?post=394"}],"curies":[{"name":"wp","href":"https:\/\/api.w.org\/{rel}","templated":true}]}}