{"id":392,"date":"2022-11-08T10:44:09","date_gmt":"2022-11-08T10:44:09","guid":{"rendered":"https:\/\/guide.zero-carbon-skane.org\/?page_id=392"},"modified":"2023-04-26T08:25:19","modified_gmt":"2023-04-26T08:25:19","slug":"svedala","status":"publish","type":"page","link":"https:\/\/guide.zero-carbon-skane.org\/sv\/places\/southwest-metropolitan-zone\/svedala\/","title":{"rendered":"Svedala"},"content":{"rendered":"<p>Svedala \u00e4r en klassisk \"sovstad\" som sedan slutet av f\u00f6rra seklet har hyst flyktingar fr\u00e5n de dekadenta k\u00f6ttmarknaderna i Malm\u00f6 (tekniskt sett \u00e4r det en del av <a href=\"https:\/\/guide.zero-carbon-skane.org\/sv\/places\/southwest-metropolitan-zone\/greater-malmo\/\" data-type=\"page\" data-id=\"8\">Stor-Malm\u00f6<\/a> administrativa omr\u00e5de, men s\u00e4g inte det h\u00f6gt).<\/p>\n\n\n\n<p>Den stora arbetsgivaren i trakten var en g\u00e5ng <a href=\"https:\/\/guide.zero-carbon-skane.org\/sv\/places\/southwest-metropolitan-zone\/svedala\/sturup-malmo-aerodrome\/\" data-type=\"page\" data-id=\"465\">Sturup flygplats (alias Malm\u00f6 flygplats)<\/a>, men efter att det kommersiella flyget minskade blev inte behovet lika stort, och h\u00e4r finns idag ist\u00e4llet tv\u00e5 av Sveriges luftskeppstillverkare baserade.<\/p>\n\n\n\n<figure class=\"wp-block-image size-full\"><img loading=\"lazy\" decoding=\"async\" width=\"1024\" height=\"768\" src=\"https:\/\/guide.zero-carbon-skane.org\/wp-content\/uploads\/2023\/01\/1024px-SvedalaCentrum2020.jpg\" alt=\"\" class=\"wp-image-472\" srcset=\"https:\/\/guide.zero-carbon-skane.org\/wp-content\/uploads\/2023\/01\/1024px-SvedalaCentrum2020.jpg 1024w, https:\/\/guide.zero-carbon-skane.org\/wp-content\/uploads\/2023\/01\/1024px-SvedalaCentrum2020-300x225.jpg 300w, https:\/\/guide.zero-carbon-skane.org\/wp-content\/uploads\/2023\/01\/1024px-SvedalaCentrum2020-768x576.jpg 768w\" sizes=\"auto, (max-width: 1024px) 100vw, 1024px\" \/><figcaption class=\"wp-element-caption\">Du s\u00e4ger \"tr\u00e5kigt\", Svedalaborna s\u00e4ger \"<em>tyst<\/em>, tack\". Bild av <a href=\"https:\/\/commons.wikimedia.org\/wiki\/File:BaraCentrum2020.jpg\">Pljungkv<\/a>, <a href=\"https:\/\/creativecommons.org\/licenses\/by-sa\/4.0\">CC BY-SA 4.0<\/a>, via Wikimedia Commons<\/figcaption><\/figure>\n\n\n\n<p>F\u00f6rutom flygplatsen \u00e4r Svedala kanske mest k\u00e4nt f\u00f6r sin \u00e5rliga rockfestival och f\u00f6r sin ledande roll i <a href=\"https:\/\/guide.zero-carbon-skane.org\/sv\/places\/southwest-metropolitan-zone\/svedala\/rethink-reset-svedala-soil-center\/\" data-type=\"page\" data-id=\"414\">Jordf\u00f6rb\u00e4ttringsr\u00f6relsen T\u00e4nk om, \u00c5terst\u00e4ll!<\/a>, vilket ledde till att lantbruket \u00e5ter igen blev den viktigaste syssels\u00e4ttningen i omr\u00e5det.<\/p>","protected":false},"excerpt":{"rendered":"<p>F\u00f6rutom flygplatsen \u00e4r Svedala kanske mest k\u00e4nt f\u00f6r sin \u00e5rliga rockfestival och f\u00f6r sin ledande roll i jordf\u00f6rb\u00e4ttringsr\u00f6relsen T\u00e4nk om, \u00c5terst\u00e4ll!<\/p>","protected":false},"author":1,"featured_media":472,"parent":7,"menu_order":0,"comment_status":"closed","ping_status":"closed","template":"","meta":{"footnotes":""},"categories":[],"tags":[],"class_list":["post-392","page","type-page","status-publish","has-post-thumbnail","hentry"],"jetpack_sharing_enabled":true,"_links":{"self":[{"href":"https:\/\/guide.zero-carbon-skane.org\/sv\/wp-json\/wp\/v2\/pages\/392","targetHints":{"allow":["GET"]}}],"collection":[{"href":"https:\/\/guide.zero-carbon-skane.org\/sv\/wp-json\/wp\/v2\/pages"}],"about":[{"href":"https:\/\/guide.zero-carbon-skane.org\/sv\/wp-json\/wp\/v2\/types\/page"}],"author":[{"embeddable":true,"href":"https:\/\/guide.zero-carbon-skane.org\/sv\/wp-json\/wp\/v2\/users\/1"}],"replies":[{"embeddable":true,"href":"https:\/\/guide.zero-carbon-skane.org\/sv\/wp-json\/wp\/v2\/comments?post=392"}],"version-history":[{"count":3,"href":"https:\/\/guide.zero-carbon-skane.org\/sv\/wp-json\/wp\/v2\/pages\/392\/revisions"}],"predecessor-version":[{"id":1197,"href":"https:\/\/guide.zero-carbon-skane.org\/sv\/wp-json\/wp\/v2\/pages\/392\/revisions\/1197"}],"up":[{"embeddable":true,"href":"https:\/\/guide.zero-carbon-skane.org\/sv\/wp-json\/wp\/v2\/pages\/7"}],"wp:featuredmedia":[{"embeddable":true,"href":"https:\/\/guide.zero-carbon-skane.org\/sv\/wp-json\/wp\/v2\/media\/472"}],"wp:attachment":[{"href":"https:\/\/guide.zero-carbon-skane.org\/sv\/wp-json\/wp\/v2\/media?parent=392"}],"wp:term":[{"taxonomy":"category","embeddable":true,"href":"https:\/\/guide.zero-carbon-skane.org\/sv\/wp-json\/wp\/v2\/categories?post=392"},{"taxonomy":"post_tag","embeddable":true,"href":"https:\/\/guide.zero-carbon-skane.org\/sv\/wp-json\/wp\/v2\/tags?post=392"}],"curies":[{"name":"wp","href":"https:\/\/api.w.org\/{rel}","templated":true}]}}